{"id":28376,"date":"2025-12-11T15:59:19","date_gmt":"2025-12-11T20:59:19","guid":{"rendered":"https:\/\/cap.ca\/congres-de-lacp\/congres-2026\/2026-high-school-teacher-workshop\/"},"modified":"2026-03-02T13:10:05","modified_gmt":"2026-03-02T18:10:05","slug":"2026-high-school-teacher-workshop","status":"publish","type":"page","link":"https:\/\/cap.ca\/fr\/congres-de-lacp\/congres-2026\/2026-high-school-teacher-workshop\/","title":{"rendered":"Atelier pour les enseignants du secondaire 2026"},"content":{"rendered":"<blockquote>\n<p class=\"x_xmsonormal\"><span lang=\"FR-CA\" data-ogsc=\"black\" data-olk-copy-source=\"MessageBody\">R\u00e9servez la date : le mardi 2 juin 2026, l&#8217;Universit\u00e9 d&#8217;Ottawa organisera un atelier destin\u00e9 aux enseignants du secondaire. Venez passer une journ\u00e9e \u00e0 d\u00e9couvrir le monde du quantique et l&#8217;intelligence artificielle gr\u00e2ce \u00e0 une combinaison de conf\u00e9rences inspirantes, d&#8217;ateliers pratiques et de d\u00e9monstrations.\u00a0<\/span><\/p>\n<p>Cet \u00e9v\u00e9nement est gratuit (inscription obligatoire).<\/p>\n<p class=\"x_xmsonormal\"><i><span lang=\"FR-CA\" data-ogsc=\"black\">*L&#8217;atelier sera en anglais seulement.<\/span><\/i><\/p>\n<\/blockquote>\n<p><a href=\"https:\/\/cap.ca\/wp-content\/uploads\/2026\/02\/2026-CAP-High-School-Teacher-Workshop-Unlocking-Quantum-Worlds-and-AI_FRcont.pdf\">Cliquez ici pour voir le d\u00e9pliant de l&#8217;atelier<\/a><\/p>\n<p><a href=\"https:\/\/cap.ca\/wp-content\/uploads\/2026\/03\/CAP-Teachers-Day-Program-June-2-2026-v2.pdf\">Cliquez ici pour consulter le programme pr\u00e9liminaire de l&#8217;atelier<\/a><\/p>\n<p><a href=\"https:\/\/form.jotform.com\/260415812257252\">Cliquez ici pour vous inscrire<\/a><\/p>\n","protected":false},"excerpt":{"rendered":"<p>R\u00e9servez la date : le mardi 2 juin 2026, l&#8217;Universit\u00e9 d&#8217;Ottawa organisera un atelier destin\u00e9 aux enseignants du secondaire. Venez passer une journ\u00e9e \u00e0 d\u00e9couvrir le monde du quantique et l&#8217;intelligence artificielle gr\u00e2ce \u00e0 une combinaison de conf\u00e9rences inspirantes, d&#8217;ateliers pratiques et de d\u00e9monstrations.\u00a0 Cet \u00e9v\u00e9nement est gratuit (inscription obligatoire). *L&#8217;atelier sera en anglais seulement&#8230;.  <a class=\"excerpt-read-more\" href=\"https:\/\/cap.ca\/fr\/congres-de-lacp\/congres-2026\/2026-high-school-teacher-workshop\/\" title=\"LireAtelier pour les enseignants du secondaire 2026\">Lire la suite &raquo;<\/a><\/p>\n","protected":false},"author":5,"featured_media":0,"parent":27579,"menu_order":8,"comment_status":"closed","ping_status":"closed","template":"","meta":{"footnotes":""},"class_list":["post-28376","page","type-page","status-publish","hentry"],"_links":{"self":[{"href":"https:\/\/cap.ca\/fr\/wp-json\/wp\/v2\/pages\/28376","targetHints":{"allow":["GET"]}}],"collection":[{"href":"https:\/\/cap.ca\/fr\/wp-json\/wp\/v2\/pages"}],"about":[{"href":"https:\/\/cap.ca\/fr\/wp-json\/wp\/v2\/types\/page"}],"author":[{"embeddable":true,"href":"https:\/\/cap.ca\/fr\/wp-json\/wp\/v2\/users\/5"}],"replies":[{"embeddable":true,"href":"https:\/\/cap.ca\/fr\/wp-json\/wp\/v2\/comments?post=28376"}],"version-history":[{"count":6,"href":"https:\/\/cap.ca\/fr\/wp-json\/wp\/v2\/pages\/28376\/revisions"}],"predecessor-version":[{"id":28754,"href":"https:\/\/cap.ca\/fr\/wp-json\/wp\/v2\/pages\/28376\/revisions\/28754"}],"up":[{"embeddable":true,"href":"https:\/\/cap.ca\/fr\/wp-json\/wp\/v2\/pages\/27579"}],"wp:attachment":[{"href":"https:\/\/cap.ca\/fr\/wp-json\/wp\/v2\/media?parent=28376"}],"curies":[{"name":"wp","href":"https:\/\/api.w.org\/{rel}","templated":true}]}}