{"id":28284,"date":"2025-12-01T17:23:28","date_gmt":"2025-12-01T22:23:28","guid":{"rendered":"https:\/\/cap.ca\/congres-de-lacp\/congres-2026\/2026-symposia-day\/"},"modified":"2026-02-09T10:23:54","modified_gmt":"2026-02-09T15:23:54","slug":"2026-symposia-day","status":"publish","type":"page","link":"https:\/\/cap.ca\/fr\/congres-de-lacp\/congres-2026\/2026-symposia-day\/","title":{"rendered":"Journ\u00e9e des symposiums 2026"},"content":{"rendered":"<p>Les symposiums th\u00e9matiques offrent la possibilit\u00e9 d&#8217;organiser une mini-r\u00e9union dans le cadre du congr\u00e8s g\u00e9n\u00e9ral, ce qui contribue \u00e0 soutenir la recherche en physique au Canada en favorisant le r\u00e9seautage et la collaboration dans des domaines de recherche sp\u00e9cifiques. Chaque symposium se tiendra dans une salle avec un caf\u00e9 \u00e0 proximit\u00e9 afin d&#8217;encourager le r\u00e9seautage. Nouveaut\u00e9 cette ann\u00e9e, les symposiums se d\u00e9rouleront en deux sessions le mercredi apr\u00e8s-midi. La session du mercredi matin peut \u00e9galement \u00eatre utilis\u00e9e par les organisateurs du symposium, si une session suppl\u00e9mentaire est n\u00e9cessaire.<\/p>\n<p>Plusieurs symposiums sont actuellement en cours de planification et d&#8217;autres seront annonc\u00e9s d\u00e8s que les d\u00e9tails seront disponibles. Ces symposiums comprendront une s\u00e9rie passionnante de conf\u00e9rences invit\u00e9es. Les r\u00e9sum\u00e9s soumis \u00e0 une division peuvent \u00e9galement \u00eatre pris en consid\u00e9ration pour une pr\u00e9sentation dans le cadre d&#8217;un symposium. Si tel est le cas, vous serez contact\u00e9 par l&#8217;organisateur du symposium. Si vous avez des questions sur un symposium en particulier, veuillez contacter l&#8217;un des organisateurs du symposium ou le pr\u00e9sident du programme du congr\u00e8s (wwhelan@upei.ca).<\/p>\n<h4>Installations futures \u00e0 la pointe de la physique des particules<\/h4>\n<p>Avec la d\u00e9couverte du boson de Higgs, le mod\u00e8le standard est d\u00e9sormais complet. Cependant, des questions cl\u00e9s restent sans r\u00e9ponse : l&#8217;asym\u00e9trie mati\u00e8re-antimati\u00e8re, la nature de la mati\u00e8re noire et l&#8217;origine des masses des neutrinos. Pour y r\u00e9pondre, il faut aller au-del\u00e0 du mod\u00e8le standard et intensifier l&#8217;exploration des collisionneurs. Ce symposium r\u00e9unira des chercheurs travaillant sur de nouvelles installations qui permettront d&#8217;explorer la fronti\u00e8re de l&#8217;\u00e9nergie. Les th\u00e8mes abord\u00e9s comprendront les motivations th\u00e9oriques, les d\u00e9veloppements exp\u00e9rimentaux et les technologies d&#8217;acc\u00e9l\u00e9rateurs qui permettront la prochaine g\u00e9n\u00e9ration d&#8217;exp\u00e9riences.<\/p>\n<p>Une partie du symposium sera consacr\u00e9e \u00e0 r\u00e9unir les chercheurs canadiens int\u00e9ress\u00e9s \u00e0 en savoir plus sur le Future Circular Collider (FCC) ou \u00e0 y contribuer. Ce nouvel acc\u00e9l\u00e9rateur est con\u00e7u pour \u00e9tendre notre port\u00e9e avec une sensibilit\u00e9, une pr\u00e9cision et une \u00e9nergie sans pr\u00e9c\u00e9dent au-del\u00e0 de l&#8217;\u00e9chelle TeV. Si le CERN et l&#8217;Europe poursuivent ce projet, la p\u00e9riode 2028-2034 sera cruciale pour \u00e9tablir des collaborations et d\u00e9velopper les technologies de d\u00e9tection n\u00e9cessaires. L&#8217;objectif est d&#8217;impliquer des chercheurs en science des mat\u00e9riaux, en physique computationnelle, en instrumentation, en technologie des acc\u00e9l\u00e9rateurs et en th\u00e9orie et exp\u00e9rimentation des hautes \u00e9nergies dans la mise en place d&#8217;un nouvel effort qui pourrait constituer un \u00e9l\u00e9ment majeur de la communaut\u00e9 canadienne de physique subatomique.<\/p>\n<p><i><span style=\"font-weight: 400;\">Organisateurs : Max Swiatlowski (TRIUMF), Jesse Heilman (Carleton University), Dag Gillberg (Carleton University), Alison Lister (University of British Columbia), Thomas Koffas (Carleton University), Luise Poley (TRIUMF)<\/span><\/i><\/p>\n<h4>Les m\u00e9gadonn\u00e9es dans la mati\u00e8re, les mat\u00e9riaux et au-del\u00e0<\/h4>\n<p>La physique est une science empirique depuis des si\u00e8cles, mais les donn\u00e9es contemporaines existent en quantit\u00e9s qui \u00e9clipsent les Principia de Newton. Aujourd&#8217;hui, rassembler des donn\u00e9es pour distiller la compr\u00e9hension afin de d\u00e9crire les comportements \u00e9mergents, inventer de nouveaux mat\u00e9riaux et d\u00e9velopper de nouvelles solutions pour am\u00e9liorer les technologies et la sant\u00e9 humaine n\u00e9cessite des approches fondamentalement diff\u00e9rentes. Ce symposium r\u00e9unira des physiciens travaillant au-del\u00e0 des fronti\u00e8res disciplinaires afin de forger de nouvelles approches de la science empirique au XXIe si\u00e8cle.<\/p>\n<p>Parmi les intervenants pr\u00e9vus figurent des experts en apprentissage automatique et en intelligence artificielle, en g\u00e9om\u00e9trie de l&#8217;information, en m\u00e9gadonn\u00e9es et en applications dans les domaines des mat\u00e9riaux, de la mati\u00e8re condens\u00e9e, de la biophysique et de la physique m\u00e9dicale. En outre, les intervenants comprennent des Canadiens actuellement \u00e0 l&#8217;\u00e9tranger, des physiciens \u00e9trangers proches (ou presque) d&#8217;Ottawa ou ayant des liens de recherche avec le Canada, ainsi que des physiciens canadiens \u00e0 diff\u00e9rentes \u00e9tapes de leur carri\u00e8re. Nous attendons avec impatience les contributions et la participation d&#8217;\u00e9tudiants en mati\u00e8re condens\u00e9e et au-del\u00e0, qui s&#8217;int\u00e9ressent \u00e0 l&#8217;apprentissage automatique, \u00e0 la science des donn\u00e9es et \u00e0 la physique appliqu\u00e9e dans le milieu universitaire et industriel.<\/p>\n<p><i><span style=\"font-weight: 400;\">Organisateurs : Bill Atkinson (Trent University), Greg van Anders (Queen&#8217;s University)<\/span><\/i><\/p>\n<h4>Faire progresser la simulation quantique bas\u00e9e sur des mat\u00e9riaux bidimensionnels gr\u00e2ce \u00e0 la collaboration canadienne<\/h4>\n<p>Le domaine de la science et de la technologie quantiques, qui se concentre sp\u00e9cifiquement sur la simulation quantique, traite du d\u00e9veloppement de nouveaux syst\u00e8mes et mat\u00e9riels quantiques afin de mettre en \u0153uvre de nouvelles approches pour comprendre et contr\u00f4ler des syst\u00e8mes quantiques complexes \u00e0 plusieurs corps \u00e0 diff\u00e9rentes \u00e9chelles de temps et d&#8217;\u00e9nergie.<\/p>\n<p>L&#8217;initiative \u00ab Simulateurs quantiques programmables bas\u00e9s sur des mat\u00e9riaux bidimensionnels (2D) \u00bb,<br \/>\nsoutenue par le Conseil de recherches en sciences naturelles et en g\u00e9nie du Canada (CRSNG), est un<br \/>\neffort de recherche \u00e0 l&#8217;\u00e9chelle nationale qui r\u00e9unit trois p\u00f4les quantiques canadiens. La collaboration regroupe huit groupes de recherche issus de six universit\u00e9s et comprend trois partenaires industriels. Le projet s&#8217;articule autour de trois objectifs principaux : concevoir et construire un simulateur quantique sp\u00e9cialis\u00e9 capable d&#8217;\u00e9muler le comportement complexe des syst\u00e8mes quantiques ; mettre en \u0153uvre des dispositifs quantiques programmables utilisant des plateformes mat\u00e9rielles bas\u00e9es sur des mat\u00e9riaux 2D ; et construire des mat\u00e9riaux 2D de grande surface et de haute qualit\u00e9 ainsi que des mod\u00e8les th\u00e9oriques afin d&#8217;am\u00e9liorer le d\u00e9veloppement et la fabrication des dispositifs quantiques.<\/p>\n<p>Cette initiative cible les d\u00e9fis fondamentaux li\u00e9s aux phases quantiques de la mati\u00e8re, notamment les isolants corr\u00e9l\u00e9s, les supraconducteurs, les cristaux de Wigner, les phases topologiques, les liquides de spin et le magn\u00e9tisme. Au-del\u00e0 de la science fondamentale, elle est prometteuse pour des perc\u00e9es technologiques, telles que la d\u00e9couverte des m\u00e9canismes \u00e0 l&#8217;origine de la supraconductivit\u00e9 \u00e0 haute temp\u00e9rature ou l&#8217;optimisation des performances des mat\u00e9riaux quantiques (semi-conducteurs, aimants, ferro\u00e9lectriques et mat\u00e9riaux topologiques) pour des applications en \u00e9lectronique et en opto\u00e9lectronique. Le symposium r\u00e9unira des physiciens canadiens qui pr\u00e9senteront les progr\u00e8s r\u00e9cents et les d\u00e9fis actuels de l&#8217;initiative, mettront en \u00e9vidence les impacts potentiels sur l&#8217;industrie et le monde universitaire et favoriseront de nouvelles collaborations au sein de l&#8217;\u00e9cosyst\u00e8me canadien de recherche quantique.<\/p>\n<p><i><span style=\"font-weight: 400;\">Organisateurs : Adina Luican-Mayer (University of Ottawa, University of Illinois Chicago), Pawel <\/span><\/i><i><span style=\"font-weight: 400;\">Hawrylak (University of Ottawa), Louis Gaudreau (University of Ottawa, National Research <\/span><\/i><i><span style=\"font-weight: 400;\">Council Canada (NRC)), Didier Guignard (University of Ottawa)<\/span><\/i><\/p>\n<h4>Nouvelle imagerie de la r\u00e9tine de l&#8217;\u0153il<\/h4>\n<p>Ce symposium sp\u00e9cial vise \u00e0 reconna\u00eetre l&#8217;importance des travaux de recherche et de formation men\u00e9s par la professeure Kostadinka Bizheva, du d\u00e9partement de physique et d&#8217;astronomie de l&#8217;Universit\u00e9 de Waterloo. La professeure Bizheva est r\u00e9cemment d\u00e9c\u00e9d\u00e9e, au sommet de sa carri\u00e8re. Ses travaux de recherche ont eu et continueront d&#8217;avoir un impact consid\u00e9rable sur le d\u00e9veloppement de la tomographie par coh\u00e9rence optique pour l&#8217;imagerie haute r\u00e9solution de la r\u00e9tine et le diagnostic et le suivi des maladies oculaires. De plus, la professeure Bizheva a eu une influence consid\u00e9rable sur ses nombreux \u00e9tudiants dipl\u00f4m\u00e9s, auxquels elle a apport\u00e9 un soutien ind\u00e9fectible. Les conf\u00e9renciers invit\u00e9s pr\u00e9senteront les nouvelles m\u00e9thodes et leurs r\u00e9percussions sur le diagnostic et le traitement des maladies oculaires et autres. Le symposium permettra aux chercheurs, aux boursiers postdoctoraux et aux \u00e9tudiants dipl\u00f4m\u00e9s de se r\u00e9unir en m\u00e9moire de la professeure Bizheva tout en c\u00e9l\u00e9brant l&#8217;utilisation de nouvelles techniques physiques pour l&#8217;imagerie diagnostique, notamment celles mises au point gr\u00e2ce \u00e0 ses recherches.<\/p>\n<p><i><span style=\"font-weight: 400;\">Organisatrice : Melanie Campbell (University of Waterloo)<\/span><\/i><\/p>\n<h4>Physique dans le secteur priv\u00e9<\/h4>\n<p>Plus de 75 % des dipl\u00f4m\u00e9s en physique travaillent dans le secteur priv\u00e9. Les jeunes physiciens, ou ceux qui souhaitent en savoir plus sur les carri\u00e8res en physique en dehors du milieu universitaire, sont encourag\u00e9s \u00e0 participer \u00e0 ce symposium interactif, qui leur donnera un aper\u00e7u des carri\u00e8res des physiciens dans le secteur priv\u00e9 et leur offrira des conseils sur les parcours possibles et la formation n\u00e9cessaire pour transformer leur formation en physique en une carri\u00e8re passionnante et enrichissante en dehors du milieu universitaire. Le programme de la journ\u00e9e du symposium comprend une table ronde interactive, anim\u00e9e par le directeur de Private Sector Physics, au cours de laquelle vous pourrez en apprendre davantage sur les personnes et leurs carri\u00e8res en tant que physiciens du secteur priv\u00e9.<\/p>\n<p><i><span style=\"font-weight: 400;\">Organisateurs : Ian D\u2019Souza (ian.a.dsouza@gmail.com), Daniel Cluff (daniel.cluff@deepmining.ca), and Steffon Luoma (luoma@live.ca)<\/span><\/i><\/p>\n<h4>Symposium sur l&#8217;\u00e9nergie de fusion au Canada<\/h4>\n<p>La n\u00e9cessit\u00e9 de renforcer la s\u00e9curit\u00e9 \u00e9nerg\u00e9tique mondiale et de r\u00e9pondre \u00e0 la demande croissante en \u00e9nergie, notamment celle li\u00e9e \u00e0 l&#8217;\u00e9lectrification, \u00e0 la num\u00e9risation et \u00e0 l&#8217;intelligence artificielle, est largement reconnue. Le Canada est le seul pays du G7 \u00e0 ne disposer d&#8217;aucun programme f\u00e9d\u00e9ral ni d&#8217;aucune strat\u00e9gie nationale en mati\u00e8re de recherche sur l&#8217;\u00e9nergie de fusion. Nous proposons une session publique\/un symposium sur l&#8217;\u00e9nergie de fusion lors de l&#8217;ACP 2026. Les investissements dans l&#8217;\u00e9nergie de fusion progressent rapidement \u00e0 l&#8217;\u00e9chelle mondiale ; nous esp\u00e9rons ici mettre en \u00e9vidence l&#8217;opportunit\u00e9 unique pour le Canada de se joindre \u00e0 ce mouvement d\u00e8s le d\u00e9but et de mener les avanc\u00e9es dans le domaine de l&#8217;\u00e9nergie de fusion. La croissance de l&#8217;\u00e9nergie de fusion soutient non seulement l&#8217;ind\u00e9pendance \u00e9nerg\u00e9tique, mais aussi les objectifs nationaux en mati\u00e8re de recherche, de diversification technologique, de d\u00e9fense et de souverainet\u00e9 technologique nationale. Cette r\u00e9union dans la capitale nationale, Ottawa, est une occasion unique de mettre en valeur le potentiel de l&#8217;\u00e9nergie de fusion, d&#8217;identifier et de souligner l&#8217;expertise canadienne dans le milieu universitaire et les travaux en cours dans les industries connexes au Canada.<\/p>\n<p><em>Organisateurs : \u00c9mile Carbone (emile.carbone@inrs.ca) et Amina Hussein (aehussein@ualberta.ca)<\/em><\/p>\n<h4><b>Q-STATE : Science, technologie, applications, formation et \u00e9ducation quantiques<\/b><\/h4>\n<p>Q-STATE, propos\u00e9 par la Division de l&#8217;information quantique (DQI) en collaboration avec la Division de l&#8217;enseignement de la physique (DEP) et le Comit\u00e9 des relations avec le secteur priv\u00e9, est un \u00e9v\u00e9nement organis\u00e9 par et pour la communaut\u00e9 de l&#8217;ACP afin de d\u00e9couvrir les orientations actuelles dans ce domaine et le paysage quantique unique du Canada. Le symposium de cette ann\u00e9e proposera des sessions sur les th\u00e8mes suivants :<\/p>\n<ul class=\"content-list\">\n<li>L&#8217;information quantique dans la politique canadienne (deuxi\u00e8me strat\u00e9gie nationale)<\/li>\n<li>Quantique et IA : battage m\u00e9diatique, r\u00e9alit\u00e9 et absurdit\u00e9s<\/li>\n<li>D\u00e9veloppements r\u00e9cents dans l&#8217;industrie quantique canadienne et dans les p\u00f4les quantiques canadiens<\/li>\n<\/ul>\n<p>Toutes les sessions seront accessibles aux personnes int\u00e9ress\u00e9es par la physique quantique et encourageront les questions et les discussions.<\/p>\n<p><i>Organisatrices : Daria Ahrensmeier (<\/i><a href=\"mailto:daria_ahrensmeier@sfu.ca\"><i>daria_ahrensmeier@sfu.ca<\/i><\/a><i>) et Olivia Di Matteo (<\/i><a href=\"mailto:olivia.dimatteo@ubc.ca\"><i>olivia.dimatteo@ubc.ca<\/i><\/a><i>)<\/i><\/p>\n<h4>Transformer la physique : les outils EDIT-STEM pour promouvoir l&#8217;\u00e9quit\u00e9, la diversit\u00e9 et l&#8217;inclusion<\/h4>\n<p>Ce symposium proposera des outils pratiques pour aider les physiciens \u00e0 apprendre comment relever les d\u00e9fis li\u00e9s \u00e0 l&#8217;\u00e9quit\u00e9, la diversit\u00e9 et l&#8217;inclusion (EDI) dans leurs activit\u00e9s professionnelles. Les d\u00e9fis li\u00e9s \u00e0 l&#8217;EDI sont omnipr\u00e9sents en physique et dans toutes les sciences. Ils ont une incidence sur les personnes qui font de la science et leurs exp\u00e9riences, sur la mani\u00e8re dont les activit\u00e9s scientifiques se d\u00e9roulent et leur succ\u00e8s, ainsi que sur les liens entre les STEM et la soci\u00e9t\u00e9. Ce symposium se concentrera sur les outils permettant d&#8217;apporter des changements, en s&#8217;appuyant sur les recherches de l&#8217;initiative EDIT-STEM, une collaboration de recherche multidisciplinaire qui rassemble des partenaires de diff\u00e9rents secteurs, organisations et r\u00e9gions g\u00e9ographiques. L&#8217;initiative EDIT-STEM vise \u00e0 d\u00e9velopper des technologies interactives novatrices comme approche transformatrice pour relever les d\u00e9fis li\u00e9s \u00e0 l&#8217;EDI dans les STEM. Nous d\u00e9crirons la conception, le d\u00e9veloppement et l&#8217;\u00e9valuation d&#8217;une nouvelle \u00e9chelle de mesure test\u00e9e empiriquement pour \u00e9valuer la disposition des professionnels des STEM \u00e0 s&#8217;engager dans des initiatives EDI ainsi que l&#8217;efficacit\u00e9 de ces initiatives. Nous ferons des d\u00e9monstrations de nouveaux jeux s\u00e9rieux : ces jeux vid\u00e9o sont con\u00e7us pour sensibiliser aux d\u00e9fis de l&#8217;EDI et offrir des occasions de mettre en pratique des actions. Nous donnerons un aper\u00e7u des ressources pratiques qui soutiennent l&#8217;adoption de pratiques fond\u00e9es sur des preuves, notamment une <a href=\"https:\/\/doi.org\/10.5281\/zenodo.14728120\"><u>bo\u00eete \u00e0 outils p\u00e9dagogique sur l&#8217;EDI<\/u><\/a> et un <a href=\"https:\/\/doi.org\/10.5281\/zenodo.14687350\"><u>guide de poche sur l&#8217;EDI dans la recherche scientifique et technique<\/u><\/a>.<\/p>\n<p><i>Organisateurs<\/i><b><i>:<\/i><\/b><i> Rowan Thomson (<u>rthomson@physics.carleton.ca<\/u>), Alisha Szozda (AlishaSzozda@cunet.carleton.ca) et parrain\u00e9 par l&#8217;Universit\u00e9 Carleton, IVADO et l&#8217;Institut Perimeter<\/i><\/p>\n","protected":false},"excerpt":{"rendered":"<p>Les symposiums th\u00e9matiques offrent la possibilit\u00e9 d&#8217;organiser une mini-r\u00e9union dans le cadre du congr\u00e8s g\u00e9n\u00e9ral, ce qui contribue \u00e0 soutenir la recherche en physique au Canada en favorisant le r\u00e9seautage et la collaboration dans des domaines de recherche sp\u00e9cifiques. Chaque symposium se tiendra dans une salle avec un caf\u00e9 \u00e0 proximit\u00e9 afin d&#8217;encourager le r\u00e9seautage&#8230;.  <a class=\"excerpt-read-more\" href=\"https:\/\/cap.ca\/fr\/congres-de-lacp\/congres-2026\/2026-symposia-day\/\" title=\"LireJourn\u00e9e des symposiums 2026\">Lire la suite &raquo;<\/a><\/p>\n","protected":false},"author":5,"featured_media":0,"parent":27579,"menu_order":5,"comment_status":"closed","ping_status":"closed","template":"","meta":{"footnotes":""},"class_list":["post-28284","page","type-page","status-publish","hentry"],"_links":{"self":[{"href":"https:\/\/cap.ca\/fr\/wp-json\/wp\/v2\/pages\/28284","targetHints":{"allow":["GET"]}}],"collection":[{"href":"https:\/\/cap.ca\/fr\/wp-json\/wp\/v2\/pages"}],"about":[{"href":"https:\/\/cap.ca\/fr\/wp-json\/wp\/v2\/types\/page"}],"author":[{"embeddable":true,"href":"https:\/\/cap.ca\/fr\/wp-json\/wp\/v2\/users\/5"}],"replies":[{"embeddable":true,"href":"https:\/\/cap.ca\/fr\/wp-json\/wp\/v2\/comments?post=28284"}],"version-history":[{"count":10,"href":"https:\/\/cap.ca\/fr\/wp-json\/wp\/v2\/pages\/28284\/revisions"}],"predecessor-version":[{"id":28285,"href":"https:\/\/cap.ca\/fr\/wp-json\/wp\/v2\/pages\/28284\/revisions\/28285"}],"up":[{"embeddable":true,"href":"https:\/\/cap.ca\/fr\/wp-json\/wp\/v2\/pages\/27579"}],"wp:attachment":[{"href":"https:\/\/cap.ca\/fr\/wp-json\/wp\/v2\/media?parent=28284"}],"curies":[{"name":"wp","href":"https:\/\/api.w.org\/{rel}","templated":true}]}}