{"id":28261,"date":"2025-11-18T19:24:26","date_gmt":"2025-11-19T00:24:26","guid":{"rendered":"https:\/\/cap.ca\/congres-de-lacp\/congres-2026\/2026-best-student-presentation-competition\/"},"modified":"2025-11-18T19:29:03","modified_gmt":"2025-11-19T00:29:03","slug":"2026-best-student-presentation-competition","status":"publish","type":"page","link":"https:\/\/cap.ca\/fr\/congres-de-lacp\/congres-2026\/2026-best-student-presentation-competition\/","title":{"rendered":"Concours de la meilleure pr\u00e9sentation \u00e9tudiante 2026"},"content":{"rendered":"<div class=\"wpb-content-wrapper\"><p>[vc_row][vc_column][vc_column_text css=&#8221;&#8221;]L&#8217;ACP organisera les concours du meilleur expos\u00e9 oral et du meilleur poster \u00e9tudiant lors du congr\u00e8s de l&#8217;ACP 2026. Des prix en esp\u00e8ces seront remis par l&#8217;ACP aux meilleurs expos\u00e9s oraux et aux meilleurs posters \u00e9tudiants. De plus, diverses divisions th\u00e9matiques de l&#8217;ACP et d&#8217;autres sponsors organiseront des concours plus cibl\u00e9s par domaine.<\/p>\n<h4>QUELS SONT LES AVANTAGES DE PARTICIPER ?<\/h4>\n<p>Ces concours ont pour objectif d&#8217;encourager les \u00e9tudiants de premier cycle et des cycles sup\u00e9rieurs \u00e0 pr\u00e9senter leurs travaux de recherche et \u00e0 interagir avec la communaut\u00e9 canadienne des physiciens d\u00e8s le d\u00e9but de leur carri\u00e8re. Les \u00e9tudiants doivent pr\u00e9senter leurs travaux et assumer l&#8217;enti\u00e8re responsabilit\u00e9 du contenu de leur pr\u00e9sentation ainsi que du r\u00e9sum\u00e9 \u00e9crit.<\/p>\n<h4><strong><br \/>\n\u00c9LIGIBILIT\u00c9<\/strong><\/h4>\n<p>Pour \u00eatre admissible \u00e0 ce concours, un \u00e9tudiant doit \u00eatre membre (dipl\u00f4m\u00e9) ou affili\u00e9 (\u00e9tudiant de premier cycle) de l&#8217;ACP. L&#8217;affiliation des \u00e9tudiants de premier cycle est gratuite pendant toute la dur\u00e9e de leur programme de licence. La premi\u00e8re ann\u00e9e d&#8217;adh\u00e9sion est gratuite pour les \u00e9tudiants dipl\u00f4m\u00e9s ; des frais consid\u00e9rablement r\u00e9duits s&#8217;appliquent pour les ann\u00e9es suivantes. Les demandes d&#8217;adh\u00e9sion et de renouvellement peuvent \u00eatre soumises en ligne ici.<\/p>\n<p><strong><em>Veuillez noter que l&#8217;activation de votre adh\u00e9sion\/affiliation peut prendre jusqu&#8217;\u00e0 10 jours ouvrables au total, ce qui inclut le traitement du paiement, le cas \u00e9ch\u00e9ant. Par cons\u00e9quent, il est recommand\u00e9 de soumettre votre demande d&#8217;adh\u00e9sion en m\u00eame temps que votre r\u00e9sum\u00e9.<\/em><\/strong><\/p>\n<h4><strong><br \/>\nCOMMENT PARTICIPER AU CONCOURS<br \/>\n<\/strong><\/h4>\n<p>Les \u00e9tudiants qui souhaitent participer aux concours de l&#8217;ACP du meilleur expos\u00e9 oral ou du meilleur poster \u00e9tudiant doivent indiquer clairement leur intention de concourir en s\u00e9lectionnant l&#8217;option appropri\u00e9e pour le concours oral ou le concours de posters au moment de la soumission du r\u00e9sum\u00e9 du congr\u00e8s. Un \u00e9tudiant qui participe au concours Best Student Oral de l&#8217;ACP ou au concours Best Student Poster de l&#8217;ACP sera automatiquement inscrit au concours divisionnaire de l&#8217;ACP appropri\u00e9, s&#8217;il existe et s&#8217;il est membre de cette division. Veuillez noter que m\u00eame si un \u00e9tudiant peut faire plus d&#8217;une pr\u00e9sentation (par exemple, un expos\u00e9 et un poster, \u00e0 condition qu&#8217;ils portent sur des sujets diff\u00e9rents), il ne peut pas participer \u00e0 plus d&#8217;un concours de l&#8217;ACP (oral ou poster).<\/p>\n<h4><span style=\"font-size: 14pt;\"><strong><br \/>\n\u00c9valuation des pr\u00e9sentations orales et des affiches<br \/>\n<\/strong><\/span><\/h4>\n<p>Les pr\u00e9sentations orales des \u00e9tudiants et leur \u00e9valuation auront lieu dans le cadre de la session scientifique qui leur aura \u00e9t\u00e9 attribu\u00e9e tout au long du congr\u00e8s, de l&#8217;apr\u00e8s-midi du lundi 21 juin jusqu&#8217;au d\u00e9but du d\u00e9jeuner du mercredi 23 juin. Les finalistes du concours l&#8217;ACP Best Student Oral feront une deuxi\u00e8me pr\u00e9sentation orale le jeudi 24 juin.<br \/>\nLes pr\u00e9sentations par affiches des \u00e9tudiants et leur \u00e9valuation auront lieu lors de la session d&#8217;affiches du congr\u00e8s, le mardi 22 juin. Les finalistes du concours Best Student Poster de l&#8217;ACP feront une deuxi\u00e8me pr\u00e9sentation par affiche le mercredi 23 juin.<\/p>\n<p><strong>L&#8217;\u00e9valuation sera bas\u00e9e sur les crit\u00e8res suivants :<\/strong><\/p>\n<table>\n<tbody>\n<tr>\n<td><\/td>\n<td><b>Exceeding<\/b><\/td>\n<td><b>Demonstrating<\/b><\/td>\n<td><b>Developing<\/b><\/td>\n<td><b>Emerging<\/b><\/td>\n<\/tr>\n<tr>\n<td><\/td>\n<td><span style=\"font-weight: 400;\">4<\/span><\/td>\n<td><span style=\"font-weight: 400;\">3<\/span><\/td>\n<td><span style=\"font-weight: 400;\">2<\/span><\/td>\n<td><span style=\"font-weight: 400;\">1<\/span><\/td>\n<\/tr>\n<tr>\n<td><b>Context, motivation<\/b><\/td>\n<td><span style=\"font-weight: 400;\">Problem is defined and put into context in a compelling way (precisely stated and strongly supported).<\/span><\/td>\n<td><span style=\"font-weight: 400;\">Problem is clear and consistent with the supporting material.<\/span><\/td>\n<td><span style=\"font-weight: 400;\">Problem is basically understandable but supporting material is insufficient.<\/span><\/td>\n<td><span style=\"font-weight: 400;\">Problem can be deduced but is not explicitly explained in the presentation.<\/span><\/td>\n<\/tr>\n<tr>\n<td><b>Scientific content, quality, originality<\/b><\/td>\n<td><span style=\"font-weight: 400;\">Research methods and data are clearly explained. Impact of results are coherently compared to previous work. Contribution of the student is clear.<\/span><\/td>\n<td><span style=\"font-weight: 400;\">Research methods, data and impact are presented. Contribution of the student is clear.<\/span><\/td>\n<td><span style=\"font-weight: 400;\">Research methods and data are presented. Impact of results is insufficiently supported or contribution of the student is not clear.<\/span><\/td>\n<td><span style=\"font-weight: 400;\">Research methods and data are presented. Impact and contribution of the student are not clear.<\/span><\/td>\n<\/tr>\n<tr>\n<td><b>Supporting materials (diagrams, data, graphs, statistical analysis, uncertainties)<\/b><\/td>\n<td><span style=\"font-weight: 400;\">A variety of supporting materials appropriately refer to information or analysis that significantly supports the presentation.<\/span><\/td>\n<td><span style=\"font-weight: 400;\">Supporting materials appropriately refer to information or analysis that generally supports the presentation.<\/span><\/td>\n<td><span style=\"font-weight: 400;\">Supporting materials appropriately refer to information or analysis that partially supports the presentation.<\/span><\/td>\n<td><span style=\"font-weight: 400;\">Insufficient supporting materials refer to information or analysis that minimally supports the presentation.<\/span><\/td>\n<\/tr>\n<tr>\n<td><b>Organizational pattern (specific introduction and conclusion, sequenced material within the body, and transitions)<\/b><\/td>\n<td><span style=\"font-weight: 400;\">Organizational pattern is clearly and consistently observable and is skillful and makes the content of the presentation cohesive.<\/span><\/td>\n<td><span style=\"font-weight: 400;\">Organizational pattern is clearly and consistently observable.<\/span><\/td>\n<td><span style=\"font-weight: 400;\">Organizational pattern is intermittently observable.<\/span><\/td>\n<td><span style=\"font-weight: 400;\">Organizational pattern is not observable.<\/span><\/td>\n<\/tr>\n<tr>\n<td><b>Delivery techniques (clarity, vocal expressiveness, enthusiasm, posture, gesture, eye contact, pace, terminology)<\/b><\/td>\n<td><span style=\"font-weight: 400;\">Delivery techniques make the presentation compelling, and speaker appears polished and confident. Terminology and pacing are appropriate to audience.<\/span><\/td>\n<td><span style=\"font-weight: 400;\">Delivery techniques make the presentation interesting, and speaker appears comfortable. Terminology and pacing are appropriate to audience.<\/span><\/td>\n<td><span style=\"font-weight: 400;\">Delivery techniques make the presentation understandable, and speaker appears tentative. Terminology and\/or pacing are appropriate to audience.<\/span><\/td>\n<td><span style=\"font-weight: 400;\">Delivery techniques detract from the understandability of the presentation, and speaker appears uncomfortable. Terminology and\/or pacing are not appropriate to audience.<\/span><\/td>\n<\/tr>\n<tr>\n<td><b>Responses to questions and understanding of research topic<\/b><\/td>\n<td><span style=\"font-weight: 400;\">Responses to questions include further information and mastery of research topic is clear.<\/span><\/td>\n<td><span style=\"font-weight: 400;\">Responses to questions include basic information and understanding of research topic is clear.<\/span><\/td>\n<td><span style=\"font-weight: 400;\">Responses to questions reflect basic understanding but mastery of research topic is not clear.<\/span><\/td>\n<td><span style=\"font-weight: 400;\">Responses to questions are insufficient and understanding of research topic is not evident.<\/span><\/td>\n<\/tr>\n<tr>\n<td><b>Overtime penalty (oral presentations only)<\/b><\/td>\n<td><\/td>\n<td><\/td>\n<td><\/td>\n<td><span style=\"font-weight: 400;\">-3 for &gt; 45 seconds overtime<\/span><\/td>\n<\/tr>\n<tr>\n<td><b>Total Score (out of 24)<\/b><\/td>\n<td><\/td>\n<td><\/td>\n<td><\/td>\n<td><\/td>\n<\/tr>\n<\/tbody>\n<\/table>\n<h4><strong><br \/>\nWHAT IF I WIN?<\/strong><\/h4>\n<p>Winners of the CAP Best Student Oral and Best Student Poster competitions, as well as winners of Division competitions will be announced on Thursday, June 24, and the results published in <em>Physics in Canada.\u00a0<\/em><\/p>\n<p>&nbsp;<\/p>\n<h3>Division and Sponsored Competitions<\/h3>\n<p>A student entering either the CAP Best Student Oral or Best Student Poster competitions will <strong>automatically<\/strong> be entered into the appropriate CAP divisional competition if one exists and if they are a member of that division. Any student who has questions or concerns about competing for all prizes for which they are\u00a0eligible should email <a href=\"mailto:programs@cap.ca\">programs@cap.ca<\/a>. Membership in a CAP subject division is free for students and can be activated upon applying or renewing a CAP membership. Current members of the CAP can join a CAP subject division by sending an email request to <a href=\"mailto:membership@cap.ca\">membership@cap.ca<\/a>.[\/vc_column_text][\/vc_column][\/vc_row]<\/p>\n<\/div>","protected":false},"excerpt":{"rendered":"<p>[vc_row][vc_column][vc_column_text css=&#8221;&#8221;]L&#8217;ACP organisera les concours du meilleur expos\u00e9 oral et du meilleur poster \u00e9tudiant lors du congr\u00e8s de l&#8217;ACP 2026. Des prix en esp\u00e8ces seront remis par l&#8217;ACP aux meilleurs expos\u00e9s oraux et aux meilleurs posters \u00e9tudiants. De plus, diverses divisions th\u00e9matiques de l&#8217;ACP et d&#8217;autres sponsors organiseront des concours plus cibl\u00e9s par domaine. QUELS&#8230;  <a class=\"excerpt-read-more\" href=\"https:\/\/cap.ca\/fr\/congres-de-lacp\/congres-2026\/2026-best-student-presentation-competition\/\" title=\"LireConcours de la meilleure pr\u00e9sentation \u00e9tudiante 2026\">Lire la suite &raquo;<\/a><\/p>\n","protected":false},"author":5,"featured_media":0,"parent":27579,"menu_order":9,"comment_status":"closed","ping_status":"closed","template":"","meta":{"footnotes":""},"class_list":["post-28261","page","type-page","status-publish","hentry"],"_links":{"self":[{"href":"https:\/\/cap.ca\/fr\/wp-json\/wp\/v2\/pages\/28261","targetHints":{"allow":["GET"]}}],"collection":[{"href":"https:\/\/cap.ca\/fr\/wp-json\/wp\/v2\/pages"}],"about":[{"href":"https:\/\/cap.ca\/fr\/wp-json\/wp\/v2\/types\/page"}],"author":[{"embeddable":true,"href":"https:\/\/cap.ca\/fr\/wp-json\/wp\/v2\/users\/5"}],"replies":[{"embeddable":true,"href":"https:\/\/cap.ca\/fr\/wp-json\/wp\/v2\/comments?post=28261"}],"version-history":[{"count":2,"href":"https:\/\/cap.ca\/fr\/wp-json\/wp\/v2\/pages\/28261\/revisions"}],"predecessor-version":[{"id":28263,"href":"https:\/\/cap.ca\/fr\/wp-json\/wp\/v2\/pages\/28261\/revisions\/28263"}],"up":[{"embeddable":true,"href":"https:\/\/cap.ca\/fr\/wp-json\/wp\/v2\/pages\/27579"}],"wp:attachment":[{"href":"https:\/\/cap.ca\/fr\/wp-json\/wp\/v2\/media?parent=28261"}],"curies":[{"name":"wp","href":"https:\/\/api.w.org\/{rel}","templated":true}]}}