{"id":28257,"date":"2025-11-18T16:43:49","date_gmt":"2025-11-18T21:43:49","guid":{"rendered":"https:\/\/cap.ca\/congres-de-lacp\/congres-2026\/2026-congress-at-a-glance\/"},"modified":"2025-11-18T16:46:01","modified_gmt":"2025-11-18T21:46:01","slug":"2026-congress-at-a-glance","status":"publish","type":"page","link":"https:\/\/cap.ca\/fr\/congres-de-lacp\/congres-2026\/2026-congress-at-a-glance\/","title":{"rendered":"Aper\u00e7u du congr\u00e8s 2026"},"content":{"rendered":"<div class=\"wpb-content-wrapper\"><p>[vc_row][vc_column][vc_btn title=&#8221;Veuillez cliquer ici pour consulter le r\u00e9sum\u00e9 du congr\u00e8s 2026.&#8221; color=&#8221;danger&#8221; size=&#8221;lg&#8221; css=&#8221;&#8221; link=&#8221;url:https%3A%2F%2Fcap.ca%2Fwp-content%2Fuploads%2F2025%2F11%2F2026-Congress-at-a-Glance-Nov13.xlsx-Nov.2025-version.pdf|title:2026%20Congress%20at%20a%20Glance|target:_blank&#8221;][\/vc_column][\/vc_row]<\/p>\n<\/div>","protected":false},"excerpt":{"rendered":"<p>[vc_row][vc_column][vc_btn title=&#8221;Veuillez cliquer ici pour consulter le r\u00e9sum\u00e9 du congr\u00e8s 2026.&#8221; color=&#8221;danger&#8221; size=&#8221;lg&#8221; css=&#8221;&#8221; link=&#8221;url:https%3A%2F%2Fcap.ca%2Fwp-content%2Fuploads%2F2025%2F11%2F2026-Congress-at-a-Glance-Nov13.xlsx-Nov.2025-version.pdf|title:2026%20Congress%20at%20a%20Glance|target:_blank&#8221;][\/vc_column][\/vc_row]<\/p>\n","protected":false},"author":5,"featured_media":0,"parent":27579,"menu_order":1,"comment_status":"closed","ping_status":"closed","template":"","meta":{"footnotes":""},"class_list":["post-28257","page","type-page","status-publish","hentry"],"_links":{"self":[{"href":"https:\/\/cap.ca\/fr\/wp-json\/wp\/v2\/pages\/28257","targetHints":{"allow":["GET"]}}],"collection":[{"href":"https:\/\/cap.ca\/fr\/wp-json\/wp\/v2\/pages"}],"about":[{"href":"https:\/\/cap.ca\/fr\/wp-json\/wp\/v2\/types\/page"}],"author":[{"embeddable":true,"href":"https:\/\/cap.ca\/fr\/wp-json\/wp\/v2\/users\/5"}],"replies":[{"embeddable":true,"href":"https:\/\/cap.ca\/fr\/wp-json\/wp\/v2\/comments?post=28257"}],"version-history":[{"count":1,"href":"https:\/\/cap.ca\/fr\/wp-json\/wp\/v2\/pages\/28257\/revisions"}],"predecessor-version":[{"id":28258,"href":"https:\/\/cap.ca\/fr\/wp-json\/wp\/v2\/pages\/28257\/revisions\/28258"}],"up":[{"embeddable":true,"href":"https:\/\/cap.ca\/fr\/wp-json\/wp\/v2\/pages\/27579"}],"wp:attachment":[{"href":"https:\/\/cap.ca\/fr\/wp-json\/wp\/v2\/media?parent=28257"}],"curies":[{"name":"wp","href":"https:\/\/api.w.org\/{rel}","templated":true}]}}