{"id":28252,"date":"2025-11-14T13:30:40","date_gmt":"2025-11-14T18:30:40","guid":{"rendered":"https:\/\/cap.ca\/?page_id=28252"},"modified":"2025-11-14T13:30:40","modified_gmt":"2025-11-14T18:30:40","slug":"comite-dorganisation-local-2026","status":"publish","type":"page","link":"https:\/\/cap.ca\/fr\/congres-de-lacp\/congres-2026\/comite-dorganisation-local-2026\/","title":{"rendered":"Comit\u00e9 d&#8217;organisation local 2026"},"content":{"rendered":"<p>&nbsp;<\/p>\n<p>&nbsp;<\/p>\n<table style=\"border-collapse: collapse; width: 100%;\">\n<tbody>\n<tr>\n<td style=\"width: 50%;\"><strong>Co-pr\u00e9sidentes<\/strong><\/p>\n<p><a href=\"bjoos@uottawa.ca\">B\u00e9la Jo\u00f3s (UOttawa)<\/a><br \/>\n<a href=\"kevin_graham@carleton.ca\"><span style=\"font-weight: 400;\">Kevin Graham (Carleton)<\/span><\/a><br \/>\n<a href=\"juliawallace@cunet.carleton.ca\">Julia Wallace (Carleton)<\/a><\/td>\n<td style=\"width: 50%;\"><strong>Logement ext\u00e9rieur (h\u00f4tels)<\/strong><\/p>\n<p>Vacant<\/td>\n<\/tr>\n<tr>\n<td style=\"width: 50%;\"><strong>Coordonnateur des communications locales<\/strong><\/p>\n<p><a href=\"juliawallace@cunet.carleton.ca\">Julia Wallace (Carleton)<\/a><br \/>\n<a href=\"seydaipek@cunet.carleton.ca\">Seyda Ipek (Carleton)<\/a><\/td>\n<td style=\"width: 50%;\"><strong>Coordonnateur de la restauration et de la r\u00e9sidence<\/strong><\/p>\n<p><a href=\"kevin_graham@carleton.ca\"><span style=\"font-weight: 400;\">Kevin Graham (Carleton)<\/span><\/a><\/td>\n<\/tr>\n<tr>\n<td style=\"width: 50%;\"><strong>Tr\u00e9sorier \/ coordinateur budg\u00e9taire<\/strong><\/p>\n<p><a href=\"bjoos@uottawa.ca\">B\u00e9la Jo\u00f3s (UOttawa)<\/a><br \/>\n<a href=\"kevin_graham@carleton.ca\"><span style=\"font-weight: 400;\">Kevin Graham (Carleton)<\/span><\/a><br \/>\n<a href=\"juliawallace@cunet.carleton.ca\">Julia Wallace (Carleton)<\/a><\/td>\n<td style=\"width: 50%;\"><strong>Coordinateur des visites de laboratoires<\/strong><\/td>\n<\/tr>\n<tr>\n<td style=\"width: 50%;\"><strong>Coordinateur de la r\u00e9union des pr\u00e9sidents de d\u00e9partement<\/strong><\/p>\n<p><a href=\"mgodin@uOttawa.ca\">Michel Godin (UOttawa)<\/a><\/td>\n<td style=\"width: 50%;\"><strong>Coordinateur de la communication \/ pages imprim\u00e9es du programme et informations locales sur le Web<\/strong><\/td>\n<\/tr>\n<tr>\n<td style=\"width: 50%;\"><strong>Coordinateurs de la session d&#8217;affiches<\/strong><\/p>\n<p><a href=\"sviel@physics.carleton.ca\">Simon Viel (Carleton)<\/a><\/td>\n<td style=\"width: 50%;\"><strong>Coordinateurs locaux de parrainage<\/strong><\/td>\n<\/tr>\n<tr>\n<td style=\"width: 50%;\"><strong>Coordinateurs du barbecue<\/strong><\/p>\n<p><a href=\"kevin_graham@carleton.ca\"><span style=\"font-weight: 400;\">Kevin Graham (Carleton)<\/span><\/a><br \/>\n<a href=\"juliawallace@cunet.carleton.ca\">Julia Wallace (Carleton)<\/a><\/td>\n<td style=\"width: 50%;\"><strong>Coordinateurs de la conf\u00e9rence publique Herzberg<\/strong><\/p>\n<p><a href=\"kevin_graham@carleton.ca\"><span style=\"font-weight: 400;\">Kevin Graham (Carleton)<\/span><\/a><br \/>\n<a href=\"juliawallace@cunet.carleton.ca\">Julia Wallace (Carleton)<\/a><\/td>\n<\/tr>\n<tr>\n<td style=\"width: 50%;\"><strong>Coordinateur des salles et de l&#8217;AV-IT<\/strong><\/p>\n<p>&nbsp;<\/td>\n<td style=\"width: 50%;\"><strong>Coordinateur des volontaires<\/strong><\/p>\n<p><a href=\"vincter@physics.carleton.ca\">Manuella Vincter (Carleton)<\/a><\/p>\n<p><strong>\u00c9tudiants volontaires en chef<\/strong><\/td>\n<\/tr>\n<tr>\n<td style=\"width: 50%;\"><strong>Coordinateur du banquet<\/strong><\/td>\n<td style=\"width: 50%;\"><strong>Coordinateur d&#8217;\u00e9v\u00e9nements pour les \u00e9tudiants de l&#8217;industrie<\/strong><\/p>\n<p><a href=\"heilman@physics.carleton.ca\">Jesse Heilman (Carleton)<\/a><\/td>\n<\/tr>\n<tr>\n<td style=\"width: 50%;\"><strong>Coordinateur des exposants<\/strong><\/p>\n<p><a href=\"vincter@physics.carleton.ca\">Manuella Vincter (Carleton)<\/a><\/td>\n<td style=\"width: 50%;\"><strong>Coordinateurs d&#8217;ateliers d&#8217;enseignement<\/strong><\/p>\n<p><a href=\"heilman@physics.carleton.ca\">Jesse Heilman (Carleton)<\/a><br \/>\n<a href=\"andrzej.czajkowski@uOttawa.ca\">Andrzej Czajkowski (UOttawa)<\/a><br \/>\n<a href=\"cgigault@uOttawa.ca\"><span style=\"font-weight: 400;\">Christian Gigault (UOttawa)<\/span><\/a><br \/>\n<a href=\"luican-mayer@uOttawa.ca\">Adina Luican-Mayer (UOttawa)<\/a><\/td>\n<\/tr>\n<tr>\n<td style=\"width: 50%;\"><strong>Responsable de la s\u00e9curit\u00e9<\/strong><\/td>\n<td style=\"width: 50%;\"><strong>Signalisation<\/strong><\/p>\n<p><a href=\"seydaipek@cunet.carleton.ca\">Seyda Ipek (Carleton)<\/a><\/td>\n<\/tr>\n<\/tbody>\n<\/table>\n","protected":false},"excerpt":{"rendered":"<p>&nbsp; &nbsp; Co-pr\u00e9sidentes B\u00e9la Jo\u00f3s (UOttawa) Kevin Graham (Carleton) Julia Wallace (Carleton) Logement ext\u00e9rieur (h\u00f4tels) Vacant Coordonnateur des communications locales Julia Wallace (Carleton) Seyda Ipek (Carleton) Coordonnateur de la restauration et de la r\u00e9sidence Kevin Graham (Carleton) Tr\u00e9sorier \/ coordinateur budg\u00e9taire B\u00e9la Jo\u00f3s (UOttawa) Kevin Graham (Carleton) Julia Wallace (Carleton) Coordinateur des visites de laboratoires&#8230;  <a class=\"excerpt-read-more\" href=\"https:\/\/cap.ca\/fr\/congres-de-lacp\/congres-2026\/comite-dorganisation-local-2026\/\" title=\"LireComit\u00e9 d&#8217;organisation local 2026\">Lire la suite &raquo;<\/a><\/p>\n","protected":false},"author":5,"featured_media":0,"parent":27579,"menu_order":1,"comment_status":"closed","ping_status":"closed","template":"","meta":{"footnotes":""},"class_list":["post-28252","page","type-page","status-publish","hentry"],"_links":{"self":[{"href":"https:\/\/cap.ca\/fr\/wp-json\/wp\/v2\/pages\/28252","targetHints":{"allow":["GET"]}}],"collection":[{"href":"https:\/\/cap.ca\/fr\/wp-json\/wp\/v2\/pages"}],"about":[{"href":"https:\/\/cap.ca\/fr\/wp-json\/wp\/v2\/types\/page"}],"author":[{"embeddable":true,"href":"https:\/\/cap.ca\/fr\/wp-json\/wp\/v2\/users\/5"}],"replies":[{"embeddable":true,"href":"https:\/\/cap.ca\/fr\/wp-json\/wp\/v2\/comments?post=28252"}],"version-history":[{"count":1,"href":"https:\/\/cap.ca\/fr\/wp-json\/wp\/v2\/pages\/28252\/revisions"}],"predecessor-version":[{"id":28253,"href":"https:\/\/cap.ca\/fr\/wp-json\/wp\/v2\/pages\/28252\/revisions\/28253"}],"up":[{"embeddable":true,"href":"https:\/\/cap.ca\/fr\/wp-json\/wp\/v2\/pages\/27579"}],"wp:attachment":[{"href":"https:\/\/cap.ca\/fr\/wp-json\/wp\/v2\/media?parent=28252"}],"curies":[{"name":"wp","href":"https:\/\/api.w.org\/{rel}","templated":true}]}}