{"id":28247,"date":"2025-11-18T16:57:22","date_gmt":"2025-11-18T21:57:22","guid":{"rendered":"https:\/\/cap.ca\/?page_id=28247"},"modified":"2026-02-05T14:08:00","modified_gmt":"2026-02-05T19:08:00","slug":"soumission-des-resumes-2026","status":"publish","type":"page","link":"https:\/\/cap.ca\/fr\/congres-de-lacp\/congres-2026\/soumission-des-resumes-2026\/","title":{"rendered":"Soumission des r\u00e9sum\u00e9s 2026"},"content":{"rendered":"<blockquote><p>Les r\u00e9sum\u00e9s soumis apr\u00e8s la date limite pour une pr\u00e9sentation orale ou par affiche seront pris en consid\u00e9ration en fonction des disponibilit\u00e9s dans le programme, une fois que tous les r\u00e9sum\u00e9s soumis avant la date limite auront \u00e9t\u00e9 examin\u00e9s et programm\u00e9s. Les soumissions orales apr\u00e8s la date limite seront automatiquement prises en consid\u00e9ration pour une pr\u00e9sentation par affiche si les cr\u00e9neaux oraux sont complets. Si vous pr\u00e9f\u00e9rez que votre r\u00e9sum\u00e9 soit retir\u00e9 si aucun cr\u00e9neau oral n&#8217;est disponible, veuillez l&#8217;indiquer dans la zone de commentaires lorsque vous soumettez votre r\u00e9sum\u00e9.<\/p><\/blockquote>\n<p><strong><a href=\"https:\/\/indico.global\/event\/15553\/\" target=\"_blank\" rel=\"noopener\">Cliquez ici pour acc\u00e9der au site Indico de soumission des r\u00e9sum\u00e9s du Congr\u00e8s 2026<\/a>. NOTE : Vous aurez besoin d&#8217;un compte Indico (s\u00e9par\u00e9 du compte de l&#8217;ACP) pour soumettre un r\u00e9sum\u00e9.<\/strong> Voir les instructions pour cr\u00e9er un compte ci-dessous.<\/p>\n<p>Nous avons le plaisir de vous informer que les r\u00e9sum\u00e9s pour les pr\u00e9sentations orales et les affiches du congr\u00e8s 2026 de l&#8217;ACP peuvent \u00eatre soumis en utilisant le lien ci-dessus. Nous pr\u00e9voyons actuellement d&#8217;organiser le congr\u00e8s en pr\u00e9sentiel conjointement \u00e0 l&#8217;Universit\u00e9 d&#8217;Ottawa et \u00e0 l&#8217;Universit\u00e9 Carleton \u00e0 Ottawa, en Ontario, du 21 au 26 juin. Les pr\u00e9sentateurs devront \u00eatre pr\u00e9sents en personne.<\/p>\n<p>Ce congr\u00e8s est l&#8217;occasion de pr\u00e9senter et de c\u00e9l\u00e9brer les r\u00e9alisations des physiciens au Canada et \u00e0 l&#8217;\u00e9tranger.<\/p>\n<p>Soumettez un r\u00e9sum\u00e9 et partagez vos recherches. Pour les superviseurs, ce congr\u00e8s est une excellente occasion de pr\u00e9senter les travaux de leurs \u00e9tudiants.<\/p>\n<p><strong>LES SOUMISSIONS DE R\u00c9SUM\u00c9S APR\u00c8S LA DATE LIMITE<\/strong><\/p>\n<p>Les r\u00e9sum\u00e9s des pr\u00e9sentations orales soumis avant la date limite seront examin\u00e9s en priorit\u00e9 pour la programmation.<\/p>\n<p>&nbsp;<\/p>\n<p><strong>CRIT\u00c8RES DE SOUMISSION DES R\u00c9SUM\u00c9S<\/strong><\/p>\n<ol class=\"content-list\">\n<li>Les r\u00e9sum\u00e9s ne doivent pas d\u00e9passer 2400 caract\u00e8res, espaces compris (~300 mots).<\/li>\n<li>Vous devez avoir un compte Indico CERN pour soumettre un r\u00e9sum\u00e9.<\/li>\n<li>Pour \u00e9viter tout retard dans le traitement de votre r\u00e9sum\u00e9, vous DEVEZ s\u00e9lectionner un type de pr\u00e9sentation (directement sous la bo\u00eete de contenu du r\u00e9sum\u00e9) ainsi que la piste (division ou symposium) dans la liste au bas de la page.<\/li>\n<\/ol>\n<p>&nbsp;<\/p>\n<p><strong>Instructions pour la cr\u00e9ation d&#8217;un compte Indico CERN :<\/strong><\/p>\n<p>Nous utilisons \u00e0 nouveau le syst\u00e8me de soumission de r\u00e9sum\u00e9s Indico h\u00e9berg\u00e9 par le CERN, qui n&#8217;est pas li\u00e9 au syst\u00e8me d&#8217;adh\u00e9sion ACP existant ni au syst\u00e8me de soumission de r\u00e9sum\u00e9s utilis\u00e9 avant le Congr\u00e8s 2014. Par cons\u00e9quent, si vous n&#8217;avez pas encore de compte Indico CERN, ou si vous n&#8217;en avez pas cr\u00e9\u00e9 un pour le Congr\u00e8s de l&#8217;ann\u00e9e derni\u00e8re, vous devez en cr\u00e9er un avant de pouvoir soumettre un r\u00e9sum\u00e9 pour le Congr\u00e8s.<\/p>\n<p>Pour cr\u00e9er un nouveau compte dans Indico afin d&#8217;avoir acc\u00e8s au processus du congr\u00e8s de 2026 de l&#8217;ACP, suivez les \u00e9tapes suivantes :<\/p>\n<ol class=\"content-list\">\n<li><a href=\"https:\/\/auth.cern.ch\/auth\/realms\/cern\/protocol\/openid-connect\/auth?response_type=code&amp;client_id=indico-cern&amp;redirect_uri=https%3A%2F%2Findico.cern.ch%2Fauthlib%2Fcern&amp;scope=openid&amp;state=aDWak1mAQSgEfp3zcmUt0fPZq80Tec&amp;nonce=iqpJ61te2CtC4a2lGSsq\">Allez sur cette page,<\/a> s\u00e9lectionnez \u00ab Guest access \u00bb dans la colonne de droite, puis s\u00e9lectionnez \u00ab register \u00bb et remplissez le formulaire sur cette page. Vous recevrez un e-mail de v\u00e9rification. Cliquez sur le lien contenu dans l&#8217;e-mail pour terminer la proc\u00e9dure.<\/li>\n<li>Pour tester votre acc\u00e8s (et pour toutes les connexions futures), allez sur <a href=\"https:\/\/indico.global\/event\/15553\/\">le site d&#8217;Indico ACP 2026<\/a> et cliquez sur Login dans le coin sup\u00e9rieur droit pour acc\u00e9der \u00e0 la page de connexion unique du CERN. IMPORTANT &#8211; N&#8217;utilisez PAS la fonction \u00ab Log in with your CERN account \u00bb dans la colonne de gauche. S\u00e9lectionnez \u00ab Guest access \u00bb dans la colonne de droite.<\/li>\n<li>Saisissez les informations d&#8217;identification de votre compte et vous serez ramen\u00e9 \u00e0 la page du Congr\u00e8s Indico 2026. Votre nom devrait maintenant appara\u00eetre dans la bo\u00eete de connexion dans le coin sup\u00e9rieur droit. Cela signifie que votre compte est correctement \u00e9tabli et que vous pouvez maintenant soumettre un r\u00e9sum\u00e9 et acc\u00e9der aux informations relatives \u00e0 votre r\u00e9sum\u00e9.<\/li>\n<\/ol>\n<p>&nbsp;<\/p>\n","protected":false},"excerpt":{"rendered":"<p>Les r\u00e9sum\u00e9s soumis apr\u00e8s la date limite pour une pr\u00e9sentation orale ou par affiche seront pris en consid\u00e9ration en fonction des disponibilit\u00e9s dans le programme, une fois que tous les r\u00e9sum\u00e9s soumis avant la date limite auront \u00e9t\u00e9 examin\u00e9s et programm\u00e9s. Les soumissions orales apr\u00e8s la date limite seront automatiquement prises en consid\u00e9ration pour une&#8230;  <a class=\"excerpt-read-more\" href=\"https:\/\/cap.ca\/fr\/congres-de-lacp\/congres-2026\/soumission-des-resumes-2026\/\" title=\"LireSoumission des r\u00e9sum\u00e9s 2026\">Lire la suite &raquo;<\/a><\/p>\n","protected":false},"author":5,"featured_media":0,"parent":27579,"menu_order":9,"comment_status":"closed","ping_status":"closed","template":"","meta":{"footnotes":""},"class_list":["post-28247","page","type-page","status-publish","hentry"],"_links":{"self":[{"href":"https:\/\/cap.ca\/fr\/wp-json\/wp\/v2\/pages\/28247","targetHints":{"allow":["GET"]}}],"collection":[{"href":"https:\/\/cap.ca\/fr\/wp-json\/wp\/v2\/pages"}],"about":[{"href":"https:\/\/cap.ca\/fr\/wp-json\/wp\/v2\/types\/page"}],"author":[{"embeddable":true,"href":"https:\/\/cap.ca\/fr\/wp-json\/wp\/v2\/users\/5"}],"replies":[{"embeddable":true,"href":"https:\/\/cap.ca\/fr\/wp-json\/wp\/v2\/comments?post=28247"}],"version-history":[{"count":4,"href":"https:\/\/cap.ca\/fr\/wp-json\/wp\/v2\/pages\/28247\/revisions"}],"predecessor-version":[{"id":28611,"href":"https:\/\/cap.ca\/fr\/wp-json\/wp\/v2\/pages\/28247\/revisions\/28611"}],"up":[{"embeddable":true,"href":"https:\/\/cap.ca\/fr\/wp-json\/wp\/v2\/pages\/27579"}],"wp:attachment":[{"href":"https:\/\/cap.ca\/fr\/wp-json\/wp\/v2\/media?parent=28247"}],"curies":[{"name":"wp","href":"https:\/\/api.w.org\/{rel}","templated":true}]}}