{"id":27742,"date":"2025-09-11T18:03:32","date_gmt":"2025-09-11T22:03:32","guid":{"rendered":"https:\/\/cap.ca\/?page_id=27742"},"modified":"2025-10-06T13:18:03","modified_gmt":"2025-10-06T17:18:03","slug":"cotisations-departementaux-2025","status":"publish","type":"page","link":"https:\/\/cap.ca\/fr\/adhesion\/formulaires-en-ligne\/cotisations-departementaux-2025\/","title":{"rendered":"Cotisations des membres d\u00e9partementaux (2025)"},"content":{"rendered":"<p>Nos frais d&#8217;adh\u00e9sion refl\u00e8tent la taille des universit\u00e9s et coll\u00e8ges canadiens et l&#8217;\u00e9tendue de leurs programmes<\/p>\n<p><strong>Frais pour l&#8217;ann\u00e9e 2025 (avant TPS\/TVH):<\/strong><\/p>\n<table style=\"width: 100%;\" cellspacing=\"1\" cellpadding=\"1\">\n<tbody>\n<tr>\n<td style=\"width: 84.8276%;\">D\u00e9partements offrant des programmes d&#8217;\u00e9tudes sup\u00e9rieures (Doctorat)<\/td>\n<td style=\"width: 15.0345%;\">579,50 $<\/td>\n<\/tr>\n<tr>\n<td style=\"width: 84.8276%;\">D\u00e9partements offrants des programmes de premier et deuxi\u00e8me cycles (Baccalaur\u00e9at et Ma\u00eetrise)<\/td>\n<td style=\"width: 15.0345%;\">350,50 $<\/td>\n<\/tr>\n<tr>\n<td style=\"width: 84.8276%;\">L&#8217;enseignement de la physique au niveau coll\u00e9gial (CEGEP)<\/td>\n<td style=\"width: 15.0345%;\">232,00 $<\/td>\n<\/tr>\n<tr>\n<td style=\"width: 84.8276%;\">Tous les autres programmes li\u00e9s \u00e0 la physique.<\/td>\n<td style=\"width: 15.0345%;\">116,50 $<\/td>\n<\/tr>\n<\/tbody>\n<\/table>\n","protected":false},"excerpt":{"rendered":"<p>Nos frais d&#8217;adh\u00e9sion refl\u00e8tent la taille des universit\u00e9s et coll\u00e8ges canadiens et l&#8217;\u00e9tendue de leurs programmes Frais pour l&#8217;ann\u00e9e 2025 (avant TPS\/TVH): D\u00e9partements offrant des programmes d&#8217;\u00e9tudes sup\u00e9rieures (Doctorat) 579,50 $ D\u00e9partements offrants des programmes de premier et deuxi\u00e8me cycles (Baccalaur\u00e9at et Ma\u00eetrise) 350,50 $ L&#8217;enseignement de la physique au niveau coll\u00e9gial (CEGEP) 232,00 $&#8230;  <a class=\"excerpt-read-more\" href=\"https:\/\/cap.ca\/fr\/adhesion\/formulaires-en-ligne\/cotisations-departementaux-2025\/\" title=\"LireCotisations des membres d\u00e9partementaux (2025)\">Lire la suite &raquo;<\/a><\/p>\n","protected":false},"author":7,"featured_media":0,"parent":3194,"menu_order":0,"comment_status":"closed","ping_status":"closed","template":"","meta":{"footnotes":""},"class_list":["post-27742","page","type-page","status-publish","hentry"],"_links":{"self":[{"href":"https:\/\/cap.ca\/fr\/wp-json\/wp\/v2\/pages\/27742","targetHints":{"allow":["GET"]}}],"collection":[{"href":"https:\/\/cap.ca\/fr\/wp-json\/wp\/v2\/pages"}],"about":[{"href":"https:\/\/cap.ca\/fr\/wp-json\/wp\/v2\/types\/page"}],"author":[{"embeddable":true,"href":"https:\/\/cap.ca\/fr\/wp-json\/wp\/v2\/users\/7"}],"replies":[{"embeddable":true,"href":"https:\/\/cap.ca\/fr\/wp-json\/wp\/v2\/comments?post=27742"}],"version-history":[{"count":3,"href":"https:\/\/cap.ca\/fr\/wp-json\/wp\/v2\/pages\/27742\/revisions"}],"predecessor-version":[{"id":27815,"href":"https:\/\/cap.ca\/fr\/wp-json\/wp\/v2\/pages\/27742\/revisions\/27815"}],"up":[{"embeddable":true,"href":"https:\/\/cap.ca\/fr\/wp-json\/wp\/v2\/pages\/3194"}],"wp:attachment":[{"href":"https:\/\/cap.ca\/fr\/wp-json\/wp\/v2\/media?parent=27742"}],"curies":[{"name":"wp","href":"https:\/\/api.w.org\/{rel}","templated":true}]}}