{"id":27732,"date":"2025-09-10T14:23:39","date_gmt":"2025-09-10T18:23:39","guid":{"rendered":"https:\/\/cap.ca\/activites\/tournee-de-lacp\/2026-cap-lecture-tour\/2026-lecture-tour-coordinators\/"},"modified":"2025-09-24T14:24:31","modified_gmt":"2025-09-24T18:24:31","slug":"2026-lecture-tour-coordinators","status":"publish","type":"page","link":"https:\/\/cap.ca\/fr\/activites\/tournee-de-lacp\/2026-cap-lecture-tour\/2026-lecture-tour-coordinators\/","title":{"rendered":"Coordinateurs de la tourn\u00e9e de conf\u00e9rences 2026"},"content":{"rendered":"<header>\n<p class=\"page-title\">La tourn\u00e9e de conf\u00e9rences ACP 2026 pour les \u00e9tudiants de premier cycle sera organis\u00e9e sur une base r\u00e9gionale. Les r\u00e9gions concern\u00e9es, les coordinateurs et les universit\u00e9s membres de l&#8217;ACP sont indiqu\u00e9s dans le tableau ci-dessous.<\/p>\n<\/header>\n<section class=\"entry-content cf\">\n<div class=\"table-container\">\n<div class=\"table-container\">\n<table style=\"width: 100%; height: 888px;\" width=\"669\">\n<tbody>\n<tr style=\"height: 39px;\">\n<td style=\"height: 39px;\" width=\"317\"><strong>Coordinators<\/strong><\/td>\n<td style=\"height: 39px;\" width=\"352\"><strong>Participating Universities<\/strong><\/td>\n<\/tr>\n<tr style=\"height: 111px;\">\n<td style=\"height: 111px;\" width=\"317\"><strong>National Coordinator<\/strong><br \/>\nAvery Berman, Carleton University<br \/>\n(613) 520 &#8211; 2600 ext. 7536<br \/>\naveryb@physics.carleton.ca<\/td>\n<td style=\"height: 111px;\" width=\"352\">All departmental members of CAP. (Departments wishing to participate in the tour who are not currently members of CAP are encouraged to contact the CAP office to apply for membership.)<\/td>\n<\/tr>\n<tr style=\"height: 135px;\">\n<td style=\"height: 135px;\" width=\"317\"><strong>B.C. &amp; Western Prairies<\/strong><br \/>\nSaurya Das, University of Lethbridge<br \/>\nTel: 403-329-2689<br \/>\nEmail: saurya.das@uleth.ca<\/td>\n<td style=\"height: 135px;\" width=\"352\">U. Victoria, UBC, SFU, UNBC, U. Fraser Valley, Okanagan College, Trinity Western U., U. Alberta, U. Calgary,<br \/>\nU. Lethbridge, Thompson Rivers U., UBC Okanagan Campus, Kwantlen Polytechnic U.<\/td>\n<\/tr>\n<tr style=\"height: 111px;\">\n<td style=\"height: 111px;\" width=\"317\"><strong>Eastern Prairies &amp; Lakehead<\/strong><br \/>\nGwen Grinyer, University of\u00a0Regina<br \/>\nTel: 306-337-2990<br \/>\nEmail: gwen.grinyer@uregina.ca<\/td>\n<td style=\"height: 111px;\" width=\"352\">U. Saskatchewan, U. Regina, Brandon U.,<br \/>\nU. Winnipeg, U. Manitoba, Lakehead U.<\/td>\n<\/tr>\n<tr style=\"height: 111px;\">\n<td style=\"height: 111px;\" width=\"317\"><strong>South Western Ontario<\/strong><br \/>\nCaio Licciardi, University of Windsor<br \/>\n<span style=\"font-family: inherit; font-size: inherit;\">Email: caio.licciardi@uwindsor.ca<\/span><\/td>\n<td style=\"height: 111px;\" width=\"352\">U. Windsor, U. Western Ont., U. Waterloo, Wilfrid Laurier U., U. Guelph, McMaster U., Brock U.,<br \/>\nU. Toronto, Ryerson U., York U., U. Ont. Inst. Tech.,<br \/>\nU. Toronto Mississauga<\/td>\n<\/tr>\n<tr style=\"height: 111px;\">\n<td style=\"height: 111px;\" width=\"317\"><strong>Ontario East \/ Qu\u00e9bec (English)<\/strong><br \/>\nStefanie Czischek, University of Ottawa<br \/>\n(613) 562-5800 ext. 8649<br \/>\n<span class=\"link__content\">stefanie.czischek@uOttawa.ca<\/span><\/td>\n<td style=\"height: 111px;\" width=\"352\">Trent U., Queen\u2019s U., Royal Military College,<br \/>\nU. Ottawa, Carleton U., McGill U., Concordia U., Bishop\u2019s U. Laurentian U.<\/td>\n<\/tr>\n<tr style=\"height: 135px;\">\n<td style=\"height: 135px;\" width=\"317\"><strong>Qu\u00e9bec (French)<\/strong><br \/>\nAndr\u00e9-Marie Tremblay, Universit\u00e9 de Sherbrooke<br \/>\nTel: 819\u00a0821-8000, poste 62058<br \/>\nEmail: Andre-Marie.Tremblay@USherbrooke.ca<\/td>\n<td style=\"height: 135px;\" width=\"352\">Coll. Montmorency, C\u00e9gep Edouard-Montpetit, U. de Montr\u00e9al, U. de Sherbrooke, U. Qu\u00e9bec \u00e0 Trois-Rivi\u00e8res, U. Laval, C\u00e9gep Garneau, Coll. Ahuntsic, \u00c9cole Polytechnique Montr\u00e9al, Centre matap\u00e9dien d\u2019\u00e9tudes coll\u00e9giales<\/td>\n<\/tr>\n<tr style=\"height: 135px;\">\n<td style=\"height: 135px;\" width=\"317\"><strong>Atlantic<\/strong><br \/>\nCarl Adams, St. Francis Xavier University<br \/>\n902-867-5337<br \/>\ncadams@stfx.ca<\/td>\n<td style=\"height: 135px;\" width=\"352\">U. Moncton, UNB Fredericton, U. PEI, Mt. Allison U., Acadia U., Dalhousie U., St. Mary\u2019s U., St. Francis Xavier U., Memorial U.<\/td>\n<\/tr>\n<tr>\n<td><strong>C\u00c9GEP<\/strong><br \/>\nPierre B\u00e9nard, Universit\u00e9 du Qu\u00e9bec \u00e0 Trois-Rivi\u00e8res<br \/>\n819 376-5011, poste 3596<br \/>\nPierre.Benard@uqtr.ca<\/td>\n<td><\/td>\n<\/tr>\n<\/tbody>\n<\/table>\n<\/div>\n<\/div>\n<\/section>\n","protected":false},"excerpt":{"rendered":"<p>La tourn\u00e9e de conf\u00e9rences ACP 2026 pour les \u00e9tudiants de premier cycle sera organis\u00e9e sur une base r\u00e9gionale. Les r\u00e9gions concern\u00e9es, les coordinateurs et les universit\u00e9s membres de l&#8217;ACP sont indiqu\u00e9s dans le tableau ci-dessous. Coordinators Participating Universities National Coordinator Avery Berman, Carleton University (613) 520 &#8211; 2600 ext. 7536 averyb@physics.carleton.ca All departmental members of&#8230;  <a class=\"excerpt-read-more\" href=\"https:\/\/cap.ca\/fr\/activites\/tournee-de-lacp\/2026-cap-lecture-tour\/2026-lecture-tour-coordinators\/\" title=\"LireCoordinateurs de la tourn\u00e9e de conf\u00e9rences 2026\">Lire la suite &raquo;<\/a><\/p>\n","protected":false},"author":5,"featured_media":0,"parent":27727,"menu_order":1,"comment_status":"closed","ping_status":"closed","template":"","meta":{"footnotes":""},"class_list":["post-27732","page","type-page","status-publish","hentry"],"_links":{"self":[{"href":"https:\/\/cap.ca\/fr\/wp-json\/wp\/v2\/pages\/27732","targetHints":{"allow":["GET"]}}],"collection":[{"href":"https:\/\/cap.ca\/fr\/wp-json\/wp\/v2\/pages"}],"about":[{"href":"https:\/\/cap.ca\/fr\/wp-json\/wp\/v2\/types\/page"}],"author":[{"embeddable":true,"href":"https:\/\/cap.ca\/fr\/wp-json\/wp\/v2\/users\/5"}],"replies":[{"embeddable":true,"href":"https:\/\/cap.ca\/fr\/wp-json\/wp\/v2\/comments?post=27732"}],"version-history":[{"count":4,"href":"https:\/\/cap.ca\/fr\/wp-json\/wp\/v2\/pages\/27732\/revisions"}],"predecessor-version":[{"id":27775,"href":"https:\/\/cap.ca\/fr\/wp-json\/wp\/v2\/pages\/27732\/revisions\/27775"}],"up":[{"embeddable":true,"href":"https:\/\/cap.ca\/fr\/wp-json\/wp\/v2\/pages\/27727"}],"wp:attachment":[{"href":"https:\/\/cap.ca\/fr\/wp-json\/wp\/v2\/media?parent=27732"}],"curies":[{"name":"wp","href":"https:\/\/api.w.org\/{rel}","templated":true}]}}