{"id":27727,"date":"2025-09-10T14:18:37","date_gmt":"2025-09-10T18:18:37","guid":{"rendered":"https:\/\/cap.ca\/activites\/tournee-de-lacp\/2026-cap-lecture-tour\/"},"modified":"2026-02-11T17:35:33","modified_gmt":"2026-02-11T22:35:33","slug":"2026-cap-lecture-tour","status":"publish","type":"page","link":"https:\/\/cap.ca\/fr\/activites\/tournee-de-lacp\/2026-cap-lecture-tour\/","title":{"rendered":"Tourn\u00e9e de conf\u00e9rences ACP 2026"},"content":{"rendered":"<p class=\"page-title\">Cette ann\u00e9e, les conf\u00e9rences de premier cycle de l&#8217;Association canadienne des physiciens et physiciennes (ACP) seront offertes de janvier \u00e0 avril. \u00c0 la suite d&#8217;un processus de s\u00e9lection bas\u00e9 sur les commentaires des \u00e9tudiants de premier cycle des d\u00e9partements membres de l&#8217;ACP, plusieurs physiciens de partout au pays seront choisis pour pr\u00e9senter leur conf\u00e9rence dans au moins un \u00e9tablissement h\u00f4te dans chacune des six r\u00e9gions de l&#8217;ACP et dans jusqu&#8217;\u00e0 quatre autres \u00e9tablissements satellites.<\/p>\n<h3>Calendrier des conf\u00e9rences<\/h3>\n<p>La tourn\u00e9e des pr\u00e9sentations de l&#8217;ACP 2026 met en valeur 11 pr\u00e9sentateurs et pr\u00e9sentatrices, et les dates des pr\u00e9sentations sont maintenant \u00e9tablies!\u00a0 Pour en savoir plus ou pour consulter l&#8217;horaire, onsultez<a href=\"https:\/\/cap.ca\/fr\/activites\/tournee-de-lacp\/2026-cap-lecture-tour\/2026-lecture-tour-schedule\/\"> le calendrier sur le site Web de l&#8217;ACP.<\/a><\/p>\n<p>Si votre \u00e9tablissement souhaite organiser un \u00e9v\u00e9nement \u00e0 distance, <a href=\"https:\/\/cap.ca\/fr\/activites\/tournee-de-lacp\/2026-cap-lecture-tour\/2026-lecture-tour-coordinators\/\">veuillez contacter votre coordonnateur r\u00e9gional<\/a>.<\/p>\n<h3>Organisation<\/h3>\n<p>Chaque conf\u00e9rencier fera une pr\u00e9sentation aux \u00e9tudiants de premier cycle d&#8217;un \u00e9tablissement h\u00f4te. La pr\u00e9sentation sera enregistr\u00e9e, puis mise en ligne sur la cha\u00eene YouTube de l&#8217;ACP afin d&#8217;\u00eatre accessible \u00e0 tous les \u00e9tudiants de premier cycle du Canada. Les universit\u00e9s situ\u00e9es \u00e0 proximit\u00e9 peuvent organiser la visite des conf\u00e9renciers par l&#8217;interm\u00e9diaire de leur coordonnateur r\u00e9gional.<\/p>\n<p>Les conf\u00e9renciers sont s\u00e9lectionn\u00e9s parmi les candidatures propos\u00e9es par les membres de l&#8217;ACP par le Comit\u00e9 national des tourn\u00e9es de conf\u00e9rences. Les d\u00e9partements membres indiquent leurs pr\u00e9f\u00e9rences, et une liste d\u00e9finitive de conf\u00e9renciers est \u00e9tablie \u00e0 partir des commentaires re\u00e7us. Une fois les conf\u00e9renciers confirm\u00e9s, les dates et lieux des conf\u00e9rences sont finalis\u00e9s et publi\u00e9s sur le site web de l&#8217;ACP. Les d\u00e9partements et les membres institutionnels sont invit\u00e9s \u00e0 promouvoir la conf\u00e9rence aupr\u00e8s de leurs \u00e9tudiants.<\/p>\n<p>Afin d&#8217;atteindre l&#8217;objectif de la tourn\u00e9e, qui est d&#8217;am\u00e9liorer la visibilit\u00e9 de l&#8217;ACP et de promouvoir l&#8217;adh\u00e9sion des \u00e9tudiants, il est essentiel que tous les conf\u00e9renciers soient pr\u00eats \u00e0 agir en tant qu&#8217;ambassadeurs de l&#8217;association. Une br\u00e8ve s\u00e9rie de diapositives pr\u00e9sentant l&#8217;ACP et les sponsors de la tourn\u00e9e de conf\u00e9rences sera fournie au repr\u00e9sentant de l&#8217;ACP de l&#8217;\u00e9tablissement h\u00f4te ou au coordinateur r\u00e9gional de la tourn\u00e9e de conf\u00e9rences afin d&#8217;\u00eatre pr\u00e9sent\u00e9e lors de l&#8217;introduction du conf\u00e9rencier.<\/p>\n<h3>\u00c9tapes importantes<\/h3>\n<p>Les \u00e9tapes importantes de la planification de la tourn\u00e9e de conf\u00e9rences 2026 de l&#8217;ACP sont les suivantes :<\/p>\n<h4>2025<\/h4>\n<ul class=\"content-list\">\n<li><strong>D\u00e9but septembre :<\/strong> Appel aux membres de l&#8217;ACP, aux membres des d\u00e9partements, aux membres corporatifs et aux partenaires institutionnels pour proposer des candidats \u00e0 la conf\u00e9rence<strong><a href=\"https:\/\/services.cap.ca\/lecture_tour\/new.php?year=2026&amp;lang=fr\"> \u00e0 l&#8217;aide de ce formulaire<\/a><\/strong>. Les candidatures doivent \u00eatre d\u00e9pos\u00e9es avant le 24 septembre.<\/li>\n<li><strong>Mi-septembre :<\/strong> Appel aux directeurs et pr\u00e9sidents des d\u00e9partements membres de l&#8217;ACP pour qu&#8217;ils envisagent d&#8217;accueillir le conf\u00e9rencier r\u00e9gional de l&#8217;ACP.<\/li>\n<li><strong>D\u00e9but octobre :<\/strong> Liste des conf\u00e9renciers potentiels et r\u00e9sum\u00e9s <strong><a href=\"https:\/\/cap.ca\/fr\/activites\/tournee-de-lacp\/2026-cap-lecture-tour\/2026-speaker-list\/\">disponibles sur le Web<\/a><\/strong>. Invitation aux affili\u00e9s de premier cycle de l&#8217;ACP \u00e0 examiner la liste des conf\u00e9renciers et \u00e0 identifier leurs trois choix pr\u00e9f\u00e9r\u00e9s. Ceux-ci sont ensuite soumis au coordinateur national via un lien de sondage accessible \u00e0 chaque affili\u00e9.<\/li>\n<li><strong>Fin octobre :<\/strong> Le comit\u00e9 organisateur national se r\u00e9unit pour \u00e9tablir le calendrier de la tourn\u00e9e de conf\u00e9rences, proc\u00e9der \u00e0 la s\u00e9lection finale des conf\u00e9renciers ainsi que des d\u00e9partements h\u00f4tes pour chaque conf\u00e9rence r\u00e9gionale. Les coordinateurs r\u00e9gionaux contactent les conf\u00e9renciers s\u00e9lectionn\u00e9s et les institutions h\u00f4tes.<\/li>\n<li><strong>D\u00e9but novembre :<\/strong> Date limite pour que les conf\u00e9renciers s\u00e9lectionn\u00e9s et les institutions h\u00f4tes confirment leur participation.<\/li>\n<li><strong>Mi-novembre :<\/strong> Le coordinateur national finalise le calendrier de la tourn\u00e9e (conf\u00e9renciers, lieux, dates) et en informe les conf\u00e9renciers et les institutions h\u00f4tes.<\/li>\n<li><strong>D\u00e9but d\u00e9cembre :<\/strong> Le calendrier de la tourn\u00e9e de conf\u00e9rences est publi\u00e9 sur le site Web et un communiqu\u00e9 est envoy\u00e9 \u00e0 tous les membres.<\/li>\n<\/ul>\n<h4>2026<\/h4>\n<ul class=\"content-list\">\n<li><strong>Janvier \u2013 mars :<\/strong> la tourn\u00e9e de conf\u00e9rences de l&#8217;ACP se d\u00e9roule dans les d\u00e9partements h\u00f4tes et satellites. Les enregistrements sont r\u00e9alis\u00e9s et publi\u00e9s sur la cha\u00eene YouTube de l&#8217;ACP d\u00e8s qu&#8217;ils sont disponibles.<\/li>\n<li><strong>31 mai :<\/strong> date limite pour les conf\u00e9renciers pour soumettre toutes leurs demandes de remboursement de frais au bureau de l&#8217;ACP.<\/li>\n<\/ul>\n","protected":false},"excerpt":{"rendered":"<p>Cette ann\u00e9e, les conf\u00e9rences de premier cycle de l&#8217;Association canadienne des physiciens et physiciennes (ACP) seront offertes de janvier \u00e0 avril. \u00c0 la suite d&#8217;un processus de s\u00e9lection bas\u00e9 sur les commentaires des \u00e9tudiants de premier cycle des d\u00e9partements membres de l&#8217;ACP, plusieurs physiciens de partout au pays seront choisis pour pr\u00e9senter leur conf\u00e9rence dans&#8230;  <a class=\"excerpt-read-more\" href=\"https:\/\/cap.ca\/fr\/activites\/tournee-de-lacp\/2026-cap-lecture-tour\/\" title=\"LireTourn\u00e9e de conf\u00e9rences ACP 2026\">Lire la suite &raquo;<\/a><\/p>\n","protected":false},"author":5,"featured_media":0,"parent":3292,"menu_order":0,"comment_status":"closed","ping_status":"closed","template":"","meta":{"footnotes":""},"class_list":["post-27727","page","type-page","status-publish","hentry"],"_links":{"self":[{"href":"https:\/\/cap.ca\/fr\/wp-json\/wp\/v2\/pages\/27727","targetHints":{"allow":["GET"]}}],"collection":[{"href":"https:\/\/cap.ca\/fr\/wp-json\/wp\/v2\/pages"}],"about":[{"href":"https:\/\/cap.ca\/fr\/wp-json\/wp\/v2\/types\/page"}],"author":[{"embeddable":true,"href":"https:\/\/cap.ca\/fr\/wp-json\/wp\/v2\/users\/5"}],"replies":[{"embeddable":true,"href":"https:\/\/cap.ca\/fr\/wp-json\/wp\/v2\/comments?post=27727"}],"version-history":[{"count":17,"href":"https:\/\/cap.ca\/fr\/wp-json\/wp\/v2\/pages\/27727\/revisions"}],"predecessor-version":[{"id":28642,"href":"https:\/\/cap.ca\/fr\/wp-json\/wp\/v2\/pages\/27727\/revisions\/28642"}],"up":[{"embeddable":true,"href":"https:\/\/cap.ca\/fr\/wp-json\/wp\/v2\/pages\/3292"}],"wp:attachment":[{"href":"https:\/\/cap.ca\/fr\/wp-json\/wp\/v2\/media?parent=27727"}],"curies":[{"name":"wp","href":"https:\/\/api.w.org\/{rel}","templated":true}]}}