{"id":27579,"date":"2025-08-18T10:48:43","date_gmt":"2025-08-18T14:48:43","guid":{"rendered":"https:\/\/cap.ca\/?page_id=27579"},"modified":"2026-04-27T17:47:39","modified_gmt":"2026-04-27T21:47:39","slug":"congres-2026","status":"publish","type":"page","link":"https:\/\/cap.ca\/fr\/congres-de-lacp\/congres-2026\/","title":{"rendered":"Congr\u00e8s de l&#8217;ACP 2026"},"content":{"rendered":"<div class=\"wpb-content-wrapper\"><p>[vc_row][vc_column width=&#8221;1\/2&#8243;][vc_single_image image=&#8221;27523&#8243; img_size=&#8221;large&#8221; css=&#8221;&#8221;][\/vc_column][vc_column width=&#8221;1\/2&#8243;][vc_row_inner][vc_column_inner][vc_column_text css=&#8221;&#8221;]<\/p>\n<h3><strong>D\u00c9TAILS :\u00a0<\/strong><\/h3>\n<p><strong>Dates :<\/strong> 22-26 juin, 2026<br \/>\n(avec quelques activit\u00e9s pr\u00e9-congr\u00e8s dimanche 21 juin)<\/p>\n<p><strong>Lieu :<\/strong> Universit\u00e9 d&#8217;Ottawa et Carleton University, Ottawa, ON<\/p>\n<p><span style=\"color: #ff0000;\"><span style=\"color: #000000;\"><strong>Format : <\/strong>Les pr\u00e9sentateurs doivent pr\u00e9voir de se pr\u00e9senter en personne\u00a0 (aucune diffusion virtuelle en direct, \u00e0 l&#8217;exception de la conf\u00e9rence publique Herzberg)<\/span><\/span>[\/vc_column_text][\/vc_column_inner][\/vc_row_inner][\/vc_column][\/vc_row][vc_row][vc_column][vc_column_text css=&#8221;&#8221;]<strong>Consultez les liens dans le menu de gauche pour obtenir des informations d\u00e9taill\u00e9es sur le congr\u00e8s.<\/strong><\/p>\n<h4><b>Les inscriptions sont d\u00e9sormais ouvertes.\u00a0<\/b><a href=\"https:\/\/canadianassocofphys.wufoo.com\/forms\/z41ph781p38cyn\/\"><b>Cliquez ici pour vous inscrire !<\/b><\/a><\/h4>\n<p>Veuillez noter que les inscriptions au congr\u00e8s s\u2019effectuent via un nouveau syst\u00e8me pour l\u2019ann\u00e9e 2026. Les membres devront se connecter \u00e0 leur espace membre et noter leur num\u00e9ro d\u2019adh\u00e9rent, leur cat\u00e9gorie et la date d\u2019expiration de leur adh\u00e9sion.<\/p>\n<p>Malheureusement, en raison de probl\u00e8mes techniques, le syst\u00e8me d\u2019inscription en fran\u00e7ais n\u2019est pas disponible cette ann\u00e9e. Nous regrettons de ne pas pouvoir vous le proposer. Si vous le souhaitez, vous pouvez utiliser l\u2019outil de traduction de votre navigateur pour remplir le formulaire.[\/vc_column_text][vc_separator css=&#8221;&#8221;][vc_column_text css=&#8221;&#8221;]<\/p>\n<h3><strong>Th\u00e9orie Canada 18<\/strong><\/h3>\n<p>(organis\u00e9 par la Division de physique th\u00e9orique)<\/p>\n<ul class=\"content-list\">\n<li><strong>Dates :<\/strong> 19 et 20 juin 2026<br \/>\n<strong>Lieu :<\/strong> Universit\u00e9 McGill et Universit\u00e9 de Montr\u00e9al<br \/>\n<strong>R\u00e9sum\u00e9s :<\/strong> <a href=\"https:\/\/indico.global\/event\/17030\/\">L&#8217;appel \u00e0 r\u00e9sum\u00e9s et l&#8217;inscription sont d\u00e9sormais ouverts.<\/a> La date limite de soumission des r\u00e9sum\u00e9s est fix\u00e9e au 16 mai.<\/li>\n<\/ul>\n<p><a href=\"https:\/\/dtp.cap.ca\/theory-canada-18\/\">Pour plus d&#8217;informations, veuillez consulter le site web du TC18<\/a>[\/vc_column_text][\/vc_column][\/vc_row]<\/p>\n<\/div>","protected":false},"excerpt":{"rendered":"<p>[vc_row][vc_column width=&#8221;1\/2&#8243;][vc_single_image image=&#8221;27523&#8243; img_size=&#8221;large&#8221; css=&#8221;&#8221;][\/vc_column][vc_column width=&#8221;1\/2&#8243;][vc_row_inner][vc_column_inner][vc_column_text css=&#8221;&#8221;] D\u00c9TAILS :\u00a0 Dates : 22-26 juin, 2026 (avec quelques activit\u00e9s pr\u00e9-congr\u00e8s dimanche 21 juin) Lieu : Universit\u00e9 d&#8217;Ottawa et Carleton University, Ottawa, ON Format : Les pr\u00e9sentateurs doivent pr\u00e9voir de se pr\u00e9senter en personne\u00a0 (aucune diffusion virtuelle en direct, \u00e0 l&#8217;exception de la conf\u00e9rence publique Herzberg)[\/vc_column_text][\/vc_column_inner][\/vc_row_inner][\/vc_column][\/vc_row][vc_row][vc_column][vc_column_text css=&#8221;&#8221;]Consultez les&#8230;  <a class=\"excerpt-read-more\" href=\"https:\/\/cap.ca\/fr\/congres-de-lacp\/congres-2026\/\" title=\"LireCongr\u00e8s de l&#8217;ACP 2026\">Lire la suite &raquo;<\/a><\/p>\n","protected":false},"author":7,"featured_media":0,"parent":3243,"menu_order":137,"comment_status":"closed","ping_status":"closed","template":"","meta":{"footnotes":""},"class_list":["post-27579","page","type-page","status-publish","hentry"],"_links":{"self":[{"href":"https:\/\/cap.ca\/fr\/wp-json\/wp\/v2\/pages\/27579","targetHints":{"allow":["GET"]}}],"collection":[{"href":"https:\/\/cap.ca\/fr\/wp-json\/wp\/v2\/pages"}],"about":[{"href":"https:\/\/cap.ca\/fr\/wp-json\/wp\/v2\/types\/page"}],"author":[{"embeddable":true,"href":"https:\/\/cap.ca\/fr\/wp-json\/wp\/v2\/users\/7"}],"replies":[{"embeddable":true,"href":"https:\/\/cap.ca\/fr\/wp-json\/wp\/v2\/comments?post=27579"}],"version-history":[{"count":10,"href":"https:\/\/cap.ca\/fr\/wp-json\/wp\/v2\/pages\/27579\/revisions"}],"predecessor-version":[{"id":29135,"href":"https:\/\/cap.ca\/fr\/wp-json\/wp\/v2\/pages\/27579\/revisions\/29135"}],"up":[{"embeddable":true,"href":"https:\/\/cap.ca\/fr\/wp-json\/wp\/v2\/pages\/3243"}],"wp:attachment":[{"href":"https:\/\/cap.ca\/fr\/wp-json\/wp\/v2\/media?parent=27579"}],"curies":[{"name":"wp","href":"https:\/\/api.w.org\/{rel}","templated":true}]}}