{"id":27486,"date":"2025-07-29T12:34:27","date_gmt":"2025-07-29T16:34:27","guid":{"rendered":"https:\/\/cap.ca\/?page_id=27486"},"modified":"2025-07-29T12:34:27","modified_gmt":"2025-07-29T16:34:27","slug":"couverture","status":"publish","type":"page","link":"https:\/\/cap.ca\/fr\/publications\/physique-au-canada\/couverture\/","title":{"rendered":"Couverture"},"content":{"rendered":"<p><span style=\"font-weight: 400;\">Vous \u00eates invit\u00e9s \u00e0 soumettre des photographies de ph\u00e9nom\u00e8nes physiques magnifiques ou inhabituels qui pourraient \u00eatre s\u00e9lectionn\u00e9s pour figurer sur la couverture de <\/span><i><span style=\"font-weight: 400;\">La Physique au Canada<\/span><\/i><span style=\"font-weight: 400;\">. Veuillez envoyer une copie \u00e9lectronique de la photographie, accompagn\u00e9e d&#8217;une br\u00e8ve description (200 mots ou moins) expliquant le ph\u00e9nom\u00e8ne en des termes adapt\u00e9s et compr\u00e9hensibles pour tout physicien en exercice ou \u00e9tudiant, au r\u00e9dacteur en chef de <\/span><i><span style=\"font-weight: 400;\">La Physique au Canada <\/span><\/i><span style=\"font-weight: 400;\">\u00e0 l&#8217;adresse suivante : <a href=\"mailto:pic-pac@cap.ca\">pic-pac@cap.ca<\/a>. Veuillez noter que toutes les contributions doivent \u00eatre des \u0153uvres d&#8217;art originales produites par le participant.<\/span><\/p>\n<img loading=\"lazy\" decoding=\"async\" class=\" wp-image-26651 aligncenter\" src=\"https:\/\/cap.ca\/wp-content\/uploads\/2025\/03\/Examples-300x99.jpg\" alt=\"\" width=\"400\" height=\"132\" srcset=\"https:\/\/cap.ca\/wp-content\/uploads\/2025\/03\/Examples-300x99.jpg 300w, https:\/\/cap.ca\/wp-content\/uploads\/2025\/03\/Examples.jpg 624w\" sizes=\"auto, (max-width: 400px) 100vw, 400px\" \/>\n<p>&nbsp;<\/p>\n","protected":false},"excerpt":{"rendered":"<p>Vous \u00eates invit\u00e9s \u00e0 soumettre des photographies de ph\u00e9nom\u00e8nes physiques magnifiques ou inhabituels qui pourraient \u00eatre s\u00e9lectionn\u00e9s pour figurer sur la couverture de La Physique au Canada. Veuillez envoyer une copie \u00e9lectronique de la photographie, accompagn\u00e9e d&#8217;une br\u00e8ve description (200 mots ou moins) expliquant le ph\u00e9nom\u00e8ne en des termes adapt\u00e9s et compr\u00e9hensibles pour tout physicien&#8230;  <a class=\"excerpt-read-more\" href=\"https:\/\/cap.ca\/fr\/publications\/physique-au-canada\/couverture\/\" title=\"LireCouverture\">Lire la suite &raquo;<\/a><\/p>\n","protected":false},"author":7,"featured_media":0,"parent":3367,"menu_order":13,"comment_status":"closed","ping_status":"closed","template":"","meta":{"footnotes":""},"class_list":["post-27486","page","type-page","status-publish","hentry"],"_links":{"self":[{"href":"https:\/\/cap.ca\/fr\/wp-json\/wp\/v2\/pages\/27486","targetHints":{"allow":["GET"]}}],"collection":[{"href":"https:\/\/cap.ca\/fr\/wp-json\/wp\/v2\/pages"}],"about":[{"href":"https:\/\/cap.ca\/fr\/wp-json\/wp\/v2\/types\/page"}],"author":[{"embeddable":true,"href":"https:\/\/cap.ca\/fr\/wp-json\/wp\/v2\/users\/7"}],"replies":[{"embeddable":true,"href":"https:\/\/cap.ca\/fr\/wp-json\/wp\/v2\/comments?post=27486"}],"version-history":[{"count":1,"href":"https:\/\/cap.ca\/fr\/wp-json\/wp\/v2\/pages\/27486\/revisions"}],"predecessor-version":[{"id":27487,"href":"https:\/\/cap.ca\/fr\/wp-json\/wp\/v2\/pages\/27486\/revisions\/27487"}],"up":[{"embeddable":true,"href":"https:\/\/cap.ca\/fr\/wp-json\/wp\/v2\/pages\/3367"}],"wp:attachment":[{"href":"https:\/\/cap.ca\/fr\/wp-json\/wp\/v2\/media?parent=27486"}],"curies":[{"name":"wp","href":"https:\/\/api.w.org\/{rel}","templated":true}]}}