{"id":27478,"date":"2025-07-29T12:07:09","date_gmt":"2025-07-29T16:07:09","guid":{"rendered":"https:\/\/cap.ca\/?page_id=27478"},"modified":"2026-03-13T11:29:08","modified_gmt":"2026-03-13T15:29:08","slug":"numero-special-acp-iyq-pac","status":"publish","type":"page","link":"https:\/\/cap.ca\/fr\/activites\/iyq\/numero-special-acp-iyq-pac\/","title":{"rendered":"Num\u00e9ro sp\u00e9cial ACP-IYQ de La Physique au Canada"},"content":{"rendered":"<p><img loading=\"lazy\" decoding=\"async\" class=\"wp-image-26424 alignright\" src=\"https:\/\/cap.ca\/wp-content\/uploads\/2025\/02\/capIYQ-v2-winning-design-final_Page_1-300x300.jpg\" alt=\"\" width=\"238\" height=\"238\" srcset=\"https:\/\/cap.ca\/wp-content\/uploads\/2025\/02\/capIYQ-v2-winning-design-final_Page_1-300x300.jpg 300w, https:\/\/cap.ca\/wp-content\/uploads\/2025\/02\/capIYQ-v2-winning-design-final_Page_1-1024x1024.jpg 1024w, https:\/\/cap.ca\/wp-content\/uploads\/2025\/02\/capIYQ-v2-winning-design-final_Page_1-150x150.jpg 150w, https:\/\/cap.ca\/wp-content\/uploads\/2025\/02\/capIYQ-v2-winning-design-final_Page_1-768x768.jpg 768w, https:\/\/cap.ca\/wp-content\/uploads\/2025\/02\/capIYQ-v2-winning-design-final_Page_1-125x125.jpg 125w, https:\/\/cap.ca\/wp-content\/uploads\/2025\/02\/capIYQ-v2-winning-design-final_Page_1-400x400.jpg 400w, https:\/\/cap.ca\/wp-content\/uploads\/2025\/02\/capIYQ-v2-winning-design-final_Page_1-600x600.jpg 600w, https:\/\/cap.ca\/wp-content\/uploads\/2025\/02\/capIYQ-v2-winning-design-final_Page_1.jpg 1042w\" sizes=\"auto, (max-width: 238px) 100vw, 238px\" \/>Le magazine de physique de l\u2019ACP, <a href=\"https:\/\/cap.ca\/fr\/publications\/physique-au-canada\/\"><i>La Physique au Canada<\/i><\/a>, a publi\u00e9 <strong>un num\u00e9ro sp\u00e9cial c\u00e9l\u00e9brant l&#8217;Ann\u00e9e internationale des sciences et technologies quantiques<\/strong>. L&#8217;objectif de ce num\u00e9ro sp\u00e9cial est de donner une vue d&#8217;ensemble de la recherche canadienne en sciences et technologies quantiques, au sens large, en mettant en valeur sa diversit\u00e9 et son impact.<\/p>\n<blockquote><p>Cliquez ici pour acc\u00e9der \u00e0 la table des mati\u00e8res de ce num\u00e9ro sp\u00e9cial et aux liens vers les diff\u00e9rents articles (<a href=\"https:\/\/pic-pac.cap.ca\/\">cliquez sur l&#8217;image de couverture du num\u00e9ro 81(2)<\/a>).<\/p>\n<p>Les\u00a0faits saillants comprennent :<\/p>\n<ul class=\"content-list\">\n<li>Douze articles de fond explorant divers aspects de la recherche, de l&#8217;enseignement et de la vulgarisation en physique quantique au Canada<\/li>\n<li>Une entrevue avec Stephanie Simmons<\/li>\n<li>Des articles d&#8217;opinion de Gilles Brassard et de\u00a0 Louis\u00a0Marchildon<\/li>\n<li>Des photos d&#8217;\u00e9v\u00e9nements tenus partout au Canada<\/li>\n<li>Les r\u00e9sultats des deux concours organis\u00e9s par le l&#8217;ACP-IYQ : \u00ab Quantum Arts \u00bb et le\u00a0\u00ab Concours de dessin du logo de l&#8217;ACP-IYQ \u00bb<\/li>\n<li>Un mot crois\u00e9 cryptique sur la physique quantique.<\/li>\n<\/ul>\n<p>Cliquez ici pour acc\u00e9der au <a href=\"https:\/\/pic-pac.cap.ca\/index.php\/Issues\/showpdf\/issue\/v81n2.0.pdf\">fichier PDF du num\u00e9ro complet en ligne<\/a>.<\/p><\/blockquote>\n<p>&nbsp;<\/p>\n<p><a href=\"https:\/\/cap.ca\/fr\/publications\/physique-au-canada\/\"><i>La Physique au Canada<\/i><\/a> publie des articles d&#8217;int\u00e9r\u00eat g\u00e9n\u00e9ral pour la communaut\u00e9 des physiciens canadiens. <a href=\"https:\/\/cap.ca\/fr\/publications\/physique-au-canada\/\"><i>La Physique au Canada<\/i><\/a> n&#8217;est pas une revue scientifique et ne publie donc pas de travaux de recherche originaux.<\/p>\n<p>&nbsp;<\/p>\n<hr \/>\n<h3><strong>Appel \u00e0 contributions initial<\/strong><\/h3>\n<p>Les r\u00e9dacteurs en chef invit\u00e9s acceptent les articles qui conviennent \u00e0 tout physicien en exercice ou \u00e9tudiant et qui sont compr\u00e9hensibles pour lui. Veuillez noter que toutes les soumissions scientifiques, qu&#8217;elles soient sollicit\u00e9es ou non, sont envoy\u00e9es pour examen.<\/p>\n<h5><b>Les sujets pertinents comprennent, mais ne sont pas limit\u00e9s \u00e0 :<\/b><\/h5>\n<ul class=\"content-list\">\n<li>Biologie quantique<\/li>\n<li>Calcul quantique<\/li>\n<li>Chimie quantique<\/li>\n<li>Cryptographie quantique<\/li>\n<li>D\u00e9tection quantique<\/li>\n<li>\u00c9ducation quantique<\/li>\n<li>Fondations quantiques<\/li>\n<li>Gravit\u00e9 quantique<\/li>\n<li>Information quantique<\/li>\n<li>Mat\u00e9riaux quantiques<\/li>\n<\/ul>\n<h5>Types de contributions<\/h5>\n<ul class=\"content-list\">\n<li>Articles de synth\u00e8se d\u00e9crivant un sujet particulier dans une perspective canadienne (jusqu&#8217;\u00e0 1500 mots, sans les figures)<\/li>\n<li>Articles d&#8217;une page sur des questions importantes en science quantique (jusqu&#8217;\u00e0 500 mots, sans les figures) &#8211; des exemples peuvent \u00eatre trouv\u00e9s\u00a0<a title=\"https:\/\/pic-pac.cap.ca\/index.php\/Issues\/showpdf\/issue\/v56n5.0.pdf\">dans le num\u00e9ro sur la supraconductivit\u00e9<\/a><\/li>\n<\/ul>\n<h5>Processus<\/h5>\n<p><strong>Si vous souhaitez contribuer \u00e0 ce num\u00e9ro, veuillez soumettre une proposition au r\u00e9dacteur en chef invit\u00e9 Ben Newling (bnewling@unb.ca). <\/strong>Une proposition se compose d&#8217;un titre, d&#8217;une liste d&#8217;auteurs et d&#8217;un r\u00e9sum\u00e9 d&#8217;une page au maximum. <strong>Les propositions seront accept\u00e9es jusqu&#8217;au 28 f\u00e9vrier 2025.<\/strong><\/p>\n<p>Les contributeurs s\u00e9lectionn\u00e9s recevront des instructions pour la pr\u00e9paration et la soumission de leurs contributions officielles. La version finale des contributions accept\u00e9es fera l&#8217;objet d&#8217;un examen par les pairs avant d&#8217;\u00eatre publi\u00e9e. Toutes les contributions seront rassembl\u00e9es dans un num\u00e9ro sp\u00e9cial qui <a title=\"https:\/\/pic-pac.cap.ca\/?lang=fr-ca\">sera publi\u00e9 sur le site web public PiC-PaC<\/a>\u00a0en d\u00e9cembre 2025.<\/p>\n<h5>Calendrier<\/h5>\n<p>28 f\u00e9vrier &#8211; Date limite de soumission des propositions<\/p>\n<p>15 mai &#8211; Date limite de soumission des manuscrits<\/p>\n","protected":false},"excerpt":{"rendered":"<p>Le magazine de physique de l\u2019ACP, La Physique au Canada, a publi\u00e9 un num\u00e9ro sp\u00e9cial c\u00e9l\u00e9brant l&#8217;Ann\u00e9e internationale des sciences et technologies quantiques. L&#8217;objectif de ce num\u00e9ro sp\u00e9cial est de donner une vue d&#8217;ensemble de la recherche canadienne en sciences et technologies quantiques, au sens large, en mettant en valeur sa diversit\u00e9 et son impact&#8230;.  <a class=\"excerpt-read-more\" href=\"https:\/\/cap.ca\/fr\/activites\/iyq\/numero-special-acp-iyq-pac\/\" title=\"LireNum\u00e9ro sp\u00e9cial ACP-IYQ de La Physique au Canada\">Lire la suite &raquo;<\/a><\/p>\n","protected":false},"author":7,"featured_media":0,"parent":25374,"menu_order":0,"comment_status":"closed","ping_status":"closed","template":"","meta":{"footnotes":""},"class_list":["post-27478","page","type-page","status-publish","hentry"],"_links":{"self":[{"href":"https:\/\/cap.ca\/fr\/wp-json\/wp\/v2\/pages\/27478","targetHints":{"allow":["GET"]}}],"collection":[{"href":"https:\/\/cap.ca\/fr\/wp-json\/wp\/v2\/pages"}],"about":[{"href":"https:\/\/cap.ca\/fr\/wp-json\/wp\/v2\/types\/page"}],"author":[{"embeddable":true,"href":"https:\/\/cap.ca\/fr\/wp-json\/wp\/v2\/users\/7"}],"replies":[{"embeddable":true,"href":"https:\/\/cap.ca\/fr\/wp-json\/wp\/v2\/comments?post=27478"}],"version-history":[{"count":4,"href":"https:\/\/cap.ca\/fr\/wp-json\/wp\/v2\/pages\/27478\/revisions"}],"predecessor-version":[{"id":28885,"href":"https:\/\/cap.ca\/fr\/wp-json\/wp\/v2\/pages\/27478\/revisions\/28885"}],"up":[{"embeddable":true,"href":"https:\/\/cap.ca\/fr\/wp-json\/wp\/v2\/pages\/25374"}],"wp:attachment":[{"href":"https:\/\/cap.ca\/fr\/wp-json\/wp\/v2\/media?parent=27478"}],"curies":[{"name":"wp","href":"https:\/\/api.w.org\/{rel}","templated":true}]}}