{"id":27475,"date":"2025-07-29T11:39:17","date_gmt":"2025-07-29T15:39:17","guid":{"rendered":"https:\/\/cap.ca\/?page_id=27475"},"modified":"2025-07-29T11:39:17","modified_gmt":"2025-07-29T15:39:17","slug":"directives-articles-competition-etudiant-pac","status":"publish","type":"page","link":"https:\/\/cap.ca\/fr\/publications\/physique-au-canada\/instructions-pour-auteurs\/directives-articles-competition-etudiant-pac\/","title":{"rendered":"Directives pour la pr\u00e9paration d&#8217;articles pour PaC par les laur\u00e9ats du concours de la meilleure pr\u00e9sentation \u00e9tudiante"},"content":{"rendered":"<p>F\u00e9licitations pour votre succ\u00e8s au concours de la meilleure pr\u00e9sentation \u00e9tudiante (BSPC) du congr\u00e8s ! Nous esp\u00e9rons que vous pourrez soumettre un article sur vos travaux au magazine de physique de l&#8217;ACP, <i>La Physique au Canada <\/i>(PaC).<\/p>\n<p><span style=\"font-weight: 400;\">Nous recherchons des articles de style magazine, r\u00e9dig\u00e9s dans un langage accessible \u00e0 tous les physicien(ne)s, qu&#8217;ils soient \u00e9tudiant(e)s ou professionnel(le)s. Il est important de noter que cet article n&#8217;aura aucune incidence sur les travaux publi\u00e9s sur le sujet de votre pr\u00e9sentation et n&#8217;emp\u00eachera pas votre superviseur et vous-m\u00eame d&#8217;inclure vos recherches dans un article publi\u00e9 dans une revue \u00e0 comit\u00e9 de lecture..<\/span><\/p>\n<p><span style=\"font-weight: 400;\">Veuillez consulter les pages suivantes du site Web de l&#8217;ACP, qui d\u00e9crivent la proc\u00e9dure g\u00e9n\u00e9rale de soumission d&#8217;articles \u00e0 PaC : <\/span><\/p>\n<ul class=\"content-list\">\n<li style=\"font-weight: 400;\" aria-level=\"1\"><a href=\"https:\/\/cap.ca\/fr\/publications\/physique-au-canada\/instructions-pour-auteurs\/instructions-pour-soumission\/\"><span style=\"font-weight: 400;\">Instructions aux auteurs<\/span><\/a><\/li>\n<li><a href=\"https:\/\/cap.ca\/publications\/physics-canada-pic\/submitting-articles\/submission-instructions\/\">Contenu \/ Instructions pour la soumission<\/a><\/li>\n<\/ul>\n<p>Consid\u00e9rations suppl\u00e9mentaires pour les articles invit\u00e9s pour le Prix \u00e9tudiant :<\/p>\n<ul class=\"content-list\">\n<li style=\"font-weight: 400;\" aria-level=\"1\">Veuillez utiliser ce mod\u00e8le (Microsoft Word) pour votre soumission :\u00a0 <a href=\"https:\/\/cap.ca\/wp-content\/uploads\/2025\/06\/template_student_article.docx\">Articles invit\u00e9s des laur\u00e9at(e)s du Prix \u00e9tudiant(e)<\/a><span style=\"font-weight: 400;\">.<\/span><\/li>\n<li>Votre soumission doit comporter au maximum 1 500 mots, sans compter les figures ni les r\u00e9f\u00e9rences.<\/li>\n<li>Il doit s&#8217;agir d&#8217;un article original (et non d&#8217;une r\u00e9impression).<\/li>\n<li>Vous devez \u00eatre le premier auteur.<\/li>\n<li>Comme pour tout article, vos coauteurs doivent \u00eatre inform\u00e9s de la publication. Ainsi, lorsque vous soumettez l&#8217;article, veuillez mettre tous vos coauteurs en copie afin que nous sachions qu&#8217;ils en ont bien connaissance.<\/li>\n<li>La date limite de soumission pour \u00eatre pris en consid\u00e9ration dans le num\u00e9ro post-congr\u00e8s de PaC est le 31 juillet. Veuillez envoyer votre contribution \u00e0 <a href=\"mailto:picpac@cap.ca\">picpac@cap.ca<\/a>.<\/li>\n<\/ul>\n","protected":false},"excerpt":{"rendered":"<p>F\u00e9licitations pour votre succ\u00e8s au concours de la meilleure pr\u00e9sentation \u00e9tudiante (BSPC) du congr\u00e8s ! Nous esp\u00e9rons que vous pourrez soumettre un article sur vos travaux au magazine de physique de l&#8217;ACP, La Physique au Canada (PaC). Nous recherchons des articles de style magazine, r\u00e9dig\u00e9s dans un langage accessible \u00e0 tous les physicien(ne)s, qu&#8217;ils soient&#8230;  <a class=\"excerpt-read-more\" href=\"https:\/\/cap.ca\/fr\/publications\/physique-au-canada\/instructions-pour-auteurs\/directives-articles-competition-etudiant-pac\/\" title=\"LireDirectives pour la pr\u00e9paration d&#8217;articles pour PaC par les laur\u00e9ats du concours de la meilleure pr\u00e9sentation \u00e9tudiante\">Lire la suite &raquo;<\/a><\/p>\n","protected":false},"author":7,"featured_media":0,"parent":3373,"menu_order":475,"comment_status":"closed","ping_status":"closed","template":"","meta":{"footnotes":""},"class_list":["post-27475","page","type-page","status-publish","hentry"],"_links":{"self":[{"href":"https:\/\/cap.ca\/fr\/wp-json\/wp\/v2\/pages\/27475","targetHints":{"allow":["GET"]}}],"collection":[{"href":"https:\/\/cap.ca\/fr\/wp-json\/wp\/v2\/pages"}],"about":[{"href":"https:\/\/cap.ca\/fr\/wp-json\/wp\/v2\/types\/page"}],"author":[{"embeddable":true,"href":"https:\/\/cap.ca\/fr\/wp-json\/wp\/v2\/users\/7"}],"replies":[{"embeddable":true,"href":"https:\/\/cap.ca\/fr\/wp-json\/wp\/v2\/comments?post=27475"}],"version-history":[{"count":1,"href":"https:\/\/cap.ca\/fr\/wp-json\/wp\/v2\/pages\/27475\/revisions"}],"predecessor-version":[{"id":27477,"href":"https:\/\/cap.ca\/fr\/wp-json\/wp\/v2\/pages\/27475\/revisions\/27477"}],"up":[{"embeddable":true,"href":"https:\/\/cap.ca\/fr\/wp-json\/wp\/v2\/pages\/3373"}],"wp:attachment":[{"href":"https:\/\/cap.ca\/fr\/wp-json\/wp\/v2\/media?parent=27475"}],"curies":[{"name":"wp","href":"https:\/\/api.w.org\/{rel}","templated":true}]}}