{"id":27281,"date":"2025-06-11T00:16:49","date_gmt":"2025-06-11T04:16:49","guid":{"rendered":"https:\/\/cap.ca\/?page_id=27281"},"modified":"2025-07-29T11:56:41","modified_gmt":"2025-07-29T15:56:41","slug":"plan-strategique-2025-2029","status":"publish","type":"page","link":"https:\/\/cap.ca\/fr\/propos-lacp\/gouvernance\/plan-strategique-2025-2029\/","title":{"rendered":"Plan strat\u00e9gique 2025-2029, avec le plan d&#8217;implementation"},"content":{"rendered":"<div class=\"wpb-content-wrapper\"><p>[vc_row][vc_column width=&#8221;1\/4&#8243;][vc_single_image image=&#8221;27433&#8243; img_size=&#8221;full&#8221; css=&#8221;&#8221;][\/vc_column][vc_column width=&#8221;3\/4&#8243;][vc_column_text]Dans 2019, avec une vaste consultation de nos membres et experts externes, le comit\u00e9 ex\u00e9cutif de l\u2019ACP a \u00e9labor\u00e9 un plan strat\u00e9gique quinquennal qui guidera l\u2019\u00e9volution de notre organisation dans le court \u00e0 moyen terme. Ce document explique notre vision et la mission de l\u2019Association ainsi que d\u2019une s\u00e9rie d\u2019objectifs qui seront au centre des activit\u00e9s de l\u2019ACP \u00e0 l\u2019avenir.<\/p>\n<p>Notre proposition de plan pour la mise en \u0153uvre de la vision strat\u00e9gique est \u00e9galement disponible.<\/p>\n<p style=\"text-align: left;\"><a class=\"green-btn\" href=\"https:\/\/cap.ca\/wp-content\/uploads\/2025\/06\/CAP-2025-2029-STRATEGIC-PLAN-Final.pdf\">T\u00e9l\u00e9charger le plan strat\u00e9gique <\/a><\/p>\n<p><a class=\"green-btn\" href=\"https:\/\/cap.ca\/wp-content\/uploads\/2025\/06\/ImplementationPlan-en.pdf\">t\u00e9l\u00e9charger le plan D&#8217;IMPLEMENTATION<\/a><\/p>\n<p style=\"text-align: center;\">(en anglais, les versions fran\u00e7aises suivra sous peu)<\/p>\n<p>[\/vc_column_text][\/vc_column][\/vc_row]<\/p>\n<\/div>","protected":false},"excerpt":{"rendered":"<p>[vc_row][vc_column width=&#8221;1\/4&#8243;][vc_single_image image=&#8221;27433&#8243; img_size=&#8221;full&#8221; css=&#8221;&#8221;][\/vc_column][vc_column width=&#8221;3\/4&#8243;][vc_column_text]Dans 2019, avec une vaste consultation de nos membres et experts externes, le comit\u00e9 ex\u00e9cutif de l\u2019ACP a \u00e9labor\u00e9 un plan strat\u00e9gique quinquennal qui guidera l\u2019\u00e9volution de notre organisation dans le court \u00e0 moyen terme. Ce document explique notre vision et la mission de l\u2019Association ainsi que d\u2019une s\u00e9rie d\u2019objectifs&#8230;  <a class=\"excerpt-read-more\" href=\"https:\/\/cap.ca\/fr\/propos-lacp\/gouvernance\/plan-strategique-2025-2029\/\" title=\"LirePlan strat\u00e9gique 2025-2029, avec le plan d&#8217;implementation\">Lire la suite &raquo;<\/a><\/p>\n","protected":false},"author":7,"featured_media":0,"parent":3170,"menu_order":0,"comment_status":"closed","ping_status":"closed","template":"","meta":{"footnotes":""},"class_list":["post-27281","page","type-page","status-publish","hentry"],"_links":{"self":[{"href":"https:\/\/cap.ca\/fr\/wp-json\/wp\/v2\/pages\/27281","targetHints":{"allow":["GET"]}}],"collection":[{"href":"https:\/\/cap.ca\/fr\/wp-json\/wp\/v2\/pages"}],"about":[{"href":"https:\/\/cap.ca\/fr\/wp-json\/wp\/v2\/types\/page"}],"author":[{"embeddable":true,"href":"https:\/\/cap.ca\/fr\/wp-json\/wp\/v2\/users\/7"}],"replies":[{"embeddable":true,"href":"https:\/\/cap.ca\/fr\/wp-json\/wp\/v2\/comments?post=27281"}],"version-history":[{"count":12,"href":"https:\/\/cap.ca\/fr\/wp-json\/wp\/v2\/pages\/27281\/revisions"}],"predecessor-version":[{"id":27479,"href":"https:\/\/cap.ca\/fr\/wp-json\/wp\/v2\/pages\/27281\/revisions\/27479"}],"up":[{"embeddable":true,"href":"https:\/\/cap.ca\/fr\/wp-json\/wp\/v2\/pages\/3170"}],"wp:attachment":[{"href":"https:\/\/cap.ca\/fr\/wp-json\/wp\/v2\/media?parent=27281"}],"curies":[{"name":"wp","href":"https:\/\/api.w.org\/{rel}","templated":true}]}}