{"id":27175,"date":"2025-06-18T03:37:13","date_gmt":"2025-06-18T07:37:13","guid":{"rendered":"https:\/\/cap.ca\/?page_id=27175"},"modified":"2025-06-18T20:42:00","modified_gmt":"2025-06-19T00:42:00","slug":"2025-26-conseil-candidats","status":"publish","type":"page","link":"https:\/\/cap.ca\/fr\/propos-lacp\/gouvernance\/aga-virtuelle-2025\/2025-26-conseil-candidats\/","title":{"rendered":"\u00c9lection du 19 juin : conseil d\u2019administration de l\u2019ACP 2025-2026"},"content":{"rendered":"<blockquote><p><em>Vous trouverez ci-apr\u00e8s la liste des candidatures pour le conseil d\u2019administration de l\u2019ACP 2025-2026, et l\u2019on y trouve des liens aux notices biographiques de chacun des candidats. Aucune autre candidature n\u2019a \u00e9t\u00e9 re\u00e7ue.<\/em><\/p><\/blockquote>\n<p>&nbsp;<\/p>\n<h3><strong>Quand voter :\u00a0<\/strong><\/h3>\n<ul class=\"content-list\">\n<li>Les membres auront la chance\u00a0<strong>d\u2019inscrire leur vote<\/strong> pour les membres du conseil durant\u00a0 Assembl\u00e9e g\u00e9n\u00e9rale annuelle virtuelle (AGA) le 19 juin, de 12h00 \u00e0 14h00 HAE. <a href=\"https:\/\/us02web.zoom.us\/meeting\/register\/9DKR-sZuQ_ql8Uy2O9V9dw\" rel=\"noopener noreferrer\">Cliquez ici pour vous inscrire \u00e0 cette r\u00e9union.<\/a><\/li>\n<li><strong>Le syst\u00e8me de vote sera ouvert de 12h15 \u00e0 13h30 le 19 juin HAE.<\/strong><\/li>\n<\/ul>\n<h3><\/h3>\n<h3><strong>Comment voter :<\/strong><\/h3>\n<ul class=\"content-list\">\n<li>Vous pourrez\u00a0<strong>acc\u00e9der au syst\u00e8me de vote\u00a0<\/strong>en vous connectant \u00e0\u00a0<a href=\"https:\/\/crm.cap.ca\/fr\/user\/login\/\" target=\"_blank\" rel=\"noopener noreferrer\">Services aux membres<\/a>\u00a0et puis en choisissant \u00ab\u00a0menu du syst\u00e8me de vote\u00a0\u00bb.<\/li>\n<\/ul>\n<h3><\/h3>\n<h3><strong>Quorum n\u00e9cessaire :<\/strong><\/h3>\n<ul class=\"content-list\">\n<li><strong>Le quorum des membres pr\u00e9sents sera de 50 membres\u00a0<\/strong>\u00e0 l\u2019assembl\u00e9e g\u00e9n\u00e9rale annuelle pour que l\u2019\u00e9lection puisse se tenir.<\/li>\n<\/ul>\n<p>&nbsp;<\/p>\n<hr \/>\n<p>&nbsp;<\/p>\n<h1>Liste des candidatures<br \/>\nConseil d\u2019administration de l\u2019ACP 2025-26<\/h1>\n<p>&nbsp;<\/p>\n<p><strong>NOTE:\u00a0 Martin Williams<\/strong> passera de pr\u00e9sident \u00e0 pr\u00e9sident sortante (aucun vote requis).<\/p>\n<p>Cliquez sur le nom du candidat pour consulter sa biographie et d\u00e9claration du candidat (si disponible).<\/p>\n<p>&nbsp;<\/p>\n<table style=\"border-collapse: collapse; width: 100%; height: 515px;\">\n<tbody>\n<tr style=\"height: 39px;\">\n<td style=\"width: 33.3333%; height: 39px;\"><strong>Position<\/strong><\/td>\n<td style=\"width: 33.3333%; height: 39px;\"><strong>Mandat<\/strong><\/td>\n<td style=\"width: 33.3333%; height: 39px;\"><strong>Candidat(e)s<\/strong><\/td>\n<\/tr>\n<tr style=\"height: 87px;\">\n<td style=\"width: 33.3333%; height: 87px;\"><strong>Pr\u00e9sident<\/strong><br \/>\nLe candidat a \u00e9t\u00e9 vice-pr\u00e9sident en 2024-25<\/td>\n<td style=\"width: 33.3333%; height: 87px;\">Progression de 4 ans \u00e0 travers la ligne pr\u00e9sidentielle<br \/>\n(ce sera la troisi\u00e8me ann\u00e9e)<\/td>\n<td style=\"width: 33.3333%; height: 87px;\"><strong>Pierre B\u00e9nard<\/strong><br \/>\nUniversit\u00e9 du Qu\u00e9bec \u00e0 Trois Rivi\u00e8res<br \/>\n(<a href=\"https:\/\/cap.ca\/wp-content\/uploads\/2025\/06\/P.-Benard-Updated-Bio-for-2025-June-election.pdf\" target=\"_blank\" rel=\"noopener\"><strong>biographie<\/strong><\/a>)<\/td>\n<\/tr>\n<tr style=\"height: 87px;\">\n<td style=\"width: 33.3333%; height: 87px;\"><strong>Vice-Pr\u00e9sidente<\/strong><br \/>\nLa candidate a \u00e9t\u00e9 vice-pr\u00e9sidente \u00e9lue en 2024-25<\/td>\n<td style=\"width: 33.3333%; height: 87px;\">Progression de 4 ans \u00e0 travers la ligne pr\u00e9sidentielle<br \/>\n(ce sera la deuxi\u00e8me ann\u00e9e)<\/td>\n<td style=\"width: 33.3333%; height: 87px;\"><strong>Wendy Taylor<\/strong><br \/>\nYork University<br \/>\n(<a href=\"https:\/\/cap.ca\/wp-content\/uploads\/2024\/07\/W.-Taylor-Updated-Bio-2425.pdf.pdf\" target=\"_blank\" rel=\"noopener\"><strong>biographie<\/strong><\/a>)<\/td>\n<\/tr>\n<tr style=\"height: 129px;\">\n<td style=\"width: 33.3333%; height: 129px;\"><strong>Vice-pr\u00e9sident(e) \u00e9lu(e)<br \/>\n<\/strong>(en ordre alphab\u00e9tique)<\/td>\n<td style=\"width: 33.3333%; height: 129px;\">\n<table>\n<tbody>\n<tr>\n<td>Progression de 4 ans \u00e0 travers la ligne pr\u00e9sidentielle<br \/>\n(ce sera la premi\u00e8re ann\u00e9e)<\/td>\n<\/tr>\n<\/tbody>\n<\/table>\n<\/td>\n<td style=\"width: 33.3333%; height: 129px;\"><strong>Richard Boudreault<\/strong><br \/>\nUniversit\u00e9 de Sherbrooke<br \/>\n(<a href=\"https:\/\/cap.ca\/wp-content\/uploads\/2025\/05\/R.-Boudreault-300words-Bio-Final-May-2025.pdf\" target=\"_blank\" rel=\"noopener\"><strong>biographie<\/strong><\/a>)\u00a0 \u00a0(<a href=\"https:\/\/cap.ca\/wp-content\/uploads\/2025\/05\/RBoudreault-Candidates-Statement-Final-May-2025.pdf\" target=\"_blank\" rel=\"noopener\"><strong>d\u00e9claration<\/strong><\/a>)<\/p>\n<hr \/>\n<p><strong>Cornelia Hoehr<\/strong><br \/>\nTRIUMF<br \/>\n(<a href=\"https:\/\/cap.ca\/wp-content\/uploads\/2025\/05\/CHoehr-Bio.pdf\" target=\"_blank\" rel=\"noopener\"><strong>biographie<\/strong><\/a>)\u00a0 \u00a0(<a href=\"https:\/\/cap.ca\/wp-content\/uploads\/2025\/05\/CHoehr-Statement-Final-May-2025.pdf\" target=\"_blank\" rel=\"noopener\"><strong>d\u00e9claration<\/strong><\/a>)<\/td>\n<\/tr>\n<tr style=\"height: 56px;\">\n<td style=\"width: 33.3333%; height: 56px;\"><strong>Directrice de communications<\/strong><\/td>\n<td style=\"width: 33.3333%; height: 56px;\">\n<p class=\"text-current max-w-[560px] text-base font-normal leading-[24px] dark:text-white\">fin du mandat actuel, jusqu&#8217;en juin 2027<\/p>\n<\/td>\n<td style=\"width: 33.3333%; height: 56px;\"><b>Barbara Frisken<br \/>\n<\/b>retrait\u00e9 de SFU<br \/>\n<b>(<a href=\"https:\/\/cap.ca\/wp-content\/uploads\/2025\/06\/B.-Frisken-Updated-Bio-for-2025-June-election.pdf\" target=\"_blank\" rel=\"noopener\">biographie<\/a>)<br \/>\n<\/b><\/td>\n<\/tr>\n<tr style=\"height: 39px;\">\n<td style=\"width: 33.3333%; height: 39px;\"><strong>Directeur des relations du\u00a0 secteur priv\u00e9<\/strong><\/td>\n<td style=\"width: 33.3333%; height: 39px;\">Mandat de 3ans<\/td>\n<td style=\"width: 33.3333%; height: 39px;\"><strong>Ian D&#8217;Souza<\/strong><br \/>\nretrait\u00e9 de Honeywell<br \/>\n(<a href=\"https:\/\/cap.ca\/wp-content\/uploads\/2025\/06\/Ian-DSouza-Short-Bio-May-2025.pdf\" target=\"_blank\" rel=\"noopener\"><strong>biographie<\/strong><\/a>)\u00a0 \u00a0(<a href=\"https:\/\/cap.ca\/wp-content\/uploads\/2025\/06\/Ian-DSouza-Candidates-Statement-May-2025.pdf\" target=\"_blank\" rel=\"noopener\"><strong>d\u00e9claration<\/strong><\/a>)<\/td>\n<\/tr>\n<tr style=\"height: 39px;\">\n<td style=\"width: 33.3333%; height: 39px;\"><strong>Directeur des affaires \u00e9tudiant(e)s<\/strong><\/td>\n<td style=\"width: 33.3333%; height: 39px;\">Mandat de 3ans<\/td>\n<td style=\"width: 33.3333%; height: 39px;\"><strong>Matthew Robbins<\/strong><br \/>\nUniversity of Toronto<br \/>\n(<a href=\"https:\/\/cap.ca\/wp-content\/uploads\/2025\/05\/Matthew-Robbins-biography-May-2025.pdf\" target=\"_blank\" rel=\"noopener\"><strong>biographie<\/strong><\/a>)\u00a0 \u00a0(<a href=\"https:\/\/cap.ca\/wp-content\/uploads\/2025\/05\/Matthew-Robbins-candidate-statement-May-2025.pdf\" target=\"_blank\" rel=\"noopener\"><strong>d\u00e9claration<\/strong><\/a>)<\/td>\n<\/tr>\n<tr style=\"height: 39px;\">\n<td style=\"width: 33.3333%; height: 39px;\"><strong>Secr\u00e9taire-tr\u00e9sorier<\/strong><\/td>\n<td style=\"width: 33.3333%; height: 39px;\">Mandat de 3ans<\/td>\n<td style=\"width: 33.3333%; height: 39px;\"><strong>Christine Kraus<\/strong><br \/>\nSNOLAB<br \/>\n(<a href=\"https:\/\/cap.ca\/wp-content\/uploads\/2025\/05\/Christine-Kraus-Short-Biography.pdf\" target=\"_blank\" rel=\"noopener\"><strong>biographie<\/strong><\/a>)<\/td>\n<\/tr>\n<\/tbody>\n<\/table>\n","protected":false},"excerpt":{"rendered":"<p>Vous trouverez ci-apr\u00e8s la liste des candidatures pour le conseil d\u2019administration de l\u2019ACP 2025-2026, et l\u2019on y trouve des liens aux notices biographiques de chacun des candidats. Aucune autre candidature n\u2019a \u00e9t\u00e9 re\u00e7ue. &nbsp; Quand voter :\u00a0 Les membres auront la chance\u00a0d\u2019inscrire leur vote pour les membres du conseil durant\u00a0 Assembl\u00e9e g\u00e9n\u00e9rale annuelle virtuelle (AGA)&#8230;  <a class=\"excerpt-read-more\" href=\"https:\/\/cap.ca\/fr\/propos-lacp\/gouvernance\/aga-virtuelle-2025\/2025-26-conseil-candidats\/\" title=\"Lire\u00c9lection du 19 juin : conseil d\u2019administration de l\u2019ACP 2025-2026\">Lire la suite &raquo;<\/a><\/p>\n","protected":false},"author":7,"featured_media":0,"parent":27173,"menu_order":0,"comment_status":"closed","ping_status":"closed","template":"","meta":{"footnotes":""},"class_list":["post-27175","page","type-page","status-publish","hentry"],"_links":{"self":[{"href":"https:\/\/cap.ca\/fr\/wp-json\/wp\/v2\/pages\/27175","targetHints":{"allow":["GET"]}}],"collection":[{"href":"https:\/\/cap.ca\/fr\/wp-json\/wp\/v2\/pages"}],"about":[{"href":"https:\/\/cap.ca\/fr\/wp-json\/wp\/v2\/types\/page"}],"author":[{"embeddable":true,"href":"https:\/\/cap.ca\/fr\/wp-json\/wp\/v2\/users\/7"}],"replies":[{"embeddable":true,"href":"https:\/\/cap.ca\/fr\/wp-json\/wp\/v2\/comments?post=27175"}],"version-history":[{"count":5,"href":"https:\/\/cap.ca\/fr\/wp-json\/wp\/v2\/pages\/27175\/revisions"}],"predecessor-version":[{"id":27348,"href":"https:\/\/cap.ca\/fr\/wp-json\/wp\/v2\/pages\/27175\/revisions\/27348"}],"up":[{"embeddable":true,"href":"https:\/\/cap.ca\/fr\/wp-json\/wp\/v2\/pages\/27173"}],"wp:attachment":[{"href":"https:\/\/cap.ca\/fr\/wp-json\/wp\/v2\/media?parent=27175"}],"curies":[{"name":"wp","href":"https:\/\/api.w.org\/{rel}","templated":true}]}}