{"id":27173,"date":"2025-05-30T23:54:43","date_gmt":"2025-05-31T03:54:43","guid":{"rendered":"https:\/\/cap.ca\/?page_id=27173"},"modified":"2025-06-20T12:32:56","modified_gmt":"2025-06-20T16:32:56","slug":"aga-virtuelle-2025","status":"publish","type":"page","link":"https:\/\/cap.ca\/fr\/propos-lacp\/gouvernance\/aga-virtuelle-2025\/","title":{"rendered":"AGA virtuelle 2025"},"content":{"rendered":"<p>L&#8217;assembl\u00e9e g\u00e9n\u00e9rale de l&#8217;ACP de 2025 se tiendra sous la forme d&#8217;une <strong>r\u00e9union virtuelle le jeudi 19 juin de 12h00 \u00e0 14h00 HAE<\/strong>. Veuillez inscrire cette date importante sur vos calendriers et pr\u00e9voir d&#8217;y assister !<\/p>\n<p><a href=\"https:\/\/us02web.zoom.us\/j\/82327969651?pwd=a1pShoeMm4Xl5nApep1aShFT1cWDjO.1\" target=\"_blank\" rel=\"noopener\">Cliquez ici pour vous inscrire et recevoir le lien de la r\u00e9union par retour d&#8217;e-mail.<\/a><\/p>\n<hr \/>\n<p>&nbsp;<\/p>\n<p><a href=\"https:\/\/us02web.zoom.us\/meeting\/register\/9DKR-sZuQ_ql8Uy2O9V9dw\" target=\"_blank\" rel=\"noopener\">Ordre du jour de l&#8217;AGA 2025<\/a><\/p>\n<ul class=\"content-list\">\n<li><a href=\"https:\/\/cap.ca\/wp-content\/uploads\/2025\/06\/CAP-AGM-2025-President_final.pdf\" target=\"_blank\" rel=\"noopener\">Rapport du pr\u00e9sident<\/a> (M. Williams)<\/li>\n<li><a href=\"https:\/\/cap.ca\/wp-content\/uploads\/2025\/06\/CAP_AGM_Finances_2025.pdf\" target=\"_blank\" rel=\"noopener\">Rapport du tr\u00e9sori\u00e8re<\/a> (C. Kraus)<\/li>\n<li><a href=\"https:\/\/cap.ca\/wp-content\/uploads\/2025\/06\/CAP_AGM_2025-Strat-Plan-Presentation.pdf\" target=\"_blank\" rel=\"noopener\">Rapport sur le plan strat\u00e9gique et plan d&#8217;impl\u00e9mentation 2025-2029<\/a> (P. B\u00e9nard)<\/li>\n<li><a href=\"https:\/\/cap.ca\/wp-content\/uploads\/2025\/06\/Lecture-Tour-Summary-AGM-June-2025.pdf\" target=\"_blank\" rel=\"noopener\">Rapport sur la Tour de conf\u00e9renciers 2025<\/a>\u00a0 (W. Taylor)<\/li>\n<li><a href=\"https:\/\/cap.ca\/wp-content\/uploads\/2025\/06\/IYQ_Canada_CAP_AGMv2.pdf\" target=\"_blank\" rel=\"noopener\">Rapport sur IYQ 2025<\/a>\u00a0 (O. Stelzer-Chilton \/ D. Ahrensmeier)<\/li>\n<\/ul>\n<p><a href=\"https:\/\/cap.ca\/wp-content\/uploads\/2025\/06\/Minutes_AGM_June-13-2024-EM-FF.pdf\" target=\"_blank\" rel=\"noopener\">Proc\u00e8s-verbal de l&#8217;AGA 2024<\/a><\/p>\n<p><a href=\"https:\/\/cap.ca\/about-us\/governance\/2025-virtual-agm\/2025-26-board-slate\/\" target=\"_blank\" rel=\"noopener\">Liste des candidat(e)s pour 2025-26<\/a><\/p>\n<p><strong>Plan strat\u00e9gique et plan d&#8217;impl\u00e9mentation 2025-2029<\/strong><\/p>\n<a href=\"https:\/\/cap.ca\/wp-content\/uploads\/2025\/06\/2025-2029-Strategic-Plan-Infographic-printed.pdf\" target=\"_blank\" rel=\"noopener\"><img loading=\"lazy\" decoding=\"async\" class=\"alignleft wp-image-27327 size-medium\" src=\"https:\/\/cap.ca\/wp-content\/uploads\/2025\/06\/2025-2029-Strategic-Plan-Infographic-printed-300x169.png\" alt=\"\" width=\"300\" height=\"169\" srcset=\"https:\/\/cap.ca\/wp-content\/uploads\/2025\/06\/2025-2029-Strategic-Plan-Infographic-printed-300x169.png 300w, https:\/\/cap.ca\/wp-content\/uploads\/2025\/06\/2025-2029-Strategic-Plan-Infographic-printed-1024x575.png 1024w, https:\/\/cap.ca\/wp-content\/uploads\/2025\/06\/2025-2029-Strategic-Plan-Infographic-printed-768x431.png 768w, https:\/\/cap.ca\/wp-content\/uploads\/2025\/06\/2025-2029-Strategic-Plan-Infographic-printed.png 1499w\" sizes=\"auto, (max-width: 300px) 100vw, 300px\" \/><\/a>\n<p>&nbsp;<\/p>\n<p><a href=\"https:\/\/cap.ca\/wp-content\/uploads\/2025\/06\/CAP-2025-2029-STRATEGIC-PLAN-Final.pdf\" target=\"_blank\" rel=\"noopener\">cliquez ici pour voir le Plan strat\u00e9gique<\/a><\/p>\n<p><a href=\"https:\/\/cap.ca\/wp-content\/uploads\/2025\/06\/ImplementationPlan-en.pdf\" target=\"_blank\" rel=\"noopener\">cliquez ici pour voir le Plan d&#8217;impl\u00e9mentation<\/a><\/p>\n<p>&nbsp;<\/p>\n","protected":false},"excerpt":{"rendered":"<p>L&#8217;assembl\u00e9e g\u00e9n\u00e9rale de l&#8217;ACP de 2025 se tiendra sous la forme d&#8217;une r\u00e9union virtuelle le jeudi 19 juin de 12h00 \u00e0 14h00 HAE. Veuillez inscrire cette date importante sur vos calendriers et pr\u00e9voir d&#8217;y assister ! Cliquez ici pour vous inscrire et recevoir le lien de la r\u00e9union par retour d&#8217;e-mail. &nbsp; Ordre du jour&#8230;  <a class=\"excerpt-read-more\" href=\"https:\/\/cap.ca\/fr\/propos-lacp\/gouvernance\/aga-virtuelle-2025\/\" title=\"LireAGA virtuelle 2025\">Lire la suite &raquo;<\/a><\/p>\n","protected":false},"author":7,"featured_media":0,"parent":3170,"menu_order":0,"comment_status":"closed","ping_status":"closed","template":"","meta":{"footnotes":""},"class_list":["post-27173","page","type-page","status-publish","hentry"],"_links":{"self":[{"href":"https:\/\/cap.ca\/fr\/wp-json\/wp\/v2\/pages\/27173","targetHints":{"allow":["GET"]}}],"collection":[{"href":"https:\/\/cap.ca\/fr\/wp-json\/wp\/v2\/pages"}],"about":[{"href":"https:\/\/cap.ca\/fr\/wp-json\/wp\/v2\/types\/page"}],"author":[{"embeddable":true,"href":"https:\/\/cap.ca\/fr\/wp-json\/wp\/v2\/users\/7"}],"replies":[{"embeddable":true,"href":"https:\/\/cap.ca\/fr\/wp-json\/wp\/v2\/comments?post=27173"}],"version-history":[{"count":6,"href":"https:\/\/cap.ca\/fr\/wp-json\/wp\/v2\/pages\/27173\/revisions"}],"predecessor-version":[{"id":27375,"href":"https:\/\/cap.ca\/fr\/wp-json\/wp\/v2\/pages\/27173\/revisions\/27375"}],"up":[{"embeddable":true,"href":"https:\/\/cap.ca\/fr\/wp-json\/wp\/v2\/pages\/3170"}],"wp:attachment":[{"href":"https:\/\/cap.ca\/fr\/wp-json\/wp\/v2\/media?parent=27173"}],"curies":[{"name":"wp","href":"https:\/\/api.w.org\/{rel}","templated":true}]}}