{"id":27028,"date":"2025-05-16T11:21:39","date_gmt":"2025-05-16T15:21:39","guid":{"rendered":"https:\/\/cap.ca\/congres-de-lacp\/congres-de-lacp-2025\/2025-exhibitors\/"},"modified":"2025-05-27T16:48:49","modified_gmt":"2025-05-27T20:48:49","slug":"2025-exhibitors","status":"publish","type":"page","link":"https:\/\/cap.ca\/fr\/congres-de-lacp\/congres-anterieurs\/congres-de-lacp-2025\/2025-exhibitors\/","title":{"rendered":"Exposants 2025"},"content":{"rendered":"<h2>Venez rencontrer nos exposants au congr\u00e8s !<\/h2>\n<p>Les expositions seront ouvertes :<\/p>\n<p>Mardi 10 juin, de 12 h \u00e0 19 h 30<br \/>\nMercredi 11 juin, de 8 h \u00e0 16 h<br \/>\nJeudi 12 juin, de 8 h \u00e0 16 h<\/p>\n<table style=\"border-collapse: collapse; width: 100%; height: 464px;\">\n<tbody>\n<tr style=\"height: 151px;\">\n<td style=\"width: 50%; height: 151px;\"><a href=\"https:\/\/gtl.ca\/\"><img loading=\"lazy\" decoding=\"async\" class=\"aligncenter wp-image-23072 size-medium\" src=\"https:\/\/cap.ca\/wp-content\/uploads\/2023\/05\/GTLLogo-300x118.jpg\" alt=\"\" width=\"300\" height=\"118\" srcset=\"https:\/\/cap.ca\/wp-content\/uploads\/2023\/05\/GTLLogo-300x118.jpg 300w, https:\/\/cap.ca\/wp-content\/uploads\/2023\/05\/GTLLogo.jpg 480w\" sizes=\"auto, (max-width: 300px) 100vw, 300px\" \/><\/a><\/td>\n<td style=\"width: 50%; height: 151px;\"><a href=\"https:\/\/www.pfeiffer-vacuum.com\/en\/\"><img loading=\"lazy\" decoding=\"async\" class=\"aligncenter wp-image-27140 size-medium\" src=\"https:\/\/cap.ca\/wp-content\/uploads\/2025\/05\/Pfeiffer_Logo_RGB_ClaimBelow-300x70.png\" alt=\"\" width=\"300\" height=\"70\" srcset=\"https:\/\/cap.ca\/wp-content\/uploads\/2025\/05\/Pfeiffer_Logo_RGB_ClaimBelow-300x70.png 300w, https:\/\/cap.ca\/wp-content\/uploads\/2025\/05\/Pfeiffer_Logo_RGB_ClaimBelow-1024x240.png 1024w, https:\/\/cap.ca\/wp-content\/uploads\/2025\/05\/Pfeiffer_Logo_RGB_ClaimBelow-768x180.png 768w, https:\/\/cap.ca\/wp-content\/uploads\/2025\/05\/Pfeiffer_Logo_RGB_ClaimBelow.png 1475w\" sizes=\"auto, (max-width: 300px) 100vw, 300px\" \/><\/a><\/td>\n<\/tr>\n<tr style=\"height: 176px;\">\n<td style=\"width: 50%; height: 176px;\"><a href=\"https:\/\/cap.ca\/wp-content\/uploads\/2023\/05\/LOGO_PLASMIONIQUE.tif\"><img decoding=\"async\" class=\"alignnone size-full wp-image-23080\" src=\"https:\/\/cap.ca\/wp-content\/uploads\/2023\/05\/LOGO_PLASMIONIQUE.tif\" alt=\"\" \/><\/a><a href=\"https:\/\/www.thepersonal.com\/home?province=Ontario&amp;langues=English&amp;provinceConfirmee=true&amp;grp=groupnotselected\"><img loading=\"lazy\" decoding=\"async\" class=\"aligncenter\" src=\"https:\/\/www.thepersonal.com\/o\/lptp-theme\/images\/extra-small\/TPIC_logo_en.svg?browserId=other&amp;minifierType=js&amp;languageId=en_CA&amp;t=1710350514000\" alt=\"Homepage of The Personal Group Insurance\" width=\"476\" height=\"161\" \/><\/a><\/td>\n<td style=\"width: 50%; height: 176px;\"><a href=\"https:\/\/www.lesker.com\/index.cfm\"><img loading=\"lazy\" decoding=\"async\" class=\"size-medium wp-image-23125 aligncenter\" src=\"https:\/\/cap.ca\/wp-content\/uploads\/2023\/05\/Lesker_Logo_PMS-301-300x52.jpg\" alt=\"\" width=\"300\" height=\"52\" srcset=\"https:\/\/cap.ca\/wp-content\/uploads\/2023\/05\/Lesker_Logo_PMS-301-300x52.jpg 300w, https:\/\/cap.ca\/wp-content\/uploads\/2023\/05\/Lesker_Logo_PMS-301.jpg 341w\" sizes=\"auto, (max-width: 300px) 100vw, 300px\" \/><\/a><\/td>\n<\/tr>\n<tr style=\"height: 137px;\">\n<td style=\"width: 50%; height: 137px;\"><img loading=\"lazy\" decoding=\"async\" class=\"size-medium wp-image-27021 aligncenter\" src=\"https:\/\/cap.ca\/wp-content\/uploads\/2025\/05\/Perimeter-Institute-for-Theoretical-Physics-300x90.png\" alt=\"\" width=\"300\" height=\"90\" srcset=\"https:\/\/cap.ca\/wp-content\/uploads\/2025\/05\/Perimeter-Institute-for-Theoretical-Physics-300x90.png 300w, https:\/\/cap.ca\/wp-content\/uploads\/2025\/05\/Perimeter-Institute-for-Theoretical-Physics-1024x308.png 1024w, https:\/\/cap.ca\/wp-content\/uploads\/2025\/05\/Perimeter-Institute-for-Theoretical-Physics-768x231.png 768w, https:\/\/cap.ca\/wp-content\/uploads\/2025\/05\/Perimeter-Institute-for-Theoretical-Physics-1536x462.png 1536w, https:\/\/cap.ca\/wp-content\/uploads\/2025\/05\/Perimeter-Institute-for-Theoretical-Physics.png 1903w\" sizes=\"auto, (max-width: 300px) 100vw, 300px\" \/><\/td>\n<td style=\"width: 50%; height: 137px;\"><img loading=\"lazy\" decoding=\"async\" class=\"size-medium wp-image-27023 aligncenter\" src=\"https:\/\/cap.ca\/wp-content\/uploads\/2025\/05\/cengage-logo-horizontal-rgb-300x101.png\" alt=\"\" width=\"300\" height=\"101\" srcset=\"https:\/\/cap.ca\/wp-content\/uploads\/2025\/05\/cengage-logo-horizontal-rgb-300x101.png 300w, https:\/\/cap.ca\/wp-content\/uploads\/2025\/05\/cengage-logo-horizontal-rgb-1024x344.png 1024w, https:\/\/cap.ca\/wp-content\/uploads\/2025\/05\/cengage-logo-horizontal-rgb-768x258.png 768w, https:\/\/cap.ca\/wp-content\/uploads\/2025\/05\/cengage-logo-horizontal-rgb-1536x516.png 1536w, https:\/\/cap.ca\/wp-content\/uploads\/2025\/05\/cengage-logo-horizontal-rgb-2048x687.png 2048w\" sizes=\"auto, (max-width: 300px) 100vw, 300px\" \/><\/td>\n<\/tr>\n<tr style=\"height: 137px;\">\n<td style=\"width: 50%; height: 137px;\"><img loading=\"lazy\" decoding=\"async\" class=\"size-medium wp-image-27025 aligncenter\" src=\"https:\/\/cap.ca\/wp-content\/uploads\/2025\/05\/LOGO_PLASMIONIQUE-300x56.jpg\" alt=\"\" width=\"300\" height=\"56\" srcset=\"https:\/\/cap.ca\/wp-content\/uploads\/2025\/05\/LOGO_PLASMIONIQUE-300x56.jpg 300w, https:\/\/cap.ca\/wp-content\/uploads\/2025\/05\/LOGO_PLASMIONIQUE-1024x191.jpg 1024w, https:\/\/cap.ca\/wp-content\/uploads\/2025\/05\/LOGO_PLASMIONIQUE-768x143.jpg 768w, https:\/\/cap.ca\/wp-content\/uploads\/2025\/05\/LOGO_PLASMIONIQUE-1536x287.jpg 1536w, https:\/\/cap.ca\/wp-content\/uploads\/2025\/05\/LOGO_PLASMIONIQUE-2048x382.jpg 2048w\" sizes=\"auto, (max-width: 300px) 100vw, 300px\" \/><\/td>\n<td style=\"width: 50%; height: 137px;\"><\/td>\n<\/tr>\n<\/tbody>\n<\/table>\n<p>&nbsp;<\/p>\n<p>&nbsp;<\/p>\n","protected":false},"excerpt":{"rendered":"<p>Venez rencontrer nos exposants au congr\u00e8s ! Les expositions seront ouvertes : Mardi 10 juin, de 12 h \u00e0 19 h 30 Mercredi 11 juin, de 8 h \u00e0 16 h Jeudi 12 juin, de 8 h \u00e0 16 h &nbsp; &nbsp;<\/p>\n","protected":false},"author":5,"featured_media":0,"parent":24572,"menu_order":4,"comment_status":"closed","ping_status":"closed","template":"","meta":{"footnotes":""},"class_list":["post-27028","page","type-page","status-publish","hentry"],"_links":{"self":[{"href":"https:\/\/cap.ca\/fr\/wp-json\/wp\/v2\/pages\/27028","targetHints":{"allow":["GET"]}}],"collection":[{"href":"https:\/\/cap.ca\/fr\/wp-json\/wp\/v2\/pages"}],"about":[{"href":"https:\/\/cap.ca\/fr\/wp-json\/wp\/v2\/types\/page"}],"author":[{"embeddable":true,"href":"https:\/\/cap.ca\/fr\/wp-json\/wp\/v2\/users\/5"}],"replies":[{"embeddable":true,"href":"https:\/\/cap.ca\/fr\/wp-json\/wp\/v2\/comments?post=27028"}],"version-history":[{"count":3,"href":"https:\/\/cap.ca\/fr\/wp-json\/wp\/v2\/pages\/27028\/revisions"}],"predecessor-version":[{"id":27144,"href":"https:\/\/cap.ca\/fr\/wp-json\/wp\/v2\/pages\/27028\/revisions\/27144"}],"up":[{"embeddable":true,"href":"https:\/\/cap.ca\/fr\/wp-json\/wp\/v2\/pages\/24572"}],"wp:attachment":[{"href":"https:\/\/cap.ca\/fr\/wp-json\/wp\/v2\/media?parent=27028"}],"curies":[{"name":"wp","href":"https:\/\/api.w.org\/{rel}","templated":true}]}}