{"id":26916,"date":"2025-05-07T23:05:12","date_gmt":"2025-05-08T03:05:12","guid":{"rendered":"https:\/\/cap.ca\/?page_id=26916"},"modified":"2026-03-06T19:28:18","modified_gmt":"2026-03-07T00:28:18","slug":"women-in-physics-conference","status":"publish","type":"page","link":"https:\/\/cap.ca\/fr\/congres-de-lacp\/women-in-physics-conference\/","title":{"rendered":"Conf\u00e9rence des femmes en physique au Canada"},"content":{"rendered":"<p>Femmes+ en Physique Canada (FEPC+) est une conf\u00e9rence nationale qui s&#8217;adresse principalement (mais pas exclusivement) aux \u00e9tudiants dipl\u00f4m\u00e9s en physique, en astrophysique et dans des domaines connexes. La conf\u00e9rence a r\u00e9cemment lieu tous les deux ans ; elle comprend des pr\u00e9sentations d&#8217;\u00e9tudiants, des conf\u00e9rences magistrales, des tables rondes et des occasions d&#8217;interaction. FEPC+ est avant tout une conf\u00e9rence scientifique, au cours de laquelle les scientifiques en d\u00e9but de carri\u00e8re ont l&#8217;occasion de pr\u00e9senter leurs travaux et d&#8217;assister \u00e0 des conf\u00e9rences pl\u00e9ni\u00e8res donn\u00e9es par des leaders dans leur domaine. Elle vise \u00e9galement \u00e0 soutenir une diversit\u00e9 de chercheurs en d\u00e9but de carri\u00e8re, en particulier ceux issus de groupes sous-repr\u00e9sent\u00e9s en physique. La conf\u00e9rence offre aux participants l&#8217;occasion de nouer des contacts, de faciliter le partage d&#8217;exp\u00e9riences, d&#8217;id\u00e9es et de conseils. La FEPC+ \u00e0 favoriser un sentiment de communaut\u00e9 et d&#8217;appartenance parmi une diversit\u00e9 de participants, tout en mettant en valeur les recherches men\u00e9es par des physiciens en d\u00e9but de carri\u00e8re. La conf\u00e9rence se tient g\u00e9n\u00e9ralement pendant la p\u00e9riode estivale et attire r\u00e9guli\u00e8rement plus de 100 participants.<\/p>\n<hr \/>\n<h3><span style=\"font-size: 18pt;\">Appel \u00e0 manifestation d&#8217;int\u00e9r\u00eat pour l&#8217;accueil de la FEPC+ 2027 et au-del\u00e0<\/span><\/h3>\n<p>Nous recherchons des propositions pour les \u00e9ditions 2027, 2029 et suivantes de la FEPC+. Les groupes ou personnes int\u00e9ress\u00e9s doivent soumettre leur proposition au plus tard le 15 mai 2026 pour l&#8217;\u00e9dition 2027. Les parties int\u00e9ress\u00e9es peuvent \u00e9galement contacter le comit\u00e9 directeur de la FEPC+ avant la date limite pour discuter de tout aspect de la conf\u00e9rence. Le comit\u00e9 directeur se fera un plaisir de discuter des sources potentielles de financement externe.<\/p>\n<p>Les propositions doivent inclure :<\/p>\n<ul class=\"content-list\">\n<li>Un projet de budget d\u00e9taill\u00e9 (y compris l&#8217;aide au d\u00e9placement des \u00e9tudiants)<\/li>\n<li>Les frais d&#8217;inscription propos\u00e9s<\/li>\n<li>Des informations d\u00e9taill\u00e9es sur les h\u00e9bergements abordables<\/li>\n<li>Des informations sur le lieu<\/li>\n<li>Une proposition de programme pour la conf\u00e9rence<\/li>\n<li>Participation pr\u00e9vue<\/li>\n<li>Calendrier propos\u00e9 (ann\u00e9e(s) et p\u00e9riode)<\/li>\n<li>\u00c9quipe organisatrice<\/li>\n<\/ul>\n<p>Les propositions et les questions doivent \u00eatre envoy\u00e9es \u00e0 <a href=\"mailto:wipc-steering-committee@googlegroups.com\">wipc-steering-committee@googlegroups.com<\/a>.<\/p>\n<p>Merci !<\/p>\n<p>Le Comit\u00e9 directeur du FEMC+<\/p>\n<p>Anne Broadbent, University of Ottawa<br \/>\nMelanie Campbell, University of Waterloo<br \/>\nSarah Johnson, Simon Fraser University<br \/>\nJanis McKenna, University of British Columbia<br \/>\nSamar Safi-Harb, University of Manitoba<\/p>\n<hr \/>\n<hr \/>\n<h3><\/h3>\n<h3><span style=\"font-size: 24pt;\">FEPC+ 2027<\/span><\/h3>\n<p>\u00c0 venir bient\u00f4t &#8230;<\/p>\n<p>&nbsp;<\/p>\n<hr \/>\n<h3><strong>Emplacements pr\u00e9c\u00e9dents du FEPC+ :<\/strong><\/h3>\n<ul class=\"content-list\">\n<li><a href=\"https:\/\/cap.ca\/congress-conference\/women-in-physics-conference\/wipc-2025\/\">2025 &#8211; Queen&#8217;s University<\/a>, Ontario; <a href=\"https:\/\/www.queensu.ca\/wipc2025\/\">site web de la conf\u00e9rence<\/a><\/li>\n<li><a href=\"https:\/\/cap.ca\/fr\/?page_id=12526\">2023 &#8211; University of Manitoba<\/a>, Manitoba; <a href=\"https:\/\/www.physics.umanitoba.ca\/wipc2023\/\">site web de la conf\u00e9rence<\/a><\/li>\n<li>2020\/2021 &#8211; University of Manitoba, Manitoba<\/li>\n<li>2019 &#8211; McGill University, Qu\u00e9bec<\/li>\n<li>2018 &#8211; Universit\u00e9 de Sherbrooke, Qu\u00e9bec<\/li>\n<li><a href=\"https:\/\/cap.ca\/congress-conference\/women-in-physics-conference\/wipc-2017\/\">2017 &#8211; University of Waterloo<\/a>, Ontario; <a href=\"https:\/\/uwaterloo.ca\/institute-for-quantum-computing\/events\/conferences\/women-physics-canada-wipc-2017\">site web de la conf\u00e9rence<\/a><\/li>\n<li>2016 &#8211; University of Saskatchewan, Saskatchewan<a href=\"http:\/\/womeninphysicscanada.ca\/wipc2016\/\">\u00a0<\/a><\/li>\n<li>2015 &#8211; Fields Institute, University of Toronto, Ontario<\/li>\n<li>2013 &#8211; Simon Fraser University, British Columbia; <a href=\"https:\/\/www.sfu.ca\/physics\/news-events\/events\/2013\/wipc2013\/home.html\">site web de la conf\u00e9rence<\/a><\/li>\n<li>2012 &#8211; University of British Columbia, British Columbia; <a href=\"https:\/\/www.phas.ubc.ca\/~wipc2012\/\">site web de la conf\u00e9rence<\/a><\/li>\n<li>2011 &#8211; <a href=\"http:\/\/www.perimeterinstitute.ca\/conferences\/women-physics-canada\">P<\/a>erimeter Institut<a href=\"http:\/\/www.perimeterinstitute.ca\/conferences\/women-physics-canada\">e<\/a>, Ontario<\/li>\n<\/ul>\n","protected":false},"excerpt":{"rendered":"<p>Femmes+ en Physique Canada (FEPC+) est une conf\u00e9rence nationale qui s&#8217;adresse principalement (mais pas exclusivement) aux \u00e9tudiants dipl\u00f4m\u00e9s en physique, en astrophysique et dans des domaines connexes. La conf\u00e9rence a r\u00e9cemment lieu tous les deux ans ; elle comprend des pr\u00e9sentations d&#8217;\u00e9tudiants, des conf\u00e9rences magistrales, des tables rondes et des occasions d&#8217;interaction. FEPC+ est avant&#8230;  <a class=\"excerpt-read-more\" href=\"https:\/\/cap.ca\/fr\/congres-de-lacp\/women-in-physics-conference\/\" title=\"LireConf\u00e9rence des femmes en physique au Canada\">Lire la suite &raquo;<\/a><\/p>\n","protected":false},"author":7,"featured_media":0,"parent":3243,"menu_order":155,"comment_status":"closed","ping_status":"closed","template":"","meta":{"footnotes":""},"class_list":["post-26916","page","type-page","status-publish","hentry"],"_links":{"self":[{"href":"https:\/\/cap.ca\/fr\/wp-json\/wp\/v2\/pages\/26916","targetHints":{"allow":["GET"]}}],"collection":[{"href":"https:\/\/cap.ca\/fr\/wp-json\/wp\/v2\/pages"}],"about":[{"href":"https:\/\/cap.ca\/fr\/wp-json\/wp\/v2\/types\/page"}],"author":[{"embeddable":true,"href":"https:\/\/cap.ca\/fr\/wp-json\/wp\/v2\/users\/7"}],"replies":[{"embeddable":true,"href":"https:\/\/cap.ca\/fr\/wp-json\/wp\/v2\/comments?post=26916"}],"version-history":[{"count":5,"href":"https:\/\/cap.ca\/fr\/wp-json\/wp\/v2\/pages\/26916\/revisions"}],"predecessor-version":[{"id":28842,"href":"https:\/\/cap.ca\/fr\/wp-json\/wp\/v2\/pages\/26916\/revisions\/28842"}],"up":[{"embeddable":true,"href":"https:\/\/cap.ca\/fr\/wp-json\/wp\/v2\/pages\/3243"}],"wp:attachment":[{"href":"https:\/\/cap.ca\/fr\/wp-json\/wp\/v2\/media?parent=26916"}],"curies":[{"name":"wp","href":"https:\/\/api.w.org\/{rel}","templated":true}]}}