{"id":26609,"date":"2025-03-12T12:13:55","date_gmt":"2025-03-12T16:13:55","guid":{"rendered":"https:\/\/cap.ca\/congres-de-lacp\/congres-de-lacp-2025\/2025-concours-de-la-meilleure-presentation-etudiante\/2025-dgep-student-sponsorship-for-research-excellence\/"},"modified":"2025-03-12T12:16:28","modified_gmt":"2025-03-12T16:16:28","slug":"2025-dgep-student-sponsorship-for-research-excellence","status":"publish","type":"page","link":"https:\/\/cap.ca\/fr\/congres-de-lacp\/congres-anterieurs\/congres-de-lacp-2025\/2025-concours-de-la-meilleure-presentation-etudiante\/2025-dgep-student-sponsorship-for-research-excellence\/","title":{"rendered":"2025 DGEP Parrainage d&#8217;\u00e9tudiants pour l&#8217;excellence de la recherche"},"content":{"rendered":"<h5>*Nouveau pour 2025*<\/h5>\n<p>Ce prix, parrain\u00e9 par la Division for Gender Equity in Physics (DGEP), permet \u00e0 un \u00e9tudiant qui s&#8217;identifie comme une femme ou une minorit\u00e9 de genre d&#8217;assister au l&#8217;ACP. Il est destin\u00e9 \u00e0 soutenir un \u00e9tudiant qui soumet un r\u00e9sum\u00e9 exceptionnel et qui ne dispose d&#8217;aucune autre source de financement pour couvrir ses frais d&#8217;inscription au congr\u00e8s. Le laur\u00e9at sera s\u00e9lectionn\u00e9 sur la base d&#8217;une auto-s\u00e9lection et de la qualit\u00e9 du r\u00e9sum\u00e9 parmi les r\u00e9sum\u00e9s accept\u00e9s au Congr\u00e8s. Si vous vous identifiez comme une femme ou une minorit\u00e9 de genre, et si vous souhaitez \u00eatre pris en consid\u00e9ration pour ce prix, veuillez indiquer bri\u00e8vement comment ce prix soutiendra votre participation au Congr\u00e8s 2025 lors de la soumission de votre r\u00e9sum\u00e9, y compris la pertinence du Congr\u00e8s 2025 pour votre d\u00e9veloppement professionnel et le statut de toute autre source de financement disponible pour vous.<\/p>\n<p>&nbsp;<\/p>\n","protected":false},"excerpt":{"rendered":"<p>*Nouveau pour 2025* Ce prix, parrain\u00e9 par la Division for Gender Equity in Physics (DGEP), permet \u00e0 un \u00e9tudiant qui s&#8217;identifie comme une femme ou une minorit\u00e9 de genre d&#8217;assister au l&#8217;ACP. Il est destin\u00e9 \u00e0 soutenir un \u00e9tudiant qui soumet un r\u00e9sum\u00e9 exceptionnel et qui ne dispose d&#8217;aucune autre source de financement pour couvrir&#8230;  <a class=\"excerpt-read-more\" href=\"https:\/\/cap.ca\/fr\/congres-de-lacp\/congres-anterieurs\/congres-de-lacp-2025\/2025-concours-de-la-meilleure-presentation-etudiante\/2025-dgep-student-sponsorship-for-research-excellence\/\" title=\"Lire2025 DGEP Parrainage d&#8217;\u00e9tudiants pour l&#8217;excellence de la recherche\">Lire la suite &raquo;<\/a><\/p>\n","protected":false},"author":5,"featured_media":0,"parent":26372,"menu_order":3,"comment_status":"closed","ping_status":"closed","template":"","meta":{"footnotes":""},"class_list":["post-26609","page","type-page","status-publish","hentry"],"_links":{"self":[{"href":"https:\/\/cap.ca\/fr\/wp-json\/wp\/v2\/pages\/26609","targetHints":{"allow":["GET"]}}],"collection":[{"href":"https:\/\/cap.ca\/fr\/wp-json\/wp\/v2\/pages"}],"about":[{"href":"https:\/\/cap.ca\/fr\/wp-json\/wp\/v2\/types\/page"}],"author":[{"embeddable":true,"href":"https:\/\/cap.ca\/fr\/wp-json\/wp\/v2\/users\/5"}],"replies":[{"embeddable":true,"href":"https:\/\/cap.ca\/fr\/wp-json\/wp\/v2\/comments?post=26609"}],"version-history":[{"count":2,"href":"https:\/\/cap.ca\/fr\/wp-json\/wp\/v2\/pages\/26609\/revisions"}],"predecessor-version":[{"id":26611,"href":"https:\/\/cap.ca\/fr\/wp-json\/wp\/v2\/pages\/26609\/revisions\/26611"}],"up":[{"embeddable":true,"href":"https:\/\/cap.ca\/fr\/wp-json\/wp\/v2\/pages\/26372"}],"wp:attachment":[{"href":"https:\/\/cap.ca\/fr\/wp-json\/wp\/v2\/media?parent=26609"}],"curies":[{"name":"wp","href":"https:\/\/api.w.org\/{rel}","templated":true}]}}