{"id":26593,"date":"2025-03-05T13:15:39","date_gmt":"2025-03-05T18:15:39","guid":{"rendered":"https:\/\/cap.ca\/congres-de-lacp\/congres-de-lacp-2025\/2025-professional-development-and-workshops\/"},"modified":"2025-05-21T11:06:36","modified_gmt":"2025-05-21T15:06:36","slug":"2025-professional-development-and-workshops","status":"publish","type":"page","link":"https:\/\/cap.ca\/fr\/congres-de-lacp\/congres-anterieurs\/congres-de-lacp-2025\/2025-professional-development-and-workshops\/","title":{"rendered":"2025 D\u00e9veloppement professionnel et ateliers"},"content":{"rendered":"<ul class=\"content-list\">\n<li><a href=\"#HSTW\">Atelier des enseignants du secondaire 2025<\/a> &#8211; Lundi, 9 juin (journ\u00e9e)<\/li>\n<li><a href=\"#CSP\">\u00c9ditions scientifiques canadiennes<\/a> &#8211; Lundi, 9 juin (12-1:30)<\/li>\n<li><a href=\"#Improv\">Improv-phys-ation pour un changement de culture<\/a> &#8211; Mardi, 10 juin (10:15-12:00)<\/li>\n<li><a href=\"#SciPol\">Forger la voie de l&#8217;ACP : La politique scientifique et le plaidoyer dans un monde turbulent<\/a> &#8211; Mardi, 10 juin (12-1:30)<\/li>\n<li><a href=\"#Climate\">Physique, changement climatique et transition vers le d\u00e9veloppement durable<\/a> &#8211; Mardi, 10 juin, (14:15-17:45)<\/li>\n<\/ul>\n<p>&nbsp;<\/p>\n<hr \/>\n<h3><\/h3>\n<h3><a id=\"HSTW\"><\/a><strong>Atelier des enseignants du secondaire 2025<\/strong><\/h3>\n<p>(Lundi, 9 juin, journ\u00e9e)<\/p>\n<p><a href=\"https:\/\/cap.ca\/wp-content\/uploads\/2025\/04\/2025-CAP-Congress-High-School-Teacher-Workshop-Schedule.pdf\">CLIQUEZ ICI POUR LE PROGRAMME <\/a><\/p>\n<p>L&#8217;atelier des enseignants du secondaire de l&#8217;ACP se tiendra le lundi 9 juin 2025 \u00e0 l&#8217;Universit\u00e9 de la Saskatchewan dans le cadre du Congr\u00e8s 2025 de l&#8217;ACP. Cet atelier passionnant et instructif offrira aux enseignants du secondaire l&#8217;occasion de rencontrer des coll\u00e8gues de tout le Canada, ainsi que l&#8217;acc\u00e8s \u00e0 des techniques d&#8217;apprentissage et \u00e0 des ressources p\u00e9dagogiques novatrices. La journ\u00e9e sera anim\u00e9e par des experts mondiaux en physique \u00e0 travers des activit\u00e9s d&#8217;atelier et des conf\u00e9renciers, y compris des visites du Centre canadien de rayonnement synchrotron, de l&#8217;Observatoire d&#8217;USask et des laboratoires de physique et d&#8217;ing\u00e9nierie physique.<\/p>\n<p><strong>D\u00e9tails de l&#8217;inscription (ouverture des inscriptions mi-avril):<\/strong><\/p>\n<p>La date limite d&#8217;inscription \u00e0 tarif r\u00e9duit est fix\u00e9e au 28 mai 2025. Vous pouvez acc\u00e9der au syst\u00e8me d&#8217;inscription \u00e0 l&#8217;adresse <a href=\"\u00ab\">https:\/\/crm.cap.ca\/fr<\/a>. Apr\u00e8s avoir ouvert une session, cliquez sur \u00ab Vos \u00e9v\u00e9nements \u201c, puis sur \u201d S&#8217;inscrire au Congr\u00e8s 2025 de l&#8217;ACP \u00bb<\/p>\n<p><strong>Les frais d&#8217;inscription sont de 25 $ pour les enseignants du secondaire membres de l&#8217;ACP.<\/strong><\/p>\n<p><strong>Les frais d&#8217;inscription sont de 50 $ pour les enseignants du secondaire non-membres et inclu une adh\u00e9sion \u00e0 l&#8217;ACP jusqu&#8217;au 31 d\u00e9cembre, 2025.<\/strong><\/p>\n<p>Pour plus d&#8217;informations sur l&#8217;adh\u00e9sion des enseignants du secondaire, veuillez suivre <a href=\"\u00ab\">https:\/\/cap.ca\/fr\/adhesion\/corps-professoral-ecole-secondaire-college\/<\/a>. Les frais d&#8217;adh\u00e9sion des enseignants du secondaire \u00e0 l&#8217;ACP sont de 30 $.<\/p>\n<p>Les frais d&#8217;inscription augmentent apr\u00e8s le 28 mai pour les membres et les non-membres : <a href=\"https:\/\/cap.ca\/congress-conference\/2025-cap-congress\/2025-registration-fees\/\" target=\"_blank\" rel=\"noopener\">https:\/\/cap.ca\/congress-conference\/2025-cap-congress\/2025-registration-fees\/<\/a><\/p>\n<p>Sur le formulaire d&#8217;inscription, assurez-vous de s\u00e9lectionner au moins le lundi pour l&#8217;option \u00ab Assister le (jours) \u00bb. Veuillez noter que les enseignants qui s&#8217;inscrivent \u00e0 l&#8217;avance peuvent choisir d&#8217;assister uniquement \u00e0 la journ\u00e9e d&#8217;atelier des enseignants du secondaire (lundi) ou d&#8217;assister \u00e0 d&#8217;autres journ\u00e9es individuelles ou \u00e0 toutes les journ\u00e9es du congr\u00e8s de l&#8217;ACP sans frais suppl\u00e9mentaires.<\/p>\n<p><a href=\"#Top\">Retour en haut<\/a><\/p>\n<p>&nbsp;<\/p>\n<hr \/>\n<h3><\/h3>\n<h3><a id=\"CSP\"><\/a><strong>\u00c9ditions scientifiques canadiennes<\/strong><\/h3>\n<p>(lundi, 9 juin, 12:00-13:30)<\/p>\n<p>La <em>Revue canadienne de physique<\/em> organise \u00e0 nouveau un atelier de d\u00e9veloppement professionnel dans le cadre du congr\u00e8s de l&#8217;ACP. Voici les d\u00e9tails de l&#8217;atelier de cette ann\u00e9e.<\/p>\n<p><strong>Processus de publication et examen par les pairs &#8211; h\u00e9berg\u00e9 par le <em>Journal canadien de physique<\/em><\/strong><\/p>\n<p>R\u00e9sum\u00e9 : Rejoignez le <em>Journal canadien de physique<\/em> pour une discussion structur\u00e9e sur l&#8217;industrie de l&#8217;\u00e9dition et les processus et r\u00f4les impliqu\u00e9s dans la publication d&#8217;un manuscrit. De la paternit\u00e9 et de la soumission aux droits d&#8217;auteur et aux protections apr\u00e8s publication, nous discuterons de la fa\u00e7on dont votre recherche est \u00e9valu\u00e9e et trait\u00e9e dans les revues de physique de tous les \u00e9diteurs. Les meilleures pratiques en mati\u00e8re d&#8217;\u00e9valuation par les pairs, en tant qu&#8217;auteur ou \u00e9valuateur, seront \u00e9galement pr\u00e9sent\u00e9es.<\/p>\n<p>&lt;p&#8221;&gt;Nous invitons les physiciens \u00e0 tous les stades de leur carri\u00e8re \u00e0 poser des questions, \u00e0 r\u00e9fl\u00e9chir sur leurs exp\u00e9riences en mati\u00e8re de publication et \u00e0 apprendre quelque chose de nouveau ! La discussion sera anim\u00e9e par Jocelyn Sinclair, sp\u00e9cialiste du d\u00e9veloppement des revues, et par les r\u00e9dacteurs en chef de CJP, le professeur Marco Merkli (Memorial University of Newfoundland) et le docteur Zahra Yamani (Laboratoires nucl\u00e9aires canadiens).<\/p>\n<p><a href=\"#Top\">Retour en haut<\/a><\/p>\n<p>&nbsp;<\/p>\n<hr \/>\n<h3><\/h3>\n<h3><a id=\"Improv\"><\/a><strong>Improv-phys-ation pour un changement de culture<\/strong><\/h3>\n<p>(mardi, 10 juin, 10:15-12:00)<\/p>\n<p><span style=\"font-weight: 400;\">Les interactions sont fondamentales en physique, qu&#8217;il s&#8217;agisse de forces physiques entre syst\u00e8mes ou de dynamiques sociales entre humains. Cr\u00e9ons un laboratoire rempli de camaraderie pour d\u00e9couvrir les pr\u00e9jug\u00e9s et tester les hypoth\u00e8ses qui sous-tendent nos interactions quotidiennes les uns avec les autres et avec la physique. Rejoignez-nous pour appliquer les outils et les techniques de l&#8217;improvisation th\u00e9\u00e2trale (improv) au cours de cette session interactive. Nous exp\u00e9rimenterons de mani\u00e8re ludique ce que nous pouvons apprendre en nous engageant dans des exercices d&#8217;improvisation pour construire des communaut\u00e9s d&#8217;apprentissage et de recherche en physique plus saines.<\/span><\/p>\n<p><span style=\"font-weight: 400;\">Ressources\/inspirations :<\/span><\/p>\n<ul class=\"content-list\">\n<li style=\"font-weight: 400;\" aria-level=\"1\"><a href=\"https:\/\/www.specta-c-tor.ch\/en\/coffee-machine\"><span style=\"font-weight: 400;\">Specta(c)tor Theatre Forum<\/span><\/a><\/li>\n<li style=\"font-weight: 400;\" aria-level=\"1\"><span style=\"font-weight: 400;\">improv dans l&#8217;\u00e9ducation de la physique : <\/span><a href=\"http:\/\/newsletter.oapt.ca\/files\/Improv-PHYS-ation.html\"><span style=\"font-weight: 400;\">Improv-phys-ation<\/span><\/a><\/li>\n<li style=\"font-weight: 400;\" aria-level=\"1\"><span style=\"font-weight: 400;\">improv dans l&#8217;\u00e9ducation dans les \u00e9tudes sup\u00e9rieure :\u00a0 <\/span><a href=\"https:\/\/eastsideinstitute.org\/yes-and-higher-education-network\/\"><span style=\"font-weight: 400;\">Yes, And Higher Ed Network<\/span><\/a><\/li>\n<li style=\"font-weight: 400;\" aria-level=\"1\">improvisation\/jeu pour le changement culturel : <a style=\"background-color: #ffffff;\" href=\"https:\/\/www.globalplaybrigade.org\/about-us\">Global Play Brigade<\/a><\/li>\n<\/ul>\n<p><a href=\"#Top\">Retour en haut<\/a><\/p>\n<p>&nbsp;<\/p>\n<hr \/>\n<h3><\/h3>\n<h3><a id=\"SciPol\"><\/a><strong>Forger la voie de l&#8217;ACP : La politique scientifique et le plaidoyer dans un monde turbulent<\/strong><\/h3>\n<p>(mardi, 10 juin, 12:00-13:30)<\/p>\n<p>Les perturbations scientifiques aux \u00c9tats-Unis et le d\u00e9clin de la confiance du public \u00e9rodent le contrat social de la recherche et remettent en question la science ouverte \u00e0 l&#8217;\u00e9chelle mondiale, avec des r\u00e9percussions in\u00e9vitables sur le Canada. Cette session interactive de l&#8217;ACP vise \u00e0 fa\u00e7onner de mani\u00e8re proactive la r\u00e9ponse de notre communaut\u00e9. Apr\u00e8s une introduction du Directeur de la politique scientifique et du plaidoyer de l&#8217;ACP et l&#8217;identification des th\u00e8mes cl\u00e9s, les membres collaboreront en groupes sur un sujet d&#8217;int\u00e9r\u00eat commun. Ensemble, nous \u00e9laborerons des recommandations concr\u00e8tes et des priorit\u00e9s strat\u00e9giques pour la politique scientifique et le plaidoyer de l&#8217;ACP. Vos id\u00e9es sont cruciales pour permettre \u00e0 l&#8217;ACP de se faire le champion d&#8217;un avenir scientifique ouvert et r\u00e9silient pour le Canada. Venez apporter votre contribution ou simplement vous renseigner sur la politique scientifique au Canada.<\/p>\n<p><a href=\"#Top\">Retour en haut<\/a><\/p>\n<p>&nbsp;<\/p>\n<hr \/>\n<h3><\/h3>\n<h3><a id=\"Climate\"><\/a><strong>Physique, changement climatique et transition vers le d\u00e9veloppement durable<\/strong><\/h3>\n<p>(mardi, 10 juin, 14:15-17:45)<\/p>\n<p>Les th\u00e8mes abord\u00e9s ne se limitent pas \u00e0 la science du climat, mais concernent \u00e9galement les strat\u00e9gies d&#8217;att\u00e9nuation et la transition \u00e9nerg\u00e9tique. Cet \u00e9v\u00e9nement vise \u00e0 souligner la contribution essentielle de la communaut\u00e9 des physicien(ne)s au Canada \u00e0 cette question cruciale.<\/p>\n<p>Organisateurs : Rachel Wortis et Kris Poduska<\/p>\n<p>Ouvert aux contributions<\/p>\n<p><a href=\"#Top\">Retour en haut<\/a><\/p>\n","protected":false},"excerpt":{"rendered":"<p>Atelier des enseignants du secondaire 2025 &#8211; Lundi, 9 juin (journ\u00e9e) \u00c9ditions scientifiques canadiennes &#8211; Lundi, 9 juin (12-1:30) Improv-phys-ation pour un changement de culture &#8211; Mardi, 10 juin (10:15-12:00) Forger la voie de l&#8217;ACP : La politique scientifique et le plaidoyer dans un monde turbulent &#8211; Mardi, 10 juin (12-1:30) Physique, changement climatique et&#8230;  <a class=\"excerpt-read-more\" href=\"https:\/\/cap.ca\/fr\/congres-de-lacp\/congres-anterieurs\/congres-de-lacp-2025\/2025-professional-development-and-workshops\/\" title=\"Lire2025 D\u00e9veloppement professionnel et ateliers\">Lire la suite &raquo;<\/a><\/p>\n","protected":false},"author":5,"featured_media":0,"parent":24572,"menu_order":-8,"comment_status":"closed","ping_status":"closed","template":"","meta":{"footnotes":""},"class_list":["post-26593","page","type-page","status-publish","hentry"],"_links":{"self":[{"href":"https:\/\/cap.ca\/fr\/wp-json\/wp\/v2\/pages\/26593","targetHints":{"allow":["GET"]}}],"collection":[{"href":"https:\/\/cap.ca\/fr\/wp-json\/wp\/v2\/pages"}],"about":[{"href":"https:\/\/cap.ca\/fr\/wp-json\/wp\/v2\/types\/page"}],"author":[{"embeddable":true,"href":"https:\/\/cap.ca\/fr\/wp-json\/wp\/v2\/users\/5"}],"replies":[{"embeddable":true,"href":"https:\/\/cap.ca\/fr\/wp-json\/wp\/v2\/comments?post=26593"}],"version-history":[{"count":26,"href":"https:\/\/cap.ca\/fr\/wp-json\/wp\/v2\/pages\/26593\/revisions"}],"predecessor-version":[{"id":27100,"href":"https:\/\/cap.ca\/fr\/wp-json\/wp\/v2\/pages\/26593\/revisions\/27100"}],"up":[{"embeddable":true,"href":"https:\/\/cap.ca\/fr\/wp-json\/wp\/v2\/pages\/24572"}],"wp:attachment":[{"href":"https:\/\/cap.ca\/fr\/wp-json\/wp\/v2\/media?parent=26593"}],"curies":[{"name":"wp","href":"https:\/\/api.w.org\/{rel}","templated":true}]}}