{"id":26571,"date":"2025-02-28T11:41:57","date_gmt":"2025-02-28T16:41:57","guid":{"rendered":"https:\/\/cap.ca\/?page_id=26571"},"modified":"2025-05-17T20:38:33","modified_gmt":"2025-05-18T00:38:33","slug":"2025-frais-dinscription","status":"publish","type":"page","link":"https:\/\/cap.ca\/fr\/congres-de-lacp\/congres-anterieurs\/congres-de-lacp-2025\/2025-frais-dinscription\/","title":{"rendered":"2025 Frais d&#8217;inscription"},"content":{"rendered":"<div class=\"wpb-content-wrapper\"><p>[vc_row][vc_column][vc_column_text css=&#8221;&#8221;]<\/p>\n<h1>L\u2019inscription au Congr\u00e8s 2025 est d\u00e9sormais ouverte !<\/h1>\n<h3>La pr\u00e9inscription (avec options alimentaires) est possible jusqu&#8217;\u00e0 23h59 ET le mercredi 28 mai.<\/h3>\n<p>&nbsp;<\/p>\n<p>Pour s\u2019inscrire :<\/p>\n<ul class=\"content-list\">\n<li>Acc\u00e9der au syst\u00e8me d\u2019inscription \u00e0 l\u2019adresse suivante\u00a0<a href=\"https:\/\/crm.cap.ca\/\">https:\/\/crm.cap.ca<\/a><b>.<\/b><\/li>\n<li>La fen\u00eatre de connexion peut \u00eatre utilis\u00e9e par les membres et les non-membres qui ont d\u00e9j\u00e0 un compte dans le syst\u00e8me ACP.<\/li>\n<li><strong>Les non-membres qui n\u2019ont pas encore cr\u00e9\u00e9 de compte dans le syst\u00e8me ACP<\/strong> peuvent utiliser le lien \u201cCr\u00e9ation d\u2019un compte non-membre\u201d sous la fen\u00eatre de connexion pour cr\u00e9er un compte et acc\u00e9der au lien d\u2019inscription au congr\u00e8s 2025.<\/li>\n<li>Une fois connect\u00e9, vous verrez un lien vers \u201cS\u2019inscrire au congr\u00e8s de l\u2019ACP 2025\u201d sous Vos \u00e9v\u00e9nements.<\/li>\n<\/ul>\n<p>Si vous avez des questions, veuillez contacter Ellen \u00e0 l\u2019adresse programs@cap.ca.[\/vc_column_text][vc_message css=&#8221;&#8221;]Le programme du congr\u00e8s peut \u00eatre consult\u00e9 sur notre <a href=\"https:\/\/indico.global\/event\/442\/timetable\/#20250608\" target=\"_blank\" rel=\"noopener\">site web Indico Congress Program<\/a>.[\/vc_message][vc_column_text css=&#8221;&#8221;]<strong>PARTICIPATION EN PERSONNE<\/strong><\/p>\n<p>Nous nous r\u00e9jouissons d&#8217;accueillir tous les pr\u00e9sentateurs\/conf\u00e9renciers et autres d\u00e9l\u00e9gu\u00e9s qui ont choisi de participer \u00e0 notre congr\u00e8s de 2025 \u00e0 l&#8217;Universit\u00e9 de Saskatchewan \u00e0 Saskatoon en Saskatchewan. Veuillez consulter les diff\u00e9rentes pages Web fournies par notre comit\u00e9 organisateur local pour obtenir des informations importantes sur le voyage \u00e0 Saskatoon et sur les endroits o\u00f9 loger et manger pendant votre s\u00e9jour.<\/p>\n<p>Des bo\u00eetes \u00e0 lunch seront disponibles, au prix co\u00fbtant, dans le formulaire d&#8217;inscription pour ceux qui ont l&#8217;intention de participer aux sessions \u00e0 l&#8217;heure du d\u00e9jeuner.<\/p>\n<h4>DROITS D&#8217;INSCRIPTION<\/h4>\n<p><strong>Les frais d&#8217;inscription indiqu\u00e9s ci-dessous sont en dollars canadiens. La TPS de 5% sera ajout\u00e9e \u00e0 ces frais. L&#8217;inscription en ligne sera ouverte en avril.<\/strong><\/p>\n<p>Les frais d&#8217;inscription \u00e0 l&#8217;ensemble du congr\u00e8s comprennent des rafra\u00eechissements lors de plusieurs \u00e9v\u00e9nements sociaux et des pauses sant\u00e9 pendant toute la dur\u00e9e de la conf\u00e9rence. Le d\u00eener-banquet de l&#8217;ACP (jeudi soir), les d\u00e9jeuners sp\u00e9ciaux et certains \u00e9v\u00e9nements sp\u00e9ciaux ne sont pas inclus dans les frais d&#8217;inscription, mais vous pourrez acheter des billets lors de votre inscription, si vous pr\u00e9voyez d&#8217;y assister.<\/p>\n<p>Les frais d&#8217;inscription pour une journ\u00e9e comprennent les pauses sant\u00e9 de la journ\u00e9e. Les d\u00e9jeuners d&#8217;affaires, les d\u00eeners, les \u00e9v\u00e9nements sociaux et les visites sp\u00e9ciales ne sont pas inclus dans les frais d&#8217;inscription d&#8217;une journ\u00e9e, mais vous pourrez acheter des billets lors de votre inscription.<\/p>\n<p>La participation virtuelle n&#8217;est pas propos\u00e9e en 2025.<\/p>\n<p>&nbsp;<\/p>\n<table style=\"width: 100%; height: 1530px;\" border=\"1\" cellspacing=\"1\" cellpadding=\"1\">\n<tbody>\n<tr style=\"height: 39px;\">\n<td style=\"width: 26.4383%; height: 151px;\" rowspan=\"4\"><span style=\"font-size: 12pt;\"><strong><br \/>\n<\/strong><\/span><strong>Frais d&#8217;inscription au congr\u00e8s ACP 2025<\/strong><\/td>\n<td style=\"width: 58.2193%; text-align: center; height: 39px;\" colspan=\"3\"><strong><span style=\"font-size: 10pt;\">DROITS D&#8217;INSCRIPTION<\/span><\/strong><\/td>\n<\/tr>\n<tr style=\"height: 39px;\">\n<td style=\"height: 39px; width: 21.6438%; text-align: center;\" align=\"center\"><span style=\"font-size: 10pt;\">PR\u00c9C\u00c9DENT<\/span><\/td>\n<td style=\"height: 39px; width: 19.8631%; text-align: center;\" align=\"center\"><span style=\"font-size: 10pt;\">R\u00c9GULIER<\/span><\/td>\n<td style=\"height: 39px; width: 16.7124%; text-align: center;\" align=\"center\"><span style=\"font-size: 10pt;\">EN RETARD\/SUR PLACE<\/span><\/td>\n<\/tr>\n<tr style=\"height: 67px;\">\n<td style=\"height: 63px; width: 21.6438%; text-align: center;\" align=\"center\"><span style=\"font-size: 10pt;\">au plus tard \u00e0<\/span><br \/>\n<span style=\"font-size: 10pt;\">23h59 (HE)<\/span><br \/>\n<span style=\"font-size: 10pt;\">Le 11 mai<\/span><\/td>\n<td style=\"height: 63px; width: 19.8631%; text-align: center;\" align=\"center\"><span style=\"font-size: 10pt;\">Du 12 mai au<\/span><br \/>\n<span style=\"font-size: 10pt;\">23h59 (HE) 28 mai<br \/>\n<\/span><\/td>\n<td style=\"height: 63px; width: 16.7124%; text-align: center;\" align=\"center\"><span style=\"font-size: 10pt;\">Du 29 mai au 13 juin<\/span><\/td>\n<\/tr>\n<tr style=\"height: 30px;\">\n<td style=\"height: 10px; width: 58.2193%;\" colspan=\"3\"><span style=\"font-size: 10pt;\"><strong><span style=\"color: #ff0000; font-size: 12pt;\">Inscription compl\u00e8te \u00e0 la conf\u00e9rence :<\/span><br \/>\nNOTE IMPORTANTE : Ce tarif est automatiquement appliqu\u00e9 \u00e0 toute inscription \u00e0 au moins trois des cinq jours du Congr\u00e8s (lundi, mardi, mercredi, jeudi ou vendredi). \u00a0\u00a0<\/strong><\/span><span style=\"font-size: 10pt;\"><strong><span style=\"color: #ff0000; font-size: 12pt;\"><br \/>\n<\/span><\/strong><\/span><\/td>\n<\/tr>\n<tr style=\"height: 30px;\">\n<td style=\"height: 30px; width: 67.9452%; padding-left: 30px;\" colspan=\"3\"><strong>TARIFS MEMBRES \/ CONF\u00c9RENCIERS INVIT\u00c9S<\/strong><\/td>\n<td style=\"height: 30px; width: 16.7124%; text-align: center;\"><\/td>\n<\/tr>\n<tr style=\"height: 30px;\">\n<td style=\"height: 30px; width: 26.4383%; padding-left: 30px;\"><span style=\"font-size: 10pt;\">Membres \/ Orateurs invit\u00e9s<\/span><\/td>\n<td style=\"height: 30px; width: 21.6438%; text-align: center;\"><span style=\"font-size: 10pt;\">$490<\/span><\/td>\n<td style=\"height: 30px; width: 19.8631%; text-align: center;\"><span style=\"font-size: 10pt;\">$540<\/span><\/td>\n<td style=\"height: 30px; width: 16.7124%; text-align: center;\"><span style=\"font-size: 10pt;\">$640<\/span><\/td>\n<\/tr>\n<tr style=\"height: 30px;\">\n<td style=\"height: 30px; width: 26.4383%; padding-left: 30px;\"><span style=\"font-size: 10pt;\">Membre : D\u00e9but de carri\u00e8re (dans les 4 ans suivant l&#8217;obtention du dipl\u00f4me le plus \u00e9lev\u00e9)<\/span><\/td>\n<td style=\"height: 30px; width: 21.6438%; text-align: center;\"><span style=\"font-size: 10pt;\">$340<\/span><\/td>\n<td style=\"height: 30px; width: 19.8631%; text-align: center;\"><span style=\"font-size: 10pt;\">$390<\/span><\/td>\n<td style=\"height: 30px; width: 16.7124%; text-align: center;\"><span style=\"font-size: 10pt;\">$490<\/span><\/td>\n<\/tr>\n<tr style=\"height: 30px;\">\n<td style=\"height: 30px; width: 26.4383%; padding-left: 30px;\"><span style=\"font-size: 10pt;\">Membre : retrait\u00e9s<\/span><\/td>\n<td style=\"height: 30px; width: 21.6438%; text-align: center;\"><span style=\"font-size: 10pt;\">$340<\/span><\/td>\n<td style=\"height: 30px; width: 19.8631%; text-align: center;\"><span style=\"font-size: 10pt;\">$390<\/span><\/td>\n<td style=\"height: 30px; width: 16.7124%; text-align: center;\"><span style=\"font-size: 10pt;\">$490<\/span><\/td>\n<\/tr>\n<tr style=\"height: 39px;\">\n<td style=\"height: 39px; width: 26.4383%; padding-left: 30px;\"><span style=\"font-size: 10pt;\">Membres : \u00c9tudiants dipl\u00f4m\u00e9s<\/span><\/td>\n<td class=\"rtecenter\" style=\"height: 39px; width: 21.6438%; text-align: center;\"><span style=\"font-size: 10pt;\">$300<\/span><\/td>\n<td class=\"rtecenter\" style=\"height: 39px; width: 19.8631%; text-align: center;\"><span style=\"font-size: 10pt;\">$350<\/span><\/td>\n<td class=\"rtecenter\" style=\"height: 39px; width: 16.7124%; text-align: center;\"><span style=\"font-size: 10pt;\">$450<\/span><\/td>\n<\/tr>\n<tr style=\"height: 39px;\">\n<td style=\"height: 39px; width: 26.4383%; padding-left: 30px;\"><span style=\"font-size: 10pt;\">Affili\u00e9s \u00e0 l&#8217;ACP pour les \u00e9tudiants de premier cycle**.<\/span><\/td>\n<td class=\"rtecenter\" style=\"height: 39px; width: 21.6438%; text-align: center;\"><span style=\"font-size: 10pt;\">$200<\/span><\/td>\n<td class=\"rtecenter\" style=\"height: 39px; width: 19.8631%; text-align: center;\"><span style=\"font-size: 10pt;\">$250<\/span><\/td>\n<td class=\"rtecenter\" style=\"height: 39px; width: 16.7124%; text-align: center;\"><span style=\"font-size: 10pt;\">$350<\/span><\/td>\n<\/tr>\n<tr style=\"height: 39px;\">\n<td style=\"height: 39px; width: 26.4383%; padding-left: 30px;\"><span style=\"font-size: 10pt;\">Membre : Enseignants du secondaire \/ CEGEP \/ Coll\u00e8ge <\/span><\/td>\n<td class=\"rtecenter\" style=\"height: 39px; width: 21.6438%; text-align: center;\"><span style=\"font-size: 10pt;\">$25<\/span><\/td>\n<td class=\"rtecenter\" style=\"height: 39px; width: 19.8631%; text-align: center;\"><span style=\"font-size: 10pt;\">$25<\/span><\/td>\n<td class=\"rtecenter\" style=\"height: 39px; width: 16.7124%; text-align: center;\"><span style=\"font-size: 10pt;\">$125<\/span><\/td>\n<\/tr>\n<tr style=\"height: 30px;\">\n<td style=\"height: 30px; width: 67.9452%; padding-left: 30px;\" colspan=\"3\"><strong>TARIFS POUR LES NON-MEMBRES<\/strong><\/td>\n<td style=\"height: 30px; width: 16.7124%; text-align: center;\"><\/td>\n<\/tr>\n<tr style=\"height: 30px;\">\n<td style=\"height: 30px; width: 26.4383%; padding-left: 30px;\"><span style=\"font-size: 10pt;\">Non-membres<\/span><\/td>\n<td style=\"height: 30px; width: 21.6438%; text-align: center;\"><span style=\"font-size: 10pt;\">$715<\/span><\/td>\n<td style=\"height: 30px; width: 19.8631%; text-align: center;\"><span style=\"font-size: 10pt;\">$765<\/span><\/td>\n<td style=\"height: 30px; width: 16.7124%; text-align: center;\"><span style=\"font-size: 10pt;\">$865<\/span><\/td>\n<\/tr>\n<tr style=\"height: 87px;\">\n<td style=\"width: 26.4383%; padding-left: 30px; height: 87px;\"><span style=\"font-size: 10pt;\">Non-membre : En d\u00e9but de carri\u00e8re (dans les 4 ans suivant l&#8217;obtention du dipl\u00f4me le plus \u00e9lev\u00e9)<\/span><\/td>\n<td class=\"rtecenter\" style=\"height: 87px; width: 21.6438%; text-align: center;\"><span style=\"font-size: 10pt;\">$470<\/span><\/td>\n<td class=\"rtecenter\" style=\"height: 87px; width: 19.8631%; text-align: center;\"><span style=\"font-size: 10pt;\">$510<\/span><\/td>\n<td class=\"rtecenter\" style=\"height: 87px; width: 16.7124%; text-align: center;\"><span style=\"font-size: 10pt;\">$610<\/span><\/td>\n<\/tr>\n<tr style=\"height: 39px;\">\n<td style=\"height: 39px; width: 26.4383%; padding-left: 30px;\"><span style=\"font-size: 10pt;\">Non-membres : Retrait\u00e9s<\/span><\/td>\n<td class=\"rtecenter\" style=\"height: 39px; width: 21.6438%; text-align: center;\"><span style=\"font-size: 10pt;\">$470<\/span><\/td>\n<td class=\"rtecenter\" style=\"height: 39px; width: 19.8631%; text-align: center;\"><span style=\"font-size: 10pt;\">$510<\/span><\/td>\n<td class=\"rtecenter\" style=\"height: 39px; width: 16.7124%; text-align: center;\"><span style=\"font-size: 10pt;\">$610<\/span><\/td>\n<\/tr>\n<tr style=\"height: 39px;\">\n<td style=\"height: 39px; width: 26.4383%; padding-left: 30px;\"><span style=\"font-size: 10pt;\">Non-membres : \u00c9tudiants dipl\u00f4m\u00e9s<\/span><br \/>\n<span style=\"font-size: 10pt;\">(NB : La carte d&#8217;\u00e9tudiant est exig\u00e9e lors de la remise du dossier d&#8217;inscription)<\/span><\/td>\n<td class=\"rtecenter\" style=\"height: 39px; width: 21.6438%; text-align: center;\"><span style=\"font-size: 10pt;\">$430<\/span><\/td>\n<td class=\"rtecenter\" style=\"height: 39px; width: 19.8631%; text-align: center;\"><span style=\"font-size: 10pt;\">$470<\/span><\/td>\n<td class=\"rtecenter\" style=\"height: 39px; width: 16.7124%; text-align: center;\"><span style=\"font-size: 10pt;\">$570<\/span><\/td>\n<\/tr>\n<tr style=\"height: 39px;\">\n<td style=\"height: 39px; width: 26.4383%; padding-left: 30px;\"><span style=\"font-size: 10pt;\">Non-membre : Lyc\u00e9es \/ CEGEP \/ <\/span><span style=\"font-size: 10pt;\">Enseignants de coll\u00e8ge<\/span><\/p>\n<p><span style=\"font-size: 10pt;\">(les frais comprennent l&#8217;adh\u00e9sion \u00e0 l&#8217;ACP) .<\/span><\/td>\n<td class=\"rtecenter\" style=\"height: 39px; width: 21.6438%; text-align: center;\"><span style=\"font-size: 10pt;\">$50<\/span><\/td>\n<td class=\"rtecenter\" style=\"height: 39px; width: 19.8631%; text-align: center;\"><span style=\"font-size: 10pt;\">$50<\/span><\/td>\n<td class=\"rtecenter\" style=\"height: 39px; width: 16.7124%; text-align: center;\"><span style=\"font-size: 10pt;\">$150<\/span><\/td>\n<\/tr>\n<tr style=\"height: 39px;\">\n<td style=\"height: 39px; width: 84.6576%;\" colspan=\"4\"><\/td>\n<\/tr>\n<tr style=\"height: 39px;\">\n<td style=\"height: 39px; width: 84.6576%;\" colspan=\"4\"><span style=\"font-size: 12pt;\"><span style=\"color: #ff0000;\"><strong>Inscription \u00e0 la journ\u00e9e (par jour, jusqu&#8217;\u00e0 2 jours)<\/strong><\/span><\/span><\/td>\n<\/tr>\n<tr style=\"height: 39px;\">\n<td style=\"height: 39px; width: 26.4383%; padding-left: 30px;\"><span style=\"font-size: 10pt;\">Membres \/ Orateurs invit\u00e9s<\/span><\/td>\n<td class=\"rtecenter\" style=\"height: 39px; width: 21.6438%; text-align: center;\"><span style=\"font-size: 10pt;\">\u00a0$225<\/span><\/td>\n<td class=\"rtecenter\" style=\"height: 39px; width: 19.8631%; text-align: center;\"><span style=\"font-size: 10pt;\">$250<\/span><\/td>\n<td class=\"rtecenter\" style=\"height: 39px; width: 16.7124%; text-align: center;\"><span style=\"font-size: 10pt;\">$300<\/span><\/td>\n<\/tr>\n<tr style=\"height: 63px;\">\n<td style=\"height: 63px; width: 26.4383%; padding-left: 30px;\"><span style=\"font-size: 10pt;\">Membre : En d\u00e9but de carri\u00e8re (dans les 4 ans suivant l&#8217;obtention du dipl\u00f4me le plus \u00e9lev\u00e9) <\/span><\/td>\n<td class=\"rtecenter\" style=\"height: 63px; width: 21.6438%; text-align: center;\"><span style=\"font-size: 10pt;\">$155<\/span><\/td>\n<td class=\"rtecenter\" style=\"height: 63px; width: 19.8631%; text-align: center;\"><span style=\"font-size: 10pt;\">$180<\/span><\/td>\n<td class=\"rtecenter\" style=\"height: 63px; width: 16.7124%; text-align: center;\"><span style=\"font-size: 10pt;\">$230<\/span><\/td>\n<\/tr>\n<tr style=\"height: 38.1719px;\">\n<td style=\"height: 38px; width: 26.4383%; padding-left: 30px;\"><span style=\"font-size: 10pt;\">Membre : retrait\u00e9s<\/span><\/td>\n<td class=\"rtecenter\" style=\"height: 38px; width: 21.6438%; text-align: center;\"><span style=\"font-size: 10pt;\">$155<\/span><\/td>\n<td class=\"rtecenter\" style=\"height: 38px; width: 19.8631%; text-align: center;\"><span style=\"font-size: 10pt;\">$180<\/span><\/td>\n<td class=\"rtecenter\" style=\"height: 38px; width: 16.7124%; text-align: center;\"><span style=\"font-size: 10pt;\">$230<\/span><\/td>\n<\/tr>\n<tr style=\"height: 39px;\">\n<td style=\"height: 39px; width: 26.4383%; padding-left: 30px;\"><span style=\"font-size: 10pt;\">Membres : \u00c9tudiants dipl\u00f4m\u00e9s <\/span><\/td>\n<td class=\"rtecenter\" style=\"height: 39px; width: 21.6438%; text-align: center;\"><span style=\"font-size: 10pt;\">$145<\/span><\/td>\n<td class=\"rtecenter\" style=\"height: 39px; width: 19.8631%; text-align: center;\"><span style=\"font-size: 10pt;\">$170<\/span><\/td>\n<td class=\"rtecenter\" style=\"height: 39px; width: 16.7124%; text-align: center;\"><span style=\"font-size: 10pt;\">$220<\/span><\/td>\n<\/tr>\n<tr style=\"height: 39px;\">\n<td style=\"height: 39px; width: 26.4383%; padding-left: 30px;\"><span style=\"font-size: 10pt;\">Affili\u00e9s \u00e0 l&#8217;ACP pour les \u00e9tudiants de premier cycle**. <\/span><\/td>\n<td class=\"rtecenter\" style=\"height: 39px; width: 21.6438%; text-align: center;\"><span style=\"font-size: 10pt;\">$75<\/span><\/td>\n<td class=\"rtecenter\" style=\"height: 39px; width: 19.8631%; text-align: center;\"><span style=\"font-size: 10pt;\">$100<\/span><\/td>\n<td class=\"rtecenter\" style=\"height: 39px; width: 16.7124%; text-align: center;\"><span style=\"font-size: 10pt;\">$150<\/span><\/td>\n<\/tr>\n<tr style=\"height: 39px;\">\n<td style=\"height: 39px; width: 26.4383%; padding-left: 30px;\"><span style=\"font-size: 10pt;\">Non-membres<\/span><\/td>\n<td class=\"rtecenter\" style=\"height: 39px; width: 21.6438%; text-align: center;\"><span style=\"font-size: 10pt;\">\u00a0$340<\/span><\/td>\n<td class=\"rtecenter\" style=\"height: 39px; width: 19.8631%; text-align: center;\"><span style=\"font-size: 10pt;\">$365<\/span><\/td>\n<td class=\"rtecenter\" style=\"height: 39px; width: 16.7124%; text-align: center;\"><span style=\"font-size: 10pt;\">$415<\/span><\/td>\n<\/tr>\n<tr style=\"height: 63px;\">\n<td style=\"height: 63px; width: 26.4383%; padding-left: 30px;\"><span style=\"font-size: 10pt;\">Non-membre : En d\u00e9but de carri\u00e8re (dans les 4 ans suivant l&#8217;obtention du dipl\u00f4me le plus \u00e9lev\u00e9) <\/span><\/td>\n<td class=\"rtecenter\" style=\"height: 63px; width: 21.6438%; text-align: center;\"><span style=\"font-size: 10pt;\">$200<\/span><\/td>\n<td class=\"rtecenter\" style=\"height: 63px; width: 19.8631%; text-align: center;\"><span style=\"font-size: 10pt;\">$225<\/span><\/td>\n<td class=\"rtecenter\" style=\"height: 63px; width: 16.7124%; text-align: center;\"><span style=\"font-size: 10pt;\">$275<\/span><\/td>\n<\/tr>\n<tr style=\"height: 39px;\">\n<td style=\"height: 39px; width: 26.4383%; padding-left: 30px;\"><span style=\"font-size: 10pt;\">Non-membres : Retrait\u00e9s<\/span><\/td>\n<td class=\"rtecenter\" style=\"height: 39px; width: 21.6438%; text-align: center;\"><span style=\"font-size: 10pt;\">$200<\/span><\/td>\n<td class=\"rtecenter\" style=\"height: 39px; width: 19.8631%; text-align: center;\"><span style=\"font-size: 10pt;\">$225<\/span><\/td>\n<td class=\"rtecenter\" style=\"height: 39px; width: 16.7124%; text-align: center;\"><span style=\"font-size: 10pt;\">$275<\/span><\/td>\n<\/tr>\n<tr style=\"height: 39px;\">\n<td style=\"height: 39px; width: 26.4383%; padding-left: 30px;\"><span style=\"font-size: 10pt;\">Non-membres : \u00c9tudiants dipl\u00f4m\u00e9s<\/span><\/td>\n<td class=\"rtecenter\" style=\"height: 39px; width: 21.6438%; text-align: center;\"><span style=\"font-size: 10pt;\">\u00a0$180<\/span><\/td>\n<td class=\"rtecenter\" style=\"height: 39px; width: 19.8631%; text-align: center;\"><span style=\"font-size: 10pt;\">$205<\/span><\/td>\n<td class=\"rtecenter\" style=\"height: 39px; width: 16.7124%; text-align: center;\"><span style=\"font-size: 10pt;\">$255<\/span><\/td>\n<\/tr>\n<tr style=\"height: 39px;\">\n<td style=\"height: 39px; width: 84.6576%;\" colspan=\"4\"><span style=\"font-size: 10pt; color: #ff0000;\"><strong>Atelier pour les enseignants du secondaire (LUNDI) :<\/strong><\/span><\/td>\n<\/tr>\n<tr style=\"height: 39px;\">\n<td style=\"height: 39px; width: 26.4383%; padding-left: 30px;\"><span style=\"font-size: 10pt;\">Membre : Lyc\u00e9e \/ CEGEP \/ Coll\u00e8ge <\/span><span style=\"font-size: 10pt;\">Enseignants ***<\/span><\/td>\n<td class=\"rtecenter\" style=\"height: 39px; width: 21.6438%; text-align: center;\"><span style=\"font-size: 10pt;\">\u00a0$25<\/span><\/td>\n<td class=\"rtecenter\" style=\"height: 39px; width: 19.8631%; text-align: center;\"><span style=\"font-size: 10pt;\">\u00a0$25<\/span><\/td>\n<td class=\"rtecenter\" style=\"height: 39px; width: 16.7124%; text-align: center;\"><span style=\"font-size: 10pt;\">$125<\/span><\/td>\n<\/tr>\n<tr style=\"height: 39px;\">\n<td style=\"height: 39px; width: 26.4383%; padding-left: 30px;\"><span style=\"font-size: 10pt;\">Non-membre : Lyc\u00e9es \/ CEGEP \/ <\/span><span style=\"font-size: 10pt;\">Enseignants de coll\u00e8ge ***<\/span><\/td>\n<td class=\"rtecenter\" style=\"height: 39px; width: 21.6438%; text-align: center;\"><span style=\"font-size: 10pt;\">$50<\/span><\/td>\n<td class=\"rtecenter\" style=\"height: 39px; width: 19.8631%; text-align: center;\"><span style=\"font-size: 10pt;\">$50<\/span><\/td>\n<td class=\"rtecenter\" style=\"height: 39px; width: 16.7124%; text-align: center;\"><span style=\"font-size: 10pt;\">$150<\/span><\/td>\n<\/tr>\n<tr style=\"height: 123px;\">\n<td style=\"height: 123px; width: 84.6576%;\" colspan=\"4\"><strong><span style=\"font-size: 10pt;\">** Comme l&#8217;adh\u00e9sion est gratuite pour les \u00e9tudiants de premier cycle, il n&#8217;y a pas de frais d&#8217;inscription pour les \u00e9tudiants de premier cycle qui ne sont pas membres de l&#8217;association.<\/span><\/strong><\/p>\n<p><span style=\"font-size: 10pt;\">*** Les personnes inscrites \u00e0 l&#8217;atelier des enseignants de l&#8217;enseignement sup\u00e9rieur peuvent s&#8217;inscrire pour participer \u00e0 toutes les journ\u00e9es suppl\u00e9mentaires du congr\u00e8s ACP (y compris les symposiums du mercredi) sans frais d&#8217;inscription suppl\u00e9mentaires.\u00a0 Les participants non membres auront \u00e9galement la possibilit\u00e9 de devenir membres de l&#8217;ACP sans frais suppl\u00e9mentaires. <\/span><\/td>\n<\/tr>\n<\/tbody>\n<\/table>\n<p><a href=\"https:\/\/cap.ca\/fr\/congres-de-lacp\/congres-de-lacp-2025\/terms-and-conditions-and-refund-policy\/\">Conditions g\u00e9n\u00e9rales et politique de remboursement<\/a>[\/vc_column_text][\/vc_column][\/vc_row]<\/p>\n<\/div>","protected":false},"excerpt":{"rendered":"<p>[vc_row][vc_column][vc_column_text css=&#8221;&#8221;] L\u2019inscription au Congr\u00e8s 2025 est d\u00e9sormais ouverte ! La pr\u00e9inscription (avec options alimentaires) est possible jusqu&#8217;\u00e0 23h59 ET le mercredi 28 mai. &nbsp; Pour s\u2019inscrire : Acc\u00e9der au syst\u00e8me d\u2019inscription \u00e0 l\u2019adresse suivante\u00a0https:\/\/crm.cap.ca. La fen\u00eatre de connexion peut \u00eatre utilis\u00e9e par les membres et les non-membres qui ont d\u00e9j\u00e0 un compte dans le&#8230;  <a class=\"excerpt-read-more\" href=\"https:\/\/cap.ca\/fr\/congres-de-lacp\/congres-anterieurs\/congres-de-lacp-2025\/2025-frais-dinscription\/\" title=\"Lire2025 Frais d&#8217;inscription\">Lire la suite &raquo;<\/a><\/p>\n","protected":false},"author":7,"featured_media":0,"parent":24572,"menu_order":-8,"comment_status":"closed","ping_status":"closed","template":"","meta":{"footnotes":""},"class_list":["post-26571","page","type-page","status-publish","hentry"],"_links":{"self":[{"href":"https:\/\/cap.ca\/fr\/wp-json\/wp\/v2\/pages\/26571","targetHints":{"allow":["GET"]}}],"collection":[{"href":"https:\/\/cap.ca\/fr\/wp-json\/wp\/v2\/pages"}],"about":[{"href":"https:\/\/cap.ca\/fr\/wp-json\/wp\/v2\/types\/page"}],"author":[{"embeddable":true,"href":"https:\/\/cap.ca\/fr\/wp-json\/wp\/v2\/users\/7"}],"replies":[{"embeddable":true,"href":"https:\/\/cap.ca\/fr\/wp-json\/wp\/v2\/comments?post=26571"}],"version-history":[{"count":14,"href":"https:\/\/cap.ca\/fr\/wp-json\/wp\/v2\/pages\/26571\/revisions"}],"predecessor-version":[{"id":27051,"href":"https:\/\/cap.ca\/fr\/wp-json\/wp\/v2\/pages\/26571\/revisions\/27051"}],"up":[{"embeddable":true,"href":"https:\/\/cap.ca\/fr\/wp-json\/wp\/v2\/pages\/24572"}],"wp:attachment":[{"href":"https:\/\/cap.ca\/fr\/wp-json\/wp\/v2\/media?parent=26571"}],"curies":[{"name":"wp","href":"https:\/\/api.w.org\/{rel}","templated":true}]}}