{"id":26567,"date":"2025-02-24T17:16:53","date_gmt":"2025-02-24T22:16:53","guid":{"rendered":"https:\/\/cap.ca\/congres-de-lacp\/congres-de-lacp-2025\/local-information-for-those-travelling-to-saskatoon\/transportation-to-and-around-saskatoon\/"},"modified":"2025-05-01T20:37:37","modified_gmt":"2025-05-02T00:37:37","slug":"transportation-to-and-around-saskatoon","status":"publish","type":"page","link":"https:\/\/cap.ca\/fr\/congres-de-lacp\/congres-anterieurs\/congres-de-lacp-2025\/local-information-for-those-travelling-to-saskatoon\/transportation-to-and-around-saskatoon\/","title":{"rendered":"Transport vers et autour de Saskatoon"},"content":{"rendered":"<div class=\"wpb-content-wrapper\"><p>[vc_row][vc_column][vc_column_text css=&#8221;&#8221;]<\/p>\n<h2>Se rendre \u00e0 Saskatoon<\/h2>\n<p>&nbsp;<\/p>\n<h4><a href=\"https:\/\/yxe.ca\/\">A\u00e9roport international John G. Diefenbaker de Saskatoon<\/a><\/h4>\n<p>Air Canada et West Jet assurent le transport a\u00e9rien \u00e0 partir des principales villes du Canada.<\/p>\n<ul class=\"content-list\">\n<li><a href=\"https:\/\/yxe.ca\/ground-transport\/\">Taxis &#8211; sur demande explicite au chauffeur de taxi avant le d\u00e9part de l&#8217;a\u00e9roport, un tarif fixe de 21 $ est disponible pour se rendre sur le campus de l&#8217;UofS, \u00e0 l&#8217;hotel Holiday Inn\/Staybridge &#8211; University, et \u00e0 l&#8217;h\u00f4tel Park Town. Des services de covoiturage et de location de voitures<\/a> sont \u00e9galement disponibles dans la section des arriv\u00e9es de l&#8217;a\u00e9roport. Le programme de covoiturage n&#8217;offre pas l&#8217;option de tarif fixe.<\/li>\n<li><a href=\"https:\/\/maps.app.goo.gl\/K5hrfPjELfrFc6Ts8\">Saskatoon Transit propose un service de bus \u00e0 destination et en provenance du terminal du centre-ville, qui se connecte ensuite \u00e0 d&#8217;autres itin\u00e9raires. Il est recommand\u00e9 d&#8217;utiliser Google Maps pour planifier votre voyage.<\/a><\/li>\n<li>Certains h\u00f4tels proposent des services de navette depuis et vers l&#8217;a\u00e9roport. Veuillez contacter votre h\u00f4tel pour plus de d\u00e9tails.<\/li>\n<\/ul>\n<p>[\/vc_column_text][vc_message css=&#8221;&#8221;]<strong>Code de r\u00e9duction Air Canada<\/strong><\/p>\n<p>Air Canada offre un code de r\u00e9duction aux d\u00e9l\u00e9gu\u00e9s se rendant \u00e0 Saskatoon entre le 1er et le 21 juin 2025. <a href=\"https:\/\/aircanada.com\/\">Les d\u00e9l\u00e9gu\u00e9s peuvent b\u00e9n\u00e9ficier d&#8217;une r\u00e9duction sp\u00e9ciale sur les vols en r\u00e9servant sur le site web d&#8217;Air Canada.<\/a><\/p>\n<p><strong>Code promo : UE3ME3X1<\/strong><\/p>\n<ul class=\"content-list\">\n<li data-start=\"566\" data-end=\"682\"><strong>Vols en Am\u00e9rique du Nord :<\/strong>\n<ul data-start=\"599\" data-end=\"682\">\n<li data-start=\"599\" data-end=\"636\"><strong>5% de r\u00e9duction<\/strong> sur les tarifs standards<\/li>\n<li data-start=\"599\" data-end=\"636\"><strong>10% de r\u00e9duction<\/strong> sur les tarifs flexibles et plus<\/li>\n<\/ul>\n<\/li>\n<li data-start=\"683\" data-end=\"763\"><strong>Vols internationaux :<\/strong>\n<ul data-start=\"716\" data-end=\"763\">\n<li data-start=\"716\" data-end=\"763\"><strong>10% de r\u00e9duction<\/strong> sur les tarifs standards et sup\u00e9rieurs<\/li>\n<\/ul>\n<\/li>\n<\/ul>\n<p data-start=\"887\" data-end=\"909\">Comment r\u00e9server :<\/p>\n<ol data-start=\"910\" data-end=\"1119\">\n<li data-start=\"910\" data-end=\"968\">Allez \u00e0 <a href=\"http:\/\/aircanada.com\">aircanada.com<\/a><\/li>\n<li data-start=\"910\" data-end=\"968\">Entrez le code promo (UE3ME3X1) dans la case \u00ab Code promotionnel \u00bb lors de la r\u00e9servation de votre vol.<\/li>\n<li data-start=\"910\" data-end=\"968\">Terminez votre r\u00e9servation et profitez de votre r\u00e9duction !<\/li>\n<\/ol>\n<p>[\/vc_message][vc_column_text css=&#8221;&#8221;]<\/p>\n<h4><a href=\"https:\/\/www.viarail.ca\/en\/explore-our-destinations\/stations\/prairies-and-northern-manitoba\/saskatoon\">Via Rail Saskatoon<\/a><\/h4>\n<p>La station se trouve \u00e0 environ 8 km du centre-ville, au sud de la 11e rue.<\/p>\n<p>&nbsp;<\/p>\n<h2>Les transports \u00e0 Saskatoon<\/h2>\n<p>&nbsp;<\/p>\n<p><strong>Taxis et covoiturage<\/strong><\/p>\n<ul class=\"content-list\">\n<li>Captain Taxi (306-242-0000)<\/li>\n<li>Hey Taxi (306-668-8888)<\/li>\n<li>Radio Cabs (306-242-2626)<\/li>\n<li>Metro Taxi (306-651-0000)<\/li>\n<li>Riide (306-652-2222)<\/li>\n<li>Comfort Cab Group (306-242-6666)<\/li>\n<li>Uber<\/li>\n<\/ul>\n<p><a href=\"https:\/\/transit.saskatoon.ca\/\"><strong>Saskatoon Transit<\/strong><\/a><\/p>\n<p><a href=\"https:\/\/transit.saskatoon.ca\/2017-route-change\/2017-schedules-and-routes\">Les itin\u00e9raires de bus programm\u00e9s peuvent \u00eatre trouv\u00e9s aupr\u00e8s de la ville de Saskatoon ici.<\/a><\/p>\n<p>Tarif en esp\u00e8ces : 3$<\/p>\n<p><strong>Location de v\u00e9los<\/strong><\/p>\n<ul class=\"content-list\">\n<li><a href=\"https:\/\/www.escapesports.ca\/\">Escape Sports<\/a><\/li>\n<li><a href=\"https:\/\/www.bikedoctor.ca\/\">The Bike Doctor<\/a><\/li>\n<li><a href=\"https:\/\/skspot.ca\/\">The Spot<\/a><\/li>\n<\/ul>\n<p>[\/vc_column_text][\/vc_column][\/vc_row]<\/p>\n<\/div>","protected":false},"excerpt":{"rendered":"<p>[vc_row][vc_column][vc_column_text css=&#8221;&#8221;] Se rendre \u00e0 Saskatoon &nbsp; A\u00e9roport international John G. Diefenbaker de Saskatoon Air Canada et West Jet assurent le transport a\u00e9rien \u00e0 partir des principales villes du Canada. Taxis &#8211; sur demande explicite au chauffeur de taxi avant le d\u00e9part de l&#8217;a\u00e9roport, un tarif fixe de 21 $ est disponible pour se rendre&#8230;  <a class=\"excerpt-read-more\" href=\"https:\/\/cap.ca\/fr\/congres-de-lacp\/congres-anterieurs\/congres-de-lacp-2025\/local-information-for-those-travelling-to-saskatoon\/transportation-to-and-around-saskatoon\/\" title=\"LireTransport vers et autour de Saskatoon\">Lire la suite &raquo;<\/a><\/p>\n","protected":false},"author":5,"featured_media":0,"parent":26442,"menu_order":3,"comment_status":"closed","ping_status":"closed","template":"","meta":{"footnotes":""},"class_list":["post-26567","page","type-page","status-publish","hentry"],"_links":{"self":[{"href":"https:\/\/cap.ca\/fr\/wp-json\/wp\/v2\/pages\/26567","targetHints":{"allow":["GET"]}}],"collection":[{"href":"https:\/\/cap.ca\/fr\/wp-json\/wp\/v2\/pages"}],"about":[{"href":"https:\/\/cap.ca\/fr\/wp-json\/wp\/v2\/types\/page"}],"author":[{"embeddable":true,"href":"https:\/\/cap.ca\/fr\/wp-json\/wp\/v2\/users\/5"}],"replies":[{"embeddable":true,"href":"https:\/\/cap.ca\/fr\/wp-json\/wp\/v2\/comments?post=26567"}],"version-history":[{"count":6,"href":"https:\/\/cap.ca\/fr\/wp-json\/wp\/v2\/pages\/26567\/revisions"}],"predecessor-version":[{"id":26882,"href":"https:\/\/cap.ca\/fr\/wp-json\/wp\/v2\/pages\/26567\/revisions\/26882"}],"up":[{"embeddable":true,"href":"https:\/\/cap.ca\/fr\/wp-json\/wp\/v2\/pages\/26442"}],"wp:attachment":[{"href":"https:\/\/cap.ca\/fr\/wp-json\/wp\/v2\/media?parent=26567"}],"curies":[{"name":"wp","href":"https:\/\/api.w.org\/{rel}","templated":true}]}}