{"id":26453,"date":"2025-02-06T14:49:15","date_gmt":"2025-02-06T19:49:15","guid":{"rendered":"https:\/\/cap.ca\/congres-de-lacp\/congres-de-lacp-2025\/local-information-for-those-travelling-to-saskatoon\/things-to-do-and-eat-in-saskatoon\/"},"modified":"2025-05-18T00:07:15","modified_gmt":"2025-05-18T04:07:15","slug":"choses-faire-manger-saskatoon","status":"publish","type":"page","link":"https:\/\/cap.ca\/fr\/congres-de-lacp\/congres-anterieurs\/congres-de-lacp-2025\/local-information-for-those-travelling-to-saskatoon\/choses-faire-manger-saskatoon\/","title":{"rendered":"Choses \u00e0 faire et \u00e0 manger \u00e0 Saskatoon"},"content":{"rendered":"<h4>Activit\u00e9s et services sur le campus<\/h4>\n<h4><a href=\"https:\/\/www.usask.ca\/services.php\">Services sur le campus<\/a><\/h4>\n<ul class=\"content-list\">\n<li><a href=\"http:\/\/artsandscience.usask.ca\/museumofnaturalsciences\/\">Natural History Museum<\/a><\/li>\n<li><a href=\"https:\/\/www.usask.ca\/services.php\">Several Art Galleries, Atriums, Gardens, Museums<\/a><\/li>\n<li><a href=\"https:\/\/research.usask.ca\/herzberg\/index.php\">Herzberg Exhibit<\/a><\/li>\n<li><a href=\"https:\/\/artsandscience.usask.ca\/physics\/community\/observatory.php\">Observatory\u00a0<\/a><\/li>\n<\/ul>\n<h4><a href=\"https:\/\/storymaps.arcgis.com\/stories\/73558aac156f41858fe4f4be232bbe49\">Restaurants sur le campus<\/a><\/h4>\n<ul class=\"content-list\">\n<li>Tim Hortons (plusieurs sites sur le campus)\n<ul class=\"content-list\">\n<li>Geology (\u00e0\u00a0c\u00f4t\u00e9 de la physique)<\/li>\n<li>Marquis Hall<\/li>\n<li>Arts Tunnel (pr\u00e8s des sessions techniques)<\/li>\n<li>Health Sciences (pr\u00e8s des sessions pl\u00e9ni\u00e8res)<\/li>\n<\/ul>\n<\/li>\n<li>Starbucks\n<ul class=\"content-list\">\n<li>Murray Library in the Murray Building<\/li>\n<li>Midtown Plaza (pr\u00e8s de l&#8217;entr\u00e9e principale sur 21st St)<\/li>\n<\/ul>\n<\/li>\n<li>Booster Juice<\/li>\n<li>Arts &amp; Science Cafe<\/li>\n<li><a href=\"https:\/\/ussu.ca\/placeriel\/\">Place Riel<\/a><\/li>\n<li><a href=\"https:\/\/ussu.ca\/louis\/\">Louis\/Loft<\/a><\/li>\n<\/ul>\n<h4>Activit\u00e9s hors campus<\/h4>\n<p><a href=\"https:\/\/www.discoversaskatoon.com\/\">Consultez le site web de Discover Saskatoon pour plus d&#8217;informations !<\/a><\/p>\n<ul class=\"content-list\">\n<li><a href=\"https:\/\/www.bing.com\/ck\/a?!&amp;&amp;p=f6f09ac39f04d4b799b8b9549fbe1c18d4ed55839d0b713e527d387e6b609e8eJmltdHM9MTczNDQ4MDAwMA&amp;ptn=3&amp;ver=2&amp;hsh=4&amp;fclid=191d5c6b-8e2b-670e-07ef-49328f81665b&amp;u=a1aHR0cHM6Ly93d3cuYmluZy5jb20vYWxpbmsvbGluaz91cmw9aHR0cHMlM2ElMmYlMmZyZW1haW1vZGVybi5vcmclMmYmc291cmNlPXNlcnAtbG9jYWwmaD1scWI1VjhDSDY1Y3ZtSk5SQ0xOR2M2Q3BSa1oxRGkwcE9rQiUyYlUzbCUyYllRWSUzZCZwPWx3X2xzdHB0JmlnPTE2NEI0N0M1QzA3QTQyRkQ4RDU1MEVDNzFGQ0FGOUFEJnlwaWQ9WU4xMjI2eDczNDkzMjg0MTU2Njg4ODI5MDc&amp;ntb=1\">Remai Modern Art Gallery\u00a0<\/a><\/li>\n<li><a href=\"http:\/\/wdm.ca\">Western Development Museum<\/a>\n<ul class=\"content-list\">\n<li><a href=\"https:\/\/wdm.ca\/exhibits\/the-cancer-bomb\/\">First Successful Cancer Treatment Using Cobalt-60 Exhibit<\/a><\/li>\n<\/ul>\n<\/li>\n<li><a href=\"https:\/\/www.bing.com\/ck\/a?!&amp;&amp;p=6219c55ad17948ba5bbdd04f35952d320474dfa8b6d96a4743bda93c02cece81JmltdHM9MTczNDQ4MDAwMA&amp;ptn=3&amp;ver=2&amp;hsh=4&amp;fclid=191d5c6b-8e2b-670e-07ef-49328f81665b&amp;u=a1aHR0cHM6Ly93d3cuYmluZy5jb20vYWxpbmsvbGluaz91cmw9aHR0cHMlM2ElMmYlMmZ1bWNuYXRpb25hbC5jYSUyZiZzb3VyY2U9c2VycC1sb2NhbCZoPVZpbGpzdDVKd05OYlRGcFZncEZ3T1FiJTJmWXRoTm16MExadHhjT2RlSlpMQSUzZCZwPWx3X2xzdHB0JmlnPTNGQjIyNDREMjM4OTQxOTJBN0Q4QTBERjA0OEZENTRDJnlwaWQ9WU4xMjI2eDU1NTI3NDMzNzAzMDIyNjUz&amp;ntb=1\">Ukrainian Museum of Canada<\/a><\/li>\n<li><a href=\"https:\/\/wanuskewin.com\/\">Wanuskewin Heritage Park\u00a0 <\/a><\/li>\n<\/ul>\n<h4>Restaurants et lieux de rencontre hors campus<\/h4>\n<ul class=\"content-list\">\n<li><a href=\"https:\/\/www.hearth.restaurant\/\">Hearth<\/a><\/li>\n<li><a href=\"https:\/\/www.bing.com\/ck\/a?!&amp;&amp;p=1238500d24c3aa5874752a30df05af1b7fb44b62cc33dcaf7188b9f0d01a59deJmltdHM9MTczNDQ4MDAwMA&amp;ptn=3&amp;ver=2&amp;hsh=4&amp;fclid=191d5c6b-8e2b-670e-07ef-49328f81665b&amp;u=a1aHR0cHM6Ly93d3cuYmluZy5jb20vYWxpbmsvbGluaz91cmw9aHR0cCUzYSUyZiUyZnd3dy5jb25ncmVzc2JlZXJob3VzZS5jb20lMmYmc291cmNlPXNlcnAtbG9jYWwmaD12Q0lhNTFoaG5OMVh5JTJiUG9GcDI1NiUyZkkwdkpJOVdmWFpXYWZaa1AzdzIzSSUzZCZwPWx3X2xzdHB0JmlnPTAyRDk5NDg3MzRFMzRBQTA5QzE5M0QxNzM1MjY5RDU4JnlwaWQ9WU4xMjI2eDg4OTQ3NDI2MA&amp;ntb=1\">Congress Beer House\u00a0<\/a><\/li>\n<li><a href=\"https:\/\/www.bing.com\/ck\/a?!&amp;&amp;p=3ea20f64c331a9e33908c3516156357c4c432587f1f88fd94b4ae77560b0a44dJmltdHM9MTczNDQ4MDAwMA&amp;ptn=3&amp;ver=2&amp;hsh=4&amp;fclid=191d5c6b-8e2b-670e-07ef-49328f81665b&amp;u=a1aHR0cHM6Ly93d3cuYmluZy5jb20vYWxpbmsvbGluaz91cmw9aHR0cHMlM2ElMmYlMmZjYWxvcmllc3Jlc3RhdXJhbnQuY2ElMmYmc291cmNlPXNlcnAtbG9jYWwmaD1tM0k0Qkh3UmdmZ2NYM0tySE9PWCUyYmVWMUZrdG5xeXgzeDJxbkpKeUxUcG8lM2QmcD1sd19sc3RwdCZpZz03NzMzQTE3Rjk3NDU0QkU3QTVEMjc2MThBQjQ2MjUwRCZ5cGlkPVlOMTIyNng4OTY4NDIzOTA2NjIyMTU2NTcx&amp;ntb=1\">Calories Restaurant\u00a0<\/a><\/li>\n<li><a href=\"https:\/\/www.bing.com\/ck\/a?!&amp;&amp;p=a71591b68ea7bc4db1982c22e4b222bd24a7c6cf66ea7ff826878e5e935bf194JmltdHM9MTczNDQ4MDAwMA&amp;ptn=3&amp;ver=2&amp;hsh=4&amp;fclid=191d5c6b-8e2b-670e-07ef-49328f81665b&amp;u=a1aHR0cHM6Ly93d3cuYmluZy5jb20vYWxpbmsvbGluaz91cmw9aHR0cHMlM2ElMmYlMmZ3d3cucHJhaXJpZXN1bi5jYSUyZiZzb3VyY2U9c2VycC1sb2NhbCZoPXdFU3dUMnZKWkhEekRIJTJmR0tlRHdOM240MzJ3cWljOHY1NUdFaEVpa3RORSUzZCZwPWx3X2xzdHB0JmlnPTQ0MzlCRTRFQTM4MTQ3REI5REZDM0Y5NkFFNEE3MDAxJnlwaWQ9WU44NzN4NjA4MDk2ODM1NjcxMjU2NDMwMw&amp;ntb=1\">Prairie Sun Brewery\u00a0<\/a><\/li>\n<li><a href=\"https:\/\/www.bing.com\/ck\/a?!&amp;&amp;p=3cac4f67b0b2366aca3c70dac41733641e100fac1307c88a7fe06494c88ca042JmltdHM9MTczNDQ4MDAwMA&amp;ptn=3&amp;ver=2&amp;hsh=4&amp;fclid=191d5c6b-8e2b-670e-07ef-49328f81665b&amp;u=a1aHR0cHM6Ly93d3cuYmluZy5jb20vYWxpbmsvbGluaz91cmw9aHR0cCUzYSUyZiUyZmJyb2Fkd2F5Y2FmZXNhc2thdG9vbi5jYSUyZiZzb3VyY2U9c2VycC1sb2NhbCZoPXdWdkQzSU03biUyYmUlMmZRSFlFM1ZlUmNSRHl4UkFuJTJmT05BRXJ1QWswQlI1OGclM2QmcD1sd19sc3RwdCZpZz0wRkRDMkFGQUU3OTI0RjUwQjZBRjVGREZBQkFGM0E4RSZ5cGlkPVlOMTM0M3gyNTIxOTA2OQ&amp;ntb=1\">Broadway Caf\u00e9\u00a0<\/a><\/li>\n<li><a href=\"https:\/\/www.bing.com\/ck\/a?!&amp;&amp;p=f9a8de8dfa3ddd1b780846df4918943e94987e5854c10b1c6caaf796d3ceac7aJmltdHM9MTczNDQ4MDAwMA&amp;ptn=3&amp;ver=2&amp;hsh=4&amp;fclid=191d5c6b-8e2b-670e-07ef-49328f81665b&amp;u=a1aHR0cHM6Ly93d3cuYmluZy5jb20vYWxpbmsvbGluaz91cmw9aHR0cHMlM2ElMmYlMmZ3d3cuYW1pZ29zY2FudGluYS5jb20lMmYmc291cmNlPXNlcnAtbG9jYWwmaD1kcWdXZ2JwNEdMMEF2ZGQwVURzTDJSellkTzRXanFvMVl2MEJnWlo5V1lVJTNkJnA9bHdfbHN0cHQmaWc9ODYwQzc5NTAxRjg1NEVCRUI4OTZENEZBNUNBQjYyREYmeXBpZD1ZTjEzNDN4MjQ4NjAyOTM3&amp;ntb=1\">Amigo\u2019s Cantina\u00a0<\/a><\/li>\n<li><a href=\"https:\/\/www.eatharvest.ca\/\">Harvest Eatery\u00a0<\/a><\/li>\n<li><a href=\"https:\/\/www.bing.com\/ck\/a?!&amp;&amp;p=f887fd1de76130169fffa0ec6362fd3ad1b26846d10c6898b137e994ae922febJmltdHM9MTczNDQ4MDAwMA&amp;ptn=3&amp;ver=2&amp;hsh=4&amp;fclid=191d5c6b-8e2b-670e-07ef-49328f81665b&amp;u=a1aHR0cHM6Ly93d3cuYmluZy5jb20vYWxpbmsvbGluaz91cmw9aHR0cHMlM2ElMmYlMmZ3d3cudGhlZ3JhbmFyeXNhc2thdG9vbi5jYSUyZiZzb3VyY2U9c2VycC1sb2NhbCZoPTdzWmRkdEhHMXZmQ3Jhb016cktjJTJic2RJR1F4RjliN2F5S0RNJTJmUG15dzB3JTNkJnA9bHdfbHN0cHQmaWc9OERCREM1QTVCN0M0NENFQjk5MkY3OUQ3RjFBMUNBRjEmeXBpZD1ZTjEzNDN4MjQ4NjY1OTY5&amp;ntb=1\">The Granary\u00a0<\/a><\/li>\n<li><a href=\"http:\/\/www.marriott.com\/\">The Scarlet (Sheraton Cavalier Hotel)<\/a><\/li>\n<li><a href=\"https:\/\/www.bing.com\/ck\/a?!&amp;&amp;p=b6c70662d7c1a670a05204e9406add32f71c3db47cac6206f1718a90b7591a5eJmltdHM9MTczNDQ4MDAwMA&amp;ptn=3&amp;ver=2&amp;hsh=4&amp;fclid=191d5c6b-8e2b-670e-07ef-49328f81665b&amp;u=a1aHR0cHM6Ly93d3cuYmluZy5jb20vYWxpbmsvbGluaz91cmw9aHR0cHMlM2ElMmYlMmZ3d3cueWFyZGFuZGZsYWdvbi5jYSUyZiZzb3VyY2U9c2VycC1sb2NhbCZoPTluYiUyYnU3R1p2S3RVdXJZNURlJTJiMEhlRXpSM2pOWHc3WDViTkglMmJVUXV1ZHclM2QmcD1sd19sc3RwdCZpZz05QkJFQkMxQUQ1OTk0NzQ2QTREMEU2RjBDQ0NBNjJDNyZ5cGlkPVlOMTM0M3gxODk5MTE1MzQ&amp;ntb=1\">Yard &amp; Flagon\u00a0<\/a><\/li>\n<li><a href=\"https:\/\/www.bing.com\/ck\/a?!&amp;&amp;p=a626b7400b6d0efd876fd077ffa6cb76f47196e93d8695fa2ed7547a8d1a479fJmltdHM9MTczNDQ4MDAwMA&amp;ptn=3&amp;ver=2&amp;hsh=4&amp;fclid=191d5c6b-8e2b-670e-07ef-49328f81665b&amp;u=a1aHR0cHM6Ly93d3cuYmluZy5jb20vYWxpbmsvbGluaz91cmw9aHR0cHMlM2ElMmYlMmZvc2hlYXNpcmlzaHB1Yi5jYSUyZiZzb3VyY2U9c2VycC1sb2NhbCZoPWZSVkVnRU90Q2x1TEd6dm5zb08yV2o5cW1ZVDN3bnFJQ296OTVmM0VqVTQlM2QmcD1sd19sc3RwdCZpZz01N0NBRDBCODA0RjA0ODYzQjlGQTdGRkMwMUFERDYwNiZ5cGlkPVlOMTM0M3gyNDg3MTMwNTc&amp;ntb=1\">O\u2019Shea\u2019s Irish Pub\u00a0<\/a><\/li>\n<li><a href=\"https:\/\/saskatoon.cathedralsocialhall.com\/\">Cathedral Social House\u00a0\u00a0\u00a0<\/a><\/li>\n<li><a href=\"http:\/\/thejameshotel.ca\">The James Hotel Lounge \u2013 adjunct to Sheraton Hotel<\/a><\/li>\n<\/ul>\n","protected":false},"excerpt":{"rendered":"<p>Activit\u00e9s et services sur le campus Services sur le campus Natural History Museum Several Art Galleries, Atriums, Gardens, Museums Herzberg Exhibit Observatory\u00a0 Restaurants sur le campus Tim Hortons (plusieurs sites sur le campus) Geology (\u00e0\u00a0c\u00f4t\u00e9 de la physique) Marquis Hall Arts Tunnel (pr\u00e8s des sessions techniques) Health Sciences (pr\u00e8s des sessions pl\u00e9ni\u00e8res) Starbucks Murray Library&#8230;  <a class=\"excerpt-read-more\" href=\"https:\/\/cap.ca\/fr\/congres-de-lacp\/congres-anterieurs\/congres-de-lacp-2025\/local-information-for-those-travelling-to-saskatoon\/choses-faire-manger-saskatoon\/\" title=\"LireChoses \u00e0 faire et \u00e0 manger \u00e0 Saskatoon\">Lire la suite &raquo;<\/a><\/p>\n","protected":false},"author":5,"featured_media":0,"parent":26442,"menu_order":3,"comment_status":"closed","ping_status":"closed","template":"","meta":{"footnotes":""},"class_list":["post-26453","page","type-page","status-publish","hentry"],"_links":{"self":[{"href":"https:\/\/cap.ca\/fr\/wp-json\/wp\/v2\/pages\/26453","targetHints":{"allow":["GET"]}}],"collection":[{"href":"https:\/\/cap.ca\/fr\/wp-json\/wp\/v2\/pages"}],"about":[{"href":"https:\/\/cap.ca\/fr\/wp-json\/wp\/v2\/types\/page"}],"author":[{"embeddable":true,"href":"https:\/\/cap.ca\/fr\/wp-json\/wp\/v2\/users\/5"}],"replies":[{"embeddable":true,"href":"https:\/\/cap.ca\/fr\/wp-json\/wp\/v2\/comments?post=26453"}],"version-history":[{"count":4,"href":"https:\/\/cap.ca\/fr\/wp-json\/wp\/v2\/pages\/26453\/revisions"}],"predecessor-version":[{"id":27071,"href":"https:\/\/cap.ca\/fr\/wp-json\/wp\/v2\/pages\/26453\/revisions\/27071"}],"up":[{"embeddable":true,"href":"https:\/\/cap.ca\/fr\/wp-json\/wp\/v2\/pages\/26442"}],"wp:attachment":[{"href":"https:\/\/cap.ca\/fr\/wp-json\/wp\/v2\/media?parent=26453"}],"curies":[{"name":"wp","href":"https:\/\/api.w.org\/{rel}","templated":true}]}}