{"id":26442,"date":"2025-02-06T10:57:49","date_gmt":"2025-02-06T15:57:49","guid":{"rendered":"https:\/\/cap.ca\/congres-de-lacp\/congres-de-lacp-2025\/local-information-for-those-travelling-to-saskatoon\/"},"modified":"2025-05-18T00:29:50","modified_gmt":"2025-05-18T04:29:50","slug":"local-information-for-those-travelling-to-saskatoon","status":"publish","type":"page","link":"https:\/\/cap.ca\/fr\/congres-de-lacp\/congres-anterieurs\/congres-de-lacp-2025\/local-information-for-those-travelling-to-saskatoon\/","title":{"rendered":"Informations locales pour les personnes se rendant \u00e0 Saskatoon"},"content":{"rendered":"<div class=\"wpb-content-wrapper\"><p>[vc_row][vc_column][vc_message css=&#8221;&#8221;]Cette page est en cours de construction. Veuillez la consulter r\u00e9guli\u00e8rement pour les mises \u00e0 jour ![\/vc_message][\/vc_column][\/vc_row][vc_row][vc_column][vc_column_text css=&#8221;&#8221;]<\/p>\n<ul class=\"children\">\n<li class=\"page_item page-item-26453\"><a href=\"https:\/\/cap.ca\/fr\/congres-de-lacp\/congres-de-lacp-2025\/local-information-for-those-travelling-to-saskatoon\/choses-faire-manger-saskatoon\/\" target=\"_blank\" rel=\"noopener\">Choses \u00e0 faire et \u00e0 manger \u00e0 Saskatoon<\/a><\/li>\n<li class=\"page_item page-item-26567\"><a href=\"https:\/\/cap.ca\/fr\/congres-de-lacp\/congres-de-lacp-2025\/local-information-for-those-travelling-to-saskatoon\/transportation-to-and-around-saskatoon\/\">Transport vers et autour de Saskatoon<\/a><\/li>\n<\/ul>\n<p>[\/vc_column_text][\/vc_column][\/vc_row]<\/p>\n<\/div>","protected":false},"excerpt":{"rendered":"<p>[vc_row][vc_column][vc_message css=&#8221;&#8221;]Cette page est en cours de construction. Veuillez la consulter r\u00e9guli\u00e8rement pour les mises \u00e0 jour ![\/vc_message][\/vc_column][\/vc_row][vc_row][vc_column][vc_column_text css=&#8221;&#8221;] Choses \u00e0 faire et \u00e0 manger \u00e0 Saskatoon Transport vers et autour de Saskatoon [\/vc_column_text][\/vc_column][\/vc_row]<\/p>\n","protected":false},"author":5,"featured_media":0,"parent":24572,"menu_order":-1,"comment_status":"closed","ping_status":"closed","template":"","meta":{"footnotes":""},"class_list":["post-26442","page","type-page","status-publish","hentry"],"_links":{"self":[{"href":"https:\/\/cap.ca\/fr\/wp-json\/wp\/v2\/pages\/26442","targetHints":{"allow":["GET"]}}],"collection":[{"href":"https:\/\/cap.ca\/fr\/wp-json\/wp\/v2\/pages"}],"about":[{"href":"https:\/\/cap.ca\/fr\/wp-json\/wp\/v2\/types\/page"}],"author":[{"embeddable":true,"href":"https:\/\/cap.ca\/fr\/wp-json\/wp\/v2\/users\/5"}],"replies":[{"embeddable":true,"href":"https:\/\/cap.ca\/fr\/wp-json\/wp\/v2\/comments?post=26442"}],"version-history":[{"count":5,"href":"https:\/\/cap.ca\/fr\/wp-json\/wp\/v2\/pages\/26442\/revisions"}],"predecessor-version":[{"id":27073,"href":"https:\/\/cap.ca\/fr\/wp-json\/wp\/v2\/pages\/26442\/revisions\/27073"}],"up":[{"embeddable":true,"href":"https:\/\/cap.ca\/fr\/wp-json\/wp\/v2\/pages\/24572"}],"wp:attachment":[{"href":"https:\/\/cap.ca\/fr\/wp-json\/wp\/v2\/media?parent=26442"}],"curies":[{"name":"wp","href":"https:\/\/api.w.org\/{rel}","templated":true}]}}