{"id":26384,"date":"2025-01-31T11:09:22","date_gmt":"2025-01-31T16:09:22","guid":{"rendered":"https:\/\/cap.ca\/congres-de-lacp\/congres-de-lacp-2025\/2025-herzberg-and-plenary-speakers\/"},"modified":"2025-06-07T17:52:03","modified_gmt":"2025-06-07T21:52:03","slug":"herzberg-pleniers","status":"publish","type":"page","link":"https:\/\/cap.ca\/fr\/congres-de-lacp\/congres-anterieurs\/congres-de-lacp-2025\/herzberg-pleniers\/","title":{"rendered":"Herzberg et les conf\u00e9renciers pl\u00e9niers 2025"},"content":{"rendered":"<div class=\"wpb-content-wrapper\"><p>[vc_row][vc_column][vc_column_text css=&#8221;&#8221;]<\/p>\n<blockquote><p>Cette page est en cours de construction. Plus de d\u00e9tails seront ajout\u00e9s au fur et \u00e0 mesure qu&#8217;ils seront disponibles. Les d\u00e9tails de ces pr\u00e9sentations ne sont disponibles que dans la langue de pr\u00e9sentation.<\/p><\/blockquote>\n<p>[\/vc_column_text][vc_empty_space][vc_column_text css=&#8221;&#8221;]<\/p>\n<h3>Conf\u00e9rence publique comm\u00e9morative Herzberg :<\/h3>\n<p><strong>Lundi 9 juin, 19h45-21h00, Western Development Museum<\/strong><\/p>\n<p>(Connaissez-vous quelqu&#8217;un qui sera dans la r\u00e9gion de Saskatoon le 9 juin ? <a href=\"https:\/\/www.eventbrite.com\/e\/cap-herzberg-memorial-public-lecture-preparing-for-quantum-20-tickets-1360981445139?aff=ebdssbdestsearch\" target=\"_blank\" rel=\"noopener\">Envoyez-lui un lien vers cette page pour qu&#8217;elle puisse obtenir un billet pour assister \u00e0 cette conf\u00e9rence<\/a>. Les d\u00e9l\u00e9gu\u00e9s peuvent obtenir un billet lors de leur inscription au Congr\u00e8s).[\/vc_column_text][\/vc_column][vc_column width=&#8221;1\/4&#8243;][vc_single_image image=&#8221;26308&#8243; img_size=&#8221;full&#8221; css=&#8221;&#8221;][\/vc_column][vc_column width=&#8221;3\/4&#8243;][vc_column_text css=&#8221;&#8221;]<\/p>\n<h4>Shohini Ghose | Wilfrid Laurier University<\/h4>\n<p><strong>Professeure de physique et d&#8217;informatique, et titulaire de la Chaire du CRSNG pour les femmes en sciences et en g\u00e9nie ; Directrice de la recherche et des programmes, Centre for Women in Science (WinS) ; Directrice de la technologie, Quantum Algorithms Institute<\/strong><\/p>\n<p>Shohini Ghose est professeure de physique, et titulaire de la Chaire du CRSNG pour les femmes en sciences et en g\u00e9nie \u00e0 l&#8217;Universit\u00e9 Wilfrid Laurier, et Directrice de la technologie du Quantum Algorithms Institute. Ses recherches portent sur des sujets fondamentaux de la science de l&#8217;information quantique ainsi que sur le d\u00e9veloppement d&#8217;applications concr\u00e8tes des technologies quantiques avec des partenaires industriels. Elle est membre du Conseil consultatif quantique du Canada pour la Strat\u00e9gie nationale quantique et a si\u00e9g\u00e9 au Conseil consultatif du Programme international des sciences fondamentales de l&#8217;UNESCO. Dre Ghose est la Directrice fondatrice du Laurier Centre for Women in Science, reconnu \u00e0 l&#8217;\u00e9chelle nationale, et elle a \u00e9t\u00e9 Pr\u00e9sidente (2019-20) de l&#8217;Association canadienne des physiciens et physiciennes. Elle a notamment re\u00e7u une bourse TED Senior Fellowship et a \u00e9t\u00e9 s\u00e9lectionn\u00e9e au Coll\u00e8ge de la Soci\u00e9t\u00e9 royale du Canada, et ses conf\u00e9rences et vid\u00e9os en ligne ont \u00e9t\u00e9 visionn\u00e9es plus de 8 millions de fois. Son r\u00e9cent livre, Her Space, Her Time, a remport\u00e9 le prix du livre 2023 d\u00e9cern\u00e9 par Science Writers and Communicators of Canada. Dre Ghose a r\u00e9cemment fond\u00e9 le Centre for Responsible Quantum Innovation and Technologies (CRQIT) avec des partenaires du monde universitaire et de l&#8217;industrie de tout le Canada.[\/vc_column_text][vc_column_text css=&#8221;&#8221;](la conf\u00e9rence sera donn\u00e9e en anglais seulement)<\/p>\n<p><strong>Se pr\u00e9parer \u00e0 Quantum 2.0 \u00a0<\/strong><\/p>\n<p>Des lasers \u00e0 l&#8217;\u00e9lectronique en passant par les horloges atomiques, la science quantique a d\u00e9j\u00e0 transform\u00e9 nos vies. Aujourd&#8217;hui, les technologies \u00e9mergentes telles que les ordinateurs, les capteurs et les communications quantiques offrent la promesse d&#8217;une deuxi\u00e8me r\u00e9volution quantique. Qu&#8217;est-ce qui rend le traitement quantique de l&#8217;information si puissant ? Comment d\u00e9passer le battage m\u00e9diatique pour \u00e9valuer honn\u00eatement son potentiel ? \u00cates-vous pr\u00eat \u00e0 participer \u00e0 Quantum 2.0 ? D\u00e9couvrez-en plus dans cette conf\u00e9rence.[\/vc_column_text][\/vc_column][vc_column][vc_separator][\/vc_column][\/vc_row][vc_row][vc_column][vc_column_text css=&#8221;&#8221;]<\/p>\n<h3>Conf\u00e9renciers pl\u00e9niers :<\/h3>\n<p>[\/vc_column_text][\/vc_column][\/vc_row][vc_row][vc_column width=&#8221;1\/4&#8243;][vc_single_image image=&#8221;26379&#8243; img_size=&#8221;medium&#8221; css=&#8221;&#8221;][\/vc_column][vc_column width=&#8221;3\/4&#8243;][vc_column_text css=&#8221;&#8221;]<strong>Kathryne Daniel | University of Arizona<\/strong><\/p>\n<p><strong>Lundi, le 9 juin, 09h00-09h45<\/strong><\/p>\n<p>Kathryne J Daniel is an Associate Professor of Astronomy at the University of Arizona, Steward Observatory. Daniel\u2019s research focuses on a broad range of topics in galactic dynamics including resonant phenomena such as radial migration, developing novel orbital analysis techniques, and using expanded dimensional sets to place constraints on the dynamical history of the Milky Way. Daniel is a Deputy Director for the next generation gravitational wave experiment, Cosmic Explorer, where she leads the Indigenous &amp; Place-based Partnerships and Responsible Siting effort.\u00a0 She is also a co-Founder and co-Director of the Society of Indigenous Physicists.[\/vc_column_text][vc_column_text css=&#8221;&#8221;]<strong>\u201cTwo-Eyed Seeing\u201d: Dynamical evolution across galactic scales and the future of big science<\/strong><\/p>\n<p>\u201cTwo-eyed seeing\u201d was coined by Albert Marshall, a Mi\u2019kmaq elder, to describe the depth of perspective gained when perceiving the world through both an Indigenous and Western lens.\u00a0 Using this framework, I will describe my approach to science, which focuses on emergent behavior in disk galaxies as a driver of evolution.\u00a0 Dynamical resonances are essential to the evolution of disk galaxies.\u00a0 These resonances arise in the presence of massive structures, like a bar, spiral arms and satellites, and they reshape a galaxy as they diffuse, shepherd and rearrange orbits and stellar populations. This talk will highlight a collection of methods that together enable us to connect orbital dynamics to morphological evolution.\u00a0 The end of this talk will touch on the status of the next generation gravitational wave observatory in the US, Cosmic Explorer.\u00a0 In particular, how our approach to site selection embodies two-eyed seeing and why our approach is critically important to the future of big science.[\/vc_column_text][vc_separator][\/vc_column][\/vc_row][vc_row][vc_column width=&#8221;1\/4&#8243;][vc_single_image image=&#8221;26508&#8243; img_size=&#8221;medium&#8221; css=&#8221;&#8221;][\/vc_column][vc_column width=&#8221;3\/4&#8243;][vc_column_text css=&#8221;&#8221;]<\/p>\n<h4>Pieter Cullis | University of British Columbia<\/h4>\n<p><strong>Mardi, le 10 juin, 09h00-09h45<\/strong><\/p>\n<p>Dr. Cullis and co-workers have been responsible for fundamental advances in the development of nanomedicines employing lipid nanoparticle (LNP) technology for cancer therapies, gene therapies and vaccines. This work has contributed to five drugs that have been approved by the FDA, the EMA and other regulatory bodies. These include Onpattro (the first RNAi drug to receive regulatory approval) to treat the previously fatal hereditary condition transthyretin-induced amyloidosis (hATTR), as well as Comirnaty, the Pfizer\/BioNTech COVID-19 mRNA vaccine.<\/p>\n<p>Dr. Cullis has also co-founded eleven biotechnology companies that now employ over 500 people, has published over 400 scientific articles and is an inventor on over 100 patents. He co-founded two Canadian National Centre of Excellence networks, the Centre for Drug Research and Development (now AdMare) in 2004 and the NanoMedicines Innovation Network in 2019. Dr. Cullis has received many awards including the Order of Canada in 2021 and the VinFuture Prize (Vietnam), the Prince Mahidol Award (Thailand), the Gairdner International Award (Canada) and the Tang Prize (Taiwan) in 2022. Professor Cullis was made a Fellow of the Royal Society (London) in 2023 and was elected to the Canadian Medical Hall of Fame in 2024.[\/vc_column_text][vc_column_text css=&#8221;&#8221;]<strong>Design of lipid nanoparticles to enable gene therapies<\/strong><\/p>\n<p>Delivery of nucleic acid-based drugs into target cells in vivo has been a major challenge for enabling gene therapies. This barrier is now being overcome due in part to advances made in lipid nanoparticle (LNP) delivery systems. LNP systems enable the mRNA COVID-19 vaccines and there are a host of LNP RNA vaccines and therapeutics in clinical development. Advantages of LNP RNA systems over other delivery vectors include safety, ability to re-dose, essentially unlimited genetic cargo, ease of design, straightforward manufacturing processes, lower cost, and potential for highly personalized targeted therapeutics that can be developed in a matter of weeks. In this talk I will discuss the evolution of lipid nanoparticles and lead examples of therapeutic applications of LNP RNA systems to treat cancer, cardiovascular disease and rare diseases.[\/vc_column_text][vc_separator][\/vc_column][\/vc_row][vc_row][vc_column width=&#8221;1\/4&#8243;][vc_single_image image=&#8221;26538&#8243; img_size=&#8221;medium&#8221; css=&#8221;&#8221;][\/vc_column][vc_column width=&#8221;3\/4&#8243;][vc_column_text css=&#8221;&#8221;]<strong>Dennis Whyte | Hitachi America Professor of Engineering, Professor, Nuclear Science &amp; Engineering<br \/>\n<\/strong><\/p>\n<p><strong>Jeudi, le 12 juin, 09h00-09h45<\/strong><\/p>\n<p>Dennis G. Whyte is the Hitachi America Professor of Engineering and Professor for Nuclear Science &amp; Engineering at the Massachusetts Institute of Technology. A recognized leader in fusion research, especially in the magnetic confinement of plasmas, Whyte has paved an innovative and faster path to producing fusion energy. He is a co-founder of the fusion energy startup Commonwealth Fusion Systems (CFS) which is now the world\u2019s largest private sector fusion company with over 2 billion dollars raised. As Director of the MIT Plasma Science and Fusion Center, he led the CFS-MIT collaboration that produced record high-temperature superconductor (HTS) magnets and design for the SPARC tokamaks whose goal is commercial relevant fusion production in the 2020s. Many of the ideas underpinning the high-field approach \u2014 including the use of HTS for high-field, demountable magnets, liquid blankets, and ARC (a fusion power plant concept) \u2014 have been conceived of or significantly advanced in his fusion design courses. Whyte has over 380 peer-reviewed publications, is a fellow of the American Physical Society, and has served on panels for the National Academies, the United States government, and the Royal Society, and regularly appears in print and online media advocating for fusion energy science and education. In 2018, Whyte received The Fusion Power Associates (FPA) Board of Directors Leadership Award which is given annually to individuals who have shown outstanding leadership qualities in accelerating the development of fusion, and in 2013 was awarded the Nuclear Fusion award for the most impactful research article in fusion. Whyte earned a B.Eng from the University of Saskatchewan, and an MS and PhD from Universit\u00e9 du Qu\u00e9bec. He previously served as Director of the Plasma Science and Fusion Center, and the Department Head of Nuclear Science and Engineering, both at MIT. He is also the co-founder of Rutherford Energy Ventures which seeks to accelerate fusion energy\u2019s development by innovative investment and financing tools.[\/vc_column_text][vc_column_text css=&#8221;&#8221;]<strong>Accelerating commercial fusion energy with high magnetic fields and technology innovation<\/strong><\/p>\n<p>The advent of REBCO high-temperature superconductors at commercial scale has changed the development path for producing fusion energy with magnetic confinement.<\/p>\n<p>The design and test of a large-bore B&gt;20 tesla peak field superconducting magnet at MIT PSFC, in collaboration with Commonwealth Fusion Systems, realizes a doubling of the allowed B field compared to previous state of the art.\u00a0 This realizes extremely large gains in fusion performance fusion power density scales as B^4 and access to ignition as ~B^5 at fixed plasma physics.<\/p>\n<p>These gains in turn allow for operation away from limits, yet in much smaller and less expensive devices.\u00a0 CFS is presently constructing the high-B tokamak SPARC outside Boston with MIT as its major scientific collaborator, with the goal of demonstrating high fusion energy gain and fusion power density that propels fusion into the commercial energy sector.\u00a0 In addition to describing SPARC, parallel key fusion technology development programs will be described.[\/vc_column_text][\/vc_column][\/vc_row][vc_row][vc_column width=&#8221;1\/4&#8243;][vc_single_image image=&#8221;26352&#8243; img_size=&#8221;medium&#8221; css=&#8221;&#8221;][\/vc_column][vc_column width=&#8221;3\/4&#8243;][vc_column_text css=&#8221;&#8221;]<strong>Naoko Kurahashi Neilson | Drexel University<\/strong><\/p>\n<p><strong>Vendredi, le 13 juin, 10h45-11h30<\/strong><\/p>\n<p>Naoko\u00a0Kurahashi\u00a0Neilson is a Professor in the Department of Physics at Drexel University. Her research centers on high-energy particle astrophysics with her main efforts in the IceCube South Pole Neutrino Observatory and P-ONE, the Pacific Ocean Neutrino Observatory. She uniquely earned her PhD by \u201clistening\u201d acoustically for extremely high-energy neutrinos in the Bahamian ocean, and has missed a tropical experimental site ever since.\u00a0\u00a0Kurahashi\u00a0Neilson is the recipient of the United States National Science Foundation (NSF) CAREER award. She often gives public-facing talks about her research, is passionate about education, outreach and access to science at every level and is a dedicated advocate for diversity in physics.<\/p>\n<p>In\u00a0 2024,\u00a0Kurahashi\u00a0Neilson was elected a Fellow of the American Physical Society for outstanding contributions and leadership in experimental neutrino physics to produce the first neutrino map of the Milky Way, and for strong service to improve the culture for women in physics, including the development of an active community of mid-career women in large physics collaborations.[\/vc_column_text][vc_column_text css=&#8221;&#8221;]<strong>The Milky Way Seen In High-Energy Neutrinos &#8211; What Neutrino Astronomy Can Do For Astronomy and For Particle Physics<\/strong><\/p>\n<p>The Universe has been studied using light since the dawn of astronomy, when starlight captured the human eye. While astronomy has grown to include different wavelengths of the electromagnetic spectrum, Neutrino Astronomy offers particle physics as a way to observe and understand our high-energy Universe. In 2023, our own Galaxy was observed for the first time in neutrinos, making this the first non-electromagnetic image of the Milky Way. This talk covers Neutrino Astronomy as the intersection of astronomy, particle physics, and high-energy physics, and what it can offer to each of those fields.[\/vc_column_text][\/vc_column][\/vc_row][vc_row][vc_column][vc_column_text css=&#8221;&#8221;]<\/p>\n<h2>Pr\u00e9sentations pl\u00e9niers par les laur\u00e9ats des m\u00e9dailles de l&#8217;ACP 2025<\/h2>\n<p>De plus amples informations seront publi\u00e9es une fois que les laur\u00e9ats des m\u00e9dailles de l&#8217;ACP 2025 auront \u00e9t\u00e9 s\u00e9lectionn\u00e9s.[\/vc_column_text][\/vc_column][\/vc_row]<\/p>\n<\/div>","protected":false},"excerpt":{"rendered":"<p>[vc_row][vc_column][vc_column_text css=&#8221;&#8221;] Cette page est en cours de construction. Plus de d\u00e9tails seront ajout\u00e9s au fur et \u00e0 mesure qu&#8217;ils seront disponibles. Les d\u00e9tails de ces pr\u00e9sentations ne sont disponibles que dans la langue de pr\u00e9sentation. [\/vc_column_text][vc_empty_space][vc_column_text css=&#8221;&#8221;] Conf\u00e9rence publique comm\u00e9morative Herzberg : Lundi 9 juin, 19h45-21h00, Western Development Museum (Connaissez-vous quelqu&#8217;un qui sera dans&#8230;  <a class=\"excerpt-read-more\" href=\"https:\/\/cap.ca\/fr\/congres-de-lacp\/congres-anterieurs\/congres-de-lacp-2025\/herzberg-pleniers\/\" title=\"LireHerzberg et les conf\u00e9renciers pl\u00e9niers 2025\">Lire la suite &raquo;<\/a><\/p>\n","protected":false},"author":5,"featured_media":0,"parent":24572,"menu_order":-6,"comment_status":"closed","ping_status":"closed","template":"","meta":{"footnotes":""},"class_list":["post-26384","page","type-page","status-publish","hentry"],"_links":{"self":[{"href":"https:\/\/cap.ca\/fr\/wp-json\/wp\/v2\/pages\/26384","targetHints":{"allow":["GET"]}}],"collection":[{"href":"https:\/\/cap.ca\/fr\/wp-json\/wp\/v2\/pages"}],"about":[{"href":"https:\/\/cap.ca\/fr\/wp-json\/wp\/v2\/types\/page"}],"author":[{"embeddable":true,"href":"https:\/\/cap.ca\/fr\/wp-json\/wp\/v2\/users\/5"}],"replies":[{"embeddable":true,"href":"https:\/\/cap.ca\/fr\/wp-json\/wp\/v2\/comments?post=26384"}],"version-history":[{"count":11,"href":"https:\/\/cap.ca\/fr\/wp-json\/wp\/v2\/pages\/26384\/revisions"}],"predecessor-version":[{"id":27265,"href":"https:\/\/cap.ca\/fr\/wp-json\/wp\/v2\/pages\/26384\/revisions\/27265"}],"up":[{"embeddable":true,"href":"https:\/\/cap.ca\/fr\/wp-json\/wp\/v2\/pages\/24572"}],"wp:attachment":[{"href":"https:\/\/cap.ca\/fr\/wp-json\/wp\/v2\/media?parent=26384"}],"curies":[{"name":"wp","href":"https:\/\/api.w.org\/{rel}","templated":true}]}}