{"id":26376,"date":"2025-01-16T11:04:28","date_gmt":"2025-01-16T16:04:28","guid":{"rendered":"https:\/\/cap.ca\/congres-de-lacp\/congres-de-lacp-2025\/2025-symposia-day\/"},"modified":"2025-05-06T10:56:06","modified_gmt":"2025-05-06T14:56:06","slug":"2025-symposia-day","status":"publish","type":"page","link":"https:\/\/cap.ca\/fr\/congres-de-lacp\/congres-anterieurs\/congres-de-lacp-2025\/2025-symposia-day\/","title":{"rendered":"2025 Journ\u00e9e des symposium"},"content":{"rendered":"<p>Les symposiums sp\u00e9cialis\u00e9s offrent l&#8217;opportunit\u00e9 d&#8217;une mini-r\u00e9union dans le cadre du Congr\u00e8s g\u00e9n\u00e9ral qui aide \u00e0 soutenir la recherche en physique au Canada en offrant une opportunit\u00e9 de r\u00e9seautage et de collaboration dans des domaines de recherche cibl\u00e9s. Chaque symposium se d\u00e9roulera dans une salle avec un caf\u00e9 \u00e0 proximit\u00e9 pour encourager le r\u00e9seautage. Il n&#8217;y a pas d&#8217;autres \u00e9v\u00e9nements pr\u00e9vus au cours de la journ\u00e9e pour interrompre la mini-r\u00e9union.<\/p>\n<p>Plusieurs symposiums sont actuellement pr\u00e9vus pour le mercredi. Ils comprennent une s\u00e9rie de conf\u00e9rences invit\u00e9es et de contributions. Les r\u00e9sum\u00e9s peuvent \u00eatre soumis \u00e0 un symposium en s\u00e9lectionnant la piste du symposium lorsque vous soumettez votre r\u00e9sum\u00e9. Les d\u00e9l\u00e9gu\u00e9s qui souhaitent assister uniquement \u00e0 la journ\u00e9e des symposiums peuvent le faire.<\/p>\n<p>Si vous avez des questions sur un symposium, ou si vous avez soumis un r\u00e9sum\u00e9 mais n&#8217;avez pas s\u00e9lectionn\u00e9 la piste du symposium, et que vous souhaitez faire une pr\u00e9sentation dans le symposium (if available), veuillez contacter l&#8217;ACP \u00e0 l&#8217;adresse suivante\u00a0: programs@cap.ca.<\/p>\n<p>Symposiums pr\u00e9vus (en cours d&#8217;\u00e9laboration)\u00a0:<\/p>\n<p><strong>Contre les pr\u00e9jug\u00e9s : combler le foss\u00e9 entre les sexes sur Wikip\u00e9dia (DEGP)<\/strong> &#8211; Venez apprendre comment ajouter des pages Wikip\u00e9dia sur les femmes et les physiciens issus de la diversit\u00e9 des genres. Avec l&#8217;aide d&#8217;Ingenium, les mus\u00e9es canadiens de la science et de l&#8217;innovation, nous apprendrons \u00e0 cr\u00e9er des pages pour une physicienne ou un physicien sans page ou \u00e0 d\u00e9velopper une page incompl\u00e8te. Tous sont invit\u00e9s \u00e0 venir c\u00e9l\u00e9brer les minorit\u00e9s de genre en physique. Le nombre de places est limit\u00e9 &#8211; veuillez vous inscrire ! <em>Organisateurs : Merdeka Miles (dekamiles@me.com), Juliette Mammei (jmammei@physics.umanitoba.ca)<\/em><\/p>\n<p><strong>Atelier annuel des \u00e9tudiant(e)s de la DPAE (DPAE)<\/strong> &#8211; L&#8217;atelier annuel des \u00e9tudiants de la DPAE offre aux membres de la communaut\u00e9 une introduction aux vastes domaines de recherche spatiale men\u00e9s au sein de la communaut\u00e9. Cette ann\u00e9e, l&#8217;atelier \u00e9tudiant se concentrera sur la physique du couplage dans l&#8217;environnement spatial et sur la m\u00e9t\u00e9orologie spatiale, en examinant la mani\u00e8re dont l&#8217;environnement spatial affecte notre vie quotidienne.<\/p>\n<p><strong>La physique des saveurs et au-del\u00e0 (PPD)<\/strong> &#8211; Le symposium de la division de la physique des particules de cette ann\u00e9e portera sur \u00ab la physique des saveurs et au-del\u00e0 \u00bb. Rejoignez-nous pour des pr\u00e9sentations invit\u00e9es couvrant le paysage de la physique des saveurs au Canada, et d\u00e9couvrez comment nous recherchons des indices de physique au-del\u00e0 du mod\u00e8le standard. <em>Organisateurs\u00a0: Heather Russell (hrussell@uvic.ca), Savino Longo (savino.longo@umanitoba.ca)<\/em><\/p>\n<p><strong>Sujets d&#8217;actualit\u00e9 en physique th\u00e9orique (DPT)<\/strong> &#8211; Cette ann\u00e9e, le symposium DPT abordera plusieurs aspects de la physique gravitationnelle. Dans la premi\u00e8re partie, nous nous concentrerons sur les avanc\u00e9es passionnantes en mati\u00e8re d&#8217;observation (\u00e9lectromagn\u00e9tique, ondes gravitationnelles et capacit\u00e9 de traitement) qui ont eu lieu au cours de la derni\u00e8re d\u00e9cennie et sur ce que la th\u00e9orie fait pour y r\u00e9pondre. Dans la seconde partie, nous nous concentrerons sur le probl\u00e8me fondamental et p\u00e9renne de la gravit\u00e9 quantique. <em>Organisateurs\u00a0: Ivan Booth (ibooth@mun.ca) et Hari Kunduri (kundurih@mcmaster.ca)<\/em><\/p>\n<p><strong>Les multiples facettes de la science nucl\u00e9aire (DPN)<\/strong> &#8211; La physique nucl\u00e9aire joue un r\u00f4le cl\u00e9 dans l&#8217;avancement des sciences et des technologies nucl\u00e9aires. Des investissements importants sont r\u00e9alis\u00e9s dans la recherche nucl\u00e9aire, en particulier dans les domaines suivants\u00a0: La production d&#8217;isotopes et ses applications, les r\u00e9acteurs nucl\u00e9aires de la prochaine g\u00e9n\u00e9ration, l&#8217;environnement et les sciences de la sant\u00e9. Le symposium mettra en lumi\u00e8re les innovations nucl\u00e9aires du Canada, en promouvant la collaboration intersectorielle et en engageant les professionnels \u00e9mergents dans ces secteurs \u00e0 croissance rapide. Les sessions seront multidisciplinaires et con\u00e7ues pour \u00eatre accessibles \u00e0 un vaste public int\u00e9ress\u00e9 par les sujets nucl\u00e9aires. <em>Organisateurs\u00a0: Chary Rangacharyulu (chary.r@usask.ca) et Lidia Matei (lidia.matei@ocni.ca)<\/em><\/p>\n<p><strong>Physique dans le secteur priv\u00e9 (Directeur des relations avec le secteur priv\u00e9 et Directeur des affaires professionnelles)<\/strong> &#8211; Plus de 75 % des dipl\u00f4m\u00e9s en physique travaillent dans le secteur priv\u00e9. Les jeunes physicien(ne)s, ou ceux qui souhaitent en savoir plus sur les carri\u00e8res en physique en dehors du monde acad\u00e9mique, sont encourag\u00e9s \u00e0 participer \u00e0 ce symposium interactif, qui donnera un aper\u00e7u des carri\u00e8res des physicien(ne)s du secteur priv\u00e9 et offrira des id\u00e9es et des conseils sur les voies possibles et la formation n\u00e9cessaire pour faire \u00e9voluer votre formation en physique vers une carri\u00e8re int\u00e9ressante et gratifiante en dehors du monde acad\u00e9mique. Le programme de la journ\u00e9e du symposium comprend une table ronde interactive, anim\u00e9e par le Directeur des relations avec le secteur priv\u00e9, qui vous permettra d&#8217;en savoir plus sur les personnes et leurs carri\u00e8res en tant que physicien(ne)s du secteur priv\u00e9. <em>Organisateurs\u00a0: Ian D\u2019Souza (ian.a.dsouza@gmail.com), Daniel Cluff (daniel.cluff@deepmining.ca), et Steffon Luoma (luoma@live.ca)<\/em><\/p>\n<p><strong>Tendances actuelles et sujets br\u00fblants (DPAMOC)<\/strong> &#8211; Ce symposium a pour but d&#8217;initier les \u00e9tudiant(e)s et les chercheurs(chercheuses) \u00e0 la diversit\u00e9 des recherches men\u00e9es dans le cadre de la physique atomique, mol\u00e9culaire, optique et, en l&#8217;occurrence, quantique et nucl\u00e9aire. <em>Organisateurs\u00a0: Jens Lassen (lassen@triumf.ca) et Duncan O&#8217;Dell (dodell@mcmaster.ca)<\/em><\/p>\n<p><strong>Progr\u00e8s r\u00e9cents de la physique et de la technologie des plasmas (DPP)<\/strong> &#8211; La physique et la technologie des plasmas sont destin\u00e9es \u00e0 changer notre mode de vie. Par exemple, les plasmas sont utilis\u00e9s pour le reformage \u00e0 sec du CO2 et pour la production de carburants renouvelables et d&#8217;engrais verts. Les plasmas peuvent \u00e9liminer \u00e0 jamais les produits chimiques et les r\u00e9acteurs \u00e0 plasma pour l&#8217;\u00e9nergie bas\u00e9e sur la fusion promettent d&#8217;\u00eatre la source d&#8217;\u00e9nergie verte. Le symposium pr\u00e9sentera les avanc\u00e9es r\u00e9centes de la recherche en physique des plasmas en mati\u00e8re de mod\u00e9lisation, de diagnostic et de conception de r\u00e9acteurs pour les plasmas thermiques et non thermiques. <em>Organisateur\u00a0: Stephan Reuter (stephan.reuter@polymtl.ca)<\/em><\/p>\n<p><strong>Q-STATE\u00a0: Science, technologie, applications, formation et \u00e9ducation quantiques (DQI\/DPE\/ Directeur des relations avec le secteur priv\u00e9)<\/strong> &#8211; Q-STATE, offert par la Division de l&#8217;information quantique (DIQ) en collaboration avec la Division de l&#8217;enseignement de la physique (DEP) et le Comit\u00e9 des relations avec le secteur priv\u00e9, est un \u00e9v\u00e9nement organis\u00e9 par et pour la communaut\u00e9 de l&#8217;ACP afin d&#8217;en apprendre davantage sur les orientations actuelles dans le domaine et sur le paysage quantique unique du Canada. Le symposium de cette ann\u00e9e proposera des sessions sur les sujets suivants\u00a0: Communication et r\u00e9seaux quantiques, d\u00e9tection quantique, informatique quantique \u00e0 source ouverte. Toutes les sessions seront d&#8217;un niveau accessible aux curieux du quantique et encourageront les questions et les discussions. <em>Organisateurs\u00a0: Daria Ahrensmeier (daria_ahrensmeier@sfu.ca) et Olivia Di Matteo (olivia.dimatteo@ubc.ca)<\/em><\/p>\n<p><strong>Fronti\u00e8res de la physique des mat\u00e9riaux bas\u00e9e sur le rayonnement synchrotron (DPMCM) <\/strong>&#8211; Ce symposium mettra en lumi\u00e8re les avanc\u00e9es r\u00e9centes de la science du synchrotron au Centre canadien de rayonnement synchrotron et dans d&#8217;autres installations \u00e0 travers le monde. Ces installations \u00e0 grande \u00e9chelle permettent un large \u00e9ventail de recherches scientifiques sur plusieurs stations exp\u00e9rimentales (lignes de faisceaux) fonctionnant simultan\u00e9ment. Les lignes de faisceaux sont optimis\u00e9es pour certaines parties du spectre lumineux et utilis\u00e9es dans un large \u00e9ventail de techniques exp\u00e9rimentales, notamment la spectroscopie, la diffraction, l&#8217;imagerie de l&#8217;\u00e9chelle macroscopique \u00e0 l&#8217;\u00e9chelle nanom\u00e9trique et des combinaisons de ces techniques. Ce symposium pr\u00e9sentera les avanc\u00e9es canadiennes et internationales dans le domaine des sciences li\u00e9es au synchrotron. Les sessions seront multidisciplinaires et con\u00e7ues pour \u00eatre accessibles \u00e0 un large public int\u00e9ress\u00e9 par la science des mat\u00e9riaux, la physique computationnelle, l&#8217;instrumentation et la physique des acc\u00e9l\u00e9rateurs. Parrain\u00e9 conjointement par l&#8217;Institut canadien du rayonnement synchrotron (CISR) et le Centre canadien de rayonnement synchrotron (CCRS). <em>Organisateurs :\u00a0Stefan Kycia (skcyia@uoguelph.ca), Feizhou He (feizhou.He@lightsource.ca)<\/em><\/p>\n<p><strong>Mati\u00e8re condens\u00e9e molle et physique biologique (DPMB\/DPMCM)<\/strong> &#8211; Ce symposium d&#8217;une journ\u00e9e mettra en lumi\u00e8re les principaux domaines d&#8217;int\u00e9r\u00eat des chercheurs \u00e0 l&#8217;interface entre la mati\u00e8re molle et la physique biologique. Les sujets abord\u00e9s seront les biopolym\u00e8res dans des environnements confin\u00e9s, les assemblages super-biomol\u00e9culaires, la mati\u00e8re molle active, les flux d&#8217;\u00e9nergie, les budgets et les contraintes dans les cellules. Rejoignez-nous plus tard lors d&#8217;une r\u00e9union de r\u00e9seautage pour discuter des d\u00e9veloppements passionnants des pr\u00e9sentations de la journ\u00e9e. <em>Organisateurs :\u00a0Maria Kilfoil (mlkilfoil@upei.ca), Greg van Anders (gva@queensu.ca)<\/em><\/p>\n","protected":false},"excerpt":{"rendered":"<p>Les symposiums sp\u00e9cialis\u00e9s offrent l&#8217;opportunit\u00e9 d&#8217;une mini-r\u00e9union dans le cadre du Congr\u00e8s g\u00e9n\u00e9ral qui aide \u00e0 soutenir la recherche en physique au Canada en offrant une opportunit\u00e9 de r\u00e9seautage et de collaboration dans des domaines de recherche cibl\u00e9s. Chaque symposium se d\u00e9roulera dans une salle avec un caf\u00e9 \u00e0 proximit\u00e9 pour encourager le r\u00e9seautage. Il&#8230;  <a class=\"excerpt-read-more\" href=\"https:\/\/cap.ca\/fr\/congres-de-lacp\/congres-anterieurs\/congres-de-lacp-2025\/2025-symposia-day\/\" title=\"Lire2025 Journ\u00e9e des symposium\">Lire la suite &raquo;<\/a><\/p>\n","protected":false},"author":5,"featured_media":0,"parent":24572,"menu_order":-7,"comment_status":"closed","ping_status":"closed","template":"","meta":{"footnotes":""},"class_list":["post-26376","page","type-page","status-publish","hentry"],"_links":{"self":[{"href":"https:\/\/cap.ca\/fr\/wp-json\/wp\/v2\/pages\/26376","targetHints":{"allow":["GET"]}}],"collection":[{"href":"https:\/\/cap.ca\/fr\/wp-json\/wp\/v2\/pages"}],"about":[{"href":"https:\/\/cap.ca\/fr\/wp-json\/wp\/v2\/types\/page"}],"author":[{"embeddable":true,"href":"https:\/\/cap.ca\/fr\/wp-json\/wp\/v2\/users\/5"}],"replies":[{"embeddable":true,"href":"https:\/\/cap.ca\/fr\/wp-json\/wp\/v2\/comments?post=26376"}],"version-history":[{"count":8,"href":"https:\/\/cap.ca\/fr\/wp-json\/wp\/v2\/pages\/26376\/revisions"}],"predecessor-version":[{"id":26900,"href":"https:\/\/cap.ca\/fr\/wp-json\/wp\/v2\/pages\/26376\/revisions\/26900"}],"up":[{"embeddable":true,"href":"https:\/\/cap.ca\/fr\/wp-json\/wp\/v2\/pages\/24572"}],"wp:attachment":[{"href":"https:\/\/cap.ca\/fr\/wp-json\/wp\/v2\/media?parent=26376"}],"curies":[{"name":"wp","href":"https:\/\/api.w.org\/{rel}","templated":true}]}}