{"id":26372,"date":"2025-02-03T17:03:48","date_gmt":"2025-02-03T22:03:48","guid":{"rendered":"https:\/\/cap.ca\/?page_id=26372"},"modified":"2025-02-03T17:03:48","modified_gmt":"2025-02-03T22:03:48","slug":"2025-concours-de-la-meilleure-presentation-etudiante","status":"publish","type":"page","link":"https:\/\/cap.ca\/fr\/congres-de-lacp\/congres-anterieurs\/congres-de-lacp-2025\/2025-concours-de-la-meilleure-presentation-etudiante\/","title":{"rendered":"2025 Concours de la meilleure pr\u00e9sentation \u00e9tudiante"},"content":{"rendered":"<p>L&#8217;ACP organise les concours du meilleur expos\u00e9 oral et du meilleur poster d&#8217;\u00e9tudiant lors du congr\u00e8s de 2025 de l&#8217;ACP. Des prix en esp\u00e8ces seront d\u00e9cern\u00e9s par l&#8217;ACP aux trois meilleures pr\u00e9sentations orales d&#8217;un \u00e9tudiant et aux trois meilleures pr\u00e9sentations globales d&#8217;affiches d&#8217;un \u00e9tudiant. En outre, diverses divisions th\u00e9matiques de l&#8217;ACP et d&#8217;autres sponsors organiseront des concours plus cibl\u00e9s par domaine.<\/p>\n<h4>QUELS SONT LES AVANTAGES DE LA PARTICIPATION ?<\/h4>\n<p>L&#8217;objectif de ces concours est d&#8217;encourager les \u00e9tudiants de premier et deuxi\u00e8me cycles \u00e0 pr\u00e9senter leurs travaux de recherche \u00e0 la communaut\u00e9 canadienne des physiciens et \u00e0 interagir avec elle \u00e0 un stade pr\u00e9coce de leur carri\u00e8re. Les \u00e9tudiants doivent pr\u00e9senter leur travail et assumer la responsabilit\u00e9 principale du contenu de la pr\u00e9sentation ainsi que du r\u00e9sum\u00e9 \u00e9crit.<\/p>\n<h4><strong><br \/>\n\u00c9LIGIBILIT\u00c9<br \/>\n<\/strong><\/h4>\n<p>Pour pouvoir participer \u00e0 ce concours, les \u00e9tudiants doivent \u00eatre membres (dipl\u00f4m\u00e9s) ou affili\u00e9s (\u00e9tudiants) de l&#8217;ACP. L&#8217;affiliation des \u00e9tudiants de premier cycle est gratuite pendant toute la dur\u00e9e de leur programme de licence. La premi\u00e8re ann\u00e9e d&#8217;adh\u00e9sion est gratuite pour les \u00e9tudiants dipl\u00f4m\u00e9s ; les ann\u00e9es suivantes, les frais d&#8217;adh\u00e9sion sont consid\u00e9rablement r\u00e9duits. Les demandes d&#8217;adh\u00e9sion et de renouvellement peuvent \u00eatre soumises en ligne ici.<\/p>\n<p><em><strong>Veuillez noter que l&#8217;activation de votre adh\u00e9sion\/affiliation peut prendre jusqu&#8217;\u00e0 10 jours ouvrables au total, ce qui inclut le traitement du paiement, le cas \u00e9ch\u00e9ant. Par cons\u00e9quent, vous devez soumettre votre demande d&#8217;adh\u00e9sion en m\u00eame temps que votre r\u00e9sum\u00e9.<\/strong><\/em><\/p>\n<h4><strong><br \/>\nCOMMENT PARTICIPER AU CONCOURS<br \/>\n<\/strong><\/h4>\n<p>Les \u00e9tudiants qui souhaitent participer aux concours de la meilleure pr\u00e9sentation orale ou de la meilleure affiche des \u00e9tudiants de l&#8217;ACP doivent express\u00e9ment indiquer leur intention de concourir en s\u00e9lectionnant l&#8217;option appropri\u00e9e pour la pr\u00e9sentation orale ou l&#8217;affiche au moment de la soumission du r\u00e9sum\u00e9 du congr\u00e8s. Un \u00e9tudiant qui participe au concours de la meilleure pr\u00e9sentation orale ou de la meilleure affiche de l&#8217;ACP sera automatiquement inscrit au concours de la division appropri\u00e9e de l&#8217;ACP, s&#8217;il en existe un et s&#8217;il est membre de cette division. Notez que si un \u00e9tudiant peut faire plus d&#8217;une pr\u00e9sentation (par exemple un expos\u00e9 et un poster, \u00e0 condition qu&#8217;ils portent sur des sujets diff\u00e9rents), il ne peut pas participer \u00e0 plus d&#8217;un concours de l&#8217;ACP (oral ou poster).<\/p>\n<h4><span style=\"font-size: 14pt;\"><strong><br \/>\n\u00c9VALUATION DES PR\u00c9SENTATIONS ORALES ET DES AFFICHES<br \/>\n<\/strong><\/span><\/h4>\n<p>Les pr\u00e9sentations orales des \u00e9tudiants et le jury se d\u00e9rouleront dans la session scientifique qui leur est attribu\u00e9e, tout au long du congr\u00e8s, de l&#8217;apr\u00e8s-midi du lundi 9 juin \u00e0 la fin de la journ\u00e9e du mardi 10 juin. Les finalistes du concours de la meilleure pr\u00e9sentation orale des \u00e9tudiants de l&#8217;ACP feront une deuxi\u00e8me pr\u00e9sentation orale le jeudi 12 juin.<\/p>\n<p>Les pr\u00e9sentations d&#8217;affiches des \u00e9tudiants et le jury auront lieu lors de la s\u00e9ance d&#8217;affichage du congr\u00e8s, le mardi 10 juin. Les finalistes du concours des meilleures affiches des \u00e9tudiants de l&#8217;ACP feront une deuxi\u00e8me pr\u00e9sentation d&#8217;affiche le mercredi 11 juin.<\/p>\n<p>L&#8217;\u00e9valuation se fera sur la base de la grille d&#8217;\u00e9valuation suivante :<\/p>\n<table>\n<tbody>\n<tr>\n<td><\/td>\n<td><strong>D\u00e9passement<\/strong><\/td>\n<td><strong>D\u00e9monstration<\/strong><\/td>\n<td><strong>D\u00e9veloppement<\/strong><\/td>\n<td><strong>L&#8217;\u00e9mergence<\/strong><\/td>\n<\/tr>\n<tr>\n<td><\/td>\n<td><span style=\"font-weight: 400;\">4<\/span><\/td>\n<td><span style=\"font-weight: 400;\">3<\/span><\/td>\n<td><span style=\"font-weight: 400;\">2<\/span><\/td>\n<td><span style=\"font-weight: 400;\">1<\/span><\/td>\n<\/tr>\n<tr>\n<td><strong>Contexte, motivation<\/strong><\/td>\n<td>Le probl\u00e8me est d\u00e9fini et mis en contexte de mani\u00e8re convaincante (\u00e9nonc\u00e9 pr\u00e9cis et solidement \u00e9tay\u00e9).<\/td>\n<td>Le probl\u00e8me est clair et coh\u00e9rent avec le mat\u00e9riel d&#8217;appui.<\/td>\n<td>Le probl\u00e8me est compr\u00e9hensible mais le mat\u00e9riel de soutien est insuffisant.<\/td>\n<td>Le probl\u00e8me peut \u00eatre d\u00e9duit mais n&#8217;est pas explicitement expliqu\u00e9 dans la pr\u00e9sentation.<\/td>\n<\/tr>\n<tr>\n<td><strong>Contenu scientifique, qualit\u00e9, originalit\u00e9<\/strong><\/td>\n<td>Les m\u00e9thodes de recherche et les donn\u00e9es sont clairement expliqu\u00e9es. L&#8217;impact des r\u00e9sultats est compar\u00e9 de mani\u00e8re coh\u00e9rente aux travaux ant\u00e9rieurs. La contribution de l&#8217;\u00e9tudiant est claire.<\/td>\n<td>Les m\u00e9thodes de recherche, les donn\u00e9es et l&#8217;impact sont pr\u00e9sent\u00e9s. La contribution de l&#8217;\u00e9tudiant est claire.<\/td>\n<td>Les m\u00e9thodes de recherche et les donn\u00e9es sont pr\u00e9sent\u00e9es. L&#8217;impact des r\u00e9sultats n&#8217;est pas suffisamment \u00e9tay\u00e9 ou la contribution de l&#8217;\u00e9tudiant n&#8217;est pas claire.<\/td>\n<td>Les m\u00e9thodes de recherche et les donn\u00e9es sont pr\u00e9sent\u00e9es. L&#8217;impact et la contribution de l&#8217;\u00e9tudiant ne sont pas clairs.<\/td>\n<\/tr>\n<tr>\n<td><strong>Mat\u00e9riel d&#8217;appui (diagrammes, donn\u00e9es, graphiques, analyse statistique, incertitudes)<\/strong><\/td>\n<td>Des documents d&#8217;appui vari\u00e9s font r\u00e9f\u00e9rence de mani\u00e8re appropri\u00e9e \u00e0 des informations ou \u00e0 des analyses qui \u00e9tayent de mani\u00e8re significative la pr\u00e9sentation.<\/td>\n<td>Le mat\u00e9riel d&#8217;appui fait r\u00e9f\u00e9rence de mani\u00e8re appropri\u00e9e aux informations ou aux analyses qui soutiennent g\u00e9n\u00e9ralement la pr\u00e9sentation.<\/td>\n<td>Le mat\u00e9riel d&#8217;appui fait r\u00e9f\u00e9rence de mani\u00e8re appropri\u00e9e aux informations ou aux analyses qui soutiennent g\u00e9n\u00e9ralement la pr\u00e9sentation.<\/td>\n<td>Les supports insuffisants se r\u00e9f\u00e8rent \u00e0 des informations ou \u00e0 des analyses qui ne soutiennent que tr\u00e8s peu la pr\u00e9sentation.<\/td>\n<\/tr>\n<tr>\n<td><strong>Sch\u00e9ma d&#8217;organisation (introduction et conclusion sp\u00e9cifiques, encha\u00eenement des \u00e9l\u00e9ments dans le corps du texte et transitions)<\/strong><\/td>\n<td>Le mod\u00e8le d&#8217;organisation est clairement et syst\u00e9matiquement observable, il est habile et rend le contenu de la pr\u00e9sentation coh\u00e9rent.<\/td>\n<td>Le mod\u00e8le organisationnel est observable de mani\u00e8re claire et coh\u00e9rente.<\/td>\n<td>Le mod\u00e8le organisationnel est observable par intermittence.<\/td>\n<td>Le mod\u00e8le organisationnel n&#8217;est pas observable.<\/td>\n<\/tr>\n<tr>\n<td><strong>Techniques de pr\u00e9sentation (clart\u00e9, expressivit\u00e9 vocale, enthousiasme, posture, gestes, contact visuel, rythme, terminologie)<\/strong><\/td>\n<td>Les techniques de pr\u00e9sentation rendent l&#8217;expos\u00e9 convaincant, et l&#8217;orateur appara\u00eet poli et s\u00fbr de lui. La terminologie et le rythme sont adapt\u00e9s \u00e0 l&#8217;auditoire.<\/td>\n<td>Les techniques de pr\u00e9sentation rendent l&#8217;expos\u00e9 int\u00e9ressant et l&#8217;orateur semble \u00e0 l&#8217;aise. La terminologie et le rythme sont adapt\u00e9s \u00e0 l&#8217;auditoire.<\/td>\n<td>Les techniques de pr\u00e9sentation rendent l&#8217;expos\u00e9 compr\u00e9hensible et l&#8217;orateur semble h\u00e9sitant. La terminologie et\/ou le rythme sont adapt\u00e9s \u00e0 l&#8217;auditoire.<\/td>\n<td>Les techniques de pr\u00e9sentation nuisent \u00e0 la compr\u00e9hensibilit\u00e9 de l&#8217;expos\u00e9 et l&#8217;orateur semble mal \u00e0 l&#8217;aise. La terminologie et\/ou le rythme ne sont pas adapt\u00e9s \u00e0 l&#8217;auditoire.<\/td>\n<\/tr>\n<tr>\n<td><strong>R\u00e9ponses aux questions et compr\u00e9hension du sujet de recherche<\/strong><\/td>\n<td>Les r\u00e9ponses aux questions comprennent des informations compl\u00e9mentaires et la ma\u00eetrise du sujet de recherche est claire.<\/td>\n<td>Les r\u00e9ponses aux questions contiennent des informations de base et la compr\u00e9hension du sujet de recherche est claire.<\/td>\n<td>Les r\u00e9ponses aux questions refl\u00e8tent une compr\u00e9hension de base mais la ma\u00eetrise du sujet de recherche n&#8217;est pas \u00e9vidente.<\/td>\n<td>Les r\u00e9ponses aux questions sont insuffisantes et la compr\u00e9hension du sujet de recherche n&#8217;est pas \u00e9vidente.<\/td>\n<\/tr>\n<tr>\n<td><strong>P\u00e9nalit\u00e9 pour heures suppl\u00e9mentaires (pr\u00e9sentations orales uniquement)<\/strong><\/td>\n<td><\/td>\n<td><\/td>\n<td><\/td>\n<td>-3 pendant &gt; 45 secondes de temps suppl\u00e9mentaire<\/td>\n<\/tr>\n<tr>\n<td><strong>Score total (sur 24)<\/strong><\/td>\n<td><\/td>\n<td><\/td>\n<td><\/td>\n<td><\/td>\n<\/tr>\n<\/tbody>\n<\/table>\n<h4><strong><br \/>\nET SI JE GAGNE ?<br \/>\n<\/strong><\/h4>\n<p>Les laur\u00e9ats des concours du meilleur expos\u00e9 oral et du meilleur poster des \u00e9tudiants de l&#8217;ACP, ainsi que les laur\u00e9ats des concours des divisions, seront annonc\u00e9s lors de la c\u00e9r\u00e9monie de remise des prix aux \u00e9tudiants, le jeudi 12 juin, et les r\u00e9sultats seront publi\u00e9s dans la revue <em>Physics in Canada<\/em>.<\/p>\n<p>&nbsp;<\/p>\n<h3>Concours des divisions et concours parrain\u00e9s<\/h3>\n<p>Un \u00e9tudiant qui participe au concours du meilleur expos\u00e9 oral ou du meilleur poster d&#8217;un \u00e9tudiant de l&#8217;ACP sera automatiquement inscrit au concours de la division appropri\u00e9e de l&#8217;ACP, s&#8217;il en existe un et s&#8217;il est membre de cette division. Tout \u00e9tudiant ayant des questions ou des inqui\u00e9tudes concernant la participation \u00e0 tous les prix auxquels il est \u00e9ligible doit envoyer un courriel \u00e0 programs@cap.ca. L&#8217;adh\u00e9sion \u00e0 une division de l&#8217;ACP est gratuite pour les \u00e9tudiants et peut \u00eatre activ\u00e9e lors de la demande ou du renouvellement de l&#8217;adh\u00e9sion \u00e0 l&#8217;ACP. Les membres actuels de l&#8217;ACP peuvent adh\u00e9rer \u00e0 une division de la ACP en envoyant une demande par courriel \u00e0 membership@cap.ca.<\/p>\n<p>La liste des concours et des prix des divisions de l&#8217;ACP qui seront d\u00e9cern\u00e9s lors du congr\u00e8s de l&#8217;ACP 2025 est disponible sur cette page (lien \u00e0 venir).<\/p>\n","protected":false},"excerpt":{"rendered":"<p>L&#8217;ACP organise les concours du meilleur expos\u00e9 oral et du meilleur poster d&#8217;\u00e9tudiant lors du congr\u00e8s de 2025 de l&#8217;ACP. Des prix en esp\u00e8ces seront d\u00e9cern\u00e9s par l&#8217;ACP aux trois meilleures pr\u00e9sentations orales d&#8217;un \u00e9tudiant et aux trois meilleures pr\u00e9sentations globales d&#8217;affiches d&#8217;un \u00e9tudiant. En outre, diverses divisions th\u00e9matiques de l&#8217;ACP et d&#8217;autres sponsors organiseront&#8230;  <a class=\"excerpt-read-more\" href=\"https:\/\/cap.ca\/fr\/congres-de-lacp\/congres-anterieurs\/congres-de-lacp-2025\/2025-concours-de-la-meilleure-presentation-etudiante\/\" title=\"Lire2025 Concours de la meilleure pr\u00e9sentation \u00e9tudiante\">Lire la suite &raquo;<\/a><\/p>\n","protected":false},"author":5,"featured_media":0,"parent":24572,"menu_order":-8,"comment_status":"closed","ping_status":"closed","template":"","meta":{"footnotes":""},"class_list":["post-26372","page","type-page","status-publish","hentry"],"_links":{"self":[{"href":"https:\/\/cap.ca\/fr\/wp-json\/wp\/v2\/pages\/26372","targetHints":{"allow":["GET"]}}],"collection":[{"href":"https:\/\/cap.ca\/fr\/wp-json\/wp\/v2\/pages"}],"about":[{"href":"https:\/\/cap.ca\/fr\/wp-json\/wp\/v2\/types\/page"}],"author":[{"embeddable":true,"href":"https:\/\/cap.ca\/fr\/wp-json\/wp\/v2\/users\/5"}],"replies":[{"embeddable":true,"href":"https:\/\/cap.ca\/fr\/wp-json\/wp\/v2\/comments?post=26372"}],"version-history":[{"count":2,"href":"https:\/\/cap.ca\/fr\/wp-json\/wp\/v2\/pages\/26372\/revisions"}],"predecessor-version":[{"id":26410,"href":"https:\/\/cap.ca\/fr\/wp-json\/wp\/v2\/pages\/26372\/revisions\/26410"}],"up":[{"embeddable":true,"href":"https:\/\/cap.ca\/fr\/wp-json\/wp\/v2\/pages\/24572"}],"wp:attachment":[{"href":"https:\/\/cap.ca\/fr\/wp-json\/wp\/v2\/media?parent=26372"}],"curies":[{"name":"wp","href":"https:\/\/api.w.org\/{rel}","templated":true}]}}