{"id":26370,"date":"2025-02-03T16:57:07","date_gmt":"2025-02-03T21:57:07","guid":{"rendered":"https:\/\/cap.ca\/?page_id=26370"},"modified":"2025-03-21T09:13:37","modified_gmt":"2025-03-21T13:13:37","slug":"soumission-resumes-2025","status":"publish","type":"page","link":"https:\/\/cap.ca\/fr\/congres-de-lacp\/congres-anterieurs\/congres-de-lacp-2025\/soumission-resumes-2025\/","title":{"rendered":"Soumission des r\u00e9sum\u00e9s 2025"},"content":{"rendered":"<blockquote><p><strong>MISE \u00c0 JOUR &#8211; 20 mars 2025 :<\/strong> <strong>Nous avons r\u00e9ouvert le syst\u00e8me de soumission de<\/strong> r\u00e9sum\u00e9s pour les r\u00e9sum\u00e9s des conf\u00e9renciers invit\u00e9s ainsi que pour les r\u00e9sum\u00e9s contribu\u00e9s apr\u00e8s la date limite qui seront pris en compte pour les pr\u00e9sentations par affiches (les pr\u00e9sentations orales ne seront prises en compte que s&#8217;il reste des cr\u00e9neaux oraux disponibles apr\u00e8s que les r\u00e9sum\u00e9s avant la date limite ont \u00e9t\u00e9 programm\u00e9s).<\/p>\n<p><strong>Les r\u00e9sum\u00e9s d&#8217;affiches d&#8217;\u00e9tudiants en comp\u00e9tition seront accept\u00e9s jusqu&#8217;au 30 mars (les pr\u00e9sentations orales sont ferm\u00e9es),<\/strong> apr\u00e8s quoi les r\u00e9sum\u00e9s ne seront pris en consid\u00e9ration que pour les cr\u00e9neaux d&#8217;affiches hors comp\u00e9tition.<\/p><\/blockquote>\n<p>&nbsp;<\/p>\n<p><strong><a href=\"https:\/\/indico.global\/event\/442\/\" target=\"_blank\" rel=\"noopener\">Cliquez ici pour acc\u00e9der au site Indico de soumission des r\u00e9sum\u00e9s du Congr\u00e8s 2025<\/a>. NOTE : Vous aurez besoin d&#8217;un compte Indico (s\u00e9par\u00e9 du compte de l&#8217;ACP) pour soumettre un r\u00e9sum\u00e9.<\/strong> Voir les instructions pour cr\u00e9er un compte ci-dessous.<\/p>\n<p>Nous avons le plaisir d&#8217;annoncer que les r\u00e9sum\u00e9s des pr\u00e9sentations orales et des affiches pour le congr\u00e8s de l&#8217;ACP de 2025 peuvent bient\u00f4t \u00eatre soumis en utilisant le lien ci-dessus. Nous pr\u00e9voyons actuellement d&#8217;organiser le congr\u00e8s en personne \u00e0 l&#8217;Universit\u00e9 de Saskatchewan \u00e0 Saskatoon, SK, du 9 au 13 juin. Les pr\u00e9sentateurs devront \u00eatre pr\u00e9sents en personne.<\/p>\n<p>Ce congr\u00e8s est l&#8217;occasion de pr\u00e9senter et de c\u00e9l\u00e9brer les r\u00e9alisations des physiciens au Canada et \u00e0 l&#8217;\u00e9tranger.<\/p>\n<p>Soumettez un r\u00e9sum\u00e9 et partagez vos recherches. Pour les superviseurs, ce congr\u00e8s est une excellente occasion de pr\u00e9senter les travaux de leurs \u00e9tudiants.<\/p>\n<p><strong>LES SOUMISSIONS DE R\u00c9SUM\u00c9S APR\u00c8S LA DATE LIMITE<\/strong><\/p>\n<p>Les r\u00e9sum\u00e9s des pr\u00e9sentations orales soumis avant la date limite seront examin\u00e9s en priorit\u00e9 pour la programmation.<\/p>\n<p>&nbsp;<\/p>\n<p><strong>CRIT\u00c8RES DE SOUMISSION DES R\u00c9SUM\u00c9S<\/strong><\/p>\n<ol class=\"content-list\">\n<li>Les r\u00e9sum\u00e9s ne doivent pas d\u00e9passer 2400 caract\u00e8res, espaces compris (~300 mots).<\/li>\n<li>Vous devez avoir un compte Indico CERN pour soumettre un r\u00e9sum\u00e9.<\/li>\n<li>Pour \u00e9viter tout retard dans le traitement de votre r\u00e9sum\u00e9, vous DEVEZ s\u00e9lectionner un type de pr\u00e9sentation (directement sous la bo\u00eete de contenu du r\u00e9sum\u00e9) ainsi que la piste (division ou symposium) dans la liste au bas de la page.<\/li>\n<\/ol>\n<p>&nbsp;<\/p>\n<p><strong>Instructions pour la cr\u00e9ation d&#8217;un compte Indico CERN :<\/strong><\/p>\n<p>Nous utilisons \u00e0 nouveau le syst\u00e8me de soumission de r\u00e9sum\u00e9s Indico h\u00e9berg\u00e9 par le CERN, qui n&#8217;est pas li\u00e9 au syst\u00e8me d&#8217;adh\u00e9sion ACP existant ni au syst\u00e8me de soumission de r\u00e9sum\u00e9s utilis\u00e9 avant le Congr\u00e8s 2014. Par cons\u00e9quent, si vous n&#8217;avez pas encore de compte Indico CERN, ou si vous n&#8217;en avez pas cr\u00e9\u00e9 un pour le Congr\u00e8s de l&#8217;ann\u00e9e derni\u00e8re, vous devez en cr\u00e9er un avant de pouvoir soumettre un r\u00e9sum\u00e9 pour le Congr\u00e8s.<\/p>\n<p>Pour cr\u00e9er un nouveau compte dans Indico afin d&#8217;avoir acc\u00e8s au processus du congr\u00e8s de 2025 de l&#8217;ACP, suivez les \u00e9tapes suivantes :<\/p>\n<ol class=\"content-list\">\n<li><a href=\"https:\/\/auth.cern.ch\/auth\/realms\/cern\/protocol\/openid-connect\/auth?response_type=code&amp;client_id=indico-cern&amp;redirect_uri=https%3A%2F%2Findico.cern.ch%2Fauthlib%2Fcern&amp;scope=openid&amp;state=aDWak1mAQSgEfp3zcmUt0fPZq80Tec&amp;nonce=iqpJ61te2CtC4a2lGSsq\">Allez sur cette page,<\/a> s\u00e9lectionnez \u00ab Guest access \u00bb dans la colonne de droite, puis s\u00e9lectionnez \u00ab register \u00bb et remplissez le formulaire sur cette page. Vous recevrez un e-mail de v\u00e9rification. Cliquez sur le lien contenu dans l&#8217;e-mail pour terminer la proc\u00e9dure.<\/li>\n<li>Pour tester votre acc\u00e8s (et pour toutes les connexions futures), allez sur <a href=\"https:\/\/indico.global\/event\/442\/\">le site d&#8217;Indico ACP 2025<\/a> et cliquez sur Login dans le coin sup\u00e9rieur droit pour acc\u00e9der \u00e0 la page de connexion unique du CERN. IMPORTANT &#8211; N&#8217;utilisez PAS la fonction \u00ab Log in with your CERN account \u00bb dans la colonne de gauche. S\u00e9lectionnez \u00ab Guest access \u00bb dans la colonne de droite.<\/li>\n<li>Saisissez les informations d&#8217;identification de votre compte et vous serez ramen\u00e9 \u00e0 la page du Congr\u00e8s Indico 2025. Votre nom devrait maintenant appara\u00eetre dans la bo\u00eete de connexion dans le coin sup\u00e9rieur droit. Cela signifie que votre compte est correctement \u00e9tabli et que vous pouvez maintenant soumettre un r\u00e9sum\u00e9 et acc\u00e9der aux informations relatives \u00e0 votre r\u00e9sum\u00e9.<\/li>\n<\/ol>\n<p>&nbsp;<\/p>\n","protected":false},"excerpt":{"rendered":"<p>MISE \u00c0 JOUR &#8211; 20 mars 2025 : Nous avons r\u00e9ouvert le syst\u00e8me de soumission de r\u00e9sum\u00e9s pour les r\u00e9sum\u00e9s des conf\u00e9renciers invit\u00e9s ainsi que pour les r\u00e9sum\u00e9s contribu\u00e9s apr\u00e8s la date limite qui seront pris en compte pour les pr\u00e9sentations par affiches (les pr\u00e9sentations orales ne seront prises en compte que s&#8217;il reste des&#8230;  <a class=\"excerpt-read-more\" href=\"https:\/\/cap.ca\/fr\/congres-de-lacp\/congres-anterieurs\/congres-de-lacp-2025\/soumission-resumes-2025\/\" title=\"LireSoumission des r\u00e9sum\u00e9s 2025\">Lire la suite &raquo;<\/a><\/p>\n","protected":false},"author":5,"featured_media":0,"parent":24572,"menu_order":-4,"comment_status":"closed","ping_status":"closed","template":"","meta":{"footnotes":""},"class_list":["post-26370","page","type-page","status-publish","hentry"],"_links":{"self":[{"href":"https:\/\/cap.ca\/fr\/wp-json\/wp\/v2\/pages\/26370","targetHints":{"allow":["GET"]}}],"collection":[{"href":"https:\/\/cap.ca\/fr\/wp-json\/wp\/v2\/pages"}],"about":[{"href":"https:\/\/cap.ca\/fr\/wp-json\/wp\/v2\/types\/page"}],"author":[{"embeddable":true,"href":"https:\/\/cap.ca\/fr\/wp-json\/wp\/v2\/users\/5"}],"replies":[{"embeddable":true,"href":"https:\/\/cap.ca\/fr\/wp-json\/wp\/v2\/comments?post=26370"}],"version-history":[{"count":12,"href":"https:\/\/cap.ca\/fr\/wp-json\/wp\/v2\/pages\/26370\/revisions"}],"predecessor-version":[{"id":26659,"href":"https:\/\/cap.ca\/fr\/wp-json\/wp\/v2\/pages\/26370\/revisions\/26659"}],"up":[{"embeddable":true,"href":"https:\/\/cap.ca\/fr\/wp-json\/wp\/v2\/pages\/24572"}],"wp:attachment":[{"href":"https:\/\/cap.ca\/fr\/wp-json\/wp\/v2\/media?parent=26370"}],"curies":[{"name":"wp","href":"https:\/\/api.w.org\/{rel}","templated":true}]}}