{"id":26348,"date":"2025-01-21T11:56:22","date_gmt":"2025-01-21T16:56:22","guid":{"rendered":"https:\/\/cap.ca\/congres-de-lacp\/congres-de-lacp-2025\/2025-local-organizing-committee\/"},"modified":"2025-02-18T16:40:46","modified_gmt":"2025-02-18T21:40:46","slug":"2025-local-organizing-committee","status":"publish","type":"page","link":"https:\/\/cap.ca\/fr\/congres-de-lacp\/congres-anterieurs\/congres-de-lacp-2025\/2025-local-organizing-committee\/","title":{"rendered":"Comit\u00e9 d&#8217;organisation local 2025"},"content":{"rendered":"<table style=\"border-collapse: collapse; width: 100%;\">\n<tbody>\n<tr>\n<td style=\"width: 50%;\"><strong>Co-pr\u00e9sidentes<\/strong><\/p>\n<p><a href=\"mailto:kat221@mail.usask.ca\">Kaori Tanaka<\/a><br \/>\n<a href=\"mailto:sarah.purdy@usask.ca\">Sarah Purdy<\/a><\/td>\n<td style=\"width: 50%;\"><strong>Logement ext\u00e9rieur (h\u00f4tels)<\/strong><\/p>\n<p><a href=\"mailto:debbie.gjertsen@usask.ca\">Debbie Gjertsen <\/a><\/td>\n<\/tr>\n<tr>\n<td style=\"width: 50%;\"><strong>Coordinateur local du congr\u00e8s<\/strong><\/p>\n<p>Vacant<\/td>\n<td style=\"width: 50%;\"><strong>Coordinatrice de la restauration et de la r\u00e9sidence<\/strong><\/p>\n<p><a href=\"mailto:debbie.gjertsen@usask.ca\">Debbie Gjertsen <\/a><\/td>\n<\/tr>\n<tr>\n<td style=\"width: 50%;\"><strong>Tr\u00e9sorier \/ coordinateur budg\u00e9taire<\/strong><\/p>\n<p><a href=\"mailto:john.tse@usask.ca\">John Tse<\/a><\/td>\n<td style=\"width: 50%;\"><strong>Coordinateur des visites de laboratoires<\/strong><\/p>\n<p><a href=\"mailto:chijin.xiao@usask.ca\">Chijin Xiao<\/a><\/td>\n<\/tr>\n<tr>\n<td style=\"width: 50%;\"><strong>Coordinateurs de la r\u00e9union des pr\u00e9sidents de d\u00e9partement<\/strong><\/p>\n<p><a href=\"mailto:yansun.yao@usask.ca\">Yansun Yao<\/a><br \/>\n<a href=\"mailto:debbie.gjertsen@usask.ca\">Debbie Gjertsen<\/a><\/td>\n<td style=\"width: 50%;\"><strong>Coordinateur de la communication \/ pages imprim\u00e9es du programme et informations locales sur le Web<\/strong><\/p>\n<p><a href=\"mailto:doug.degenstein@usask.ca\">Doug Degenstein<\/a><\/td>\n<\/tr>\n<tr>\n<td style=\"width: 50%;\"><strong>Coordinateurs de la session d&#8217;affiches<\/strong><\/p>\n<p><a href=\"alex.moewes@usask.ca\">Alexander Moewes<\/a><br \/>\n<a href=\"mailto:daniel.billett@usask.ca\">Daniel Billet<\/a><\/td>\n<td style=\"width: 50%;\"><strong>Coordinateurs locaux de parrainage<\/strong><\/p>\n<p><a href=\"mailto:sarah.purdy@usask.ca\">Sarah Purdy<\/a><br \/>\n<a href=\"mailto:daniel.billett@usask.ca\">Daniel Billet<\/a><\/td>\n<\/tr>\n<tr>\n<td style=\"width: 50%;\"><strong>Coordinatrice du barbecue<\/strong><\/p>\n<p><a href=\"mailto:susann.tegtmeier@usask.ca\">Susann Tegtmeier<\/a><\/td>\n<td style=\"width: 50%;\"><strong>Coordinateur de la conf\u00e9rence publique Herzberg<\/strong><\/p>\n<p><a href=\"mailto:gapsoo.chang@usask.ca\">Gap Soo Chang<\/a><\/td>\n<\/tr>\n<tr>\n<td style=\"width: 50%;\"><strong>Coordinateur des salles et de l&#8217;AV-IT<\/strong><\/p>\n<p><a href=\"mailto:mark.wurtz@usask.ca\">Mark Wurtz<\/a> (salles)<br \/>\n<a href=\"mailto:masoud.ghezelbash@usask.ca\">Masoud Ghezelbash<\/a> (AV-IT)<\/td>\n<td style=\"width: 50%;\"><strong>Coordinateur des volontaires<\/strong><\/p>\n<p><a style=\"font-family: inherit; font-size: inherit; background-color: #ffffff;\" href=\"mailto:robert.green@usask.ca\">Robert Green<\/a><\/p>\n<p><strong>\u00c9tudiants volontaires en chef<\/strong><\/td>\n<\/tr>\n<tr>\n<td style=\"width: 50%;\">&nbsp;<\/p>\n<p><strong>Coordinatrice du banquet<\/strong><\/p>\n<p><a href=\"mailto:debbie.gjertsen@usask.ca\">Debbie Gjertsen<\/a><\/td>\n<td style=\"width: 50%;\"><strong>Coordinateur d&#8217;\u00e9v\u00e9nements pour les \u00e9tudiants de l&#8217;industrie<\/strong><\/p>\n<p><a href=\"mailto:andrei.smolyakov@usask.ca\">Andrei Smolyakov<\/a><\/td>\n<\/tr>\n<tr>\n<td style=\"width: 50%;\"><strong>Coordinateur des exposants<\/strong><\/p>\n<p>Glenn Hussey<\/td>\n<td style=\"width: 50%;\"><strong>Coordinateurs d&#8217;ateliers d&#8217;enseignement<\/strong><\/p>\n<p><a href=\"mailto:sarah.purdy@usask.ca\">Sarah Purdy<\/a><br \/>\n<a href=\"mailto:matthew.toohey@usask.ca\">Matthew Toohey<\/a><\/td>\n<\/tr>\n<tr>\n<td style=\"width: 50%;\"><strong>Responsable de la s\u00e9curit\u00e9<\/strong><\/p>\n<p><a href=\"mailto:sasha.koustov@usask.ca\">Sasha Koustov<\/a><\/td>\n<td style=\"width: 50%;\"><strong>Signalisation<\/strong><\/p>\n<p><a href=\"mailto:tom.steele@usask.ca\">Tom Steele<\/a><b><br \/>\n<\/b><a href=\"mailto:mark.boland@usask.ca\"><span style=\"font-weight: 400;\">Mark Boland (Onsite)<\/span><\/a><\/td>\n<\/tr>\n<\/tbody>\n<\/table>\n","protected":false},"excerpt":{"rendered":"<p>Co-pr\u00e9sidentes Kaori Tanaka Sarah Purdy Logement ext\u00e9rieur (h\u00f4tels) Debbie Gjertsen Coordinateur local du congr\u00e8s Vacant Coordinatrice de la restauration et de la r\u00e9sidence Debbie Gjertsen Tr\u00e9sorier \/ coordinateur budg\u00e9taire John Tse Coordinateur des visites de laboratoires Chijin Xiao Coordinateurs de la r\u00e9union des pr\u00e9sidents de d\u00e9partement Yansun Yao Debbie Gjertsen Coordinateur de la communication \/&#8230;  <a class=\"excerpt-read-more\" href=\"https:\/\/cap.ca\/fr\/congres-de-lacp\/congres-anterieurs\/congres-de-lacp-2025\/2025-local-organizing-committee\/\" title=\"LireComit\u00e9 d&#8217;organisation local 2025\">Lire la suite &raquo;<\/a><\/p>\n","protected":false},"author":5,"featured_media":0,"parent":24572,"menu_order":-8,"comment_status":"closed","ping_status":"closed","template":"","meta":{"footnotes":""},"class_list":["post-26348","page","type-page","status-publish","hentry"],"_links":{"self":[{"href":"https:\/\/cap.ca\/fr\/wp-json\/wp\/v2\/pages\/26348","targetHints":{"allow":["GET"]}}],"collection":[{"href":"https:\/\/cap.ca\/fr\/wp-json\/wp\/v2\/pages"}],"about":[{"href":"https:\/\/cap.ca\/fr\/wp-json\/wp\/v2\/types\/page"}],"author":[{"embeddable":true,"href":"https:\/\/cap.ca\/fr\/wp-json\/wp\/v2\/users\/5"}],"replies":[{"embeddable":true,"href":"https:\/\/cap.ca\/fr\/wp-json\/wp\/v2\/comments?post=26348"}],"version-history":[{"count":5,"href":"https:\/\/cap.ca\/fr\/wp-json\/wp\/v2\/pages\/26348\/revisions"}],"predecessor-version":[{"id":26519,"href":"https:\/\/cap.ca\/fr\/wp-json\/wp\/v2\/pages\/26348\/revisions\/26519"}],"up":[{"embeddable":true,"href":"https:\/\/cap.ca\/fr\/wp-json\/wp\/v2\/pages\/24572"}],"wp:attachment":[{"href":"https:\/\/cap.ca\/fr\/wp-json\/wp\/v2\/media?parent=26348"}],"curies":[{"name":"wp","href":"https:\/\/api.w.org\/{rel}","templated":true}]}}