{"id":26340,"date":"2025-01-23T15:07:11","date_gmt":"2025-01-23T20:07:11","guid":{"rendered":"https:\/\/cap.ca\/congres-de-lacp\/congres-de-lacp-2025\/2025-congress-at-a-glance\/"},"modified":"2025-01-23T15:18:40","modified_gmt":"2025-01-23T20:18:40","slug":"2025-congress-at-a-glance","status":"publish","type":"page","link":"https:\/\/cap.ca\/fr\/congres-de-lacp\/congres-anterieurs\/congres-de-lacp-2025\/2025-congress-at-a-glance\/","title":{"rendered":"Aper\u00e7u du congr\u00e8s 2025"},"content":{"rendered":"<div class=\"wpb-content-wrapper\"><p>[vc_row][vc_column][vc_btn title=&#8221;Aper\u00e7u du congr\u00e8s 2025 &#8211; 9-13 juin, Saskatoon, SK &#8211; T\u00e9l\u00e9charger&#8221; color=&#8221;danger&#8221; css=&#8221;&#8221; link=&#8221;url:https%3A%2F%2Fcap.ca%2Fwp-content%2Fuploads%2F2023%2F11%2FFor-web-Current-2025-Congress-at-a-Glance.xlsx-Mar.2025-version.pdf|target:_blank&#8221;][\/vc_column][\/vc_row]<\/p>\n<\/div>","protected":false},"excerpt":{"rendered":"<p>[vc_row][vc_column][vc_btn title=&#8221;Aper\u00e7u du congr\u00e8s 2025 &#8211; 9-13 juin, Saskatoon, SK &#8211; T\u00e9l\u00e9charger&#8221; color=&#8221;danger&#8221; css=&#8221;&#8221; link=&#8221;url:https%3A%2F%2Fcap.ca%2Fwp-content%2Fuploads%2F2023%2F11%2FFor-web-Current-2025-Congress-at-a-Glance.xlsx-Mar.2025-version.pdf|target:_blank&#8221;][\/vc_column][\/vc_row]<\/p>\n","protected":false},"author":5,"featured_media":0,"parent":24572,"menu_order":3,"comment_status":"closed","ping_status":"closed","template":"","meta":{"footnotes":""},"class_list":["post-26340","page","type-page","status-publish","hentry"],"_links":{"self":[{"href":"https:\/\/cap.ca\/fr\/wp-json\/wp\/v2\/pages\/26340","targetHints":{"allow":["GET"]}}],"collection":[{"href":"https:\/\/cap.ca\/fr\/wp-json\/wp\/v2\/pages"}],"about":[{"href":"https:\/\/cap.ca\/fr\/wp-json\/wp\/v2\/types\/page"}],"author":[{"embeddable":true,"href":"https:\/\/cap.ca\/fr\/wp-json\/wp\/v2\/users\/5"}],"replies":[{"embeddable":true,"href":"https:\/\/cap.ca\/fr\/wp-json\/wp\/v2\/comments?post=26340"}],"version-history":[{"count":4,"href":"https:\/\/cap.ca\/fr\/wp-json\/wp\/v2\/pages\/26340\/revisions"}],"predecessor-version":[{"id":26347,"href":"https:\/\/cap.ca\/fr\/wp-json\/wp\/v2\/pages\/26340\/revisions\/26347"}],"up":[{"embeddable":true,"href":"https:\/\/cap.ca\/fr\/wp-json\/wp\/v2\/pages\/24572"}],"wp:attachment":[{"href":"https:\/\/cap.ca\/fr\/wp-json\/wp\/v2\/media?parent=26340"}],"curies":[{"name":"wp","href":"https:\/\/api.w.org\/{rel}","templated":true}]}}