{"id":26164,"date":"2024-12-16T14:37:50","date_gmt":"2024-12-16T19:37:50","guid":{"rendered":"https:\/\/cap.ca\/?page_id=26164"},"modified":"2025-01-07T17:16:29","modified_gmt":"2025-01-07T22:16:29","slug":"concours-dessin-acp-iyq","status":"publish","type":"page","link":"https:\/\/cap.ca\/fr\/activites\/iyq\/concours-dessin-acp-iyq\/","title":{"rendered":"Concours de dessin de l&#8217;ACP-IYQ 2025"},"content":{"rendered":"<p>L&#8217;Association canadienne des physiciens et physiciennes ( ACP ) invite tous les \u00e9tudiants en physique au Canada \u00e0 cr\u00e9er un dessin pour la c\u00e9l\u00e9bration pancanadienne de l&#8217;Ann\u00e9e internationale de la quantique 2025. Participez au concours pour remporter le prix de 1000 $ et voir votre dessin sur des t-shirts, des tasses, etc. distribu\u00e9s dans tout le pays en 2025 !\u00a0 <a href=\"https:\/\/cap.ca\/wp-content\/uploads\/2024\/12\/CAP-IYQ-Design-Competition-Invitation-FRE.pdf\">Cliquer ici pour t\u00e9l\u00e9charger ce page en format pdf<\/a>.<\/p>\n<p>Contexte : Le 7 juin 2024, les Nations unies ont officiellement proclam\u00e9 2025 l&#8217;Ann\u00e9e internationale des sciences et technologies quantiques (IYQ).<\/p>\n<p>L&#8217;IYQ 2025 c\u00e9l\u00e9brera les profondes r\u00e9percussions de la science quantique sur la technologie, la culture et notre compr\u00e9hension du monde naturel dans le monde entier (pour plus d&#8217;informations, cliquez ici) : <a href=\"https:\/\/quantum2025.org\/fr\/\" target=\"_blank\" rel=\"noopener\">https:\/\/quantum2025.org\/fr\/<\/a>). Nous avons form\u00e9 un groupe de travail pancanadien dirig\u00e9 par l&#8217;Association canadienne des physiciens et physiciennes ( ACP ) pour coordonner les activit\u00e9s de sensibilisation \u00e0 la science et \u00e0 la technologie quantiques pendant toute la dur\u00e9e de l&#8217;ann\u00e9e 2025. De plus amples informations seront publi\u00e9es sur notre site web \u00e0 l&#8217;avenir : <a href=\"https:\/\/cap.ca\/fr\/activites\/iyq\/\" target=\"_blank\" rel=\"noopener\">https:\/\/cap.ca\/fr\/activites\/iyq\/<\/a><\/p>\n<p>Le groupe de travail de l&#8217;IYQ vous invite \u00e0 soumettre des propositions de dessins pour l&#8217;IYQ 2025 qui seront utilis\u00e9s sur les produits d\u00e9riv\u00e9s de l&#8217;IYQ canadienne comme les t-shirts, les tasses, les autocollants, etc. Les id\u00e9es d&#8217;inspiration canadienne sont les bienvenues, mais nous ne voulons pas limiter votre cr\u00e9ativit\u00e9 !<\/p>\n<p>Veuillez envoyer* vos id\u00e9es en format pdf ou jpeg \u00e0 <a href=\"mailto:info@cap.ca\">info@cap.ca<\/a>. Notez que les dessins qui fonctionnent \u00e0 la fois en couleur et en noir et blanc seront consid\u00e9r\u00e9s comme plus polyvalents. Si vous souhaitez partager les id\u00e9es qui sous-tendent votre proposition, n&#8217;h\u00e9sitez pas \u00e0 ajouter un court texte (pas plus de 150 mots).<\/p>\n<p><strong>Le jury commencera \u00e0 examiner les candidatures le 3 janvier ; la date limite est 23h59 HE lundi, le 13 janvier<\/strong>. Le laur\u00e9at recevra un ch\u00e8que de 1 000 dollars et sera annonc\u00e9 sur le site web de l&#8217;ACP. Le jury peut \u00e9galement d\u00e9cerner des mentions honorables (sans prix mon\u00e9taire associ\u00e9) qui peuvent \u00eatre publi\u00e9es, par exemple, dans un num\u00e9ro sp\u00e9cial de La Physique au Canada, ou sous une autre forme. Si vous n&#8217;\u00eates pas \u00e9tudiant, mais que vous souhaitez partager vos cr\u00e9ations quantiques avec vos coll\u00e8gues, veuillez indiquer votre statut dans votre soumission pour qu&#8217;elle soit prise en compte pour le volet hors concours.<\/p>\n<p>Nous avons h\u00e2te de voir vos cr\u00e9ations !<\/p>\n<p>Le groupe de travail IYQ 2025 de l&#8217;ACP<\/p>\n<p><span style=\"font-size: 10pt;\">* Toutes les contributions au concours de dessin doivent \u00eatre le fruit du travail original des participants. L&#8217;utilisation de l&#8217;IA doit \u00eatre identifi\u00e9e. Chaque participant reste propri\u00e9taire des droits d&#8217;auteur associ\u00e9s aux cr\u00e9ations qu&#8217;il soumet. En soumettant une participation, chaque participant accorde \u00e0 l&#8217;ACP une licence perp\u00e9tuelle non exclusive pour utiliser, reproduire, publier, modifier, incorporer dans d&#8217;autres travaux, distribuer et promouvoir, en tout ou en partie, le mat\u00e9riel soumis par le participant \u00e0 des fins non commerciales ou commerciales, sous quelque format que ce soit, y compris l&#8217;impression, la publication num\u00e9rique et tous les autres m\u00e9dias, sous quelque forme que ce soit, et avec attribution si possible<\/span>.<\/p>\n","protected":false},"excerpt":{"rendered":"<p>L&#8217;Association canadienne des physiciens et physiciennes ( ACP ) invite tous les \u00e9tudiants en physique au Canada \u00e0 cr\u00e9er un dessin pour la c\u00e9l\u00e9bration pancanadienne de l&#8217;Ann\u00e9e internationale de la quantique 2025. Participez au concours pour remporter le prix de 1000 $ et voir votre dessin sur des t-shirts, des tasses, etc. distribu\u00e9s dans tout&#8230;  <a class=\"excerpt-read-more\" href=\"https:\/\/cap.ca\/fr\/activites\/iyq\/concours-dessin-acp-iyq\/\" title=\"LireConcours de dessin de l&#8217;ACP-IYQ 2025\">Lire la suite &raquo;<\/a><\/p>\n","protected":false},"author":7,"featured_media":0,"parent":25374,"menu_order":7,"comment_status":"closed","ping_status":"closed","template":"","meta":{"footnotes":""},"class_list":["post-26164","page","type-page","status-publish","hentry"],"_links":{"self":[{"href":"https:\/\/cap.ca\/fr\/wp-json\/wp\/v2\/pages\/26164","targetHints":{"allow":["GET"]}}],"collection":[{"href":"https:\/\/cap.ca\/fr\/wp-json\/wp\/v2\/pages"}],"about":[{"href":"https:\/\/cap.ca\/fr\/wp-json\/wp\/v2\/types\/page"}],"author":[{"embeddable":true,"href":"https:\/\/cap.ca\/fr\/wp-json\/wp\/v2\/users\/7"}],"replies":[{"embeddable":true,"href":"https:\/\/cap.ca\/fr\/wp-json\/wp\/v2\/comments?post=26164"}],"version-history":[{"count":6,"href":"https:\/\/cap.ca\/fr\/wp-json\/wp\/v2\/pages\/26164\/revisions"}],"predecessor-version":[{"id":26224,"href":"https:\/\/cap.ca\/fr\/wp-json\/wp\/v2\/pages\/26164\/revisions\/26224"}],"up":[{"embeddable":true,"href":"https:\/\/cap.ca\/fr\/wp-json\/wp\/v2\/pages\/25374"}],"wp:attachment":[{"href":"https:\/\/cap.ca\/fr\/wp-json\/wp\/v2\/media?parent=26164"}],"curies":[{"name":"wp","href":"https:\/\/api.w.org\/{rel}","templated":true}]}}