{"id":26020,"date":"2024-11-04T12:51:21","date_gmt":"2024-11-04T17:51:21","guid":{"rendered":"https:\/\/cap.ca\/congres-de-lacp\/congres-de-lacp-2025\/2025-sponsor-and-exhibitor-opportunities\/"},"modified":"2024-11-18T12:54:45","modified_gmt":"2024-11-18T17:54:45","slug":"2025-sponsor-and-exhibitor-opportunities","status":"publish","type":"page","link":"https:\/\/cap.ca\/fr\/congres-de-lacp\/congres-anterieurs\/congres-de-lacp-2025\/2025-sponsor-and-exhibitor-opportunities\/","title":{"rendered":"2025 Opportunit\u00e9s pour les sponsors et les exposants"},"content":{"rendered":"<p>L&#8217;Association canadienne des physiciens et physiciennes et le comit\u00e9 organisateur local de l&#8217;Universit\u00e9 de Saskatchewan vous invitent \u00e0 parrainer et\/ou \u00e0 \u00eatre exposant au Congr\u00e8s 2025. Il existe toute une gamme de possibilit\u00e9s, de niveaux de parrainage, d&#8217;activit\u00e9s et d&#8217;avantages qui vous permettront de faire conna\u00eetre votre organisation \u00e0 l&#8217;occasion de cet \u00e9v\u00e9nement.<\/p>\n<p>Le congr\u00e8s de l&#8217;ACP attire entre 350 et 450 physiciens, \u00e9tudiants et professeurs de physique de tout le Canada. Il s&#8217;agit d&#8217;une excellente occasion d&#8217;entrer en contact avec les leaders de la profession et de se tenir au courant des derni\u00e8res recherches et pratiques. Les kiosques d&#8217;exposition seront disponibles \u00e0 partir de 12h00 le mardi 10 juin jusqu&#8217;\u00e0 16h00 le jeudi 12 juin.<\/p>\n<p>Tous les sponsors et exposants seront mentionn\u00e9s sur le site web du congr\u00e8s de l&#8217;ACP (avec des liens vers leur site web et\/ou leur kit de marque) et par une signalisation appropri\u00e9e lors du congr\u00e8s. Ils seront \u00e9galement mentionn\u00e9s lors de la conf\u00e9rence publique de Herzberg pr\u00e9vue le lundi 9 juin de 19h45 \u00e0 21h00.<\/p>\n<p>Les sponsors et les exposants doivent r\u00e9server au plus tard le 1er avril afin de garantir que l&#8217;ensemble du mat\u00e9riel et des activit\u00e9s promotionnels sera mis \u00e0 leur disposition.<\/p>\n<p><a href=\"https:\/\/cap.ca\/wp-content\/uploads\/2024\/11\/2025-CAP-Congress-Sponsorship-Exhibit-Package-ENGLISH.docx.pdf\"><em><strong>D\u00e9couvrez nos possibilit\u00e9s de parrainage et d&#8217;exposition en cliquant ici, puis remplissez le formulaire de parrainage\/exposition ci-dessous.<\/strong><\/em><\/a> <em>(Le fichier PDF s&#8217;ouvre dans une fen\u00eatre s\u00e9par\u00e9e, la version fran\u00e7aise est disponible sur demande).<\/em><\/p>\n<p>Veuillez noter qu&#8217;une fois ce formulaire rempli, une facture et des instructions de paiement vous seront envoy\u00e9es dans un d\u00e9lai de 10 jours ouvrables.<\/p>\n\n","protected":false},"excerpt":{"rendered":"<p>L&#8217;Association canadienne des physiciens et physiciennes et le comit\u00e9 organisateur local de l&#8217;Universit\u00e9 de Saskatchewan vous invitent \u00e0 parrainer et\/ou \u00e0 \u00eatre exposant au Congr\u00e8s 2025. Il existe toute une gamme de possibilit\u00e9s, de niveaux de parrainage, d&#8217;activit\u00e9s et d&#8217;avantages qui vous permettront de faire conna\u00eetre votre organisation \u00e0 l&#8217;occasion de cet \u00e9v\u00e9nement. Le congr\u00e8s&#8230;  <a class=\"excerpt-read-more\" href=\"https:\/\/cap.ca\/fr\/congres-de-lacp\/congres-anterieurs\/congres-de-lacp-2025\/2025-sponsor-and-exhibitor-opportunities\/\" title=\"Lire2025 Opportunit\u00e9s pour les sponsors et les exposants\">Lire la suite &raquo;<\/a><\/p>\n","protected":false},"author":5,"featured_media":0,"parent":24572,"menu_order":3,"comment_status":"closed","ping_status":"closed","template":"","meta":{"footnotes":""},"class_list":["post-26020","page","type-page","status-publish","hentry"],"_links":{"self":[{"href":"https:\/\/cap.ca\/fr\/wp-json\/wp\/v2\/pages\/26020","targetHints":{"allow":["GET"]}}],"collection":[{"href":"https:\/\/cap.ca\/fr\/wp-json\/wp\/v2\/pages"}],"about":[{"href":"https:\/\/cap.ca\/fr\/wp-json\/wp\/v2\/types\/page"}],"author":[{"embeddable":true,"href":"https:\/\/cap.ca\/fr\/wp-json\/wp\/v2\/users\/5"}],"replies":[{"embeddable":true,"href":"https:\/\/cap.ca\/fr\/wp-json\/wp\/v2\/comments?post=26020"}],"version-history":[{"count":3,"href":"https:\/\/cap.ca\/fr\/wp-json\/wp\/v2\/pages\/26020\/revisions"}],"predecessor-version":[{"id":26024,"href":"https:\/\/cap.ca\/fr\/wp-json\/wp\/v2\/pages\/26020\/revisions\/26024"}],"up":[{"embeddable":true,"href":"https:\/\/cap.ca\/fr\/wp-json\/wp\/v2\/pages\/24572"}],"wp:attachment":[{"href":"https:\/\/cap.ca\/fr\/wp-json\/wp\/v2\/media?parent=26020"}],"curies":[{"name":"wp","href":"https:\/\/api.w.org\/{rel}","templated":true}]}}