{"id":25818,"date":"2023-10-03T12:24:04","date_gmt":"2023-10-03T16:24:04","guid":{"rendered":"https:\/\/cap.ca\/activites\/programme-de-distinctions\/university-physics-students\/"},"modified":"2025-11-03T10:59:12","modified_gmt":"2025-11-03T15:59:12","slug":"university-physics-students","status":"publish","type":"page","link":"https:\/\/cap.ca\/fr\/activites\/programme-de-distinctions\/university-physics-students\/","title":{"rendered":"Recognitions for University Physics Students"},"content":{"rendered":"<div class=\"wpb-content-wrapper\"><p>L&#8217;ACP offre plusieurs prix r\u00e9compensant l&#8217;excellence des connaissances et de la recherche en physique pour les \u00e9tudiants de premier et deuxi\u00e8me cycles. Cliquez sur les liens ci-dessous pour en savoir plus.<\/p>\n<table style=\"border-collapse: collapse; width: 100%;\">\n<tbody>\n<tr>\n<td style=\"width: 25%;\"><strong>Programme<\/strong><\/td>\n<td style=\"width: 25%;\"><strong>Con\u00e7u pour<\/strong><\/td>\n<td style=\"width: 25%;\"><strong>Dates et d\u00e9lais<\/strong><\/td>\n<td style=\"width: 25%;\"><strong>Anciens laur\u00e9ats<\/strong><\/td>\n<\/tr>\n<tr>\n<td style=\"width: 25%;\"><a href=\"#Elliot\">Examen du prix universitaire Lloyd G. Elliott<\/a><\/td>\n<td style=\"width: 25%;\">\u00c9tudiants de premier cycle<\/td>\n<td style=\"width: 25%;\">Annuellement, f\u00e9vrier\/mars<\/td>\n<td style=\"width: 25%;\"><a href=\"https:\/\/cap.ca\/fr\/activites\/programme-de-distinctions\/university-physics-students\/prix-lloyd-g-elliott-examen-universitaire\/anciens-examens\/\">R\u00e9sultats ant\u00e9rieurs<\/a><\/td>\n<\/tr>\n<tr>\n<td style=\"width: 25%;\"><a href=\"#BSPC\">Prix de la meilleure pr\u00e9sentation \u00e9tudiante de l&#8217;ACP<\/a><\/td>\n<td style=\"width: 25%;\">Les deux<\/td>\n<td style=\"width: 25%;\">Voir la <a href=\"https:\/\/cap.ca\/fr\/congres-de-lacp\/\">date limite de soumission des r\u00e9sum\u00e9s pour le congr\u00e8s de<\/a> l&#8217;ACP de l&#8217;ann\u00e9e en cours.<\/td>\n<td style=\"width: 25%;\">Voir la <a href=\"https:\/\/cap.ca\/fr\/congres-de-lacp\/congres-anterieurs\/\">page web du congr\u00e8s des<\/a> ann\u00e9es pr\u00e9c\u00e9dentes<\/td>\n<\/tr>\n<tr>\n<td style=\"width: 25%;\"><a href=\"#Carswell\">Bourse Allan Carswell pour les \u00e9ducateurs en physique<\/a><\/td>\n<td style=\"width: 25%;\">\u00c9tudiants dipl\u00f4m\u00e9s<\/td>\n<td style=\"width: 25%;\">15 janvier<\/td>\n<td style=\"width: 25%;\"><a href=\"https:\/\/cap.ca\/fr\/facp\/bourses\/recipiendaires-par-annee-des-bourses-detudes-de-lacp\/\">Anciens laur\u00e9ats<\/a><\/td>\n<\/tr>\n<tr>\n<td style=\"width: 25%;\"><a href=\"#Stoi\">Bourse comm\u00e9morative Boris P. Stoicheff de l\u2019ACP-OPTICA pour \u00e9tudiants de cycles sup\u00e9rieurs<\/a><\/td>\n<td style=\"width: 25%;\">\u00c9tudiants dipl\u00f4m\u00e9s<\/td>\n<td style=\"width: 25%;\">15 janvier<\/td>\n<td style=\"width: 25%;\"><a href=\"https:\/\/cap.ca\/fr\/facp\/bourses\/recipiendaires-par-annee-des-bourses-detudes-de-lacp\/\">Anciens laur\u00e9ats<\/a><\/td>\n<\/tr>\n<tr>\n<td style=\"width: 25%;\"><a href=\"#Sven\">Bourse comm\u00e9morative Eric C. Svensson pour \u00e9tudiants de cycles sup\u00e9rieurs<\/a><\/td>\n<td style=\"width: 25%;\">\u00c9tudiants dipl\u00f4m\u00e9s<\/td>\n<td style=\"width: 25%;\">15 janvier<\/td>\n<td style=\"width: 25%;\"><a href=\"https:\/\/cap.ca\/fr\/facp\/bourses\/recipiendaires-par-annee-des-bourses-detudes-de-lacp\/\">Anciens laur\u00e9ats<\/a><\/td>\n<\/tr>\n<tr>\n<td style=\"width: 25%;\"><a href=\"#thesis\">Prix de th\u00e8se de la division de l&#8217;ACP &#8211; offerts par : DPMCM, DPN, DPT et PPD<\/a><\/td>\n<td style=\"width: 25%;\">\u00c9tudiants dipl\u00f4m\u00e9s<\/td>\n<td style=\"width: 25%;\">Pour plus de d\u00e9tails, consultez les sites Web des divisions.<\/td>\n<td style=\"width: 25%;\"><\/td>\n<\/tr>\n<\/tbody>\n<\/table>\n<hr \/>\n<h2 id=\"Elliot\" class=\"page-title\">Prix Lloyd G. Elliott, Examen universitaire<\/h2>\n<p>L&#8217;examen du prix universitaire ACP, qui se tient normalement en f\u00e9vrier ou mars de chaque ann\u00e9e, est un concours national ouvert aux \u00e9tudiants de tout le pays qui \u00e9tudient la physique et sont inscrits dans un programme de premier cycle au moment de l&#8217;examen. Tous les \u00e9tudiants \u00e9ligibles sont encourag\u00e9s \u00e0 participer. <a href=\"https:\/\/cap.ca\/fr\/activites\/programme-de-distinctions\/university-physics-students\/prix-lloyd-g-elliott-examen-universitaire\/\">Cliquez ici pour plus d&#8217;informations.\u00a0<\/a><\/p>\n<hr \/>\n<h2 id=\"BSPC\" class=\"page-title\">Prix de la meilleure pr\u00e9sentation \u00e9tudiante de l&#8217;ACP<\/h2>\n<p>Chaque ann\u00e9e, lors du congr\u00e8s de l&#8217;ACP, les \u00e9tudiants (dipl\u00f4m\u00e9s et non dipl\u00f4m\u00e9s) ont la possibilit\u00e9 de pr\u00e9senter des posters ou de faire des expos\u00e9s oraux qui concr\u00e9tisent les r\u00e9sultats des recherches qu&#8217;ils ont men\u00e9es r\u00e9cemment. L&#8217;ACP d\u00e9cerne des prix aux meilleurs articles et affiches pr\u00e9sent\u00e9s par des \u00e9tudiants lors du congr\u00e8s de l&#8217;ACP, si un \u00e9tudiant indique express\u00e9ment qu&#8217;il souhaite participer au concours.\u00a0<a href=\"https:\/\/cap.ca\/congress-conference\/congress-2023\/\">Visitez la page du congr\u00e8s de l&#8217;ACP pour en savoir plus.<\/a><\/p>\n<hr \/>\n<h2 id=\"Carswell\" class=\"page-title\">Bourse Allan Carswell d\u2019enseignant en physique<\/h2>\n<p>Gr\u00e2ce \u00e0 une dotation g\u00e9n\u00e9reuse de la <em>Fondation de la famille Allan Carswell<\/em>, \u00e0 partir de 2020, jusqu&#8217;\u00e0 deux <strong>bourses d&#8217;\u00e9tudes Allan Carswell pour les \u00e9ducateurs en physique, d&#8217;<\/strong> une valeur maximale de 5 000 $ chacune, seront attribu\u00e9es chaque ann\u00e9e. Cette bourse reconna\u00eet l&#8217;importance cruciale et la valeur de la pr\u00e9sence de personnes form\u00e9es \u00e0 la physique et passionn\u00e9es par cette discipline, qui s&#8217;engagent aupr\u00e8s des jeunes Canadiens dans les salles de classe de ce pays. <a href=\"https:\/\/cap.ca\/fr\/facp\/bourses\/carswell\/\">Cliquez ici pour plus d&#8217;informations.\u00a0<\/a><\/p>\n<hr \/>\n<h2 id=\"Stoi\" class=\"page-title\">Bourse comm\u00e9morative Boris P. Stoicheff de l\u2019ACP-OPTICA pour \u00e9tudiants de cycles sup\u00e9rieurs<\/h2>\n<p>La bourse conjointe de la FACP et de la Fondation Optica, d&#8217;un montant de 3 000 $, sera attribu\u00e9e \u00e0 un \u00e9tudiant dipl\u00f4m\u00e9 qui a fait preuve d&#8217;excellence en recherche et qui a rendu d&#8217;importants services \u00e0 la communaut\u00e9 de l&#8217;optique (The Optica Foundation) ou de la physique (ACP). La bourse est attribu\u00e9e conjointement par la FACP et la Fondation Optica, l&#8217;administration et la pr\u00e9sentation de la bourse \u00e9tant assur\u00e9es \u00e0 tour de r\u00f4le par les deux soci\u00e9t\u00e9s. <a href=\"https:\/\/cap.ca\/fr\/facp\/bourses\/stoicheff\/\">Cliquez ici pour plus d&#8217;informations.\u00a0<\/a><\/p>\n<hr \/>\n<h2 id=\"Sven\" class=\"page-title\">Bourse comm\u00e9morative Eric C. Svensson pour \u00e9tudiants de cycles sup\u00e9rieurs<\/h2>\n<p>La bourse comm\u00e9morative Eric C. Svensson a \u00e9t\u00e9 attribu\u00e9e pour la premi\u00e8re fois en 2021 par la Fondation ACP (FACP) en m\u00e9moire d&#8217;Eric Svensson, un Canadien renomm\u00e9 pour ses travaux sur la diffusion des neutrons qui a \u00e9galement \u00e9t\u00e9 pr\u00e9sident de l&#8217;Association canadienne des physiciens et physiciennes (ACP) en 1997-1998. La bourse, d&#8217;une valeur actuelle de 3 000 $, est attribu\u00e9e \u00e0 un membre \u00e9tudiant dipl\u00f4m\u00e9 de l&#8217;ACP qui a fait preuve \u00e0 la fois d&#8217;excellence en recherche et de services significatifs \u00e0 la communaut\u00e9 des physiciens. <a href=\"https:\/\/cap.ca\/fr\/facp\/bourses\/svensson\/\">Cliquez ici pour plus d&#8217;informations.<\/a><\/p>\n<hr \/>\n<h2 id=\"thesis\" class=\"page-title\">Prix de th\u00e8se de la division de l&#8217;ACP<\/h2>\n<p>Plusieurs divisions organisent chaque ann\u00e9e un concours r\u00e9compensant la meilleure th\u00e8se soumise par l&#8217;un de leurs membres. Pour plus d&#8217;informations, veuillez consulter les pages consacr\u00e9es aux divisions.<\/p>\n<ul class=\"content-list\">\n<li><a href=\"https:\/\/cap.ca\/fr\/divisions\/dpmcm\/dpmcm-prix\/\">Division de la physique de la mati\u00e8re condens\u00e9e et mat\u00e9riaux (DPMCM)<\/a><\/li>\n<li><a href=\"https:\/\/cap.ca\/fr\/divisions\/dpn\/dpn-prix\/\">Division de la physique nucl\u00e9aire (DPN)<\/a><\/li>\n<li><a href=\"https:\/\/cap.ca\/fr\/divisions\/dpt\/dpt-prix\/\">Division de la physique th\u00e9orique (DPT)<\/a><\/li>\n<li><a href=\"https:\/\/cap.ca\/fr\/divisions\/ppd-f\/ppd-f-etudiants\/\">Division de la physique des particules (PPD)<\/a><\/li>\n<\/ul>\n<hr \/>\n<p>&nbsp;<\/p>\n<p><a href=\"https:\/\/services.cap.ca\/medal\/login.php\">Cliquez ici<\/a> pour acc\u00e9der au syst\u00e8me de candidature aux distinctions.<\/p>\n<p>Les questions et commentaires peuvent \u00eatre adress\u00e9s \u00e0 l&#8217;ACP \u00e0 l&#8217;adresse suivante : programs@cap.ca.<\/p>\n<p>[vc_row][vc_column][vc_single_image image=&#8221;21572&#8243; img_size=&#8221;full&#8221; onclick=&#8221;custom_link&#8221; img_link_target=&#8221;_blank&#8221; link=&#8221;http:\/\/https:\/\/cap.ca\/fr\/edi\/&#8221;][\/vc_column][\/vc_row]<\/p>\n<\/div>","protected":false},"excerpt":{"rendered":"<p>L&#8217;ACP offre plusieurs prix r\u00e9compensant l&#8217;excellence des connaissances et de la recherche en physique pour les \u00e9tudiants de premier et deuxi\u00e8me cycles. Cliquez sur les liens ci-dessous pour en savoir plus. Programme Con\u00e7u pour Dates et d\u00e9lais Anciens laur\u00e9ats Examen du prix universitaire Lloyd G. Elliott \u00c9tudiants de premier cycle Annuellement, f\u00e9vrier\/mars R\u00e9sultats ant\u00e9rieurs Prix&#8230;  <a class=\"excerpt-read-more\" href=\"https:\/\/cap.ca\/fr\/activites\/programme-de-distinctions\/university-physics-students\/\" title=\"LireRecognitions for University Physics Students\">Lire la suite &raquo;<\/a><\/p>\n","protected":false},"author":5,"featured_media":0,"parent":3308,"menu_order":29,"comment_status":"closed","ping_status":"closed","template":"","meta":{"footnotes":""},"class_list":["post-25818","page","type-page","status-publish","hentry"],"_links":{"self":[{"href":"https:\/\/cap.ca\/fr\/wp-json\/wp\/v2\/pages\/25818","targetHints":{"allow":["GET"]}}],"collection":[{"href":"https:\/\/cap.ca\/fr\/wp-json\/wp\/v2\/pages"}],"about":[{"href":"https:\/\/cap.ca\/fr\/wp-json\/wp\/v2\/types\/page"}],"author":[{"embeddable":true,"href":"https:\/\/cap.ca\/fr\/wp-json\/wp\/v2\/users\/5"}],"replies":[{"embeddable":true,"href":"https:\/\/cap.ca\/fr\/wp-json\/wp\/v2\/comments?post=25818"}],"version-history":[{"count":21,"href":"https:\/\/cap.ca\/fr\/wp-json\/wp\/v2\/pages\/25818\/revisions"}],"predecessor-version":[{"id":28076,"href":"https:\/\/cap.ca\/fr\/wp-json\/wp\/v2\/pages\/25818\/revisions\/28076"}],"up":[{"embeddable":true,"href":"https:\/\/cap.ca\/fr\/wp-json\/wp\/v2\/pages\/3308"}],"wp:attachment":[{"href":"https:\/\/cap.ca\/fr\/wp-json\/wp\/v2\/media?parent=25818"}],"curies":[{"name":"wp","href":"https:\/\/api.w.org\/{rel}","templated":true}]}}