{"id":25374,"date":"2024-06-11T16:08:45","date_gmt":"2024-06-11T20:08:45","guid":{"rendered":"https:\/\/cap.ca\/?page_id=25374"},"modified":"2026-02-19T14:58:11","modified_gmt":"2026-02-19T19:58:11","slug":"iyq","status":"publish","type":"page","link":"https:\/\/cap.ca\/fr\/activites\/iyq\/","title":{"rendered":"Ann\u00e9e Internationale de la Science et de la Technologie Quantiques (AIQ)"},"content":{"rendered":"<h3>Travailler ensemble pour c\u00e9l\u00e9brer 2025 comme l&#8217;Ann\u00e9e internationale de la science et de la technologie quantiques (AIQ)<\/h3>\n<h3><img loading=\"lazy\" decoding=\"async\" class=\"wp-image-25366 size-medium alignright\" src=\"https:\/\/cap.ca\/wp-content\/uploads\/2024\/06\/IYQ-Cda-logo-300x150.jpg\" alt=\"\" width=\"300\" height=\"232\" \/><\/h3>\n<p>L&#8217;<a href=\"https:\/\/quantum2025.org\/fr\/a-propos-de-laiv\/\">Ann\u00e9e internationale de la science et de la technologie quantiques<\/a> est une initiative mondiale qui vise \u00e0 renforcer les capacit\u00e9s nationales en mati\u00e8re de sciences fondamentales et d&#8217;enseignement des sciences. Cette initiative mettra en lumi\u00e8re la contribution de la science quantique \u00e0 l&#8217;am\u00e9lioration de notre connaissance et de notre compr\u00e9hension de l&#8217;univers physique, ainsi que le r\u00f4le essentiel de la science et de la technologie quantiques dans l&#8217;\u00e9laboration de solutions durables dans les domaines de l&#8217;\u00e9nergie, de l&#8217;\u00e9ducation, des communications et de la sant\u00e9 humaine.<\/p>\n<p>Nous encourageons les individus, les organisations et les entreprises, en particulier ceux du secteur de la technologie quantique, \u00e0 participer \u00e0 cette ann\u00e9e de la science et de la technologie quantiques d\u00e9clar\u00e9e par les Nations unies et \u00e0 utiliser notre site web pour faire savoir \u00e0 tous ce que vous faites.<\/p>\n<h3>Vous voulez en savoir plus et participer ?<\/h3>\n<ul class=\"content-list\">\n<li><a href=\"https:\/\/iyqcda.cap.ca\/quantum-canada-open-doors\/\">C\u00e9l\u00e9brez Quantum Canada : Portes ouvertes le 3 mai 2025 !<\/a><\/li>\n<li>Visitez le <a href=\"https:\/\/iyqcda.cap.ca\/\">site web de l&#8217;Ann\u00e9e internationale du quantum au Canada <\/a>(IYQCAN)<\/li>\n<li><a href=\"https:\/\/cap.ca\/fr\/activites\/aiq\/parrainer-iyq-canada\/\">Vous souhaitez devenir une commanditaire officielle des activit\u00e9s canadiennes ?<\/a><\/li>\n<li><a href=\"https:\/\/cap.ca\/fr\/publications-fr\/nouvelles\/2025-iyq-numero-special-de-la-pac\/\" target=\"_blank\" rel=\"noopener\">Vous souhaitez proposer un contenu pour un num\u00e9ro sp\u00e9cial de la revue La Physique au Canada<\/a>\u00a0?<\/li>\n<li>Contacter un <a href=\"https:\/\/iyqcda.cap.ca\/contact\/\">membre de l&#8217;\u00e9quipe IYQCAN<\/a><\/li>\n<\/ul>\n<p style=\"padding-left: 40px;\">\n","protected":false},"excerpt":{"rendered":"<p>Travailler ensemble pour c\u00e9l\u00e9brer 2025 comme l&#8217;Ann\u00e9e internationale de la science et de la technologie quantiques (AIQ) L&#8217;Ann\u00e9e internationale de la science et de la technologie quantiques est une initiative mondiale qui vise \u00e0 renforcer les capacit\u00e9s nationales en mati\u00e8re de sciences fondamentales et d&#8217;enseignement des sciences. Cette initiative mettra en lumi\u00e8re la contribution de&#8230;  <a class=\"excerpt-read-more\" href=\"https:\/\/cap.ca\/fr\/activites\/iyq\/\" title=\"LireAnn\u00e9e Internationale de la Science et de la Technologie Quantiques (AIQ)\">Lire la suite &raquo;<\/a><\/p>\n","protected":false},"author":7,"featured_media":0,"parent":3277,"menu_order":0,"comment_status":"closed","ping_status":"closed","template":"","meta":{"footnotes":""},"class_list":["post-25374","page","type-page","status-publish","hentry"],"_links":{"self":[{"href":"https:\/\/cap.ca\/fr\/wp-json\/wp\/v2\/pages\/25374","targetHints":{"allow":["GET"]}}],"collection":[{"href":"https:\/\/cap.ca\/fr\/wp-json\/wp\/v2\/pages"}],"about":[{"href":"https:\/\/cap.ca\/fr\/wp-json\/wp\/v2\/types\/page"}],"author":[{"embeddable":true,"href":"https:\/\/cap.ca\/fr\/wp-json\/wp\/v2\/users\/7"}],"replies":[{"embeddable":true,"href":"https:\/\/cap.ca\/fr\/wp-json\/wp\/v2\/comments?post=25374"}],"version-history":[{"count":20,"href":"https:\/\/cap.ca\/fr\/wp-json\/wp\/v2\/pages\/25374\/revisions"}],"predecessor-version":[{"id":28658,"href":"https:\/\/cap.ca\/fr\/wp-json\/wp\/v2\/pages\/25374\/revisions\/28658"}],"up":[{"embeddable":true,"href":"https:\/\/cap.ca\/fr\/wp-json\/wp\/v2\/pages\/3277"}],"wp:attachment":[{"href":"https:\/\/cap.ca\/fr\/wp-json\/wp\/v2\/media?parent=25374"}],"curies":[{"name":"wp","href":"https:\/\/api.w.org\/{rel}","templated":true}]}}