{"id":25356,"date":"2024-06-06T16:11:38","date_gmt":"2024-06-06T20:11:38","guid":{"rendered":"https:\/\/cap.ca\/congres-de-lacp\/congres-2024\/post-congress-photos-more\/"},"modified":"2024-06-07T12:35:33","modified_gmt":"2024-06-07T16:35:33","slug":"post-congress-photos-more","status":"publish","type":"page","link":"https:\/\/cap.ca\/fr\/congres-de-lacp\/congres-anterieurs\/congres-2024\/post-congress-photos-more\/","title":{"rendered":"L&#8217;apr\u00e8s-congr\u00e8s (photos et autres)"},"content":{"rendered":"<div class=\"wpb-content-wrapper\"><p>[vc_row][vc_column][vc_column_text css=&#8221;&#8221;]<\/p>\n<h4>Votre avis nous int\u00e9resse !<\/h4>\n<p><a href=\"https:\/\/canadianassocofphys.wufoo.com\/forms\/z1l7gphq0ywqo65\/\">L&#8217;enqu\u00eate anonyme post-congr\u00e8s<\/a> est d\u00e9sormais disponible jusqu&#8217;au 14 juin 2024. Si vous avez des pr\u00e9occupations ou des commentaires auxquels vous aimeriez que l&#8217;on r\u00e9ponde, veuillez les envoyer \u00e0 programs@cap.ca.[\/vc_column_text][vc_message css=&#8221;&#8221;]Les images sont class\u00e9es par date. Veuillez envoyer un courriel \u00e0 programs@cap.ca si vous avez des questions ou des pr\u00e9occupations.<\/p>\n<p>Les cr\u00e9dits photographiques sont attribu\u00e9s au Dr Gordon Drake, sauf indication contraire.[\/vc_message][vc_gallery type=&#8221;flexslider_slide&#8221; interval=&#8221;3&#8243; source=&#8221;external_link&#8221; css=&#8221;&#8221; title=&#8221;Lundi 27 mai &#8211; Sessions et activit\u00e9s de jour&#8221; custom_srcs=&#8221;#E-8_aHR0cHMlM0ElMkYlMkZjYXAuY2ElMkZ3cC1jb250ZW50JTJGdXBsb2FkcyUyRjIwMjQlMkYwNiUyRklNR1A4NzQwLmpwZyUyQ2h0dHBzJTNBJTJGJTJGY2FwLmNhJTJGd3AtY29udGVudCUyRnVwbG9hZHMlMkYyMDI0JTJGMDYlMkZJTUdQODczNi5qcGclMkNodHRwcyUzQSUyRiUyRmNhcC5jYSUyRndwLWNvbnRlbnQlMkZ1cGxvYWRzJTJGMjAyNCUyRjA2JTJGSU1HUDg3MzUuanBnJTJDaHR0cHMlM0ElMkYlMkZjYXAuY2ElMkZ3cC1jb250ZW50JTJGdXBsb2FkcyUyRjIwMjQlMkYwNiUyRklNR1A4NzMyLmpwZyUyQ2h0dHBzJTNBJTJGJTJGY2FwLmNhJTJGd3AtY29udGVudCUyRnVwbG9hZHMlMkYyMDI0JTJGMDYlMkZJTUdQODczMS5qcGclMkNodHRwcyUzQSUyRiUyRmNhcC5jYSUyRndwLWNvbnRlbnQlMkZ1cGxvYWRzJTJGMjAyNCUyRjA2JTJGSU1HUDg3NjIuanBnJTJDaHR0cHMlM0ElMkYlMkZjYXAuY2ElMkZ3cC1jb250ZW50JTJGdXBsb2FkcyUyRjIwMjQlMkYwNiUyRklNR1A4NzYxLmpwZyUyQ2h0dHBzJTNBJTJGJTJGY2FwLmNhJTJGd3AtY29udGVudCUyRnVwbG9hZHMlMkYyMDI0JTJGMDYlMkZJTUdQODc2MC5qcGclMkNodHRwcyUzQSUyRiUyRmNhcC5jYSUyRndwLWNvbnRlbnQlMkZ1cGxvYWRzJTJGMjAyNCUyRjA2JTJGSU1HUDg3NTkuanBnJTJDaHR0cHMlM0ElMkYlMkZjYXAuY2ElMkZ3cC1jb250ZW50JTJGdXBsb2FkcyUyRjIwMjQlMkYwNiUyRklNR1A4NzU4LmpwZyUyQ2h0dHBzJTNBJTJGJTJGY2FwLmNhJTJGd3AtY29udGVudCUyRnVwbG9hZHMlMkYyMDI0JTJGMDYlMkZJTUdQODc1Ny5qcGclMkNodHRwcyUzQSUyRiUyRmNhcC5jYSUyRndwLWNvbnRlbnQlMkZ1cGxvYWRzJTJGMjAyNCUyRjA2JTJGSU1HUDg3NTYuanBnJTJDaHR0cHMlM0ElMkYlMkZjYXAuY2ElMkZ3cC1jb250ZW50JTJGdXBsb2FkcyUyRjIwMjQlMkYwNiUyRklNR1A4NzU1LmpwZyUyQ2h0dHBzJTNBJTJGJTJGY2FwLmNhJTJGd3AtY29udGVudCUyRnVwbG9hZHMlMkYyMDI0JTJGMDYlMkZJTUdQODc1Mi5qcGclMkNodHRwcyUzQSUyRiUyRmNhcC5jYSUyRndwLWNvbnRlbnQlMkZ1cGxvYWRzJTJGMjAyNCUyRjA2JTJGSU1HUDg3NTEuanBnJTJDaHR0cHMlM0ElMkYlMkZjYXAuY2ElMkZ3cC1jb250ZW50JTJGdXBsb2FkcyUyRjIwMjQlMkYwNiUyRklNR1A4NzQ5LmpwZyUyQ2h0dHBzJTNBJTJGJTJGY2FwLmNhJTJGd3AtY29udGVudCUyRnVwbG9hZHMlMkYyMDI0JTJGMDYlMkZJTUdQODc0OC5qcGclMkNodHRwcyUzQSUyRiUyRmNhcC5jYSUyRndwLWNvbnRlbnQlMkZ1cGxvYWRzJTJGMjAyNCUyRjA2JTJGSU1HUDg3NDcuanBnJTJDaHR0cHMlM0ElMkYlMkZjYXAuY2ElMkZ3cC1jb250ZW50JTJGdXBsb2FkcyUyRjIwMjQlMkYwNiUyRklNR1A4NzQzLmpwZyUyQ2h0dHBzJTNBJTJGJTJGY2FwLmNhJTJGd3AtY29udGVudCUyRnVwbG9hZHMlMkYyMDI0JTJGMDYlMkZJTUdQODc0MS5qcGclMkM=&#8221;][vc_gallery type=&#8221;flexslider_slide&#8221; interval=&#8221;3&#8243; source=&#8221;external_link&#8221; css=&#8221;&#8221; title=&#8221;Lundi 27 mai &#8211; BBQ et conf\u00e9rence comm\u00e9morative Herzberg&#8221; custom_srcs=&#8221;#E-8_aHR0cHMlM0ElMkYlMkZjYXAuY2ElMkZ3cC1jb250ZW50JTJGdXBsb2FkcyUyRjIwMjQlMkYwNiUyRklNR1A4Nzc3LmpwZyUyQ2h0dHBzJTNBJTJGJTJGY2FwLmNhJTJGd3AtY29udGVudCUyRnVwbG9hZHMlMkYyMDI0JTJGMDYlMkZJTUdQODc3NS5qcGclMkNodHRwcyUzQSUyRiUyRmNhcC5jYSUyRndwLWNvbnRlbnQlMkZ1cGxvYWRzJTJGMjAyNCUyRjA2JTJGSU1HUDg3NzIuanBnJTJDaHR0cHMlM0ElMkYlMkZjYXAuY2ElMkZ3cC1jb250ZW50JTJGdXBsb2FkcyUyRjIwMjQlMkYwNiUyRklNR1A4NzcxLmpwZyUyQ2h0dHBzJTNBJTJGJTJGY2FwLmNhJTJGd3AtY29udGVudCUyRnVwbG9hZHMlMkYyMDI0JTJGMDYlMkZJTUdQODc3MC5qcGclMkNodHRwcyUzQSUyRiUyRmNhcC5jYSUyRndwLWNvbnRlbnQlMkZ1cGxvYWRzJTJGMjAyNCUyRjA2JTJGSU1HUDg3NjkuanBnJTJDaHR0cHMlM0ElMkYlMkZjYXAuY2ElMkZ3cC1jb250ZW50JTJGdXBsb2FkcyUyRjIwMjQlMkYwNiUyRklNR1A4NzY2LmpwZyUyQ2h0dHBzJTNBJTJGJTJGY2FwLmNhJTJGd3AtY29udGVudCUyRnVwbG9hZHMlMkYyMDI0JTJGMDYlMkZJTUdQODgyMC5qcGclMkNodHRwcyUzQSUyRiUyRmNhcC5jYSUyRndwLWNvbnRlbnQlMkZ1cGxvYWRzJTJGMjAyNCUyRjA2JTJGSU1HUDg4MTkuanBnJTJDaHR0cHMlM0ElMkYlMkZjYXAuY2ElMkZ3cC1jb250ZW50JTJGdXBsb2FkcyUyRjIwMjQlMkYwNiUyRklNR1A4ODE2LmpwZyUyQ2h0dHBzJTNBJTJGJTJGY2FwLmNhJTJGd3AtY29udGVudCUyRnVwbG9hZHMlMkYyMDI0JTJGMDYlMkZJTUdQODgxMC5qcGclMkNodHRwcyUzQSUyRiUyRmNhcC5jYSUyRndwLWNvbnRlbnQlMkZ1cGxvYWRzJTJGMjAyNCUyRjA2JTJGSU1HUDg4MDMuanBnJTJDaHR0cHMlM0ElMkYlMkZjYXAuY2ElMkZ3cC1jb250ZW50JTJGdXBsb2FkcyUyRjIwMjQlMkYwNiUyRklNR1A4Nzk3LmpwZyUyQ2h0dHBzJTNBJTJGJTJGY2FwLmNhJTJGd3AtY29udGVudCUyRnVwbG9hZHMlMkYyMDI0JTJGMDYlMkZJTUdQODc5My5qcGclMkNodHRwcyUzQSUyRiUyRmNhcC5jYSUyRndwLWNvbnRlbnQlMkZ1cGxvYWRzJTJGMjAyNCUyRjA2JTJGSU1HUDg3OTEuanBnJTJDaHR0cHMlM0ElMkYlMkZjYXAuY2ElMkZ3cC1jb250ZW50JTJGdXBsb2FkcyUyRjIwMjQlMkYwNiUyRklNR1A4NzkwLmpwZyUyQ2h0dHBzJTNBJTJGJTJGY2FwLmNhJTJGd3AtY29udGVudCUyRnVwbG9hZHMlMkYyMDI0JTJGMDYlMkZJTUdQODc4Ny5qcGclMkNodHRwcyUzQSUyRiUyRmNhcC5jYSUyRndwLWNvbnRlbnQlMkZ1cGxvYWRzJTJGMjAyNCUyRjA2JTJGSU1HUDg3ODYuanBnJTJDaHR0cHMlM0ElMkYlMkZjYXAuY2ElMkZ3cC1jb250ZW50JTJGdXBsb2FkcyUyRjIwMjQlMkYwNiUyRklNR1A4NzgwLmpwZyUyQ2h0dHBzJTNBJTJGJTJGY2FwLmNhJTJGd3AtY29udGVudCUyRnVwbG9hZHMlMkYyMDI0JTJGMDYlMkZJTUdQODc3OS5qcGc=&#8221;][vc_gallery type=&#8221;flexslider_slide&#8221; interval=&#8221;3&#8243; source=&#8221;external_link&#8221; css=&#8221;&#8221; title=&#8221;Mardi 28 mai &#8211; Sessions et affiches&#8221; custom_srcs=&#8221;#E-8_aHR0cHMlM0ElMkYlMkZjYXAuY2ElMkZ3cC1jb250ZW50JTJGdXBsb2FkcyUyRjIwMjQlMkYwNiUyRklNR1A4ODY3LmpwZyUyQ2h0dHBzJTNBJTJGJTJGY2FwLmNhJTJGd3AtY29udGVudCUyRnVwbG9hZHMlMkYyMDI0JTJGMDYlMkZJTUdQODg1Ny5qcGclMkNodHRwcyUzQSUyRiUyRmNhcC5jYSUyRndwLWNvbnRlbnQlMkZ1cGxvYWRzJTJGMjAyNCUyRjA2JTJGSU1HUDg4NTIuanBnJTJDaHR0cHMlM0ElMkYlMkZjYXAuY2ElMkZ3cC1jb250ZW50JTJGdXBsb2FkcyUyRjIwMjQlMkYwNiUyRklNR1A4ODUwLmpwZyUyQ2h0dHBzJTNBJTJGJTJGY2FwLmNhJTJGd3AtY29udGVudCUyRnVwbG9hZHMlMkYyMDI0JTJGMDYlMkZJTUdQODg2OC0xLmpwZyUyQ2h0dHBzJTNBJTJGJTJGY2FwLmNhJTJGd3AtY29udGVudCUyRnVwbG9hZHMlMkYyMDI0JTJGMDYlMkZJTUdQODg3MC0xLmpwZyUyQ2h0dHBzJTNBJTJGJTJGY2FwLmNhJTJGd3AtY29udGVudCUyRnVwbG9hZHMlMkYyMDI0JTJGMDYlMkZJTUdQODg3Mi5qcGclMkNodHRwcyUzQSUyRiUyRmNhcC5jYSUyRndwLWNvbnRlbnQlMkZ1cGxvYWRzJTJGMjAyNCUyRjA2JTJGSU1HUDg4NzMuanBnJTJDaHR0cHMlM0ElMkYlMkZjYXAuY2ElMkZ3cC1jb250ZW50JTJGdXBsb2FkcyUyRjIwMjQlMkYwNiUyRklNR1A4ODc3LmpwZyUyQ2h0dHBzJTNBJTJGJTJGY2FwLmNhJTJGd3AtY29udGVudCUyRnVwbG9hZHMlMkYyMDI0JTJGMDYlMkZJTUdQODg3OC5qcGclMkNodHRwcyUzQSUyRiUyRmNhcC5jYSUyRndwLWNvbnRlbnQlMkZ1cGxvYWRzJTJGMjAyNCUyRjA2JTJGSU1HUDg4MjEuanBnJTJDaHR0cHMlM0ElMkYlMkZjYXAuY2ElMkZ3cC1jb250ZW50JTJGdXBsb2FkcyUyRjIwMjQlMkYwNiUyRklNR1A4ODIyLmpwZyUyQ2h0dHBzJTNBJTJGJTJGY2FwLmNhJTJGd3AtY29udGVudCUyRnVwbG9hZHMlMkYyMDI0JTJGMDYlMkZJTUdQODgyMy5qcGclMkNodHRwcyUzQSUyRiUyRmNhcC5jYSUyRndwLWNvbnRlbnQlMkZ1cGxvYWRzJTJGMjAyNCUyRjA2JTJGSU1HUDg4MjYuanBnJTJDaHR0cHMlM0ElMkYlMkZjYXAuY2ElMkZ3cC1jb250ZW50JTJGdXBsb2FkcyUyRjIwMjQlMkYwNiUyRklNR1A4ODI4LmpwZyUyQ2h0dHBzJTNBJTJGJTJGY2FwLmNhJTJGd3AtY29udGVudCUyRnVwbG9hZHMlMkYyMDI0JTJGMDYlMkZJTUdQODgzMC5qcGclMkNodHRwcyUzQSUyRiUyRmNhcC5jYSUyRndwLWNvbnRlbnQlMkZ1cGxvYWRzJTJGMjAyNCUyRjA2JTJGSU1HUDg4MzQuanBnJTJDaHR0cHMlM0ElMkYlMkZjYXAuY2ElMkZ3cC1jb250ZW50JTJGdXBsb2FkcyUyRjIwMjQlMkYwNiUyRklNR1A4ODM4LmpwZyUyQ2h0dHBzJTNBJTJGJTJGY2FwLmNhJTJGd3AtY29udGVudCUyRnVwbG9hZHMlMkYyMDI0JTJGMDYlMkZJTUdQODgzOS5qcGclMkNodHRwcyUzQSUyRiUyRmNhcC5jYSUyRndwLWNvbnRlbnQlMkZ1cGxvYWRzJTJGMjAyNCUyRjA2JTJGSU1HUDg4NDEuanBnJTJDaHR0cHMlM0ElMkYlMkZjYXAuY2ElMkZ3cC1jb250ZW50JTJGdXBsb2FkcyUyRjIwMjQlMkYwNiUyRklNR1A4ODQ3LmpwZyUyQyUyQw==&#8221;][vc_gallery type=&#8221;flexslider_slide&#8221; interval=&#8221;3&#8243; source=&#8221;external_link&#8221; css=&#8221;&#8221; title=&#8221;Mercredi 29 mai &#8211; Sessions et banquet&#8221; custom_srcs=&#8221;#E-8_aHR0cHMlM0ElMkYlMkZjYXAuY2ElMkZ3cC1jb250ZW50JTJGdXBsb2FkcyUyRjIwMjQlMkYwNiUyRklNR1A4OTQ3LmpwZyUyQ2h0dHBzJTNBJTJGJTJGY2FwLmNhJTJGd3AtY29udGVudCUyRnVwbG9hZHMlMkYyMDI0JTJGMDYlMkZJTUdQODk0My5qcGclMkNodHRwcyUzQSUyRiUyRmNhcC5jYSUyRndwLWNvbnRlbnQlMkZ1cGxvYWRzJTJGMjAyNCUyRjA2JTJGSU1HUDg5NDIuanBnJTJDaHR0cHMlM0ElMkYlMkZjYXAuY2ElMkZ3cC1jb250ZW50JTJGdXBsb2FkcyUyRjIwMjQlMkYwNiUyRklNR1A4OTM3LmpwZyUyQ2h0dHBzJTNBJTJGJTJGY2FwLmNhJTJGd3AtY29udGVudCUyRnVwbG9hZHMlMkYyMDI0JTJGMDYlMkZJTUdQODkzNS5qcGclMkNodHRwcyUzQSUyRiUyRmNhcC5jYSUyRndwLWNvbnRlbnQlMkZ1cGxvYWRzJTJGMjAyNCUyRjA2JTJGSU1HUDg5MzMuanBnJTJDaHR0cHMlM0ElMkYlMkZjYXAuY2ElMkZ3cC1jb250ZW50JTJGdXBsb2FkcyUyRjIwMjQlMkYwNiUyRklNR1A4OTI5LmpwZyUyQ2h0dHBzJTNBJTJGJTJGY2FwLmNhJTJGd3AtY29udGVudCUyRnVwbG9hZHMlMkYyMDI0JTJGMDYlMkZJTUdQODkyOC5qcGclMkNodHRwcyUzQSUyRiUyRmNhcC5jYSUyRndwLWNvbnRlbnQlMkZ1cGxvYWRzJTJGMjAyNCUyRjA2JTJGSU1HUDg5MjcuanBnJTJDaHR0cHMlM0ElMkYlMkZjYXAuY2ElMkZ3cC1jb250ZW50JTJGdXBsb2FkcyUyRjIwMjQlMkYwNiUyRklNR1A4OTI2LmpwZyUyQ2h0dHBzJTNBJTJGJTJGY2FwLmNhJTJGd3AtY29udGVudCUyRnVwbG9hZHMlMkYyMDI0JTJGMDYlMkZJTUdQODkyNS5qcGclMkNodHRwcyUzQSUyRiUyRmNhcC5jYSUyRndwLWNvbnRlbnQlMkZ1cGxvYWRzJTJGMjAyNCUyRjA2JTJGSU1HUDg5MjQuanBnJTJDaHR0cHMlM0ElMkYlMkZjYXAuY2ElMkZ3cC1jb250ZW50JTJGdXBsb2FkcyUyRjIwMjQlMkYwNiUyRklNR1A4OTE5LmpwZyUyQ2h0dHBzJTNBJTJGJTJGY2FwLmNhJTJGd3AtY29udGVudCUyRnVwbG9hZHMlMkYyMDI0JTJGMDYlMkZJTUdQODkxNy5qcGclMkNodHRwcyUzQSUyRiUyRmNhcC5jYSUyRndwLWNvbnRlbnQlMkZ1cGxvYWRzJTJGMjAyNCUyRjA2JTJGSU1HUDg5MTMuanBnJTJDaHR0cHMlM0ElMkYlMkZjYXAuY2ElMkZ3cC1jb250ZW50JTJGdXBsb2FkcyUyRjIwMjQlMkYwNiUyRklNR1A4OTA4LmpwZyUyQ2h0dHBzJTNBJTJGJTJGY2FwLmNhJTJGd3AtY29udGVudCUyRnVwbG9hZHMlMkYyMDI0JTJGMDYlMkZJTUdQODkwNy5qcGclMkNodHRwcyUzQSUyRiUyRmNhcC5jYSUyRndwLWNvbnRlbnQlMkZ1cGxvYWRzJTJGMjAyNCUyRjA2JTJGSU1HUDg5MDYuanBnJTJDaHR0cHMlM0ElMkYlMkZjYXAuY2ElMkZ3cC1jb250ZW50JTJGdXBsb2FkcyUyRjIwMjQlMkYwNiUyRklNR1A4OTAzLmpwZyUyQ2h0dHBzJTNBJTJGJTJGY2FwLmNhJTJGd3AtY29udGVudCUyRnVwbG9hZHMlMkYyMDI0JTJGMDYlMkZJTUdQODkwMi5qcGclMkNodHRwcyUzQSUyRiUyRmNhcC5jYSUyRndwLWNvbnRlbnQlMkZ1cGxvYWRzJTJGMjAyNCUyRjA2JTJGSU1HUDg5MDAuanBnJTJDaHR0cHMlM0ElMkYlMkZjYXAuY2ElMkZ3cC1jb250ZW50JTJGdXBsb2FkcyUyRjIwMjQlMkYwNiUyRklNR1A4ODk4LmpwZyUyQ2h0dHBzJTNBJTJGJTJGY2FwLmNhJTJGd3AtY29udGVudCUyRnVwbG9hZHMlMkYyMDI0JTJGMDYlMkZJTUdQODg5Ni5qcGclMkNodHRwcyUzQSUyRiUyRmNhcC5jYSUyRndwLWNvbnRlbnQlMkZ1cGxvYWRzJTJGMjAyNCUyRjA2JTJGSU1HUDg4OTMuanBnJTJDaHR0cHMlM0ElMkYlMkZjYXAuY2ElMkZ3cC1jb250ZW50JTJGdXBsb2FkcyUyRjIwMjQlMkYwNiUyRklNR1A4ODkyLmpwZyUyQ2h0dHBzJTNBJTJGJTJGY2FwLmNhJTJGd3AtY29udGVudCUyRnVwbG9hZHMlMkYyMDI0JTJGMDYlMkZJTUdQODg5MS5qcGclMkNodHRwcyUzQSUyRiUyRmNhcC5jYSUyRndwLWNvbnRlbnQlMkZ1cGxvYWRzJTJGMjAyNCUyRjA2JTJGSU1HUDg4ODkuanBnJTJDaHR0cHMlM0ElMkYlMkZjYXAuY2ElMkZ3cC1jb250ZW50JTJGdXBsb2FkcyUyRjIwMjQlMkYwNiUyRklNR1A4ODg3LmpwZyUyQ2h0dHBzJTNBJTJGJTJGY2FwLmNhJTJGd3AtY29udGVudCUyRnVwbG9hZHMlMkYyMDI0JTJGMDYlMkZJTUdQODg4My5qcGclMkNodHRwcyUzQSUyRiUyRmNhcC5jYSUyRndwLWNvbnRlbnQlMkZ1cGxvYWRzJTJGMjAyNCUyRjA2JTJGSU1HUDg4ODIuanBnJTJDaHR0cHMlM0ElMkYlMkZjYXAuY2ElMkZ3cC1jb250ZW50JTJGdXBsb2FkcyUyRjIwMjQlMkYwNiUyRklNR1A4OTU0LmpwZyUyQ2h0dHBzJTNBJTJGJTJGY2FwLmNhJTJGd3AtY29udGVudCUyRnVwbG9hZHMlMkYyMDI0JTJGMDYlMkZJTUdQODk1OC5qcGclMkNodHRwcyUzQSUyRiUyRmNhcC5jYSUyRndwLWNvbnRlbnQlMkZ1cGxvYWRzJTJGMjAyNCUyRjA2JTJGSU1HUDg5NTkuanBnJTJDaHR0cHMlM0ElMkYlMkZjYXAuY2ElMkZ3cC1jb250ZW50JTJGdXBsb2FkcyUyRjIwMjQlMkYwNiUyRklNR1A4OTY1LmpwZyUyQ2h0dHBzJTNBJTJGJTJGY2FwLmNhJTJGd3AtY29udGVudCUyRnVwbG9hZHMlMkYyMDI0JTJGMDYlMkZJTUdQODk2OC5qcGclMkNodHRwcyUzQSUyRiUyRmNhcC5jYSUyRndwLWNvbnRlbnQlMkZ1cGxvYWRzJTJGMjAyNCUyRjA2JTJGSU1HUDg5NzQuanBnJTJDaHR0cHMlM0ElMkYlMkZjYXAuY2ElMkZ3cC1jb250ZW50JTJGdXBsb2FkcyUyRjIwMjQlMkYwNiUyRklNR1A4OTc1LmpwZyUyQ2h0dHBzJTNBJTJGJTJGY2FwLmNhJTJGd3AtY29udGVudCUyRnVwbG9hZHMlMkYyMDI0JTJGMDYlMkZJTUdQODk3OS5qcGclMkNodHRwcyUzQSUyRiUyRmNhcC5jYSUyRndwLWNvbnRlbnQlMkZ1cGxvYWRzJTJGMjAyNCUyRjA2JTJGSU1HUDg5ODAuanBnJTJDaHR0cHMlM0ElMkYlMkZjYXAuY2ElMkZ3cC1jb250ZW50JTJGdXBsb2FkcyUyRjIwMjQlMkYwNiUyRklNR1A4OTgyLmpwZyUyQ2h0dHBzJTNBJTJGJTJGY2FwLmNhJTJGd3AtY29udGVudCUyRnVwbG9hZHMlMkYyMDI0JTJGMDYlMkZJTUdQODk1My5qcGclMkNodHRwcyUzQSUyRiUyRmNhcC5jYSUyRndwLWNvbnRlbnQlMkZ1cGxvYWRzJTJGMjAyNCUyRjA2JTJGSU1HUDg5NTIuanBnJTJDaHR0cHMlM0ElMkYlMkZjYXAuY2ElMkZ3cC1jb250ZW50JTJGdXBsb2FkcyUyRjIwMjQlMkYwNiUyRklNR1A4OTUxLmpwZyUyQ2h0dHBzJTNBJTJGJTJGY2FwLmNhJTJGd3AtY29udGVudCUyRnVwbG9hZHMlMkYyMDI0JTJGMDYlMkZJTUdQODk1MC5qcGc=&#8221;][vc_gallery type=&#8221;flexslider_slide&#8221; interval=&#8221;3&#8243; source=&#8221;external_link&#8221; css=&#8221;&#8221; title=&#8221;Jeudi 30 mai &#8211; Sessions et concours \u00e9tudiants&#8221; custom_srcs=&#8221;#E-8_aHR0cHMlM0ElMkYlMkZjYXAuY2ElMkZ3cC1jb250ZW50JTJGdXBsb2FkcyUyRjIwMjQlMkYwNiUyRklNR1A4OTg0LTEuanBnJTJDaHR0cHMlM0ElMkYlMkZjYXAuY2ElMkZ3cC1jb250ZW50JTJGdXBsb2FkcyUyRjIwMjQlMkYwNiUyRklNR1A4OTg5LTEuanBnJTJDaHR0cHMlM0ElMkYlMkZjYXAuY2ElMkZ3cC1jb250ZW50JTJGdXBsb2FkcyUyRjIwMjQlMkYwNiUyRklNR1A4OTkwLTEuanBnJTJDaHR0cHMlM0ElMkYlMkZjYXAuY2ElMkZ3cC1jb250ZW50JTJGdXBsb2FkcyUyRjIwMjQlMkYwNiUyRklNR1A4OTkzLmpwZyUyQ2h0dHBzJTNBJTJGJTJGY2FwLmNhJTJGd3AtY29udGVudCUyRnVwbG9hZHMlMkYyMDI0JTJGMDYlMkZJTUdQODk5NC5qcGclMkNodHRwcyUzQSUyRiUyRmNhcC5jYSUyRndwLWNvbnRlbnQlMkZ1cGxvYWRzJTJGMjAyNCUyRjA2JTJGSU1HUDg5OTUuanBnJTJDaHR0cHMlM0ElMkYlMkZjYXAuY2ElMkZ3cC1jb250ZW50JTJGdXBsb2FkcyUyRjIwMjQlMkYwNiUyRklNR1A4OTk2LmpwZyUyQ2h0dHBzJTNBJTJGJTJGY2FwLmNhJTJGd3AtY29udGVudCUyRnVwbG9hZHMlMkYyMDI0JTJGMDYlMkZJTUdQODk5OS5qcGclMkNodHRwcyUzQSUyRiUyRmNhcC5jYSUyRndwLWNvbnRlbnQlMkZ1cGxvYWRzJTJGMjAyNCUyRjA2JTJGSU1HUDkwMDAuanBnJTJDaHR0cHMlM0ElMkYlMkZjYXAuY2ElMkZ3cC1jb250ZW50JTJGdXBsb2FkcyUyRjIwMjQlMkYwNiUyRklNR1A5MDAxLmpwZyUyQ2h0dHBzJTNBJTJGJTJGY2FwLmNhJTJGd3AtY29udGVudCUyRnVwbG9hZHMlMkYyMDI0JTJGMDYlMkZJTUdQOTAwMy5qcGclMkNodHRwcyUzQSUyRiUyRmNhcC5jYSUyRndwLWNvbnRlbnQlMkZ1cGxvYWRzJTJGMjAyNCUyRjA2JTJGSU1HUDkwMDQuanBnJTJDaHR0cHMlM0ElMkYlMkZjYXAuY2ElMkZ3cC1jb250ZW50JTJGdXBsb2FkcyUyRjIwMjQlMkYwNiUyRklNR1A5MDA1LmpwZyUyQ2h0dHBzJTNBJTJGJTJGY2FwLmNhJTJGd3AtY29udGVudCUyRnVwbG9hZHMlMkYyMDI0JTJGMDYlMkZJTUdQOTAwNy5qcGclMkNodHRwcyUzQSUyRiUyRmNhcC5jYSUyRndwLWNvbnRlbnQlMkZ1cGxvYWRzJTJGMjAyNCUyRjA2JTJGSU1HUDkwMDguanBnJTJDaHR0cHMlM0ElMkYlMkZjYXAuY2ElMkZ3cC1jb250ZW50JTJGdXBsb2FkcyUyRjIwMjQlMkYwNiUyRklNR1A5MDEwLmpwZyUyQ2h0dHBzJTNBJTJGJTJGY2FwLmNhJTJGd3AtY29udGVudCUyRnVwbG9hZHMlMkYyMDI0JTJGMDYlMkZJTUdQOTAxMS5qcGclMkNodHRwcyUzQSUyRiUyRmNhcC5jYSUyRndwLWNvbnRlbnQlMkZ1cGxvYWRzJTJGMjAyNCUyRjA2JTJGSU1HUDkwMTMuanBnJTJDaHR0cHMlM0ElMkYlMkZjYXAuY2ElMkZ3cC1jb250ZW50JTJGdXBsb2FkcyUyRjIwMjQlMkYwNiUyRklNR1A5MDE0LmpwZyUyQ2h0dHBzJTNBJTJGJTJGY2FwLmNhJTJGd3AtY29udGVudCUyRnVwbG9hZHMlMkYyMDI0JTJGMDYlMkZJTUdQOTAxNS5qcGclMkNodHRwcyUzQSUyRiUyRmNhcC5jYSUyRndwLWNvbnRlbnQlMkZ1cGxvYWRzJTJGMjAyNCUyRjA2JTJGSU1HUDkwMTcuanBnJTJDaHR0cHMlM0ElMkYlMkZjYXAuY2ElMkZ3cC1jb250ZW50JTJGdXBsb2FkcyUyRjIwMjQlMkYwNiUyRklNR1A5MDE5LmpwZyUyQ2h0dHBzJTNBJTJGJTJGY2FwLmNhJTJGd3AtY29udGVudCUyRnVwbG9hZHMlMkYyMDI0JTJGMDYlMkZJTUdQOTAyMC5qcGclMkNodHRwcyUzQSUyRiUyRmNhcC5jYSUyRndwLWNvbnRlbnQlMkZ1cGxvYWRzJTJGMjAyNCUyRjA2JTJGSU1HUDkwMjEuanBnJTJDaHR0cHMlM0ElMkYlMkZjYXAuY2ElMkZ3cC1jb250ZW50JTJGdXBsb2FkcyUyRjIwMjQlMkYwNiUyRklNR1A5MDIyLmpwZyUyQ2h0dHBzJTNBJTJGJTJGY2FwLmNhJTJGd3AtY29udGVudCUyRnVwbG9hZHMlMkYyMDI0JTJGMDYlMkZJTUdQOTAyNS5qcGclMkNodHRwcyUzQSUyRiUyRmNhcC5jYSUyRndwLWNvbnRlbnQlMkZ1cGxvYWRzJTJGMjAyNCUyRjA2JTJGSU1HUDkwMjcuanBnJTJDaHR0cHMlM0ElMkYlMkZjYXAuY2ElMkZ3cC1jb250ZW50JTJGdXBsb2FkcyUyRjIwMjQlMkYwNiUyRklNR1A5MDI4LmpwZyUyQ2h0dHBzJTNBJTJGJTJGY2FwLmNhJTJGd3AtY29udGVudCUyRnVwbG9hZHMlMkYyMDI0JTJGMDYlMkZJTUdQOTAyOS5qcGclMkNodHRwcyUzQSUyRiUyRmNhcC5jYSUyRndwLWNvbnRlbnQlMkZ1cGxvYWRzJTJGMjAyNCUyRjA2JTJGSU1HUDkwMzAuanBnJTJDaHR0cHMlM0ElMkYlMkZjYXAuY2ElMkZ3cC1jb250ZW50JTJGdXBsb2FkcyUyRjIwMjQlMkYwNiUyRklNR1A5MDMxLmpwZyUyQ2h0dHBzJTNBJTJGJTJGY2FwLmNhJTJGd3AtY29udGVudCUyRnVwbG9hZHMlMkYyMDI0JTJGMDYlMkZJTUdQOTAzMi5qcGclMkNodHRwcyUzQSUyRiUyRmNhcC5jYSUyRndwLWNvbnRlbnQlMkZ1cGxvYWRzJTJGMjAyNCUyRjA2JTJGSU1HUDkwMzMuanBnJTJDaHR0cHMlM0ElMkYlMkZjYXAuY2ElMkZ3cC1jb250ZW50JTJGdXBsb2FkcyUyRjIwMjQlMkYwNiUyRklNR1A5MDM1LmpwZyUyQ2h0dHBzJTNBJTJGJTJGY2FwLmNhJTJGd3AtY29udGVudCUyRnVwbG9hZHMlMkYyMDI0JTJGMDYlMkZJTUdQOTAzNy5qcGclMkNodHRwcyUzQSUyRiUyRmNhcC5jYSUyRndwLWNvbnRlbnQlMkZ1cGxvYWRzJTJGMjAyNCUyRjA2JTJGSU1HUDkwMzkuanBnJTJDaHR0cHMlM0ElMkYlMkZjYXAuY2ElMkZ3cC1jb250ZW50JTJGdXBsb2FkcyUyRjIwMjQlMkYwNiUyRklNR1A5MDQxLmpwZyUyQ2h0dHBzJTNBJTJGJTJGY2FwLmNhJTJGd3AtY29udGVudCUyRnVwbG9hZHMlMkYyMDI0JTJGMDYlMkZJTUdQOTA0My5qcGclMkNodHRwcyUzQSUyRiUyRmNhcC5jYSUyRndwLWNvbnRlbnQlMkZ1cGxvYWRzJTJGMjAyNCUyRjA2JTJGSU1HUDkwNDUuanBnJTJDaHR0cHMlM0ElMkYlMkZjYXAuY2ElMkZ3cC1jb250ZW50JTJGdXBsb2FkcyUyRjIwMjQlMkYwNiUyRklNR1A5MDQ3LmpwZyUyQ2h0dHBzJTNBJTJGJTJGY2FwLmNhJTJGd3AtY29udGVudCUyRnVwbG9hZHMlMkYyMDI0JTJGMDYlMkZJTUdQOTA0OS5qcGclMkNodHRwcyUzQSUyRiUyRmNhcC5jYSUyRndwLWNvbnRlbnQlMkZ1cGxvYWRzJTJGMjAyNCUyRjA2JTJGSU1HUDkwNTEuanBnJTJDaHR0cHMlM0ElMkYlMkZjYXAuY2ElMkZ3cC1jb250ZW50JTJGdXBsb2FkcyUyRjIwMjQlMkYwNiUyRklNR1A5MDU0LmpwZyUyQ2h0dHBzJTNBJTJGJTJGY2FwLmNhJTJGd3AtY29udGVudCUyRnVwbG9hZHMlMkYyMDI0JTJGMDYlMkZJTUdQOTA1NS5qcGclMkNodHRwcyUzQSUyRiUyRmNhcC5jYSUyRndwLWNvbnRlbnQlMkZ1cGxvYWRzJTJGMjAyNCUyRjA2JTJGSU1HUDkwNjEtMS5qcGclMkNodHRwcyUzQSUyRiUyRmNhcC5jYSUyRndwLWNvbnRlbnQlMkZ1cGxvYWRzJTJGMjAyNCUyRjA2JTJGSU1HUDkwNjItMS5qcGclMkNodHRwcyUzQSUyRiUyRmNhcC5jYSUyRndwLWNvbnRlbnQlMkZ1cGxvYWRzJTJGMjAyNCUyRjA2JTJGSU1HUDg5ODUtMS5qcGclMkNodHRwcyUzQSUyRiUyRmNhcC5jYSUyRndwLWNvbnRlbnQlMkZ1cGxvYWRzJTJGMjAyNCUyRjA2JTJGSU1HUDg5ODctMS5qcGclMkM=&#8221;][\/vc_column][\/vc_row]<\/p>\n<\/div>","protected":false},"excerpt":{"rendered":"<p>[vc_row][vc_column][vc_column_text css=&#8221;&#8221;] Votre avis nous int\u00e9resse ! L&#8217;enqu\u00eate anonyme post-congr\u00e8s est d\u00e9sormais disponible jusqu&#8217;au 14 juin 2024. Si vous avez des pr\u00e9occupations ou des commentaires auxquels vous aimeriez que l&#8217;on r\u00e9ponde, veuillez les envoyer \u00e0 programs@cap.ca.[\/vc_column_text][vc_message css=&#8221;&#8221;]Les images sont class\u00e9es par date. Veuillez envoyer un courriel \u00e0 programs@cap.ca si vous avez des questions ou des&#8230;  <a class=\"excerpt-read-more\" href=\"https:\/\/cap.ca\/fr\/congres-de-lacp\/congres-anterieurs\/congres-2024\/post-congress-photos-more\/\" title=\"LireL&#8217;apr\u00e8s-congr\u00e8s (photos et autres)\">Lire la suite &raquo;<\/a><\/p>\n","protected":false},"author":5,"featured_media":0,"parent":23576,"menu_order":0,"comment_status":"closed","ping_status":"closed","template":"","meta":{"footnotes":""},"class_list":["post-25356","page","type-page","status-publish","hentry"],"_links":{"self":[{"href":"https:\/\/cap.ca\/fr\/wp-json\/wp\/v2\/pages\/25356","targetHints":{"allow":["GET"]}}],"collection":[{"href":"https:\/\/cap.ca\/fr\/wp-json\/wp\/v2\/pages"}],"about":[{"href":"https:\/\/cap.ca\/fr\/wp-json\/wp\/v2\/types\/page"}],"author":[{"embeddable":true,"href":"https:\/\/cap.ca\/fr\/wp-json\/wp\/v2\/users\/5"}],"replies":[{"embeddable":true,"href":"https:\/\/cap.ca\/fr\/wp-json\/wp\/v2\/comments?post=25356"}],"version-history":[{"count":2,"href":"https:\/\/cap.ca\/fr\/wp-json\/wp\/v2\/pages\/25356\/revisions"}],"predecessor-version":[{"id":25358,"href":"https:\/\/cap.ca\/fr\/wp-json\/wp\/v2\/pages\/25356\/revisions\/25358"}],"up":[{"embeddable":true,"href":"https:\/\/cap.ca\/fr\/wp-json\/wp\/v2\/pages\/23576"}],"wp:attachment":[{"href":"https:\/\/cap.ca\/fr\/wp-json\/wp\/v2\/media?parent=25356"}],"curies":[{"name":"wp","href":"https:\/\/api.w.org\/{rel}","templated":true}]}}