{"id":24603,"date":"2024-05-13T13:40:38","date_gmt":"2024-05-13T17:40:38","guid":{"rendered":"https:\/\/cap.ca\/congres-de-lacp\/congres-2024\/informations-locales-pour-ceux-qui-voyagent-a-london-on\/things-to-do-in-london\/"},"modified":"2024-05-13T13:41:54","modified_gmt":"2024-05-13T17:41:54","slug":"things-to-do-in-london","status":"publish","type":"page","link":"https:\/\/cap.ca\/fr\/congres-de-lacp\/congres-anterieurs\/congres-2024\/informations-locales-pour-ceux-qui-voyagent-a-london-on\/things-to-do-in-london\/","title":{"rendered":"Choses \u00e0 faire \u00e0 Londres"},"content":{"rendered":"<blockquote><p>La version fran\u00e7aise sera bient\u00f4t disponible<\/p><\/blockquote>\n<h2>Day Trips from London<\/h2>\n<p><span style=\"font-weight: 400;\">Just a short drive from London you\u2019ll find historic sites, theatres, provincial parks and some of the best freshwater beaches in the world. Every summer evening, the lights dim and the curtain rises on stages throughout the area. And when the heat of summer has you dreaming about cool breezes and long sandy beaches, both Lake Erie and Lake Huron are within an easy drive.<\/span><\/p>\n<p><b>Stratford<\/b><\/p>\n<p><span style=\"font-weight: 400;\">Set in the heart of Southern Ontario, the city of Stratford is a cultural jewel. Step into the excitement of a vibrant city core or stroll through beautiful parks beside a peaceful lake. Victorian architecture, tree-lined streets and outstanding restaurants complement world-class theatre. <\/span><span style=\"font-weight: 400;\">U<\/span><span style=\"font-weight: 400;\">nique shops specialize in goods as diverse as antiquarian books, Scottish clothing, gifts, handmade chocolates, Waterford crystal, music and toys, to name just a few. Every year, the <\/span><i><span style=\"font-weight: 400;\">Stratford Festival <\/span><\/i><span style=\"font-weight: 400;\">features classics, contemporary dramas and musicals, with special emphasis on the lays of Shakespeare, attracting over 500,000 spectators annually.<\/span><\/p>\n<p><b>Grand Bend<\/b><\/p>\n<p><span style=\"font-weight: 400;\">A 400-metre beach of white sand hugging the shores of Lake Huron is a powerful magnet that attracts people of all stripes. Just strolling the beach in bare feet is one of those simple pleasures in life that holds appeal whether you\u2019re two or 82. Adults are drawn to Grand Bend to take in the summer theatre at the Huron Country Playhouse, or to break par 70 at the 18 holes of Oakwood Inn Resort. Auto-racing enthusiasts take in racing at the Grand Bend Motorplex or Grand Bend Speedway. Those 18 and over can also learn to skydive at the Grand Bend Sport Parachuting Centre.<\/span><\/p>\n<p><b>Port Stanley<\/b><\/p>\n<p><span style=\"font-weight: 400;\">Just south of St. Thomas and still only 25 minutes from London is the picturesque fishing village of Port Stanley, complete with mooring trawlers, tugs and watercraft of all sizes\u2014including the occasional tall ship. It\u2019s fun to poke in and out of the many boutiques along the route to two main beaches or dine at one of several restaurants or small inns nearby. The town\u2019s large sandy beach attracts families from all over. Cozy bed-and-breakfasts abound, along<\/span><span style=\"font-weight: 400;\"> with the <\/span><span style=\"font-weight: 400;\">fully restored 1849 vintage Kettle Creek Inn featuring comfortable guest rooms and suites.<\/span><\/p>\n<p><b>Fanshawe Conservation Area<\/b><\/p>\n<p><span style=\"font-weight: 400;\">This 3,000 acre\u00a0conservation area was created when the\u00a0<\/span><b>Upper Thames River Conservation Authority\u00a0<\/b><span style=\"font-weight: 400;\">(UTRCA) built\u00a0Fanshawe Dam and Reservoir\u00a0in 1950-52, to protect the City of London from flooding.\u00a0Our &#8220;outdoor playground,&#8221; perched on the edge of London,\u00a0offers camping (both seasonal and overnight), boating, canoe and kayak rentals, hiking, picnicking, mountain biking,\u00a0bird watching, fishing, special events, and so much more!\u00a0\u200bFanshawe is one of three large, multi-use conservation areas in the Upper Thames River watershed, the others being\u00a0Wildwood CA\u00a0and\u00a0Pittock CA.<\/span><\/p>\n<p><b>The Pinery Provincial Park<\/b><\/p>\n<p><span style=\"font-weight: 400;\">A breathtakingly beautiful park with 10 km of sand beach on the shores of mighty Lake Huron. Extremely rare and fragile Oak Savanna and Coastal Dune Ecosystems with extraordinary biodiversity \u2013 over 800 vascular plants, over 300 bird species. Sunsets here are ranked by National Geographic as among the \u201cTop 10 Best in the World\u201d!<\/span><\/p>\n<p><span style=\"font-weight: 400;\">Excellent year-round outdoor recreation in 21 square kilometres of rare forests and rolling dunes. Enjoy 10 walking trails, a 14 km bike trail and 38 kms of groomed ski trails. Rent a canoe, hydro bike, paddleboat or a single or double kayak to explore the Old Ausable Channel &#8211; a provincially significant wetland.<\/span><\/p>\n<p><b>Banting House National Historic Site\u00a0\u00a0\u00a0\u00a0\u00a0\u00a0\u00a0\u00a0\u00a0\u00a0\u00a0\u00a0\u00a0\u00a0\u00a0\u00a0\u00a0\u00a0\u00a0\u00a0\u00a0\u00a0\u00a0<\/b><\/p>\n<p><span style=\"font-weight: 400;\">Banting House National Historic Site of Canada creates public awareness and understanding of the national historic significance of Sir Frederick Banting and preserves the commemorative integrity of Banting House, the birthplace of insulin, for the benefit of the people of Canada. The museum celebrates not only a great Canadian discovery, but the life and career of Sir Frederick Grant Banting (1891-1941). Come celebrate the most important Canadian medical discovery of the twentieth century and experience the life of the man you thought you knew.<\/span><\/p>\n<p><b>Grand Theatre\u00a0 \u00a0 \u00a0 \u00a0 \u00a0 \u00a0 \u00a0 \u00a0 \u00a0 \u00a0 \u00a0 \u00a0 \u00a0 \u00a0 \u00a0 \u00a0 \u00a0 \u00a0 \u00a0 \u00a0 \u00a0 \u00a0 \u00a0 \u00a0 \u00a0 \u00a0 \u00a0 \u00a0 \u00a0 \u00a0 \u00a0 \u00a0 \u00a0 \u00a0 \u00a0 \u00a0 \u00a0 \u00a0 \u00a0 \u00a0 \u00a0 \u00a0 \u00a0 \u00a0 \u00a0 \u00a0 \u00a0 \u00a0 \u00a0 \u00a0 \u00a0 \u00a0 \u00a0 \u00a0 \u00a0 \u00a0 \u00a0 <\/b><span style=\"font-weight: 400;\">Take in a world class theatre production at the Grand Theatre! The Grand is an excellent example of the Proscenium Arch Theatre and is one of the more traditional forms of theatrical design. It was designed to send music and sound from the stage into the audience.<\/span><\/p>\n<p><b>Museum London<\/b><\/p>\n<p><span style=\"font-weight: 400;\">Museum London is Southwestern Ontario&#8217;s leading establishment for the collection and presentation of visual art and material culture. Through public and educational programming, special events and exhibitions, Museum London strives to promote the knowledge and enjoyment of regional art, culture and history. At the heart of a great museum is its collection and Museum London is proud to have one of Canada&#8217;s most important art collections, and one of the most significant historical artifact collections in Ontario. To book your group visit and\/or tour of ten people or more, we require notification two weeks in advance.<\/span><\/p>\n<p><b>Fanshawe Pioneer Village<\/b><\/p>\n<p><span style=\"font-weight: 400;\">Fanshawe Pioneer Village is an early example of the museum type known as a \u201cPioneer Village,\u201d initially developed in mid-20th century Ontario by Conservation Authorities. It tells the story of rural communities in the former townships of Westminster, London, North Dorchester, Delaware, West Missouri and Lobo in Middlesex County from 1820 to 1920 and the founding and development of the City of London up to 1840.<\/span><\/p>\n<p>&nbsp;<\/p>\n<h2>Brewery Tours<\/h2>\n<p>&nbsp;<\/p>\n<p><b>Labatt Brewery<\/b><\/p>\n<p><span style=\"font-weight: 400;\">Labatt Brewery Tours run all year round&#8230;and MUST be pre-booked by email or by phone. The tour takes about 2 hours to complete and includes a full guided tour of the brewery and sampling. The tour costs $12 per person (cash only) and everyone on the tour MUST wear closed toe, closed heel and flat footwear (running shoes preferred).<\/span><\/p>\n<p><b>Toboggan Brewing Company<\/b><\/p>\n<p><span style=\"font-weight: 400;\">The Toboggan Brewing Co. invites you to taste their pioneering beers, enjoy our local food and more importantly have a good time doing it. Massive wooden ramps were built, buckskin moccasins adorned and toboggan blankets put on order for the new craze. The local press coverage jubilantly reported all of the latest on the Toboggan scene; 485 foot long double chute runs, lit by lanterns attended by over 75 tobogganists per night. \u2018One of the finest slides in the Dominion\u2019, they would confidently remark.<\/span><\/p>\n<p><b>Forked River Brewing Company<\/b><\/p>\n<p><span style=\"font-weight: 400;\">Free brewery tours at 12pm, 2pm and 4pm on Saturdays. We cap tour participants to 10 per group, so please call on the day of to reserve your spots. Please wear closed toed shoes for the tour. Last minute staffing issues may also force us to cancel tours. Send us an email or call for pricing on private tours.<\/span><\/p>\n<p><b>London Brewing Co-operative<\/b><\/p>\n<p><span style=\"font-weight: 400;\">The London Brewing Co-operative is a craft brewery located in London&#8217;s Old East Village. \u201cWe place quality over quantity and believe that great beers start with superior ingredients. That\u2019s why we choose the finest local and organic malts and hops available. Ours is a beer that celebrates the hard work and wisdom of local farmers. It\u2019s a beer that values relationships, cooperation, and community. It\u2019s a beer that recognizes the finite nature of our home planet, and the need to make sustainable choices in everything we do.\u201d<\/span><\/p>\n<p><b>Anderson Craft Ales<\/b><\/p>\n<p><span style=\"font-weight: 400;\">Is a family owned and operated brewery proudly brewing out of London, Ontario. \u201cWe pride ourselves on\u00a0 crafting small batch, handcrafted, premium beers without compromise that we know you&#8217;ll love; from our family to yours.\u201d<\/span><\/p>\n<p>&nbsp;<\/p>\n<h2>Local Restaurants &amp; Coffee Shops<\/h2>\n<p>&nbsp;<\/p>\n<p><b>Abruzzi Ristorante<\/b><\/p>\n<p><span style=\"font-weight: 400;\">Abruzzi is well-groomed but casual.\u00a0 The simple, striking d\u00e9cor with bare brick walls and lots of mirrors, the innovative lighting, and the friendly ambience are all central to the Abruzzi experience.\u00a0 The service is attentive, polished and knowledgeable.\u00a0 The menu offerings capture the essence of Italian cooking.\u00a0 They are intuitive, often iconic, prepared with locally-sourced and quality ethnic ingredients, executed with skill and an eye to detail. <\/span><\/p>\n<p><b>David\u2019s Bistro<\/b><\/p>\n<p><span style=\"font-weight: 400;\">A classic French bistro was opened in 1988 by David Chapman. His traditional bistro, with its small bar, vibrant red walls and checkered tablecloths, is a venerated downtown London culinary anchor.\u00a0 The classic bistro motif perfectly matches the traditional approach to service and attention to detail.\u00a0 The emphasis is on authentic country cuisine with primarily seasonal and high-quality local ingredients.<\/span><\/p>\n<p><b>Covent Garden Market<\/b><\/p>\n<p><span style=\"font-weight: 400;\">Established in 1845, we are a 6 day a week Market located right in Downtown London! Offering an abundance of food, services, a local farmers\u2019 market twice weekly and an array of cultural festivals and events!<\/span><\/p>\n<p><b>Black Walnut Cafe<\/b><\/p>\n<p><span style=\"font-weight: 400;\">We are authentically independent: every baked good is made on site, every coffee bean is hand roasted; visit one of our two locations, Wortley Village or Richmond Streets.<\/span><\/p>\n<p><b>Thaifoon\u00a0<\/b><\/p>\n<p><span style=\"font-weight: 400;\">The 38-seat restaurant is a tasteful and refined take on the ancient Siamese culture, with a soothing d\u00e9cor. \u00a0 The kitchen\u2019s oeuvre is a consistent showcase of Thailand\u2019s regional flavours of hot, sweet, sour and salty, honouring tradition while embracing modernity.\u00a0 Thaifoon is careful to give you just the level of spicing you want.\u00a0\u00a0<\/span><\/p>\n<p><span style=\"font-weight: 400;\">The restaurant is popular with vegetarian and gluten-free clients.<\/span><\/p>\n<p><b>Plant Matter Caf\u00e9<\/b><\/p>\n<p>Plant Matter Kitchen serves organic, delicious, vegan meals\u2014the kind of food we serve our families! From revamped familiar favourites to global flavours\u2014and everything in between\u2014Plant Matter Kitchen creates whole food meals with no artificial ingredients. No scary additives. Nothing processed. No chemicals. Just good, organic, meals made from healthy and delicious real food.<\/p>\n<p><b>The Church-Key<\/b><\/p>\n<p><span style=\"font-weight: 400;\">The Church Key follows the British tradition of the gastro pub by specializing in traditional food done with a gourmet flair. Chef Michael Anglestad has over 20 years experience in fine dining and uses seasonal, locally sourced ingredients whenever possible. Owners Peter and Vanessa Willis have nearly 50 years combined experience in the restaurant industry and the opening of The Church Key in May of 2009 was the culmination of a long time dream.<\/span><\/p>\n","protected":false},"excerpt":{"rendered":"<p>La version fran\u00e7aise sera bient\u00f4t disponible Day Trips from London Just a short drive from London you\u2019ll find historic sites, theatres, provincial parks and some of the best freshwater beaches in the world. Every summer evening, the lights dim and the curtain rises on stages throughout the area. And when the heat of summer has&#8230;  <a class=\"excerpt-read-more\" href=\"https:\/\/cap.ca\/fr\/congres-de-lacp\/congres-anterieurs\/congres-2024\/informations-locales-pour-ceux-qui-voyagent-a-london-on\/things-to-do-in-london\/\" title=\"LireChoses \u00e0 faire \u00e0 Londres\">Lire la suite &raquo;<\/a><\/p>\n","protected":false},"author":5,"featured_media":0,"parent":23776,"menu_order":7,"comment_status":"closed","ping_status":"closed","template":"","meta":{"footnotes":""},"class_list":["post-24603","page","type-page","status-publish","hentry"],"_links":{"self":[{"href":"https:\/\/cap.ca\/fr\/wp-json\/wp\/v2\/pages\/24603","targetHints":{"allow":["GET"]}}],"collection":[{"href":"https:\/\/cap.ca\/fr\/wp-json\/wp\/v2\/pages"}],"about":[{"href":"https:\/\/cap.ca\/fr\/wp-json\/wp\/v2\/types\/page"}],"author":[{"embeddable":true,"href":"https:\/\/cap.ca\/fr\/wp-json\/wp\/v2\/users\/5"}],"replies":[{"embeddable":true,"href":"https:\/\/cap.ca\/fr\/wp-json\/wp\/v2\/comments?post=24603"}],"version-history":[{"count":1,"href":"https:\/\/cap.ca\/fr\/wp-json\/wp\/v2\/pages\/24603\/revisions"}],"predecessor-version":[{"id":24604,"href":"https:\/\/cap.ca\/fr\/wp-json\/wp\/v2\/pages\/24603\/revisions\/24604"}],"up":[{"embeddable":true,"href":"https:\/\/cap.ca\/fr\/wp-json\/wp\/v2\/pages\/23776"}],"wp:attachment":[{"href":"https:\/\/cap.ca\/fr\/wp-json\/wp\/v2\/media?parent=24603"}],"curies":[{"name":"wp","href":"https:\/\/api.w.org\/{rel}","templated":true}]}}