{"id":24572,"date":"2024-05-13T02:49:10","date_gmt":"2024-05-13T06:49:10","guid":{"rendered":"https:\/\/cap.ca\/?page_id=24572"},"modified":"2025-05-23T00:46:40","modified_gmt":"2025-05-23T04:46:40","slug":"congres-de-lacp-2025","status":"publish","type":"page","link":"https:\/\/cap.ca\/fr\/congres-de-lacp\/congres-anterieurs\/congres-de-lacp-2025\/","title":{"rendered":"Congr\u00e8s de l&#8217;ACP 2025, 9-13 juin"},"content":{"rendered":"<div class=\"wpb-content-wrapper\"><p>[vc_row][vc_column][vc_column_text css=&#8221;&#8221;]<\/p>\n<blockquote><p><a href=\"https:\/\/indico.global\/event\/442\/\"><strong>Cliquez ici<\/strong> pour acc\u00e9der au site du programme du Congr\u00e8s 2025 (sur Indico)<\/a>. NOTE : Si vous avez soumis un r\u00e9sum\u00e9, vous devrez vous connecter pour acc\u00e9der \u00e0 la fonction \u00ab Mes contributions \u00bb qui vous aidera \u00e0 trouver rapidement le calendrier de votre soumission.<\/p><\/blockquote>\n<p>[\/vc_column_text][\/vc_column][\/vc_row][vc_row][vc_column][vc_message css=&#8221;&#8221;]Les inscriptions pour le congr\u00e8s 2025 sont d\u00e9sormais ouvertes ! <strong>La pr\u00e9inscription (avec options alimentaires) est possible jusqu&#8217;\u00e0 23h59 ET le mercredi 28 mai<\/strong>.<\/p>\n<p><a href=\"https:\/\/cap.ca\/fr\/congres-de-lacp\/congres-de-lacp-2025\/2025-frais-dinscription\/\">Cliquez ici pour plus d&#8217;informations sur les modalit\u00e9s d&#8217;inscription. <\/a><\/p>\n<p>Cliquez ici pour obtenir des <a href=\"https:\/\/cap.ca\/fr\/congres-de-lacp\/congres-de-lacp-2025\/local-information-for-those-travelling-to-saskatoon\/\" target=\"_blank\" rel=\"noopener\">informations sur le voyage \u00e0 destination de Saskatoon<\/a>, y compris les <a href=\"https:\/\/cap.ca\/fr\/congres-de-lacp\/congres-de-lacp-2025\/local-information-for-those-travelling-to-saskatoon\/transportation-to-and-around-saskatoon\/\" target=\"_blank\" rel=\"noopener\">codes de r\u00e9duction d&#8217;Air Canada et de WestJet<\/a>.<\/p>\n<p>Les d\u00e9tails concernant <a href=\"https:\/\/cap.ca\/fr\/congres-de-lacp\/congres-de-lacp-2025\/tours\/\" target=\"_blank\" rel=\"noopener\">les visites pendant la semaine du Congr\u00e8s 2025<\/a> sont maintenant disponibles. Le formulaire d&#8217;inscription sera disponible sous peu.<\/p>\n<p>L&#8217;ACP remercie les nombreux <a href=\"https:\/\/cap.ca\/fr\/congres-de-lacp\/congres-de-lacp-2025\/2025-sponsors\/\" target=\"_blank\" rel=\"noopener\">commanditaires du Congr\u00e8s<\/a> pour leur soutien et encourage tous les d\u00e9l\u00e9gu\u00e9s \u00e0 <a href=\"https:\/\/cap.ca\/fr\/congres-de-lacp\/congres-de-lacp-2025\/2025-exhibitors\/\" target=\"_blank\" rel=\"noopener\">visiter nos exposants<\/a> !<\/p>\n<p>Consultez les <a href=\"https:\/\/cap.ca\/fr\/congres-de-lacp\/congres-de-lacp-2025\/2025-professional-development-and-workshops\/\" target=\"_blank\" rel=\"noopener\">sessions sp\u00e9ciales, les ateliers<\/a> et <a href=\"https:\/\/cap.ca\/fr\/congres-de-lacp\/congres-de-lacp-2025\/2025-symposia-day\/\" target=\"_blank\" rel=\"noopener\">les symposiums<\/a> qui sont propos\u00e9s en plus de la <a href=\"https:\/\/cap.ca\/fr\/congres-de-lacp\/congres-de-lacp-2025\/herzberg-pleniers\/\" target=\"_blank\" rel=\"noopener\">conf\u00e9rence Herzberg, des conf\u00e9rences pl\u00e9ni\u00e8res<\/a> et des <a href=\"https:\/\/cap.ca\/fr\/congres-de-lacp\/congres-de-lacp-2025\/2025-invited-speakers\/\" target=\"_blank\" rel=\"noopener\">conf\u00e9rences invit\u00e9es<\/a>.[\/vc_message][vc_column_text css=&#8221;&#8221;]<\/p>\n<h3><strong><img loading=\"lazy\" decoding=\"async\" class=\"wp-image-25429 size-medium alignleft\" src=\"https:\/\/cap.ca\/wp-content\/uploads\/2024\/07\/Congress2025-USask-poster_11x17-with-bleed-for-web-final-300x232.jpg\" alt=\"2025 CAP Congress poster, University of Saskatchewan. June 8-13 2025.\" width=\"300\" height=\"232\" srcset=\"https:\/\/cap.ca\/wp-content\/uploads\/2024\/07\/Congress2025-USask-poster_11x17-with-bleed-for-web-final-300x232.jpg 300w, https:\/\/cap.ca\/wp-content\/uploads\/2024\/07\/Congress2025-USask-poster_11x17-with-bleed-for-web-final-768x593.jpg 768w, https:\/\/cap.ca\/wp-content\/uploads\/2024\/07\/Congress2025-USask-poster_11x17-with-bleed-for-web-final.jpg 803w\" sizes=\"auto, (max-width: 300px) 100vw, 300px\" \/>Congr\u00e8s de l&#8217;ACP 2025<\/strong><\/h3>\n<p><strong>D\u00c9TAILS :\u00a0<\/strong><\/p>\n<ul class=\"content-list\">\n<li><strong>Dates:<\/strong> 9-13 juin, 2025<br \/>\n(avec quelques activit\u00e9s pr\u00e9-congr\u00e8s dimanche 8 juin)<\/li>\n<\/ul>\n<p><strong>Lieu :<\/strong> University of Saskatchewan, Saskatoon, SK<\/p>\n<p><span style=\"color: #ff0000;\"><span style=\"color: #000000;\"><strong>Format : <\/strong>Les pr\u00e9sentateurs doivent pr\u00e9voir de se pr\u00e9senter en personne<\/span><\/span><\/p>\n<p><strong>MISE \u00c0 JOUR <\/strong><strong>&#8211; 23 avril 2025 : Le syst\u00e8me de soumission des r\u00e9sum\u00e9s est maintenant ferm\u00e9. <\/strong>Les conf\u00e9renciers invit\u00e9s qui n&#8217;ont pas encore soumis leur r\u00e9sum\u00e9 doivent l&#8217;envoyer au pr\u00e9sident de la division qui les a invit\u00e9s, avec une copie \u00e0 programs@cap.ca, pour qu&#8217;il soit t\u00e9l\u00e9charg\u00e9 dans notre syst\u00e8me de programmation du congr\u00e8s.<\/p>\n<blockquote><p><a href=\"https:\/\/indico.global\/event\/442\/\"><strong>Cliquez ici<\/strong> pour acc\u00e9der au site du programme du Congr\u00e8s 2025 (sur Indico)<\/a>. NOTE : Si vous avez soumis un r\u00e9sum\u00e9, vous devrez vous connecter pour acc\u00e9der \u00e0 la fonction \u00ab Mes contributions \u00bb qui vous aidera \u00e0 trouver rapidement le calendrier de votre soumission.<\/p><\/blockquote>\n<p>[\/vc_column_text][vc_separator css=&#8221;&#8221;][vc_column_text css=&#8221;&#8221;]<\/p>\n<h3>Th\u00e9orie Canada 17<\/h3>\n<p>(organis\u00e9 par la Division de la physique th\u00e9orique)<\/p>\n<p><strong>Dates :<\/strong> 6-7 juin 2025<br \/>\n<strong>Lieu :<\/strong> Universit\u00e9 de Regina<br \/>\n<strong>R\u00e9sum\u00e9s :<\/strong> <a href=\"https:\/\/indico.global\/event\/13916\/\">L&#8217;appel \u00e0 r\u00e9sum\u00e9s et l&#8217;inscription sont maintenant disponibles.<\/a> La date limite de soumission des r\u00e9sum\u00e9s a \u00e9t\u00e9 repouss\u00e9e au 17 mai.<\/p>\n<p><a href=\"https:\/\/dtp.cap.ca\/theory-canada\/theory-canada-17\/\">Pour plus d&#8217;informations, veuillez consulter le site web du TC17<\/a>[\/vc_column_text][\/vc_column][\/vc_row][vc_row][vc_column][vc_column_text css=&#8221;&#8221;]<\/p>\n<h3><b>S\u00e9rie de satellites Quantum Days de Saskatoon (QDSS) &#8211; **<a href=\"https:\/\/quantumdayssatelliteseries.ca\/event\/saskatoon-2025\/\" target=\"_blank\" rel=\"noopener\">Inscription est maintenant ouvert<\/a>**<\/b><\/h3>\n<blockquote><p>Les participants au Congr\u00e8s de l&#8217;ACP b\u00e9n\u00e9ficient d&#8217;une r\u00e9duction de 20 % sur l&#8217;inscription en utilisant ce code : <b>QDSSCAP<\/b><\/p><\/blockquote>\n<p>Parall\u00e8lement au Congr\u00e8s 2025 de l&#8217;ACP, <a href=\"https:\/\/www.deepl.com\/en\/%C2%AB\">Deep Tech Canada<\/a> organise le Quantum Days Satellite Series Saskatoon (QDSS) &#8211; un \u00e9v\u00e9nement dynamique con\u00e7u pour les \u00e9tudiants, les chercheurs et les professionnels de l&#8217;industrie qui s&#8217;int\u00e9ressent aux sciences et technologies quantiques.<\/p>\n<p>Les QDSS offrent une occasion unique d&#8217;explorer l&#8217;\u00e9cosyst\u00e8me quantique en pleine croissance de la Saskatchewan. Le programme comprend des conf\u00e9rences universitaires et industrielles, ainsi que des visites d&#8217;installations de pointe telles que le Centre canadien de rayonnement synchrotron, VIDO et GIFS, o\u00f9 les participants peuvent d\u00e9couvrir les derni\u00e8res perc\u00e9es et les applications concr\u00e8tes des technologies quantiques.<\/p>\n<p><strong>R\u00e9sum\u00e9s<\/strong> : Les r\u00e9sum\u00e9s doivent \u00eatre soumis au plus tard le <strong>vendredi 23 mai 2025<\/strong>. Cliquez ici pour poser votre candidature : <a href=\"https:\/\/can01.safelinks.protection.outlook.com\/?url=https%3A%2F%2Fquantumdayssatelliteseries.ca%2Fevent%2Fsaskatoon-2025%2F&amp;data=05%7C02%7Ckat221%40mail.usask.ca%7Ccf92fc0439fa45728c5908dd93cf2405%7C24ab6cd0487e47229bc3da9c4232776c%7C0%7C0%7C638829240067631644%7CUnknown%7CTWFpbGZsb3d8eyJFbXB0eU1hcGkiOnRydWUsIlYiOiIwLjAuMDAwMCIsIlAiOiJXaW4zMiIsIkFOIjoiTWFpbCIsIldUIjoyfQ%3D%3D%7C0%7C%7C%7C&amp;sdata=FnM8t0nXzXQoODwCRt69%2BsP5YhJb8RVVzWSZh9xd2vA%3D&amp;reserved=0\"><b>Formulaire de demande de session affiche<\/b><\/a><\/p>\n<p><strong>Dates du QDSS<\/strong> : 13-14 juin<br \/>\n<strong>Lieu<\/strong> : Universit\u00e9 de la Saskatchewan, Saskatoon, SK<br \/>\n<strong>En savoir plus et s&#8217;inscrire<\/strong> : <a href=\"https:\/\/quantumdayssatelliteseries.ca\/event\/saskatoon-2025\/\">S\u00e9rie de satellites Quantum Days \u00e0 Saskatoon<\/a> (site web en anglais seulement)<\/p>\n<blockquote><p>Les participants au Congr\u00e8s de l&#8217;ACP b\u00e9n\u00e9ficient d&#8217;une r\u00e9duction de 20 % sur l&#8217;inscription en utilisant ce code : <b>QDSSCAP<\/b><\/p><\/blockquote>\n<p>[\/vc_column_text][\/vc_column][\/vc_row]<\/p>\n<\/div>","protected":false},"excerpt":{"rendered":"<p>[vc_row][vc_column][vc_column_text css=&#8221;&#8221;] Cliquez ici pour acc\u00e9der au site du programme du Congr\u00e8s 2025 (sur Indico). NOTE : Si vous avez soumis un r\u00e9sum\u00e9, vous devrez vous connecter pour acc\u00e9der \u00e0 la fonction \u00ab Mes contributions \u00bb qui vous aidera \u00e0 trouver rapidement le calendrier de votre soumission. [\/vc_column_text][\/vc_column][\/vc_row][vc_row][vc_column][vc_message css=&#8221;&#8221;]Les inscriptions pour le congr\u00e8s 2025 sont&#8230;  <a class=\"excerpt-read-more\" href=\"https:\/\/cap.ca\/fr\/congres-de-lacp\/congres-anterieurs\/congres-de-lacp-2025\/\" title=\"LireCongr\u00e8s de l&#8217;ACP 2025, 9-13 juin\">Lire la suite &raquo;<\/a><\/p>\n","protected":false},"author":7,"featured_media":0,"parent":3253,"menu_order":0,"comment_status":"closed","ping_status":"closed","template":"","meta":{"footnotes":""},"class_list":["post-24572","page","type-page","status-publish","hentry"],"_links":{"self":[{"href":"https:\/\/cap.ca\/fr\/wp-json\/wp\/v2\/pages\/24572","targetHints":{"allow":["GET"]}}],"collection":[{"href":"https:\/\/cap.ca\/fr\/wp-json\/wp\/v2\/pages"}],"about":[{"href":"https:\/\/cap.ca\/fr\/wp-json\/wp\/v2\/types\/page"}],"author":[{"embeddable":true,"href":"https:\/\/cap.ca\/fr\/wp-json\/wp\/v2\/users\/7"}],"replies":[{"embeddable":true,"href":"https:\/\/cap.ca\/fr\/wp-json\/wp\/v2\/comments?post=24572"}],"version-history":[{"count":30,"href":"https:\/\/cap.ca\/fr\/wp-json\/wp\/v2\/pages\/24572\/revisions"}],"predecessor-version":[{"id":27115,"href":"https:\/\/cap.ca\/fr\/wp-json\/wp\/v2\/pages\/24572\/revisions\/27115"}],"up":[{"embeddable":true,"href":"https:\/\/cap.ca\/fr\/wp-json\/wp\/v2\/pages\/3253"}],"wp:attachment":[{"href":"https:\/\/cap.ca\/fr\/wp-json\/wp\/v2\/media?parent=24572"}],"curies":[{"name":"wp","href":"https:\/\/api.w.org\/{rel}","templated":true}]}}