{"id":24500,"date":"2024-04-23T15:45:34","date_gmt":"2024-04-23T19:45:34","guid":{"rendered":"https:\/\/cap.ca\/activites\/programme-de-distinctions\/high-school-cegep-physics-teachers\/hs-cegep-award-nomination-procedure\/"},"modified":"2024-04-23T16:21:56","modified_gmt":"2024-04-23T20:21:56","slug":"hs-cegep-award-nomination-procedure","status":"publish","type":"page","link":"https:\/\/cap.ca\/fr\/activites\/programme-de-distinctions\/high-school-cegep-physics-teachers\/hs-cegep-award-nomination-procedure\/","title":{"rendered":"Proc\u00e9dures et \u00e9l\u00e9ments de candidature pour le prix des enseignants HS\/CEGEP"},"content":{"rendered":"<h2 id=\"procedures\">Proc\u00e9dures de candidature<\/h2>\n<ul class=\"content-list\">\n<li style=\"font-weight: 400;\" aria-level=\"1\">La date limite de d\u00e9p\u00f4t des candidatures est normalement fix\u00e9e au 30 juin. Normalement, le cycle de candidature et de s\u00e9lection est \u00e9tabli de mani\u00e8re \u00e0 ce que les candidats s\u00e9lectionn\u00e9s puissent recevoir leur prix \u00e0 la mi-septembre.<\/li>\n<li style=\"font-weight: 400;\" aria-level=\"1\"><span style=\"font-weight: 400;\">Les candidatures doivent \u00eatre soumises en utilisant le <\/span><a href=\"https:\/\/services.cap.ca\/medal\/login.php\"><span style=\"font-weight: 400;\">processus de candidature en ligne de l&#8217;ACP.<\/span><\/a><\/li>\n<li style=\"font-weight: 400;\" aria-level=\"1\">Bien que le syst\u00e8me de candidature de l&#8217;ACP dispose actuellement d&#8217;une interface en anglais uniquement, les candidatures peuvent \u00eatre soumises en anglais ou en fran\u00e7ais. L&#8217;ACP s&#8217;engage \u00e0 assurer un traitement \u00e9quitable des candidatures soumises dans l&#8217;une ou l&#8217;autre des langues officielles.<\/li>\n<li style=\"font-weight: 400;\" aria-level=\"1\"><span style=\"font-weight: 400;\">L&#8217;ACP s&#8217;engage \u00e0 faire en sorte que les personnes charg\u00e9es d&#8217;\u00e9valuer les prix aient une compr\u00e9hension approfondie de l&#8217;impact des pr\u00e9jug\u00e9s afin d&#8217;en tenir compte lors de l&#8217;examen des candidatures. <\/span><a href=\"https:\/\/cap.ca\/blog\/edi\/\"><span style=\"font-weight: 400;\">Cliquez ici pour consulter la d\u00e9claration compl\u00e8te de l&#8217;ACP sur l&#8217;EDI.<\/span><\/a><\/li>\n<li style=\"font-weight: 400;\" aria-level=\"1\">Les pi\u00e8ces justificatives doivent \u00eatre soumises sous forme de fichiers PDF.<\/li>\n<li style=\"font-weight: 400;\" aria-level=\"1\">Les candidatures sont confidentielles pour l&#8217;ACP.<\/li>\n<li style=\"font-weight: 400;\" aria-level=\"1\">Les candidatures sont valables pour trois (3) cycles de candidature.<\/li>\n<li style=\"font-weight: 400;\" aria-level=\"1\">Lors de la soumission, et chaque ann\u00e9e au cours des deux ann\u00e9es restantes du cycle, les auteurs des candidatures DOIVENT v\u00e9rifier\/valider que le dossier de candidature est complet et \u00e0 jour pour que la candidature soit soumise \u00e0 l&#8217;examen du comit\u00e9 de s\u00e9lection.<\/li>\n<\/ul>\n<h2 id=\"components\">Composantes de la candidature<\/h2>\n<p>Sauf indication contraire, une demande compl\u00e8te se compose des \u00e9l\u00e9ments suivants<\/p>\n<ol class=\"content-list\">\n<li style=\"font-weight: 400;\" aria-level=\"1\">Le formulaire de candidature et une lettre de soutien de la part de la personne qui propose la candidature.<\/li>\n<li style=\"font-weight: 400;\" aria-level=\"1\">Un curriculum vitae de 5 pages maximum, comprenant une liste des prix et bourses re\u00e7us \u00e0 ce jour, ainsi que d&#8217;autres preuves de r\u00e9alisations exceptionnelles dans le domaine de l&#8217;enseignement. Il ne doit pas contenir d&#8217;informations de routine sur la participation \u00e0 des comit\u00e9s d&#8217;\u00e9cole ou \u00e0 d&#8217;autres engagements similaires, sauf dans la mesure o\u00f9 ils sont li\u00e9s \u00e0 l&#8217;enseignement.<\/li>\n<li style=\"font-weight: 400;\" aria-level=\"1\">Un minimum de trois et un maximum de cinq lettres d&#8217;appui. L&#8217;une d&#8217;entre elles doit \u00e9maner d&#8217;une personne de haut rang (comme un directeur ou un chef de d\u00e9partement), et au moins une autre doit provenir d&#8217;un pair ou d&#8217;un \u00e9tudiant. Deux autres personnes connaissant bien les contributions du candidat \u00e0 l&#8217;enseignement doivent \u00e9galement \u00eatre invit\u00e9es \u00e0 soumettre une lettre de soutien. Les lettres doivent en particulier indiquer en quoi le candidat r\u00e9pond aux crit\u00e8res d&#8217;attribution du prix.<\/li>\n<li aria-level=\"1\">(Facultatif) Jusqu&#8217;\u00e0 5 documents suppl\u00e9mentaires contenant des preuves de la mani\u00e8re dont le candidat r\u00e9pond aux crit\u00e8res du prix (par exemple, des certificats, des prix d&#8217;enseignement).<\/li>\n<li>Une citation de 300 mots maximum, adapt\u00e9e \u00e0 la publication si le candidat est s\u00e9lectionn\u00e9 comme laur\u00e9at du prix. <strong>REMARQUE :<\/strong> la citation doit \u00eatre soumise au format texte en utilisant la technique du copier-coller dans le formulaire de candidature en ligne.<\/li>\n<\/ol>\n<p>[vc_message]<\/p>\n<p style=\"text-align: left;\"><strong>Note aux auteurs des candidatures et des r\u00e9f\u00e9rences.<\/strong> Lorsque vous r\u00e9digez votre lettre de soutien, veuillez tenir compte des meilleures pratiques suivantes (adapt\u00e9es des lignes directrices et des meilleures pratiques pour les r\u00e9dacteurs de lettres de la Chaire de recherche du Canada) :<\/p>\n<ul class=\"content-list\">\n<li style=\"text-align: left;\">Soyez pr\u00e9cis, juste, clair et \u00e9quilibr\u00e9<\/li>\n<li style=\"text-align: left;\">\u00c9tayez vos propos en donnant, dans la mesure du possible, des exemples pr\u00e9cis de r\u00e9alisations<\/li>\n<li style=\"text-align: left;\">\u00c9vitez de r\u00e9v\u00e9ler des informations personnelles ou de faire r\u00e9f\u00e9rence \u00e0 la vie priv\u00e9e du candidat.<\/li>\n<li style=\"text-align: left;\">Soyez conscient des pr\u00e9jug\u00e9s implicites et \u00e9vitez d&#8217;utiliser un langage tendancieux (plus d&#8217;informations sur Limiter les pr\u00e9jug\u00e9s inconscients).<\/li>\n<li style=\"text-align: left;\">\u00c9viter de rendre les lettres trop personnelles en utilisant des titres formels et professionnels.<\/li>\n<\/ul>\n<p>[\/vc_message][vc_column_text]<\/p>\n<h3 id=\"selection\">S\u00e9lection et notification des candidatures<\/h3>\n<p>Apr\u00e8s la date de soumission, la candidature sera examin\u00e9e afin de d\u00e9terminer si les crit\u00e8res d&#8217;\u00e9ligibilit\u00e9 et les exigences relatives \u00e0 la candidature ont \u00e9t\u00e9 respect\u00e9s. Si le dossier de candidature n&#8217;est pas conforme \u00e0 ces exigences, l&#8217;ACP en informera l&#8217;auteur de la candidature et lui permettra de modifier ou de fournir des informations suppl\u00e9mentaires dans un d\u00e9lai de 5 jours ouvrables. Si les informations demand\u00e9es ne sont pas fournies, sont incompl\u00e8tes ou ne sont pas conformes aux exigences, la candidature ne sera pas prise en consid\u00e9ration.<\/p>\n<p>Les comit\u00e9s de s\u00e9lection sont form\u00e9s par le Comit\u00e9 de distinction de l&#8217;ACP. Les comit\u00e9s de s\u00e9lection recommandent les laur\u00e9ats au Conseil d&#8217;administration de l&#8217;ACP. En cas d&#8217;approbation, les laur\u00e9ats seront contact\u00e9s par le pr\u00e9sident de l&#8217;ACP ou son repr\u00e9sentant.<\/p>\n","protected":false},"excerpt":{"rendered":"<p>Proc\u00e9dures de candidature La date limite de d\u00e9p\u00f4t des candidatures est normalement fix\u00e9e au 30 juin. Normalement, le cycle de candidature et de s\u00e9lection est \u00e9tabli de mani\u00e8re \u00e0 ce que les candidats s\u00e9lectionn\u00e9s puissent recevoir leur prix \u00e0 la mi-septembre. Les candidatures doivent \u00eatre soumises en utilisant le processus de candidature en ligne de&#8230;  <a class=\"excerpt-read-more\" href=\"https:\/\/cap.ca\/fr\/activites\/programme-de-distinctions\/high-school-cegep-physics-teachers\/hs-cegep-award-nomination-procedure\/\" title=\"LireProc\u00e9dures et \u00e9l\u00e9ments de candidature pour le prix des enseignants HS\/CEGEP\">Lire la suite &raquo;<\/a><\/p>\n","protected":false},"author":5,"featured_media":0,"parent":24495,"menu_order":0,"comment_status":"closed","ping_status":"closed","template":"","meta":{"footnotes":""},"class_list":["post-24500","page","type-page","status-publish","hentry"],"_links":{"self":[{"href":"https:\/\/cap.ca\/fr\/wp-json\/wp\/v2\/pages\/24500","targetHints":{"allow":["GET"]}}],"collection":[{"href":"https:\/\/cap.ca\/fr\/wp-json\/wp\/v2\/pages"}],"about":[{"href":"https:\/\/cap.ca\/fr\/wp-json\/wp\/v2\/types\/page"}],"author":[{"embeddable":true,"href":"https:\/\/cap.ca\/fr\/wp-json\/wp\/v2\/users\/5"}],"replies":[{"embeddable":true,"href":"https:\/\/cap.ca\/fr\/wp-json\/wp\/v2\/comments?post=24500"}],"version-history":[{"count":2,"href":"https:\/\/cap.ca\/fr\/wp-json\/wp\/v2\/pages\/24500\/revisions"}],"predecessor-version":[{"id":24504,"href":"https:\/\/cap.ca\/fr\/wp-json\/wp\/v2\/pages\/24500\/revisions\/24504"}],"up":[{"embeddable":true,"href":"https:\/\/cap.ca\/fr\/wp-json\/wp\/v2\/pages\/24495"}],"wp:attachment":[{"href":"https:\/\/cap.ca\/fr\/wp-json\/wp\/v2\/media?parent=24500"}],"curies":[{"name":"wp","href":"https:\/\/api.w.org\/{rel}","templated":true}]}}