{"id":24497,"date":"2024-04-22T17:01:17","date_gmt":"2024-04-22T21:01:17","guid":{"rendered":"https:\/\/cap.ca\/activites\/programme-de-distinctions\/high-school-cegep-physics-teachers\/hs-cegep-award-eligibility-requirements-and-evaluation-criteria\/"},"modified":"2024-04-23T16:25:43","modified_gmt":"2024-04-23T20:25:43","slug":"hs-cegep-award-eligibility-requirements-and-evaluation-criteria","status":"publish","type":"page","link":"https:\/\/cap.ca\/fr\/activites\/programme-de-distinctions\/high-school-cegep-physics-teachers\/hs-cegep-award-eligibility-requirements-and-evaluation-criteria\/","title":{"rendered":"Conditions d&#8217;\u00e9ligibilit\u00e9 et crit\u00e8res d&#8217;\u00e9valuation de la bourse HS\/CEGEP"},"content":{"rendered":"<h2>Conditions d&#8217;\u00e9ligibilit\u00e9<\/h2>\n<p>Les candidats doivent \u00eatre des r\u00e9sidents canadiens, \u00eatre des professeurs de physique en exercice et avoir enseign\u00e9 la physique dans une \u00e9cole secondaire ou un c\u00e9gep canadien pendant au moins cinq (5) ans.<\/p>\n<h2><span style=\"font-weight: 400;\">Crit\u00e8res d&#8217;\u00e9valuation <\/span><\/h2>\n<p>Les prix r\u00e9compensent les professeurs de physique des \u00e9coles secondaires ou des c\u00e9geps canadiens qui ont une bonne compr\u00e9hension de leur mati\u00e8re et qui poss\u00e8dent une capacit\u00e9 exceptionnelle \u00e0 communiquer leurs connaissances et leur compr\u00e9hension de mani\u00e8re \u00e0 motiver leurs \u00e9l\u00e8ves \u00e0 obtenir de bons r\u00e9sultats scolaires en physique. L&#8217;\u00e9valuation sera bas\u00e9e sur la documentation soumise dans le dossier de candidature et se concentrera, sans s&#8217;y limiter, sur les \u00e9l\u00e9ments suivants :<\/p>\n<ul class=\"content-list\">\n<li>Impact sur les \u00e9tudiants en physique<\/li>\n<li>Participation ou direction d&#8217;activit\u00e9s qui soutiennent l&#8217;apprentissage de la physique par les \u00e9tudiants<\/li>\n<li>Caract\u00e9ristiques d&#8217;enseignement et d\u00e9veloppement professionnel en physique et en p\u00e9dagogie de la physique<\/li>\n<li>Soutien \u00e0 d&#8217;autres professeurs de physique et\/ou leadership au sein de la communaut\u00e9 des professeurs de physique.<\/li>\n<\/ul>\n<p>Veuillez adresser vos questions et commentaires \u00e0 l&#8217;ACP : programs@cap.ca.<\/p>\n<p><a href=\"https:\/\/cap.ca\/fr\/activites\/programme-de-distinctions\/high-school-cegep-physics-teachers\/hs-cegep-award-nomination-procedure\/\">Proc\u00e9dures et \u00e9l\u00e9ments de candidature<\/a><\/p>\n<p>&nbsp;<\/p>\n","protected":false},"excerpt":{"rendered":"<p>Conditions d&#8217;\u00e9ligibilit\u00e9 Les candidats doivent \u00eatre des r\u00e9sidents canadiens, \u00eatre des professeurs de physique en exercice et avoir enseign\u00e9 la physique dans une \u00e9cole secondaire ou un c\u00e9gep canadien pendant au moins cinq (5) ans. Crit\u00e8res d&#8217;\u00e9valuation Les prix r\u00e9compensent les professeurs de physique des \u00e9coles secondaires ou des c\u00e9geps canadiens qui ont une bonne&#8230;  <a class=\"excerpt-read-more\" href=\"https:\/\/cap.ca\/fr\/activites\/programme-de-distinctions\/high-school-cegep-physics-teachers\/hs-cegep-award-eligibility-requirements-and-evaluation-criteria\/\" title=\"LireConditions d&#8217;\u00e9ligibilit\u00e9 et crit\u00e8res d&#8217;\u00e9valuation de la bourse HS\/CEGEP\">Lire la suite &raquo;<\/a><\/p>\n","protected":false},"author":5,"featured_media":0,"parent":24495,"menu_order":0,"comment_status":"closed","ping_status":"closed","template":"","meta":{"footnotes":""},"class_list":["post-24497","page","type-page","status-publish","hentry"],"_links":{"self":[{"href":"https:\/\/cap.ca\/fr\/wp-json\/wp\/v2\/pages\/24497","targetHints":{"allow":["GET"]}}],"collection":[{"href":"https:\/\/cap.ca\/fr\/wp-json\/wp\/v2\/pages"}],"about":[{"href":"https:\/\/cap.ca\/fr\/wp-json\/wp\/v2\/types\/page"}],"author":[{"embeddable":true,"href":"https:\/\/cap.ca\/fr\/wp-json\/wp\/v2\/users\/5"}],"replies":[{"embeddable":true,"href":"https:\/\/cap.ca\/fr\/wp-json\/wp\/v2\/comments?post=24497"}],"version-history":[{"count":3,"href":"https:\/\/cap.ca\/fr\/wp-json\/wp\/v2\/pages\/24497\/revisions"}],"predecessor-version":[{"id":24507,"href":"https:\/\/cap.ca\/fr\/wp-json\/wp\/v2\/pages\/24497\/revisions\/24507"}],"up":[{"embeddable":true,"href":"https:\/\/cap.ca\/fr\/wp-json\/wp\/v2\/pages\/24495"}],"wp:attachment":[{"href":"https:\/\/cap.ca\/fr\/wp-json\/wp\/v2\/media?parent=24497"}],"curies":[{"name":"wp","href":"https:\/\/api.w.org\/{rel}","templated":true}]}}