{"id":24495,"date":"2023-10-03T15:10:49","date_gmt":"2023-10-03T19:10:49","guid":{"rendered":"https:\/\/cap.ca\/activites\/programme-de-distinctions\/high-school-cegep-physics-teachers\/"},"modified":"2026-05-01T11:05:54","modified_gmt":"2026-05-01T15:05:54","slug":"high-school-cegep-physics-teachers","status":"publish","type":"page","link":"https:\/\/cap.ca\/fr\/activites\/programme-de-distinctions\/high-school-cegep-physics-teachers\/","title":{"rendered":"Distinctions pour les professeurs de physique de l&#8217;enseignement secondaire et du CEGEP"},"content":{"rendered":"<div class=\"wpb-content-wrapper\"><p>[vc_row][vc_column][vc_column_text css=&#8221;&#8221;]<\/p>\n<h2>Prix ACP pour l&#8217;excellence dans l&#8217;enseignement de la physique au lyc\u00e9e et au CEGEP<\/h2>\n<p>Le prix ACP pour l&#8217;excellence de l&#8217;enseignement de la physique dans les \u00e9coles secondaires et les c\u00e9geps, introduit en 2010, vise \u00e0 reconna\u00eetre l&#8217;excellence de l&#8217;enseignement de la physique dans les \u00e9coles secondaires ou les c\u00e9geps canadiens et \u00e0 encourager et promouvoir la physique au niveau des \u00e9coles secondaires et des c\u00e9geps au Canada. Le prix a \u00e9t\u00e9 parrain\u00e9 au niveau national par l&#8217;ACP et la Fondation de l&#8217;ACP, TRIUMF, l&#8217;Institut Perimeter (PI), l&#8217;Institut de physique des particules (IPP), SNOLAB et le Centre canadien de rayonnement synchrotron (CLS), et (de 2009 \u00e0 2021) au niveau r\u00e9gional par Engineers and Geoscientists of BC.<\/p>\n<p><strong>Les prix sont d\u00e9cern\u00e9s chaque ann\u00e9e dans chacune des cinq r\u00e9gions du Canada : C.-B.\/Yukon, Prairies\/T.N.-O., Ontario, Qu\u00e9bec\/Nunavut et Canada atlantique.<\/strong><\/p>\n<p>En 2011, gr\u00e2ce \u00e0 une initiative men\u00e9e par le directeur de l&#8217;Institut de physique des particules \u00e0 l&#8217;\u00e9poque, l&#8217;ACP a conclu un arrangement selon lequel l&#8217;un de nos laur\u00e9ats serait envoy\u00e9 \u00e0 l&#8217;un des programmes annuels de formation des enseignants du secondaire offerts par le CERN en juillet ou en ao\u00fbt. Le financement pour soutenir le voyage de l&#8217;enseignant a \u00e9t\u00e9 g\u00e9n\u00e9reusement fourni de 2011 \u00e0 2013 par l&#8217;IPP, avec un soutien suppl\u00e9mentaire de TRIUMF et PI. En 2014, ce partenariat avec le programme d&#8217;ateliers du CERN a \u00e9t\u00e9 officiellement \u00e9tabli sous le nom de <b>Perimeter Physics Education Award<\/b>, avec un financement de base fourni par le PI et un soutien suppl\u00e9mentaire continu fourni par l&#8217;IPP.[\/vc_column_text][\/vc_column][\/vc_row][vc_row][vc_column][vc_tta_pageable no_fill_content_area=&#8221;1&#8243; autoplay=&#8221;4&#8243; active_section=&#8221;1&#8243; pagination_color=&#8221;black&#8221;][vc_tta_section title=&#8221;BC and Yukon&#8221; tab_id=&#8221;bc-yukon&#8221;][vc_text_separator title=&#8221;- 2024 -&#8221; color=&#8221;custom&#8221; css=&#8221;.vc_custom_1746626271390{margin-bottom: -6px !important;border-bottom-width: 0px !important;padding-bottom: 0px !important;}&#8221; accent_color=&#8221;#dddddd&#8221;][vc_row_inner css=&#8221;.vc_custom_1490277070461{margin-top: 0px !important;margin-right: 0px !important;margin-bottom: 0px !important;margin-left: 0px !important;border-top-width: 0px !important;border-right-width: 1px !important;border-bottom-width: 1px !important;border-left-width: 1px !important;padding-top: 1px !important;padding-right: 1px !important;padding-bottom: 0px !important;padding-left: 1px !important;border-left-color: #dddddd !important;border-left-style: solid !important;border-right-color: #dddddd !important;border-right-style: solid !important;border-top-color: #dddddd !important;border-top-style: solid !important;border-bottom-color: #dddddd !important;border-bottom-style: solid !important;}&#8221;][vc_column_inner width=&#8221;1\/6&#8243;][\/vc_column_inner][vc_column_inner width=&#8221;1\/6&#8243;][vc_single_image image=&#8221;28824&#8243; img_size=&#8221;full&#8221;][\/vc_column_inner][vc_column_inner width=&#8221;1\/2&#8243;][vc_custom_heading text=&#8221;CAP Award for Excellence in Teaching High School\/CEGEP Physics (British Columbia and Yukon)&#8221; font_container=&#8221;tag:p|font_size:18px|text_align:left|color:%23888888&#8243; use_theme_fonts=&#8221;yes&#8221; css=&#8221;.vc_custom_1490277302416{margin-bottom: 5px !important;border-bottom-width: 0px !important;padding-bottom: 0px !important;}&#8221;][vc_custom_heading text=&#8221;Mark Lam (Eric Hamber Secondary School)<br \/>\nMatt Trask (Rockridge Secondary School)&#8221; font_container=&#8221;tag:h3|text_align:left&#8221; use_theme_fonts=&#8221;yes&#8221; css=&#8221;&#8221;][vc_column_text][\/vc_column_text][\/vc_column_inner][vc_column_inner width=&#8221;1\/6&#8243;][\/vc_column_inner][\/vc_row_inner][\/vc_tta_section][vc_tta_section title=&#8221;Prairies and NWT&#8221; tab_id=&#8221;prairies-nwt&#8221;][vc_text_separator title=&#8221;- 2024 -&#8221; color=&#8221;custom&#8221; css=&#8221;.vc_custom_1746626500278{margin-bottom: -6px !important;border-bottom-width: 0px !important;padding-bottom: 0px !important;}&#8221; accent_color=&#8221;#dddddd&#8221;][vc_row_inner css=&#8221;.vc_custom_1490277070461{margin-top: 0px !important;margin-right: 0px !important;margin-bottom: 0px !important;margin-left: 0px !important;border-top-width: 0px !important;border-right-width: 1px !important;border-bottom-width: 1px !important;border-left-width: 1px !important;padding-top: 1px !important;padding-right: 1px !important;padding-bottom: 0px !important;padding-left: 1px !important;border-left-color: #dddddd !important;border-left-style: solid !important;border-right-color: #dddddd !important;border-right-style: solid !important;border-top-color: #dddddd !important;border-top-style: solid !important;border-bottom-color: #dddddd !important;border-bottom-style: solid !important;}&#8221;][vc_column_inner width=&#8221;1\/6&#8243;][\/vc_column_inner][vc_column_inner width=&#8221;1\/6&#8243;][vc_single_image image=&#8221;28824&#8243; img_size=&#8221;full&#8221;][\/vc_column_inner][vc_column_inner width=&#8221;1\/2&#8243;][vc_custom_heading text=&#8221;CAP Award for Excellence in Teaching High School\/CEGEP Physics (Prairies and Northwest Territories)&#8221; font_container=&#8221;tag:p|font_size:18px|text_align:left|color:%23888888&#8243; use_theme_fonts=&#8221;yes&#8221; css=&#8221;.vc_custom_1490277345559{margin-bottom: 5px !important;border-bottom-width: 0px !important;padding-bottom: 0px !important;}&#8221;][vc_custom_heading text=&#8221;Non attribu\u00e9 en 2024&#8243; font_container=&#8221;tag:h3|text_align:left&#8221; use_theme_fonts=&#8221;yes&#8221; css=&#8221;&#8221;][vc_column_text css=&#8221;&#8221;][\/vc_column_text][\/vc_column_inner][vc_column_inner width=&#8221;1\/6&#8243;][\/vc_column_inner][\/vc_row_inner][\/vc_tta_section][vc_tta_section title=&#8221;Ontario&#8221; tab_id=&#8221;ontario&#8221;][vc_text_separator title=&#8221;- 2024 -&#8221; color=&#8221;custom&#8221; css=&#8221;.vc_custom_1746626513806{margin-bottom: -6px !important;border-bottom-width: 0px !important;padding-bottom: 0px !important;}&#8221; accent_color=&#8221;#dddddd&#8221;][vc_row_inner css=&#8221;.vc_custom_1490277070461{margin-top: 0px !important;margin-right: 0px !important;margin-bottom: 0px !important;margin-left: 0px !important;border-top-width: 0px !important;border-right-width: 1px !important;border-bottom-width: 1px !important;border-left-width: 1px !important;padding-top: 1px !important;padding-right: 1px !important;padding-bottom: 0px !important;padding-left: 1px !important;border-left-color: #dddddd !important;border-left-style: solid !important;border-right-color: #dddddd !important;border-right-style: solid !important;border-top-color: #dddddd !important;border-top-style: solid !important;border-bottom-color: #dddddd !important;border-bottom-style: solid !important;}&#8221;][vc_column_inner width=&#8221;1\/6&#8243;][\/vc_column_inner][vc_column_inner width=&#8221;1\/6&#8243;][vc_single_image image=&#8221;28824&#8243; img_size=&#8221;full&#8221;][\/vc_column_inner][vc_column_inner width=&#8221;1\/2&#8243;][vc_custom_heading text=&#8221;CAP Award for Excellence in Teaching High School\/CEGEP Physics (Ontario)&#8221; font_container=&#8221;tag:p|font_size:18px|text_align:left|color:%23888888&#8243; use_theme_fonts=&#8221;yes&#8221; css=&#8221;.vc_custom_1490277381766{margin-bottom: 5px !important;border-bottom-width: 0px !important;padding-bottom: 0px !important;}&#8221;][vc_custom_heading text=&#8221;Tasha Richardson&#8221; font_container=&#8221;tag:h3|text_align:left&#8221; use_theme_fonts=&#8221;yes&#8221; css=&#8221;&#8221;][vc_column_text css=&#8221;&#8221;]Ontario Science Centre Science School[\/vc_column_text][\/vc_column_inner][vc_column_inner width=&#8221;1\/6&#8243;][\/vc_column_inner][\/vc_row_inner][\/vc_tta_section][vc_tta_section title=&#8221;Atlantic&#8221; tab_id=&#8221;atlantic&#8221;][vc_text_separator title=&#8221;- 2024 -&#8221; color=&#8221;custom&#8221; css=&#8221;.vc_custom_1746626592331{margin-bottom: -6px !important;border-bottom-width: 0px !important;padding-bottom: 0px !important;}&#8221; accent_color=&#8221;#dddddd&#8221;][vc_row_inner css=&#8221;.vc_custom_1490277070461{margin-top: 0px !important;margin-right: 0px !important;margin-bottom: 0px !important;margin-left: 0px !important;border-top-width: 0px !important;border-right-width: 1px !important;border-bottom-width: 1px !important;border-left-width: 1px !important;padding-top: 1px !important;padding-right: 1px !important;padding-bottom: 0px !important;padding-left: 1px !important;border-left-color: #dddddd !important;border-left-style: solid !important;border-right-color: #dddddd !important;border-right-style: solid !important;border-top-color: #dddddd !important;border-top-style: solid !important;border-bottom-color: #dddddd !important;border-bottom-style: solid !important;}&#8221;][vc_column_inner width=&#8221;1\/6&#8243;][\/vc_column_inner][vc_column_inner width=&#8221;1\/6&#8243;][vc_single_image image=&#8221;28824&#8243; img_size=&#8221;full&#8221;][\/vc_column_inner][vc_column_inner width=&#8221;1\/2&#8243;][vc_custom_heading text=&#8221;CAP Award for Excellence in Teaching High School\/CEGEP Physics (Atlantic)&#8221; font_container=&#8221;tag:p|font_size:18px|text_align:left|color:%23888888&#8243; use_theme_fonts=&#8221;yes&#8221; css=&#8221;.vc_custom_1490277428675{margin-bottom: 5px !important;border-bottom-width: 0px !important;padding-bottom: 0px !important;}&#8221;][vc_custom_heading text=&#8221;Lindsay Janes&#8221; font_container=&#8221;tag:h3|text_align:left&#8221; use_theme_fonts=&#8221;yes&#8221; css=&#8221;&#8221;][vc_column_text css=&#8221;&#8221;]Center for Distance Learning and Innovation[\/vc_column_text][\/vc_column_inner][vc_column_inner width=&#8221;1\/6&#8243;][\/vc_column_inner][\/vc_row_inner][\/vc_tta_section][vc_tta_section title=&#8221;Quebec and Nunavut&#8221; tab_id=&#8221;quebec-nunavut&#8221;][vc_text_separator title=&#8221;- 2024 -&#8221; color=&#8221;custom&#8221; css=&#8221;.vc_custom_1746626649238{margin-bottom: -6px !important;border-bottom-width: 0px !important;padding-bottom: 0px !important;}&#8221; accent_color=&#8221;#dddddd&#8221;][vc_row_inner css=&#8221;.vc_custom_1490277154049{margin-top: 0px !important;margin-right: 0px !important;margin-bottom: 25px !important;margin-left: 0px !important;border-top-width: 0px !important;border-right-width: 1px !important;border-bottom-width: 1px !important;border-left-width: 1px !important;padding-top: 1px !important;padding-right: 1px !important;padding-bottom: 1px !important;padding-left: 1px !important;border-left-color: #dddddd !important;border-left-style: solid !important;border-right-color: #dddddd !important;border-right-style: solid !important;border-top-color: #dddddd !important;border-top-style: solid !important;border-bottom-color: #dddddd !important;border-bottom-style: solid !important;}&#8221;][vc_column_inner width=&#8221;1\/6&#8243;][\/vc_column_inner][vc_column_inner width=&#8221;1\/6&#8243;][vc_single_image image=&#8221;28824&#8243; img_size=&#8221;full&#8221;][\/vc_column_inner][vc_column_inner width=&#8221;1\/2&#8243;][vc_custom_heading text=&#8221;CAP Award for Excellence in Teaching High School\/CEGEP Physics (Quebec and Nunavut)&#8221; font_container=&#8221;tag:p|font_size:18px|text_align:left|color:%23888888&#8243; use_theme_fonts=&#8221;yes&#8221; css=&#8221;.vc_custom_1509549719154{margin-bottom: 5px !important;border-bottom-width: 0px !important;padding-bottom: 0px !important;}&#8221;][vc_custom_heading text=&#8221;Non d\u00e9cern\u00e9 en 2024&#8243; font_container=&#8221;tag:h3|text_align:left&#8221; use_theme_fonts=&#8221;yes&#8221; css=&#8221;&#8221;][vc_column_text][\/vc_column_text][\/vc_column_inner][vc_column_inner width=&#8221;1\/6&#8243;][\/vc_column_inner][\/vc_row_inner][\/vc_tta_section][\/vc_tta_pageable][\/vc_column][\/vc_row][vc_row][vc_column][vc_column_text css=&#8221;&#8221;]Le prix comprend deux ann\u00e9es gratuites en tant que membre enseignant de l&#8217;ACP et une bourse d&#8217;\u00e9tudes pouvant \u00eatre utilis\u00e9e pour soutenir le perfectionnement professionnel des enseignants ou pour acheter des logiciels, du mat\u00e9riel informatique ou des livres pour la classe.<\/p>\n<p>Les enseignants laur\u00e9ats auront \u00e9galement la possibilit\u00e9 de pr\u00e9senter leur candidature pour participer \u00e0 un atelier destin\u00e9 aux enseignants du secondaire au CERN ou \u00e0 un programme de formation d&#8217;une semaine dans un \u00e9tablissement de recherche canadien. D\u00e9couvrez les exp\u00e9riences des laur\u00e9ats 2022 s\u00e9lectionn\u00e9s pour participer au programme CERN HS Teachers 2023 dans cet article : <a href=\"https:\/\/pic-pac.cap.ca\/index.php\/Issues\/showpdf\/article\/v79n1.0-a4194.pdf\">Physique au Canada\u00a079(1) p 16 (2023). <\/a><\/p>\n<p>Pour plus d&#8217;informations sur ce programme, veuillez utiliser les liens suivants :<\/p>\n<p><a href=\"https:\/\/cap.ca\/fr\/activites\/programme-de-distinctions\/high-school-cegep-physics-teachers\/hs-cegep-award-eligibility-requirements-and-evaluation-criteria\/\">Conditions d&#8217;\u00e9ligibilit\u00e9 et crit\u00e8res d&#8217;\u00e9valuation<\/a><br \/>\n<a href=\"https:\/\/cap.ca\/fr\/activites\/programme-de-distinctions\/high-school-cegep-physics-teachers\/hs-cegep-award-nomination-procedure\/\">Proc\u00e9dures de candidature<\/a><br \/>\n<a href=\"https:\/\/cap.ca\/fr\/activites\/programme-de-distinctions\/high-school-cegep-physics-teachers\/recipiendaires-des-prix-acp-en-enseignement-au-secondaire-par-annee\/\">Anciens laur\u00e9ats par ann\u00e9e<\/a><\/p>\n<p>Veuillez adresser vos questions et commentaires \u00e0 l&#8217;ACP. programs@cap.ca.[\/vc_column_text][\/vc_column][\/vc_row][vc_row][vc_column][vc_column_text css=&#8221;&#8221;]<\/p>\n<blockquote><p>Bien que le syst\u00e8me de candidature de l&#8217;ACP dispose actuellement d&#8217;une interface en anglais uniquement, les candidatures peuvent \u00eatre soumises en anglais ou en fran\u00e7ais. L&#8217;ACP s&#8217;engage \u00e0 ce que les candidatures soumises dans l&#8217;une ou l&#8217;autre des langues officielles soient trait\u00e9es de mani\u00e8re \u00e9quitable. En outre, l&#8217;ACP s&#8217;engage \u00e0 faire en sorte que les personnes charg\u00e9es d&#8217;\u00e9valuer les prix aient une compr\u00e9hension approfondie de l&#8217;impact des pr\u00e9jug\u00e9s afin d&#8217;en tenir compte lors de l&#8217;examen des candidatures.<\/p><\/blockquote>\n<h2>Fi\u00e8rement sponsoris\u00e9 par :<\/h2>\n<p>[\/vc_column_text][vc_row_inner equal_height=&#8221;yes&#8221; content_placement=&#8221;middle&#8221;][vc_column_inner width=&#8221;1\/4&#8243;][vc_single_image image=&#8221;28699&#8243; alignment=&#8221;center&#8221;][\/vc_column_inner][vc_column_inner width=&#8221;1\/4&#8243;][vc_single_image image=&#8221;28825&#8243; img_size=&#8221;full&#8221; alignment=&#8221;center&#8221;][\/vc_column_inner][vc_column_inner width=&#8221;1\/4&#8243;][vc_single_image image=&#8221;28827&#8243; img_size=&#8221;full&#8221; alignment=&#8221;center&#8221;][\/vc_column_inner][vc_column_inner width=&#8221;1\/4&#8243;][vc_single_image image=&#8221;28826&#8243; img_size=&#8221;full&#8221; alignment=&#8221;center&#8221;][\/vc_column_inner][\/vc_row_inner][vc_row_inner equal_height=&#8221;yes&#8221; content_placement=&#8221;middle&#8221;][vc_column_inner width=&#8221;1\/4&#8243;][vc_single_image image=&#8221;28829&#8243; img_size=&#8221;full&#8221; alignment=&#8221;center&#8221;][\/vc_column_inner][vc_column_inner width=&#8221;1\/4&#8243;][vc_single_image image=&#8221;28830&#8243; img_size=&#8221;medium&#8221; alignment=&#8221;center&#8221;][\/vc_column_inner][vc_column_inner width=&#8221;1\/4&#8243;][\/vc_column_inner][vc_column_inner width=&#8221;1\/4&#8243;][\/vc_column_inner][\/vc_row_inner][vc_single_image image=&#8221;21572&#8243; img_size=&#8221;full&#8221; onclick=&#8221;custom_link&#8221; img_link_target=&#8221;_blank&#8221; css=&#8221;&#8221; link=&#8221;https:\/\/cap.ca\/blog\/edi\/&#8221;][\/vc_column][\/vc_row]<\/p>\n<\/div>","protected":false},"excerpt":{"rendered":"<p>[vc_row][vc_column][vc_column_text css=&#8221;&#8221;] Prix ACP pour l&#8217;excellence dans l&#8217;enseignement de la physique au lyc\u00e9e et au CEGEP Le prix ACP pour l&#8217;excellence de l&#8217;enseignement de la physique dans les \u00e9coles secondaires et les c\u00e9geps, introduit en 2010, vise \u00e0 reconna\u00eetre l&#8217;excellence de l&#8217;enseignement de la physique dans les \u00e9coles secondaires ou les c\u00e9geps canadiens et \u00e0&#8230;  <a class=\"excerpt-read-more\" href=\"https:\/\/cap.ca\/fr\/activites\/programme-de-distinctions\/high-school-cegep-physics-teachers\/\" title=\"LireDistinctions pour les professeurs de physique de l&#8217;enseignement secondaire et du CEGEP\">Lire la suite &raquo;<\/a><\/p>\n","protected":false},"author":5,"featured_media":0,"parent":3308,"menu_order":33,"comment_status":"closed","ping_status":"closed","template":"","meta":{"footnotes":""},"class_list":["post-24495","page","type-page","status-publish","hentry"],"_links":{"self":[{"href":"https:\/\/cap.ca\/fr\/wp-json\/wp\/v2\/pages\/24495","targetHints":{"allow":["GET"]}}],"collection":[{"href":"https:\/\/cap.ca\/fr\/wp-json\/wp\/v2\/pages"}],"about":[{"href":"https:\/\/cap.ca\/fr\/wp-json\/wp\/v2\/types\/page"}],"author":[{"embeddable":true,"href":"https:\/\/cap.ca\/fr\/wp-json\/wp\/v2\/users\/5"}],"replies":[{"embeddable":true,"href":"https:\/\/cap.ca\/fr\/wp-json\/wp\/v2\/comments?post=24495"}],"version-history":[{"count":13,"href":"https:\/\/cap.ca\/fr\/wp-json\/wp\/v2\/pages\/24495\/revisions"}],"predecessor-version":[{"id":29156,"href":"https:\/\/cap.ca\/fr\/wp-json\/wp\/v2\/pages\/24495\/revisions\/29156"}],"up":[{"embeddable":true,"href":"https:\/\/cap.ca\/fr\/wp-json\/wp\/v2\/pages\/3308"}],"wp:attachment":[{"href":"https:\/\/cap.ca\/fr\/wp-json\/wp\/v2\/media?parent=24495"}],"curies":[{"name":"wp","href":"https:\/\/api.w.org\/{rel}","templated":true}]}}