{"id":24320,"date":"2024-03-18T15:08:01","date_gmt":"2024-03-18T19:08:01","guid":{"rendered":"https:\/\/cap.ca\/?page_id=24320"},"modified":"2024-03-18T15:08:30","modified_gmt":"2024-03-18T19:08:30","slug":"2024-high-school-teacher-workshop","status":"publish","type":"page","link":"https:\/\/cap.ca\/fr\/congres-de-lacp\/congres-anterieurs\/congres-2024\/2024-high-school-teacher-workshop\/","title":{"rendered":"2024 High School Teacher Workshop"},"content":{"rendered":"<img loading=\"lazy\" decoding=\"async\" class=\"size-medium wp-image-24318 alignleft\" src=\"https:\/\/cap.ca\/wp-content\/uploads\/2024\/03\/TeachersWorkshop-300x194.jpg\" alt=\"\" width=\"300\" height=\"194\" srcset=\"https:\/\/cap.ca\/wp-content\/uploads\/2024\/03\/TeachersWorkshop-300x194.jpg 300w, https:\/\/cap.ca\/wp-content\/uploads\/2024\/03\/TeachersWorkshop-1024x663.jpg 1024w, https:\/\/cap.ca\/wp-content\/uploads\/2024\/03\/TeachersWorkshop-768x497.jpg 768w, https:\/\/cap.ca\/wp-content\/uploads\/2024\/03\/TeachersWorkshop-1536x994.jpg 1536w, https:\/\/cap.ca\/wp-content\/uploads\/2024\/03\/TeachersWorkshop-2048x1325.jpg 2048w\" sizes=\"auto, (max-width: 300px) 100vw, 300px\" \/>\n<p>L&#8217;atelier des enseignants du secondaire de l&#8217;ACP se tiendra le vendredi 31 mai 2024 \u00e0 l&#8217;Universit\u00e9 Western dans le cadre du congr\u00e8s de l&#8217;ACP 2024. Cet atelier passionnant et instructif offrira aux enseignants du secondaire l&#8217;occasion de rencontrer des coll\u00e8gues de tout le Canada, ainsi que l&#8217;acc\u00e8s \u00e0 des techniques d&#8217;apprentissage et \u00e0 des ressources p\u00e9dagogiques innovantes. La journ\u00e9e mettra en vedette des experts mondiaux en physique par le biais d&#8217;activit\u00e9s d&#8217;atelier et de conf\u00e9renciers, y compris des visites de l&#8217;Observatoire Cronyn et des laboratoires de physique.<\/p>\n<p>&nbsp;<\/p>\n<p>Les modalit\u00e9s d&#8217;inscription, le programme complet et des informations d\u00e9taill\u00e9es seront communiqu\u00e9s dans les semaines \u00e0 venir.<\/p>\n","protected":false},"excerpt":{"rendered":"<p>L&#8217;atelier des enseignants du secondaire de l&#8217;ACP se tiendra le vendredi 31 mai 2024 \u00e0 l&#8217;Universit\u00e9 Western dans le cadre du congr\u00e8s de l&#8217;ACP 2024. Cet atelier passionnant et instructif offrira aux enseignants du secondaire l&#8217;occasion de rencontrer des coll\u00e8gues de tout le Canada, ainsi que l&#8217;acc\u00e8s \u00e0 des techniques d&#8217;apprentissage et \u00e0 des ressources&#8230;  <a class=\"excerpt-read-more\" href=\"https:\/\/cap.ca\/fr\/congres-de-lacp\/congres-anterieurs\/congres-2024\/2024-high-school-teacher-workshop\/\" title=\"Lire2024 High School Teacher Workshop\">Lire la suite &raquo;<\/a><\/p>\n","protected":false},"author":5,"featured_media":0,"parent":23576,"menu_order":4,"comment_status":"closed","ping_status":"closed","template":"","meta":{"footnotes":""},"class_list":["post-24320","page","type-page","status-publish","hentry"],"_links":{"self":[{"href":"https:\/\/cap.ca\/fr\/wp-json\/wp\/v2\/pages\/24320","targetHints":{"allow":["GET"]}}],"collection":[{"href":"https:\/\/cap.ca\/fr\/wp-json\/wp\/v2\/pages"}],"about":[{"href":"https:\/\/cap.ca\/fr\/wp-json\/wp\/v2\/types\/page"}],"author":[{"embeddable":true,"href":"https:\/\/cap.ca\/fr\/wp-json\/wp\/v2\/users\/5"}],"replies":[{"embeddable":true,"href":"https:\/\/cap.ca\/fr\/wp-json\/wp\/v2\/comments?post=24320"}],"version-history":[{"count":3,"href":"https:\/\/cap.ca\/fr\/wp-json\/wp\/v2\/pages\/24320\/revisions"}],"predecessor-version":[{"id":24325,"href":"https:\/\/cap.ca\/fr\/wp-json\/wp\/v2\/pages\/24320\/revisions\/24325"}],"up":[{"embeddable":true,"href":"https:\/\/cap.ca\/fr\/wp-json\/wp\/v2\/pages\/23576"}],"wp:attachment":[{"href":"https:\/\/cap.ca\/fr\/wp-json\/wp\/v2\/media?parent=24320"}],"curies":[{"name":"wp","href":"https:\/\/api.w.org\/{rel}","templated":true}]}}