{"id":24231,"date":"2024-02-21T17:34:17","date_gmt":"2024-02-21T22:34:17","guid":{"rendered":"https:\/\/cap.ca\/congres-de-lacp\/congres-2024\/2024-accommodations\/"},"modified":"2024-03-14T10:24:16","modified_gmt":"2024-03-14T14:24:16","slug":"2024-accommodations","status":"publish","type":"page","link":"https:\/\/cap.ca\/fr\/congres-de-lacp\/congres-anterieurs\/congres-2024\/2024-accommodations\/","title":{"rendered":"2024 H\u00e9bergement"},"content":{"rendered":"<p>La version fran\u00e7aise sera bient\u00f4t disponible<\/p>\n<h3><span style=\"font-size: 18pt;\"><strong>ON-CAMPUS ACCOMMODATION\u00a0<\/strong><\/span><\/h3>\n<p>&nbsp;<\/p>\n<h4><span style=\"font-size: 18pt;\"><strong>Western University Guest Accommodation<\/strong><\/span><\/h4>\n<h4><\/h4>\n<h3><a href=\"https:\/\/my.matterport.com\/show\/?m=59xsAb1mdTd&amp;sr=-.65,-1.07&amp;ss=83&amp;play=1&amp;qs=1&amp;title=0\">Perth Hall (Available May 26-31)\u00a0<\/a><\/h3>\n<div>\n<h4><strong><em>Reservations can be made using the following link:<\/em><\/strong><\/h4>\n<p><a href=\"https:\/\/conference.has.uwo.ca\/Register\/default.aspx?code=C001792\">https:\/\/conference.has.uwo.ca\/Register\/default.aspx?code=C001792<\/a><\/p>\n<\/div>\n<h3><a href=\"https:\/\/my.matterport.com\/show\/?m=Aq7jr3v1Wru&amp;sr=-2.9,.16&amp;ss=11&amp;play=1&amp;qs=1&amp;title=0\">Ontario Hall (Available May 25-June 1)<\/a><\/h3>\n<h4><strong><em>Reservations can be made using the following link:<\/em><\/strong><\/h4>\n<p><a href=\"https:\/\/conference.has.uwo.ca\/Register\/default.aspx?code=C001782\">https:\/\/conference.has.uwo.ca\/Register\/default.aspx?code=C001782<\/a><\/p>\n<div>\n<h4>Details (applies to both residences):<\/h4>\n<p>Private Accommodation: $94 per night + taxes\/fees<\/p>\n<ul class=\"content-list\">\n<li>Room is equipped with a lockable bedroom and private washroom. Bedroom is furnished with a single bed, dresser, desk, chair and closet. Bed linen, pillow, blanket, towels, face cloth and washing soap are included.<\/li>\n<\/ul>\n<p>Semi-Private Shared Accommodation (2 people): $74 per person, per night + taxes\/fees<\/p>\n<ul class=\"content-list\">\n<li>Room is equipped with 2 lockable bedrooms and a shared washroom. Each lockable bedroom is furnished with a single bed, dresser, desk, chair and closet. Bed linen, pillow, blanket, towels, face cloth and washing soap are included.<\/li>\n<\/ul>\n<p>Reservations in both buildings include complimentary hot breakfast, parking, and wifi access.<\/p>\n<\/div>\n<div>\n<p>______________________________________________________________________________________________<\/p>\n<h3><\/h3>\n<h3><\/h3>\n<h3><span style=\"font-size: 18pt;\"><strong>RECOMMENDED HOTELS AT OFF-CAMPUS LOCATIONS<\/strong><\/span><\/h3>\n<div><\/div>\n<\/div>\n<h4><\/h4>\n<h4><strong><a href=\"https:\/\/www.parkhotelsuites.com\/home.html\"><span style=\"font-size: 18pt;\">The Park Hotel<\/span><\/a><br \/>\n<img loading=\"lazy\" decoding=\"async\" class=\"wp-image-24220 size-medium alignright\" src=\"https:\/\/cap.ca\/wp-content\/uploads\/2024\/02\/Park-hotel-300x198.jpg\" alt=\"\" width=\"300\" height=\"198\" srcset=\"https:\/\/cap.ca\/wp-content\/uploads\/2024\/02\/Park-hotel-300x198.jpg 300w, https:\/\/cap.ca\/wp-content\/uploads\/2024\/02\/Park-hotel.jpg 636w\" sizes=\"auto, (max-width: 300px) 100vw, 300px\" \/><\/strong><\/h4>\n<p style=\"margin: 0cm; margin-bottom: .0001pt;\"><span style=\"font-family: 'Helvetica',sans-serif; color: #444444;\"><span style=\"background: white;\"><span style=\"font-variant-ligatures: normal; font-variant-caps: normal; orphans: 2; text-align: start; widows: 2; -webkit-text-stroke-width: 0px; text-decoration-style: initial; text-decoration-color: initial; float: none; word-spacing: 0px;\">242 Pall Mall Street<br \/>\nLondon, ON N6A 5P6<\/span><\/span><br \/>\n<\/span><\/p>\n<p style=\"margin: 0cm; margin-bottom: .0001pt;\"><strong><em><br \/>\nReservations can be made using the following link: <a href=\"https:\/\/be.synxis.com\/?arrive=2024-05-26&amp;chain=10237&amp;depart=2024-06-01&amp;group=CAOP052624&amp;hotel=1472\">https:\/\/be.synxis.com\/?arrive=2024-05-26&amp;chain=10237&amp;depart=2024-06-01&amp;group=CAOP052624&amp;hotel=1472\u00a0<\/a><\/em><\/strong><\/p>\n<p>&nbsp;<\/p>\n<p>Please note that a change in the length or dates of your reservation may result in a rate change. The special rate is available for rooms booked between May 26 and June 1, subject to availability.<\/p>\n<p><strong>Time to reach the Western University campus:<\/strong><\/p>\n<p>The Park Hotel is located 16 minutes by transit to Western University and is on the City Transit bus route.<\/p>\n<p>&nbsp;<\/p>\n<table>\n<tbody>\n<tr>\n<td width=\"331\"><strong>Nightly Room Rate*<\/strong><\/td>\n<td width=\"292\"><strong>General Information<\/strong><\/td>\n<\/tr>\n<tr>\n<td style=\"width: 331px; text-align: left; vertical-align: top;\" width=\"331\">Lifestyle King Suite: $176 + taxes\/fees<\/p>\n<ul class=\"content-list\">\n<li>Located on floors 2 through 8<\/li>\n<li>Living room: sitting area with sofabed, 49\u201dTV, spacious work desk with ergonomic seating<\/li>\n<li>Mini kitchenette with microwave, fridge, Keurig coffee maker<\/li>\n<li>Bedroom with 1 king bed separated by trendy barn doors, 2nd 49\u201d TV<\/li>\n<li>Bathroom with large storage area, quartz vanity with backlit mirror, bathtub or glass stand-up shower<\/li>\n<li>Multiple USB plugs throughout the suite<\/li>\n<\/ul>\n<p>Preferred King Suite: $176 + taxes\/fees<\/p>\n<ul class=\"content-list\">\n<li>Located on floors 9 through 14<\/li>\n<li>Living room: sitting area with sofabed, 49\u201dTV, spacious work desk with ergonomic seating<\/li>\n<li>Mini kitchenette with microwave, fridge, Keurig coffee maker<\/li>\n<li>Bedroom with 1 king bed separated by trendy barn doors, 2nd 49\u201d TV<\/li>\n<li>Bathroom with large storage area, quartz vanity with backlit mirror, glass stand-up shower<\/li>\n<li>Upgraded spa toiletries<\/li>\n<li>Plush bathrobes and cozy slippers<\/li>\n<li>Multiple USB plugs throughout the suite<\/li>\n<\/ul>\n<p>Underground Self-Parking: $20 + tax per night<\/p>\n<p>A limited number of pet-friendly rooms are available.Please call the hotel for more details, and be sure to mention the CAP Congress booking group.<\/p>\n<p>*Rates are based on single\/double occupancy. Additional person charge beyond double occupancy may apply<\/p>\n<p><strong>*Cancellations not received 24 hours prior to arrival are subject to a cancellation penalty of 100% of all anticipated charges.<\/strong><\/td>\n<td width=\"292\"><strong>Room Amenities:<\/strong><\/p>\n<p>All rooms include:<\/p>\n<ul class=\"content-list\">\n<li class=\"product-icons_dot\">Buffet breakfast<\/li>\n<li class=\"product-icons_dot\">High speed internet connection<\/li>\n<li class=\"product-icons_dot\">Mini-refrigerator<\/li>\n<li class=\"product-icons_dot\">Air conditioning individually controlled in room<\/li>\n<li class=\"product-icons_dot\">Iron<\/li>\n<li class=\"product-icons_dot\">Microwave<\/li>\n<li class=\"product-icons_dot\">Coffee\/Tea maker<\/li>\n<li class=\"product-icons_dot\">Alarm clock<\/li>\n<\/ul>\n<p>Please check the room listings for additional amenities and accessibility features.<\/p>\n<p><b>Hotel Amenities and Features:<\/b><\/p>\n<ul class=\"content-list\">\n<li>Restaurant with bar\/lounge<\/li>\n<li>Complimentary WIFI<\/li>\n<li>Fitness center<\/li>\n<li>24-hour business center and meeting rooms<\/li>\n<li>Connecting rooms upon request<\/li>\n<\/ul>\n<p>&nbsp;<\/td>\n<\/tr>\n<\/tbody>\n<\/table>\n<p>&nbsp;<\/p>\n<hr \/>\n<h4><\/h4>\n<p><strong><a href=\"https:\/\/www.marriott.com\/en-us\/hotels\/yxuri-residence-inn-london-downtown\/overview\/\"><span style=\"font-size: 18pt;\">RESIDENCE INN BY MARRIOTT<\/span><\/a><br \/>\n<img loading=\"lazy\" decoding=\"async\" class=\"wp-image-24222 size-medium alignright\" src=\"https:\/\/cap.ca\/wp-content\/uploads\/2024\/02\/residence-inn-300x169.jpg\" alt=\"\" width=\"300\" height=\"169\" srcset=\"https:\/\/cap.ca\/wp-content\/uploads\/2024\/02\/residence-inn-300x169.jpg 300w, https:\/\/cap.ca\/wp-content\/uploads\/2024\/02\/residence-inn-768x433.jpg 768w, https:\/\/cap.ca\/wp-content\/uploads\/2024\/02\/residence-inn.jpg 866w\" sizes=\"auto, (max-width: 300px) 100vw, 300px\" \/><br \/>\n<\/strong>383 Colborne St<br \/>\nLondon, ON N6B 3P5<\/p>\n<p><strong><em>Reservations can be made using the following link: <a href=\"https:\/\/www.marriott.com\/event-reservations\/reservation-link.mi?id=1686156477667&amp;key=GRP&amp;app=resvlink\">https:\/\/www.marriott.com\/event-reservations\/reservation-link.mi?id=1686156477667&amp;key=GRP&amp;app=resvlink<\/a><\/em><\/strong><\/p>\n<p>Book by April 12th to secure your group rate. Please note that a change in the length or dates of your reservation may result in a rate change. The special rate is available for rooms booked between May 25-June 1, subject to availability.<\/p>\n<p><strong>Time to reach the Western University campus:<\/strong><\/p>\n<p>The Residence Inn by Marriott is located 23 minutes by transit to Western University and is on the City Transit bus route.<\/p>\n<p>&nbsp;<\/p>\n<table style=\"height: 266px;\" width=\"743\">\n<tbody>\n<tr style=\"height: 15px;\">\n<td style=\"width: 365px; height: 15px;\"><strong>Nightly Room Rates*<\/strong><\/td>\n<td style=\"width: 365px; height: 15px;\"><strong>General Information<\/strong><\/td>\n<\/tr>\n<tr style=\"height: 178px;\">\n<td style=\"height: 178px; width: 365px; text-align: left; vertical-align: top;\">Larger Studio: $164 + taxes\/fees<\/p>\n<ul class=\"content-list\">\n<li>King + sofa bed<\/li>\n<li>Full kitchen with dishwasher<\/li>\n<li>575sqft<\/li>\n<\/ul>\n<p>1 Bedroom Suite: $179 + taxes\/fees<\/p>\n<ul class=\"content-list\">\n<li>King + sofa bed<\/li>\n<li>Separate bedroom\/living area<\/li>\n<li>Full kitchen with dishwasher<\/li>\n<li>840sqft<\/li>\n<\/ul>\n<p>Self-Parking: $18 + tax per night<\/p>\n<p>A limited number of pet-friendly rooms are available. Please call the hotel for more details, and be sure to mention the CAP Congress booking group.<\/p>\n<p>*Rates are based on single\/double occupancy. Additional person charges beyond double occupancy may apply.<\/p>\n<p><strong>*Cancellations not received 72 hours prior to arrival are subject to a cancellation penalty of 100% of all anticipated charges.<\/strong><\/td>\n<td style=\"height: 178px; width: 365px; text-align: left; vertical-align: top;\"><strong>Room Amenities:<\/strong><\/p>\n<p>All rooms include:<\/p>\n<ul class=\"content-list\">\n<li>Telephone<\/li>\n<li>Coffee maker<\/li>\n<li>Iron and ironing board<\/li>\n<li>Hair dryer<\/li>\n<li>Personal safe.<\/li>\n<\/ul>\n<p><b>Hotel Amenities and Features:<\/b><\/p>\n<ul class=\"content-list\">\n<li>Complimentary WIFI<\/li>\n<li>Complimentary Hot Breakfast<\/li>\n<li>On-Site Fitness Center<\/li>\n<li>Business Center and Meeting Rooms<\/li>\n<li>Early check-in\/late check-out available for a fee<\/li>\n<\/ul>\n<\/td>\n<\/tr>\n<\/tbody>\n<\/table>\n<p>&nbsp;<\/p>\n<div>\n<hr \/>\n<\/div>\n<div><\/div>\n<div>\n<h4><\/h4>\n<h4><a href=\"https:\/\/www.marriott.com\/en-us\/hotels\/yxudl-delta-hotels-london-armouries\/overview\/\"><strong><span style=\"font-size: 18pt;\">DELTA HOTELS BY MARRIOTT LONDON ARMOURIES<\/span><\/strong><\/a><\/h4>\n<h4><strong><br \/>\n<img loading=\"lazy\" decoding=\"async\" class=\"wp-image-24224 size-medium alignright\" src=\"https:\/\/cap.ca\/wp-content\/uploads\/2024\/02\/delta-300x169.png\" alt=\"\" width=\"300\" height=\"169\" srcset=\"https:\/\/cap.ca\/wp-content\/uploads\/2024\/02\/delta-300x169.png 300w, https:\/\/cap.ca\/wp-content\/uploads\/2024\/02\/delta-768x434.png 768w, https:\/\/cap.ca\/wp-content\/uploads\/2024\/02\/delta.png 841w\" sizes=\"auto, (max-width: 300px) 100vw, 300px\" \/><\/strong><\/h4>\n<p>325 Dundas St<br \/>\nLondon, ON N6B 1T9<\/p>\n<\/div>\n<p><strong><em>Reservations can be made using the following link: <\/em><\/strong><a href=\"https:\/\/www.marriott.com\/events\/start.mi?id=1702931269379&amp;key=GRP\">https:\/\/www.marriott.com\/events\/start.mi?id=1702931269379&amp;key=GRP<\/a><\/p>\n<p>Group rate and block of rooms are held until April 26, 2024. Please note that a change in the length or dates of your reservation may result in a rate change. The special rate is available for rooms booked between May 26 &#8211; 31, subject to availability.<\/p>\n<p><strong>Time to reach the Western University campus:<\/strong><\/p>\n<p>Delta Hotel is located 21 minutes by transit to Western University and is on the City Transit bus route.<\/p>\n<div>\n<table style=\"height: 266px;\" width=\"743\">\n<tbody>\n<tr style=\"height: 15px;\">\n<td style=\"width: 365px; height: 15px; text-align: left; vertical-align: top;\"><strong>Nightly Room Rates*<\/strong><\/td>\n<td style=\"width: 365px; height: 15px; text-align: left; vertical-align: top;\"><strong>General Information<\/strong><\/td>\n<\/tr>\n<tr style=\"height: 178px;\">\n<td style=\"height: 178px; width: 365px; text-align: left; vertical-align: top;\">Standard two double-bed guestrooms: $169 + taxes\/fees<\/p>\n<p>Standard two queen guestrooms: $169 + taxes\/fees<\/p>\n<p>Corner room, one king: $189 + taxes\/fees<\/p>\n<p>Signature Club, one king: 219 + taxes\/fees<\/p>\n<p>Valet Parking: $39 + tax per night<\/p>\n<p>A limited number of pet-friendly rooms are available. Please call the hotel for more details, and be sure to mention the CAP Congress booking group.<\/p>\n<p>*Rates are based on single\/double occupancy. Additional person charges beyond double occupancy may apply.<\/p>\n<p><strong>*Cancellations not received 72 hours prior to arrival are subject to a cancellation penalty of 100% of all anticipated charges.<\/strong><\/p>\n<p>&nbsp;<\/td>\n<td style=\"height: 178px; width: 365px; text-align: left; vertical-align: top;\"><strong>Room Amenities:<\/strong><\/p>\n<p>All rooms include:<\/p>\n<ul class=\"content-list\">\n<li>Telephone<\/li>\n<li>Coffee maker<\/li>\n<li>Iron and ironing board<\/li>\n<li>Mini Refrigerator<\/li>\n<li>Hair dryer<\/li>\n<\/ul>\n<p><b>Hotel Amenities and Features:<\/b><\/p>\n<ul class=\"content-list\">\n<li>Complimentary WIFI<\/li>\n<li>Fitness center<\/li>\n<li>Business center and meeting rooms<\/li>\n<li>Connecting rooms upon request<\/li>\n<\/ul>\n<div class=\"item\">\n<div class=\"item-desc\">\n<p>&nbsp;<\/p>\n<\/div>\n<\/div>\n<\/td>\n<\/tr>\n<\/tbody>\n<\/table>\n<p>&nbsp;<\/p>\n<\/div>\n","protected":false},"excerpt":{"rendered":"<p>La version fran\u00e7aise sera bient\u00f4t disponible ON-CAMPUS ACCOMMODATION\u00a0 &nbsp; Western University Guest Accommodation Perth Hall (Available May 26-31)\u00a0 Reservations can be made using the following link: https:\/\/conference.has.uwo.ca\/Register\/default.aspx?code=C001792 Ontario Hall (Available May 25-June 1) Reservations can be made using the following link: https:\/\/conference.has.uwo.ca\/Register\/default.aspx?code=C001782 Details (applies to both residences): Private Accommodation: $94 per night + taxes\/fees Room&#8230;  <a class=\"excerpt-read-more\" href=\"https:\/\/cap.ca\/fr\/congres-de-lacp\/congres-anterieurs\/congres-2024\/2024-accommodations\/\" title=\"Lire2024 H\u00e9bergement\">Lire la suite &raquo;<\/a><\/p>\n","protected":false},"author":5,"featured_media":0,"parent":23576,"menu_order":4,"comment_status":"closed","ping_status":"closed","template":"","meta":{"footnotes":""},"class_list":["post-24231","page","type-page","status-publish","hentry"],"_links":{"self":[{"href":"https:\/\/cap.ca\/fr\/wp-json\/wp\/v2\/pages\/24231","targetHints":{"allow":["GET"]}}],"collection":[{"href":"https:\/\/cap.ca\/fr\/wp-json\/wp\/v2\/pages"}],"about":[{"href":"https:\/\/cap.ca\/fr\/wp-json\/wp\/v2\/types\/page"}],"author":[{"embeddable":true,"href":"https:\/\/cap.ca\/fr\/wp-json\/wp\/v2\/users\/5"}],"replies":[{"embeddable":true,"href":"https:\/\/cap.ca\/fr\/wp-json\/wp\/v2\/comments?post=24231"}],"version-history":[{"count":3,"href":"https:\/\/cap.ca\/fr\/wp-json\/wp\/v2\/pages\/24231\/revisions"}],"predecessor-version":[{"id":24311,"href":"https:\/\/cap.ca\/fr\/wp-json\/wp\/v2\/pages\/24231\/revisions\/24311"}],"up":[{"embeddable":true,"href":"https:\/\/cap.ca\/fr\/wp-json\/wp\/v2\/pages\/23576"}],"wp:attachment":[{"href":"https:\/\/cap.ca\/fr\/wp-json\/wp\/v2\/media?parent=24231"}],"curies":[{"name":"wp","href":"https:\/\/api.w.org\/{rel}","templated":true}]}}