{"id":24197,"date":"2024-02-16T09:50:06","date_gmt":"2024-02-16T14:50:06","guid":{"rendered":"https:\/\/cap.ca\/congres-de-lacp\/congres-2024\/2024-sponsor-and-exhibitor-opportunities\/"},"modified":"2024-02-16T11:20:43","modified_gmt":"2024-02-16T16:20:43","slug":"2024-sponsor-and-exhibitor-opportunities","status":"publish","type":"page","link":"https:\/\/cap.ca\/fr\/congres-de-lacp\/congres-anterieurs\/congres-2024\/2024-sponsor-and-exhibitor-opportunities\/","title":{"rendered":"Possibilit\u00e9s de parrainage et d&#8217;exposition 2024"},"content":{"rendered":"<p>L&#8217;Association canadienne des physiciens et physiciennes et le comit\u00e9 organisateur local de l&#8217;Universit\u00e9 Western vous invitent \u00e0 parrainer et\/ou \u00e0 \u00eatre exposant au Congr\u00e8s 2024. Il existe toute une gamme d&#8217;opportunit\u00e9s, de niveaux de parrainage, d&#8217;activit\u00e9s et d&#8217;avantages qui vous permettront de mettre en valeur votre organisation lors de l&#8217;\u00e9v\u00e9nement.<\/p>\n<p>Le congr\u00e8s ACP attire entre 550 et 600 physiciens canadiens, \u00e9tudiants et professeurs de physique de tout le Canada. Il s&#8217;agit d&#8217;une excellente occasion d&#8217;entrer en contact avec les leaders de la profession et de se tenir au courant des derni\u00e8res recherches et pratiques. Les kiosques d&#8217;exposition seront disponibles \u00e0 partir de 12h00 le mardi 28 mai jusqu&#8217;\u00e0 16h00 le jeudi 30 mai. Une foire aux carri\u00e8res STEM est \u00e9galement propos\u00e9e en option le vendredi 31 mai, de 10h00 \u00e0 16h00.<\/p>\n<p>Tous les sponsors et exposants seront mentionn\u00e9s sur le site web du congr\u00e8s de l&#8217;ACP (avec des liens vers leur site web et\/ou leur kit de marque) et par une signalisation appropri\u00e9e lors du congr\u00e8s. Ils seront \u00e9galement mentionn\u00e9s lors de la conf\u00e9rence publique de Herzberg pr\u00e9vue le lundi 27 mai, de 19h30 \u00e0 20h30.<\/p>\n<p>Les sponsors et les exposants doivent r\u00e9server au plus tard le 1er avril afin de garantir la disponibilit\u00e9 de l&#8217;ensemble du mat\u00e9riel et des activit\u00e9s promotionnels.<\/p>\n<p><strong><em><a href=\"https:\/\/cap.ca\/wp-content\/uploads\/2024\/02\/2024-CAP-Congress-Sponsorship-Exhibit-Package-ENGLISH.docx-1-2.pdf\" target=\"_blank\" rel=\"noopener\">D\u00e9couvrez nos opportunit\u00e9s de parrainage et d&#8217;exposition ici et remplissez le formulaire de parrainage\/exposition ci-dessous.<\/a><\/em><\/strong><em>(Le fichier PDF s&#8217;ouvre dans une fen\u00eatre s\u00e9par\u00e9e).<\/em><\/p>\n\n","protected":false},"excerpt":{"rendered":"<p>L&#8217;Association canadienne des physiciens et physiciennes et le comit\u00e9 organisateur local de l&#8217;Universit\u00e9 Western vous invitent \u00e0 parrainer et\/ou \u00e0 \u00eatre exposant au Congr\u00e8s 2024. Il existe toute une gamme d&#8217;opportunit\u00e9s, de niveaux de parrainage, d&#8217;activit\u00e9s et d&#8217;avantages qui vous permettront de mettre en valeur votre organisation lors de l&#8217;\u00e9v\u00e9nement. Le congr\u00e8s ACP attire entre&#8230;  <a class=\"excerpt-read-more\" href=\"https:\/\/cap.ca\/fr\/congres-de-lacp\/congres-anterieurs\/congres-2024\/2024-sponsor-and-exhibitor-opportunities\/\" title=\"LirePossibilit\u00e9s de parrainage et d&#8217;exposition 2024\">Lire la suite &raquo;<\/a><\/p>\n","protected":false},"author":5,"featured_media":0,"parent":23576,"menu_order":4,"comment_status":"closed","ping_status":"closed","template":"","meta":{"footnotes":""},"class_list":["post-24197","page","type-page","status-publish","hentry"],"_links":{"self":[{"href":"https:\/\/cap.ca\/fr\/wp-json\/wp\/v2\/pages\/24197","targetHints":{"allow":["GET"]}}],"collection":[{"href":"https:\/\/cap.ca\/fr\/wp-json\/wp\/v2\/pages"}],"about":[{"href":"https:\/\/cap.ca\/fr\/wp-json\/wp\/v2\/types\/page"}],"author":[{"embeddable":true,"href":"https:\/\/cap.ca\/fr\/wp-json\/wp\/v2\/users\/5"}],"replies":[{"embeddable":true,"href":"https:\/\/cap.ca\/fr\/wp-json\/wp\/v2\/comments?post=24197"}],"version-history":[{"count":4,"href":"https:\/\/cap.ca\/fr\/wp-json\/wp\/v2\/pages\/24197\/revisions"}],"predecessor-version":[{"id":24208,"href":"https:\/\/cap.ca\/fr\/wp-json\/wp\/v2\/pages\/24197\/revisions\/24208"}],"up":[{"embeddable":true,"href":"https:\/\/cap.ca\/fr\/wp-json\/wp\/v2\/pages\/23576"}],"wp:attachment":[{"href":"https:\/\/cap.ca\/fr\/wp-json\/wp\/v2\/media?parent=24197"}],"curies":[{"name":"wp","href":"https:\/\/api.w.org\/{rel}","templated":true}]}}