{"id":24070,"date":"2024-01-12T10:28:29","date_gmt":"2024-01-12T15:28:29","guid":{"rendered":"https:\/\/cap.ca\/2024-herzberg-and-plenary-speakers\/"},"modified":"2024-05-20T22:49:54","modified_gmt":"2024-05-21T02:49:54","slug":"2024-herzberg-and-plenary-speakers","status":"publish","type":"page","link":"https:\/\/cap.ca\/fr\/congres-de-lacp\/congres-anterieurs\/congres-2024\/2024-herzberg-and-plenary-speakers\/","title":{"rendered":"Herzberg et les conf\u00e9renciers pl\u00e9niers 2024"},"content":{"rendered":"<div class=\"wpb-content-wrapper\"><p>[vc_row][vc_column][vc_column_text]<\/p>\n<blockquote><p>Cette page est en cours de construction. Plus de d\u00e9tails seront ajout\u00e9s au fur et \u00e0 mesure qu&#8217;ils seront disponibles.<\/p><\/blockquote>\n<p>[\/vc_column_text][vc_empty_space][vc_column_text]<\/p>\n<h3>Conf\u00e9rence comm\u00e9morative publique Herzberg<\/h3>\n<p><strong>Monday, June 19, 19h30-20h30<\/strong>[\/vc_column_text][\/vc_column][vc_column width=&#8221;1\/4&#8243;][vc_single_image image=&#8221;24065&#8243; img_size=&#8221;full&#8221;][\/vc_column][vc_column width=&#8221;3\/4&#8243;][vc_column_text css=&#8221;&#8221;]<\/p>\n<h4>Dr John E Moores<\/h4>\n<p><strong>Conseiller scientifique de la pr\u00e9sidente, Agence spatiale canadienne et Universit\u00e9 de York<br \/>\n<\/strong><\/p>\n<p>John E. Moores est titulaire de la chaire de recherche York en exploration spatiale, conseiller scientifique de la pr\u00e9sidente de l&#8217;Agence spatiale canadienne et directeur de Technologies for Exo\/Planetary Science NSERC CREATE. Il est membre du Coll\u00e8ge des nouveaux chercheurs, artistes et scientifiques de la Soci\u00e9t\u00e9 royale du Canada et laur\u00e9at du prix McCurdy 2022 de l&#8217;Institut a\u00e9ronautique et spatial canadien. John est titulaire d&#8217;une licence en sciences de l&#8217;Universit\u00e9 de Toronto et d&#8217;un doctorat en sciences plan\u00e9taires de l&#8217;Universit\u00e9 de l&#8217;Arizona. Auteur de pr\u00e8s de 80 publications \u00e9valu\u00e9es par des pairs dans le domaine des sciences plan\u00e9taires, John a \u00e9galement \u00e9t\u00e9 membre de cinq \u00e9quipes de missions spatiales dirig\u00e9es par la NASA et l&#8217;ESA et a dirig\u00e9 le d\u00e9veloppement de la pr\u00e9s\u00e9lection de l&#8217;imageur Lyman-alpha FROST embarqu\u00e9 sur le rover lunaire canadien actuellement en cours de d\u00e9veloppement, la premi\u00e8re mission d&#8217;exploration plan\u00e9taire dirig\u00e9e par le Canada. Les contributions de son groupe de recherche \u00e0 l&#8217;exploration robotique de l&#8217;espace ont \u00e9t\u00e9 r\u00e9compens\u00e9es par seize prix d&#8217;excellence de la NASA. Son premier livre de vulgarisation scientifique, Daydreaming in the Solar System, co\u00e9crit avec son coll\u00e8gue Jesse Rogerson, sera publi\u00e9 par MIT Press en octobre.[\/vc_column_text][\/vc_column][vc_column][vc_column_text]<strong>Our Celestial Rosetta Stone: <\/strong><strong>Exploring our Family of Planets to Understand Processes Across the Cosmos<\/strong><\/p>\n<p>In the past 30 years, telescopes in space and on the ground have discovered thousands of extrasolar planets, providing us with a representative sample of the worlds that orbit other stars in our galaxy for the first time. However, our knowledge of these planets is limited to no more than a few datapoints for each one by the vast distances that separates us. Yet, though these places live mainly in our mind\u2019s eye, we can construct remarkably accurate pictures of the processes which dominate their environments. We can do this because of our understanding of planetary processes that we have gained through 62 years of robotic solar system exploration. This hard-won experience, like a celestial Rosetta Stone, allows us to translate our sparse information about the exoplanetary realm into the language of our familiar solar family of planets. However, unlike the famous artifact, we can still write new chapters to the translation. Exoplanets tell us about the full diversity of worlds and their circumstances while robotic space exploration missions consider a single representative world from that set up close. Thus, exoplanetary astronomy and solar system exploration are disciplines in dialogue. By deeply interrogating our nearest neighbors we can expand our understanding of planets everywhere.[\/vc_column_text][vc_separator][vc_column_text]<\/p>\n<h2>Les pr\u00e9sentations par les laur\u00e9ats des m\u00e9dailles de l&#8217;ACP reprennent au Congr\u00e8s !<\/h2>\n<p>De plus amples informations seront publi\u00e9es une fois que les m\u00e9daill\u00e9s de 2024 auront \u00e9t\u00e9 s\u00e9lectionn\u00e9s.[\/vc_column_text][vc_separator][\/vc_column][\/vc_row][vc_row][vc_column][vc_column_text]<\/p>\n<h3>Conf\u00e9renciers pl\u00e9niers<\/h3>\n<h5>(Plus d&#8217;informations \u00e0 venir !)<\/h5>\n<p>[\/vc_column_text][\/vc_column][\/vc_row][vc_row][vc_column width=&#8221;1\/4&#8243;][vc_single_image image=&#8221;24061&#8243; img_size=&#8221;medium&#8221;][\/vc_column][vc_column width=&#8221;3\/4&#8243;][vc_column_text]<strong>Dre Natasha Holmes | Cornell University<\/strong><\/p>\n<p><strong>Lundi 27 mai, heure \u00e0 confirmer<\/strong><\/p>\n<p>Natasha G. Holmes is the Ann S. Bowers Associate Professor in the Department of Physics at Cornell University, with the Laboratory of Atomic and Solid State Physics. Prof. Holmes received her BSc in physics from the University of Guelph and her MSc and PhD in physics at the University of British Columbia. She then went on to do her postdoctoral work at Stanford University with Prof. Carl Wieman. Her research group studies anything to do with physics laboratory courses, from student learning, attitudes, and skill development to the equity of lab group work to understanding how we measure and assess student outcomes quantitatively.[\/vc_column_text][vc_column_text]<strong>Putting\u00a0the Experiment Back in the Lab<\/strong><\/p>\n<p>What is the purpose of an introductory physics lab? Often instructional labs are structured such that students perform experiments to observe or discover classic physics phenomena. In this talk, I\u2019ll present data that questions this goal and argues for transforming labs to focus instead on the skills and understandings of experimental physics. I\u2019ll provide several examples of experimentation-focused labs and research on their efficacy for students\u2019 skill development.[\/vc_column_text][vc_separator][\/vc_column][\/vc_row][vc_row][vc_column width=&#8221;1\/4&#8243;][vc_single_image image=&#8221;24295&#8243; img_size=&#8221;medium&#8221;][\/vc_column][vc_column width=&#8221;3\/4&#8243;][vc_column_text]<\/p>\n<h4>Dre Ebony McGee | John Hopkins University<\/h4>\n<p><strong>Mardi 28 mai, heure \u00e0 confirmer<\/strong><\/p>\n<p>Dr. Ebony O. McGee is a Professor of Innovation and Inclusive STEM Education at Johns Hopkins University\u2019s School of Education and in the Department of Mental Health, School of Public Health. An electrical engineer by training, Dr. McGee studies race and structural racism in the traditional STEM ecosystem, and the mental\/physical health consequences of STEM education and occupations for Black and other minoritized folk.<\/p>\n<p>Visit the R-RIGHTS website at <a href=\"https:\/\/r-rights.org\/%0d\">https:\/\/r-rights.org\/<\/a><br \/>\nVisit the ICQCM website at <a href=\"https:\/\/www.icqcm.org\/\">https:\/\/www.icqcm.org\/<\/a><br \/>\nLinkedIn Page: <a href=\"https:\/\/www.linkedin.com\/in\/ebony-mcgee-b0328211\/\">https:\/\/www.linkedin.com\/in\/ebony-mcgee-b0328211\/<\/a><br \/>\nX\/Twitter: @Relationshipgap<\/p>\n<p><a href=\"https:\/\/twitter.com\/RelationshipGAP\">Ebony O. McGee, Plottin 4A Black STEM Revolution (@RelationshipGAP) \/ X (twitter.com)<\/a>[\/vc_column_text][vc_column_text]<strong>Disrupting Normativity: A Critical Examination and Reconstruction Towards a Structurally Inclusive STEM Curricula\/Culture<\/strong><\/p>\n<p>Those who lead industry and educational institutions and particularly those who teach need to acknowledge that their own STEM education is characterized by (1) the exclusion of non-Whites from positions of power, which almost completely erases Indigenous theories and contributions to STEM; (2) the development of a White frame that organizes STEM ideologies and normalizes White racial superiority; (3) the historical construction of a curricular model based on the thinking of White elites, thus disregarding minoritized cultures that contributed to STEM globally; and (4) the assertion that knowledge and knowledge production are neutral, objective, and unconnected to power relations. STEM education and occupations were designed to attract White men who are heterosexual, able-bodied, middle class, and upper class, and, more recently, some East Asian groups designated as acceptable. Therefore, the curriculum and products of this culture contribute to an inhospitable environment for students, faculty, and employees who do not fit these criteria.<\/p>\n<p>The subsequent segment of the presentation aims to delineate an innovative STEM curriculum that eminently acknowledges and validates the racial identities and firsthand experiences of students who have been historically relegated to the periphery of mainstream education. The centrality of this curriculum lies in its unabashed focus on pressing social matters, utilizing these as the pivotal catalyst around which STEM education is designed and delivered. The significance of this curricular approach guides the shift away from a traditional, monocultural lens of teaching STEM, which often inadvertently buttresses systemic barriers, towards a more culturally responsive and socially conscious pedagogical design. By locating the lived experiences and racial identities of marginalized students at the paradigm\u2019s core, the curriculum serves to affirm their voices and perspectives, thereby fostering a more inclusive and equitable educational environment.<\/p>\n<p>Further, by intertwining STEM learning with real-world social issues, the curriculum fosters the development of critical thinking and problem-solving skills, crucial competencies for the 21st-century workforce. It empowers learners to understand, engage with, and propose solutions to real-world challenges using STEM principles. Intrinsically, it instigates a more holistic understanding of STEM, one that transcends the conventional boundaries of textbook learning and plants the seeds for nurturing socially conscious, scientifically literate individuals. Therefore, this innovative, context-driven approach to STEM instruction not only serves as a powerful tool to counter educational exclusion and disparity, but it also equips students with the aptitude and motivation to apply learned concepts in addressing socially relevant issues, thereby redefining the landscape of meaningful and impactful education.[\/vc_column_text][vc_separator][\/vc_column][\/vc_row][vc_row][vc_column width=&#8221;1\/4&#8243;][vc_single_image image=&#8221;24292&#8243; img_size=&#8221;medium&#8221;][\/vc_column][vc_column width=&#8221;3\/4&#8243;][vc_column_text]<strong>Dre Sara Walker | Arizona State University<\/strong><\/p>\n<p><strong>Jeudi 30 mai, heure \u00e0 confirmer<\/strong><\/p>\n<p>Sara Imari Walker is deputy director of the Beyond Center for Fundamental Concepts in Science and a professor in the School of Earth and Space Exploration at Arizona State University. She is also a fellow of the Berggruen Institute and a member of the external faculty at Santa Fe Institute. Trained in theoretical physics, her research program focuses on the origin of life and discovering alien life on other worlds by bridging theory and empirical measurement to solve open challenges in identifying the universal physics (if it exists) underlying life in the universe. Her honors include being a recipient of a Schmidt Science Polymath Fellowship to explore new ideas across disciplines. She is a recipient of the Stanley L. Miller Early-Career Award for her research on the origin of life, and her team at ASU is internationally regarded as being among the leading labs aiming to build a fundamental theory for understanding what life is.[\/vc_column_text][vc_column_text]<strong>Assembly Theory, Unlocking the Physics of Life<\/strong><\/p>\n<p>What is life? This is among the most difficult open problems in science. The definitions we have now all fall short. None help us understand how life originates from planetary chemistry, nor do they account for the full range of possibilities for what life on other planets might be like. One approach has been to ask whether our current theories of physics are up-to-task. This was the approach adopted by the quantum physicist Erwin Schrodinger in his famous series of lectures addressing the topic \u201cWhat is Life?\u201d, which he delivered in 1943. But, what Schrodinger ultimately argued was that while life can be shown to be consistent with the known laws of physics, it also cannot be explained by them. In this talk I briefly review motivations for why our current theories of physics are not suited to solving the problem of life and why solving the origin of life may require radical new thinking and an experimentally testable theory for what life is. I discuss one promising new approach, Assembly Theory, useful for identifying and classifying \u201clife\u201d in terms of universal physics. If proven, the theory should apply not just to biological life on Earth but to any instance of life in the universe, even life as no one yet knows it. I discuss the foundations of the theory, what insights it provides into the origins of biochemistry, and how we might experimentally explore the origins of alien life in the lab with large scale experiments.[\/vc_column_text][\/vc_column][\/vc_row][vc_row][vc_column width=&#8221;1\/4&#8243;][vc_single_image image=&#8221;24439&#8243; img_size=&#8221;medium&#8221; css=&#8221;&#8221;][\/vc_column][vc_column width=&#8221;3\/4&#8243;][vc_column_text css=&#8221;&#8221;]<strong>Dr. Catherine Neish | Western University<\/strong><\/p>\n<p><strong>Vendredi 31 mai, de 8h15 \u00e0 9h00<\/strong><\/p>\n<p>Catherine Neish is an Associate Professor of Earth Sciences at the University of Western Ontario. She uses orbital radar observations to study the geology of planetary surfaces, with a particular focus on processes related to impact cratering. She is involved in several spacecraft missions, serving as a Co-I on NASA\u2019s Lunar Reconnaissance Orbiter Mini-RF instrument and NASA\u2019s Dragonfly mission.[\/vc_column_text][vc_column_text css=&#8221;&#8221;]<strong>Dragonfly: A Rotorcraft Lander at Titan<\/strong><\/p>\n<p>On June 27, 2019, NASA announced its next New Frontiers mission: Dragonfly. This audacious mission will send a rotorcraft to explore Saturn\u2019s largest moon Titan, and evaluate its potential for prebiotic chemistry and (possibly) extraterrestrial life. The Dragonfly mission will also give us a countless high-resolution views of this strangely Earth-like moon, showing us how rivers and sand dunes form on an icy moon with a thick atmosphere. In this presentation, I will provide a summary of the history of the Dragonfly mission, its scientific goals, and the next steps forward, from launch in 2028 to landing in the mid-2030s.[\/vc_column_text][\/vc_column][\/vc_row]<\/p>\n<\/div>","protected":false},"excerpt":{"rendered":"<p>[vc_row][vc_column][vc_column_text] Cette page est en cours de construction. Plus de d\u00e9tails seront ajout\u00e9s au fur et \u00e0 mesure qu&#8217;ils seront disponibles. [\/vc_column_text][vc_empty_space][vc_column_text] Conf\u00e9rence comm\u00e9morative publique Herzberg Monday, June 19, 19h30-20h30[\/vc_column_text][\/vc_column][vc_column width=&#8221;1\/4&#8243;][vc_single_image image=&#8221;24065&#8243; img_size=&#8221;full&#8221;][\/vc_column][vc_column width=&#8221;3\/4&#8243;][vc_column_text css=&#8221;&#8221;] Dr John E Moores Conseiller scientifique de la pr\u00e9sidente, Agence spatiale canadienne et Universit\u00e9 de York John E. Moores est&#8230;  <a class=\"excerpt-read-more\" href=\"https:\/\/cap.ca\/fr\/congres-de-lacp\/congres-anterieurs\/congres-2024\/2024-herzberg-and-plenary-speakers\/\" title=\"LireHerzberg et les conf\u00e9renciers pl\u00e9niers 2024\">Lire la suite &raquo;<\/a><\/p>\n","protected":false},"author":5,"featured_media":0,"parent":23576,"menu_order":5,"comment_status":"closed","ping_status":"closed","template":"","meta":{"footnotes":""},"class_list":["post-24070","page","type-page","status-publish","hentry"],"_links":{"self":[{"href":"https:\/\/cap.ca\/fr\/wp-json\/wp\/v2\/pages\/24070","targetHints":{"allow":["GET"]}}],"collection":[{"href":"https:\/\/cap.ca\/fr\/wp-json\/wp\/v2\/pages"}],"about":[{"href":"https:\/\/cap.ca\/fr\/wp-json\/wp\/v2\/types\/page"}],"author":[{"embeddable":true,"href":"https:\/\/cap.ca\/fr\/wp-json\/wp\/v2\/users\/5"}],"replies":[{"embeddable":true,"href":"https:\/\/cap.ca\/fr\/wp-json\/wp\/v2\/comments?post=24070"}],"version-history":[{"count":9,"href":"https:\/\/cap.ca\/fr\/wp-json\/wp\/v2\/pages\/24070\/revisions"}],"predecessor-version":[{"id":24960,"href":"https:\/\/cap.ca\/fr\/wp-json\/wp\/v2\/pages\/24070\/revisions\/24960"}],"up":[{"embeddable":true,"href":"https:\/\/cap.ca\/fr\/wp-json\/wp\/v2\/pages\/23576"}],"wp:attachment":[{"href":"https:\/\/cap.ca\/fr\/wp-json\/wp\/v2\/media?parent=24070"}],"curies":[{"name":"wp","href":"https:\/\/api.w.org\/{rel}","templated":true}]}}