{"id":24049,"date":"2024-01-11T15:27:55","date_gmt":"2024-01-11T20:27:55","guid":{"rendered":"https:\/\/cap.ca\/2024-symposia-day\/"},"modified":"2024-02-28T09:52:30","modified_gmt":"2024-02-28T14:52:30","slug":"2024-symposia-day","status":"publish","type":"page","link":"https:\/\/cap.ca\/fr\/congres-de-lacp\/congres-anterieurs\/congres-2024\/2024-symposia-day\/","title":{"rendered":"Journ\u00e9e des symposiums 2024"},"content":{"rendered":"<blockquote><p>Nouveaut\u00e9 pour 2024 ! La journ\u00e9e des symposiums se tiendra d\u00e9sormais le mercredi de la semaine du Congr\u00e8s.<\/p><\/blockquote>\n<p>Les symposiums sp\u00e9cialis\u00e9s offrent l&#8217;opportunit\u00e9 d&#8217;une mini-r\u00e9union dans le cadre du congr\u00e8s g\u00e9n\u00e9ral qui aide \u00e0 soutenir la recherche en physique au Canada en offrant une opportunit\u00e9 de r\u00e9seautage et de collaboration dans des domaines de recherche cibl\u00e9s. Chaque symposium sera compos\u00e9 de 4 sessions et la journ\u00e9e enti\u00e8re se d\u00e9roulera dans une salle avec un caf\u00e9 \u00e0 proximit\u00e9 afin d&#8217;encourager le travail en r\u00e9seau. Il n&#8217;y a pas d&#8217;orateurs pl\u00e9niers ou d&#8217;autres \u00e9v\u00e9nements pr\u00e9vus au cours de la journ\u00e9e pour interrompre les mini-r\u00e9unions. Les sessions des symposiums seront suivies du d\u00eener annuel de distinction de l&#8217;ACP.<\/p>\n<p>Sept symposiums sont actuellement pr\u00e9vus pour le mercredi. Ils comprennent une gamme passionnante de conf\u00e9rences invit\u00e9es et de contributions. Les r\u00e9sum\u00e9s peuvent \u00eatre soumis \u00e0 un symposium en s\u00e9lectionnant la piste du symposium lorsque vous soumettez votre r\u00e9sum\u00e9 (\u00e0 partir du 12 janvier 2024). Les d\u00e9l\u00e9gu\u00e9s qui souhaitent assister uniquement \u00e0 la journ\u00e9e des symposiums peuvent le faire.<\/p>\n<p>Si vous avez des questions sur un symposium, ou si vous avez soumis un r\u00e9sum\u00e9 mais n&#8217;avez pas s\u00e9lectionn\u00e9 la piste du symposium, et que vous souhaitez pr\u00e9senter dans le symposium, veuillez contacter ACP \u00e0 l&#8217;adresse suivante : programs@cap.ca. Voici la liste des symposiums pr\u00e9vus :<\/p>\n<p><strong>Cr\u00e9ation de communaut\u00e9s de pratique pour l&#8217;EDI et la sensibilisation (DEGP\/DEP\/EDI) <\/strong>&#8211; Nous vous invitons \u00e0 participer \u00e0 un symposium unique, o\u00f9 nous romprons avec les conventions en organisant une conf\u00e9rence non conventionnelle pour explorer la cr\u00e9ation de communaut\u00e9s de pratique pour l&#8217;\u00e9quit\u00e9, la diversit\u00e9 et l&#8217;inclusion (EDI) et la sensibilisation dans le domaine de la physique. Cet \u00e9v\u00e9nement invite les \u00e9tudiants, les postdocs, les professeurs et les professionnels \u00e0 \u00e9changer leurs points de vue, \u00e0 pr\u00e9senter les meilleures (et les plus sages) pratiques et \u00e0 c\u00e9l\u00e9brer les efforts locaux en mati\u00e8re d&#8217;EDI au sein de la communaut\u00e9 des physiciens. Gr\u00e2ce \u00e0 des discussions facilit\u00e9es par les participants, nous allons cocr\u00e9er un ordre du jour qui partage les ressources et favorise les connexions, en soulignant l&#8217;importance de l&#8217;inclusivit\u00e9. Avec des discussions portant sur les strat\u00e9gies pour les initiatives d&#8217;IDE, les efforts de d\u00e9colonisation, l&#8217;atteinte des communaut\u00e9s mal desservies, la sensibilisation et l&#8217;\u00e9ducation informelle, ce symposium offre un espace d&#8217;apprentissage, d&#8217;inspiration et de connexion alors que nous travaillons \u00e0 un avenir plus \u00e9quitable et plus diversifi\u00e9 dans la physique canadienne. <em>Organisateurs :<\/em><em>\u00a0John Donohue (<a href=\"mailto:jdonohue@uwaterloo.ca\">jdonohue@uwaterloo.ca<\/a>), Carolyn Sealfon (<a href=\"mailto:carolyn.sealfon@ronininstitute.org\">carolyn.sealfon@ronininstitute.org<\/a>), Alexandra Pedersen (<a href=\"mailto:Alexandra.pedersen@queensu.ca\">Alexandra.pedersen@queensu.ca<\/a>), et Mark Richardson (<a href=\"mailto:mark.richardson@queensu.ca\">mark.richardson@queensu.ca<\/a>)<\/em><\/p>\n<p>&nbsp;<\/p>\n<p><strong>Avanc\u00e9es informatiques en astrophysique et en cosmologie (DPT &amp; DPN) <\/strong>\u2013 <span data-sheets-root=\"1\" data-sheets-value=\"{&quot;1&quot;:2,&quot;2&quot;:&quot;We are currently in a golden age of cosmology, astrophysics and nuclear physics, with observatories and facilities regularly delivering exciting new results that challenge our understanding of the fundamental physics of the universe. At the same time, advances in data processing and simulation are absolutely crucial to interpret and understand the implications of these results. This symposium will focus on those computational advances, their results and their implications for fundamental physics.&quot;}\" data-sheets-userformat=\"{&quot;2&quot;:15295,&quot;3&quot;:{&quot;1&quot;:0},&quot;4&quot;:{&quot;1&quot;:2,&quot;2&quot;:16777215},&quot;5&quot;:{&quot;1&quot;:[{&quot;1&quot;:2,&quot;2&quot;:0,&quot;5&quot;:{&quot;1&quot;:2,&quot;2&quot;:0}},{&quot;1&quot;:0,&quot;2&quot;:0,&quot;3&quot;:3},{&quot;1&quot;:1,&quot;2&quot;:0,&quot;4&quot;:1}]},&quot;6&quot;:{&quot;1&quot;:[{&quot;1&quot;:2,&quot;2&quot;:0,&quot;5&quot;:{&quot;1&quot;:2,&quot;2&quot;:0}},{&quot;1&quot;:0,&quot;2&quot;:0,&quot;3&quot;:3},{&quot;1&quot;:1,&quot;2&quot;:0,&quot;4&quot;:1}]},&quot;7&quot;:{&quot;1&quot;:[{&quot;1&quot;:2,&quot;2&quot;:0,&quot;5&quot;:{&quot;1&quot;:2,&quot;2&quot;:0}},{&quot;1&quot;:0,&quot;2&quot;:0,&quot;3&quot;:3},{&quot;1&quot;:1,&quot;2&quot;:0,&quot;4&quot;:1}]},&quot;8&quot;:{&quot;1&quot;:[{&quot;1&quot;:2,&quot;2&quot;:0,&quot;5&quot;:{&quot;1&quot;:2,&quot;2&quot;:0}},{&quot;1&quot;:0,&quot;2&quot;:0,&quot;3&quot;:3},{&quot;1&quot;:1,&quot;2&quot;:0,&quot;4&quot;:1}]},&quot;10&quot;:0,&quot;11&quot;:4,&quot;12&quot;:0,&quot;14&quot;:{&quot;1&quot;:2,&quot;2&quot;:0},&quot;15&quot;:&quot;Calibri, sans-serif&quot;,&quot;16&quot;:11}\">We are currently in a golden age of cosmology, astrophysics and nuclear physics, with observatories and facilities regularly delivering exciting new results that challenge our understanding of the fundamental physics of the universe. At the same time, advances in data processing and simulation are absolutely crucial to interpret and understand the implications of these results. This symposium will focus on those computational advances, their results and their implications for fundamental physics. <\/span><em>Organisateurs : Ivan Booth<\/em><span class=\"cf0\"><em> (<a href=\"ibooth@mun.ca\">ibooth@mun.ca<\/a>), Thanassis Psaltis (<a href=\"psaltis.tha@duke.edu\">psaltis.tha@duke.edu<\/a>)<\/em><\/span><\/p>\n<p><strong>\u00a0<\/strong><\/p>\n<p><strong>Mati\u00e8re noire et neutrinos (PPD)<\/strong> \u2013 L&#8217;un des plus grands myst\u00e8res de la physique des particules est la nature fondamentale de la mati\u00e8re noire. Parall\u00e8lement, le secteur des neutrinos laisse entrevoir une nouvelle physique au-del\u00e0 du mod\u00e8le standard. Le Canada accueille plusieurs exp\u00e9riences et physiciens th\u00e9oriques qui s&#8217;efforcent de faire la lumi\u00e8re sur ces deux probl\u00e8mes. Ce symposium r\u00e9unira les physiciens exp\u00e9rimentaux et th\u00e9oriques travaillant dans ce domaine afin de discuter des d\u00e9veloppements r\u00e9cents et d&#8217;inspirer d&#8217;autres collaborations. <em>Organisateurs : <\/em><em>Seyda Ipek (<\/em><a href=\"mailto:sipek@physics.carleton.ca\"><em>sipek@physics.carleton.ca<\/em><\/a><em>)\u00a0<\/em><\/p>\n<p><strong>\u00a0<\/strong><\/p>\n<p><strong>Q-STATE : Science, technologie, applications, formation et \u00e9ducation quantiques (DIQ\/DEP) <\/strong>\u2014<\/p>\n<p>Q-STATE, offert par la Division de l&#8217;information quantique (DIQ) en collaboration avec la Division de l&#8217;enseignement de la physique (DEP) et le Comit\u00e9 des relations avec le secteur priv\u00e9, est un \u00e9v\u00e9nement organis\u00e9 par et pour la communaut\u00e9 ACP afin d&#8217;en apprendre davantage sur les orientations actuelles dans le domaine et sur le paysage quantique canadien unique. Ce symposium comprendra des s\u00e9ances sur les sujets suivants :<\/p>\n<p>&#8211; Mises \u00e0 jour sur la Strat\u00e9gie quantique nationale du Canada et les programmes connexes<\/p>\n<p>&#8211; L&#8217;\u00e9ducation et la formation quantiques dans les universit\u00e9s canadiennes et pour la main-d&#8217;\u0153uvre quantique<\/p>\n<p>&#8211; L&#8217;industrie quantique canadienne : Activit\u00e9s, besoins et opportunit\u00e9s<\/p>\n<p>Toutes les sessions seront d&#8217;un niveau accessible aux curieux du quantique et encourageront les questions et les discussions. Nous terminerons par une soir\u00e9e c\u00e9l\u00e9brant la cr\u00e9ation de l&#8217;Institut de quantique, avec des possibilit\u00e9s de rencontre, de mise en r\u00e9seau et de brainstorming. <em>Organisateurs : Daria Ahrensmeier (daria_ahrensmeier@sfu.ca<\/em><em>), Olivia Di Matteo (olivia@ece.ubc.ca)<\/em><\/p>\n<p><strong>\u00a0<\/strong><\/p>\n<p><strong>Physique et technologie des plasmas (DPP)<\/strong> \u2014 La physique et la technologie des plasmas sont destin\u00e9es \u00e0 modifier notre mode de vie. Par exemple, les plasmas sont utilis\u00e9s pour le reformage \u00e0 sec du CO2 et pour la production de carburants renouvelables et d&#8217;engrais verts. Les plasmas peuvent \u00e9liminer \u00e0 jamais les produits chimiques et les r\u00e9acteurs \u00e0 plasma pour l&#8217;\u00e9nergie bas\u00e9e sur la fusion promettent d&#8217;\u00eatre la source d&#8217;\u00e9nergie verte. Le symposium pr\u00e9sentera les avanc\u00e9es r\u00e9centes de la recherche en physique des plasmas en mati\u00e8re de mod\u00e9lisation, de diagnostic et de conception de r\u00e9acteurs pour les plasmas thermiques et non thermiques. <em>Organisateurs : <\/em><em>Stephan Reuter (Stephan.Reuter@polymtl.ca), Amina Hussein (aehussein@ualberta.ca)<\/em><\/p>\n<p>&nbsp;<\/p>\n<p><strong>Imagerie m\u00e9dicale (IRM, PET, rayons X et CT, US, optique et modalit\u00e9s hybrides) (DPMB\/DPAI)<\/strong> \u2014 L&#8217;imagerie m\u00e9dicale englobe une famille de techniques qui peuvent g\u00e9n\u00e9rer une repr\u00e9sentation visuelle des structures et des fonctions \u00e0 l&#8217;int\u00e9rieur du corps sans proc\u00e9dures invasives. Ces techniques comprennent les rayons X, la tomodensitom\u00e9trie (CT), l&#8217;imagerie par r\u00e9sonance magn\u00e9tique (IRM), les ultrasons, l&#8217;optique (par exemple, OCT) et la m\u00e9decine nucl\u00e9aire (par exemple, SPECT et PET). L&#8217;imagerie m\u00e9dicale a consid\u00e9rablement am\u00e9lior\u00e9 les soins de sant\u00e9 en renfor\u00e7ant les capacit\u00e9s de diagnostic, en guidant l&#8217;intervention th\u00e9rapeutique et m\u00eame en pr\u00e9disant le r\u00e9sultat pour le patient. La physique a fa\u00e7onn\u00e9 le pass\u00e9, continue d&#8217;influencer le pr\u00e9sent et sera probablement \u00e0 l&#8217;origine des progr\u00e8s futurs de l&#8217;imagerie m\u00e9dicale. Par exemple, la compr\u00e9hension de la m\u00e9canique quantique et de la physique de la r\u00e9sonance magn\u00e9tique a jou\u00e9 un r\u00f4le crucial dans le d\u00e9veloppement et le perfectionnement de l&#8217;IRM. Le symposium 2024 de la Division de la physique en m\u00e9decine et biologie (DPMB) de l&#8217;ACP r\u00e9unira des experts pour discuter de sujets r\u00e9cents et frais en imagerie m\u00e9dicale, et explorer de nouveaux d\u00e9veloppements passionnants qui ont le potentiel d&#8217;avoir un impact sur le d\u00e9veloppement et le bien-\u00eatre de l&#8217;homme. <em>Organisateurs :<\/em><em>\u00a0Mamadou Diop (mdiop@uwo.ca), Maria Kilfoil (mlkilfoil@upei.ca)<\/em><\/p>\n<p><strong>\u00a0<\/strong><\/p>\n<p><strong>Fluctuations, interactions et d\u00e9sordre dans la mati\u00e8re condens\u00e9e (DCMMP) <\/strong>\u2013 Certains des probl\u00e8mes les plus difficiles de la physique de la mati\u00e8re condens\u00e9e sont ceux o\u00f9 les interactions\/fluctuations et\/ou le d\u00e9sordre sont significatifs et conduisent \u00e0 des ph\u00e9nom\u00e8nes collectifs et \u00e0 un paysage \u00e9nerg\u00e9tique compliqu\u00e9. Ce symposium r\u00e9unira des chercheurs en physique de la mati\u00e8re condens\u00e9e pour pr\u00e9senter et discuter des avanc\u00e9es r\u00e9centes dans des domaines s\u00e9lectionn\u00e9s li\u00e9s \u00e0 ce th\u00e8me. <em>Organisateurs :<\/em><em>\u00a0Tami Pereg-Barnea (tamipb@physics.mcgill.ca)<\/em><\/p>\n<p>&nbsp;<\/p>\n<p><strong>Symposium sur la physique dans le secteur priv\u00e9 (DPSR\/DPA)<\/strong> &#8211; Plus de 75 % des dipl\u00f4m\u00e9s en physique travaillent en dehors du milieu universitaire. Les jeunes physiciens, ou ceux qui souhaitent en savoir plus sur les carri\u00e8res en physique en dehors du milieu universitaire, sont encourag\u00e9s \u00e0 participer \u00e0 ce symposium interactif, qui donnera un aper\u00e7u des carri\u00e8res des physiciens travaillant en dehors du milieu universitaire et offrira des id\u00e9es et des conseils sur les voies possibles et la formation n\u00e9cessaire pour faire passer votre formation en physique \u00e0 une carri\u00e8re int\u00e9ressante et gratifiante en dehors du milieu universitaire. Le programme de la journ\u00e9e du symposium comprend une table ronde interactive, anim\u00e9e par le directeur de la physique du secteur priv\u00e9, qui vous permettra d&#8217;en savoir plus sur les personnes et leurs carri\u00e8res en tant que physiciens du secteur priv\u00e9. <em>Organisateurs : Ian D&#8217;Souza (ian.a.dsouza@gmail.com), Daniel Cluff (daniel.cluff@deepmining.ca) et Steffon Luoma (luoma@live.ca).<\/em><\/p>\n","protected":false},"excerpt":{"rendered":"<p>Nouveaut\u00e9 pour 2024 ! La journ\u00e9e des symposiums se tiendra d\u00e9sormais le mercredi de la semaine du Congr\u00e8s. Les symposiums sp\u00e9cialis\u00e9s offrent l&#8217;opportunit\u00e9 d&#8217;une mini-r\u00e9union dans le cadre du congr\u00e8s g\u00e9n\u00e9ral qui aide \u00e0 soutenir la recherche en physique au Canada en offrant une opportunit\u00e9 de r\u00e9seautage et de collaboration dans des domaines de recherche&#8230;  <a class=\"excerpt-read-more\" href=\"https:\/\/cap.ca\/fr\/congres-de-lacp\/congres-anterieurs\/congres-2024\/2024-symposia-day\/\" title=\"LireJourn\u00e9e des symposiums 2024\">Lire la suite &raquo;<\/a><\/p>\n","protected":false},"author":5,"featured_media":0,"parent":23576,"menu_order":7,"comment_status":"closed","ping_status":"closed","template":"","meta":{"footnotes":""},"class_list":["post-24049","page","type-page","status-publish","hentry"],"_links":{"self":[{"href":"https:\/\/cap.ca\/fr\/wp-json\/wp\/v2\/pages\/24049","targetHints":{"allow":["GET"]}}],"collection":[{"href":"https:\/\/cap.ca\/fr\/wp-json\/wp\/v2\/pages"}],"about":[{"href":"https:\/\/cap.ca\/fr\/wp-json\/wp\/v2\/types\/page"}],"author":[{"embeddable":true,"href":"https:\/\/cap.ca\/fr\/wp-json\/wp\/v2\/users\/5"}],"replies":[{"embeddable":true,"href":"https:\/\/cap.ca\/fr\/wp-json\/wp\/v2\/comments?post=24049"}],"version-history":[{"count":5,"href":"https:\/\/cap.ca\/fr\/wp-json\/wp\/v2\/pages\/24049\/revisions"}],"predecessor-version":[{"id":24259,"href":"https:\/\/cap.ca\/fr\/wp-json\/wp\/v2\/pages\/24049\/revisions\/24259"}],"up":[{"embeddable":true,"href":"https:\/\/cap.ca\/fr\/wp-json\/wp\/v2\/pages\/23576"}],"wp:attachment":[{"href":"https:\/\/cap.ca\/fr\/wp-json\/wp\/v2\/media?parent=24049"}],"curies":[{"name":"wp","href":"https:\/\/api.w.org\/{rel}","templated":true}]}}