{"id":24045,"date":"2024-01-12T12:26:16","date_gmt":"2024-01-12T17:26:16","guid":{"rendered":"https:\/\/cap.ca\/?page_id=24045"},"modified":"2024-04-22T15:22:12","modified_gmt":"2024-04-22T19:22:12","slug":"2024-instructions-for-poster-presenters","status":"publish","type":"page","link":"https:\/\/cap.ca\/fr\/congres-de-lacp\/congres-anterieurs\/congres-2024\/2024-instructions-for-poster-presenters\/","title":{"rendered":"2024 Instructions for Poster Presenters"},"content":{"rendered":"<blockquote><p>Les informations contenues dans cette page sont susceptibles d&#8217;\u00eatre modifi\u00e9es. Pour toute question, veuillez envoyer un courriel \u00e0 programs@cap.ca.<\/p><\/blockquote>\n<h3><\/h3>\n<h3>La session de posters ACP se tiendra le mardi 28 mai de 18h00 \u00e0 19h30.<\/h3>\n<ul class=\"content-list\">\n<li style=\"font-weight: 400;\" aria-level=\"1\">La session de posters se tiendra dans l&#8217;Atrium de physique et d&#8217;astronomie et dans le Centre des sciences sociales. Veuillez consulter le programme Indico pour plus de d\u00e9tails.<\/li>\n<li style=\"font-weight: 400;\" aria-level=\"1\">Les posters peuvent \u00eatre install\u00e9s \u00e0 partir de 10h00 le lundi 27 mai.<\/li>\n<li style=\"font-weight: 400;\" aria-level=\"1\">Les affiches doivent avoir des dimensions maximales de 4 pieds de haut x 4 pieds de large.<\/li>\n<li style=\"font-weight: 400;\" aria-level=\"1\">Les panneaux d&#8217;affichage seront num\u00e9rot\u00e9s et les pr\u00e9sentateurs pourront trouver le num\u00e9ro et l&#8217;emplacement de leur affiche dans le programme en ligne Indico. Des mat\u00e9riaux appropri\u00e9s seront fournis pour fixer votre affiche au tableau. Vous ne pouvez PAS utiliser d&#8217;agrafes.<\/li>\n<li style=\"font-weight: 400;\" aria-level=\"1\">Les pr\u00e9sentateurs sont pri\u00e9s de rester devant leur affiche pendant toute la dur\u00e9e de la session d&#8217;affichage (mardi, 18h00-19h30) pour r\u00e9pondre aux questions des participants \u00e0 la conf\u00e9rence (y compris, mais sans s&#8217;y limiter, les juges du concours de la meilleure affiche \u00e9tudiante).<\/li>\n<li style=\"font-weight: 400;\" aria-level=\"1\">Les pr\u00e9sentateurs sont encourag\u00e9s \u00e0 laisser leurs posters expos\u00e9s jusqu&#8217;au jeudi 30 mai \u00e0 12h00. Les affiches laiss\u00e9es dans la zone d&#8217;affichage apr\u00e8s cette heure seront jet\u00e9es.<\/li>\n<\/ul>\n<h3>Services d&#8217;impression d&#8217;affiches<\/h3>\n<p>Les affiches peuvent \u00eatre imprim\u00e9es sur le campus occidental \u00e0 l&#8217;unit\u00e9 d&#8217;imagerie num\u00e9rique situ\u00e9e \u00e0 environ 3 minutes \u00e0 pied du b\u00e2timent de physique et d&#8217;astronomie :<\/p>\n<p><a href=\"https:\/\/www.uwo.ca\/biology\/\/research\/biology-facilities\/digital-imaging.html\">https:\/\/www.uwo.ca\/biology\/\/research\/biology-facilities\/digital-imaging.html\u00a0<\/a><\/p>\n<p>Veuillez consulter leur site web pour conna\u00eetre leurs heures d&#8217;ouverture, la mani\u00e8re de les contacter \u00e0 distance et toute autre question. Une liste de FAQ (par exemple, sur les co\u00fbts d&#8217;impression, les formats de fichiers requis pour l&#8217;impression et les d\u00e9lais d&#8217;attente\/d&#8217;ex\u00e9cution) est disponible ici :<\/p>\n<p><a href=\"https:\/\/www.uwo.ca\/biology\/\/research\/biology-facilities\/poster-formatting-FAQ.html\">https:\/\/www.uwo.ca\/biology\/\/research\/biology-facilities\/poster-formatting-FAQ.html<\/a><\/p>\n<p><strong>Les paiements doivent \u00eatre effectu\u00e9s en esp\u00e8ces ou par ch\u00e8que. Les cartes de cr\u00e9dit\/d\u00e9bit ne sont pas accept\u00e9es.<\/strong><\/p>\n<h3>Concours du meilleur poster \u00e9tudiant<\/h3>\n<p><span style=\"font-weight: 400;\">Les \u00e9tudiants doivent \u00eatre membres de l&#8217;ACP en tant qu&#8217;\u00e9tudiants de troisi\u00e8me cycle ou \u00e9tudiants de premier cycle affili\u00e9s \u00e0 l&#8217;ACP pour pouvoir participer au concours. (<\/span><a href=\"https:\/\/crm.cap.ca\/en\/civicrm\/contribute\/transact?reset=1&amp;id=8\"><span style=\"font-weight: 400;\">cliquez ici pour adh\u00e9rer<\/span><\/a><span style=\"font-weight: 400;\"> ou <\/span><a href=\"https:\/\/crm.cap.ca\/en\/user\/login\/\"><span style=\"font-weight: 400;\">cliquez ici pour v\u00e9rifier l&#8217;adh\u00e9sion<\/span><\/a><span style=\"font-weight: 400;\"> et renouveler si n\u00e9cessaire). La date limite pour adh\u00e9rer et conserver le droit de concourir est le 14 mai 2024.<\/span><\/p>\n<p>Toutes les affiches seront jug\u00e9es par les juges des divisions lors de la session d&#8217;affiches de l&#8217;ACP le mardi 28 mai, de 18h00 \u00e0 19h30.<\/p>\n<p>Les posters doivent \u00eatre install\u00e9s avant 13h15 le mardi 28 mai pour \u00eatre pris en compte dans le concours du meilleur poster \u00e9tudiant.<\/p>\n<p>La liste des 6 finalistes du concours du meilleur poster \u00e9tudiant de l&#8217;ACP sera affich\u00e9e avant la fin de la journ\u00e9e du mercredi 29 mai au comptoir de l&#8217;ACP dans la zone d&#8217;inscription et sur le site web du congr\u00e8s. Les finalistes recevront \u00e9galement un e-mail direct entre 17h00 et 19h30 le mercredi pour confirmer leur participation \u00e0 la finale. Surveillez votre bo\u00eete de r\u00e9ception !<\/p>\n<p>Les finalistes du concours d&#8217;affiches pour \u00e9tudiants de l&#8217;ACP pr\u00e9senteront une deuxi\u00e8me affiche le jeudi 31 mai, entre 8h30 et 10h00. Pour participer \u00e0 la finale, les finalistes doivent apporter leur affiche dans la salle de comp\u00e9tition entre 07h15 et 07h50 le jeudi 30 mai pour la remettre \u00e0 l&#8217;\u00e9tudiant b\u00e9n\u00e9vole et confirmer l&#8217;heure \u00e0 laquelle leur affiche sera jug\u00e9e.<\/p>\n<p>Tous les concurrents doivent pr\u00e9voir d&#8217;\u00eatre pr\u00e9sents \u00e0 la convention le jeudi afin d&#8217;\u00eatre disponibles pour le concours final s&#8217;ils sont s\u00e9lectionn\u00e9s (ou pour encourager les finalistes s&#8217;ils ne le sont pas). Si vous savez \u00e0 l&#8217;avance que vous devez partir avant jeudi, veuillez envoyer un courriel au coordinateur (programs@cap.ca) afin que des dispositions puissent \u00eatre prises pour qu&#8217;un autre concurrent soit pr\u00e9sent au cas o\u00f9 vous recevriez le prix de la premi\u00e8re division (qui vous sera envoy\u00e9 par courrier apr\u00e8s la convention).<\/p>\n<p>Les crit\u00e8res d&#8217;\u00e9valuation sont les suivants :<\/p>\n<table style=\"width: 731px;\">\n<tbody>\n<tr>\n<td style=\"width: 129px;\"><strong>Introduction, motivation<\/strong><\/p>\n<p><strong>(10%)<\/strong><\/td>\n<td style=\"width: 149px;\"><strong>Contenu scientifique, qualit\u00e9, originalit\u00e9<\/strong><\/p>\n<p><strong>(30%)<\/strong><\/td>\n<td style=\"width: 176px;\"><strong>Qualit\u00e9 de l&#8217;expression orale, clart\u00e9, enthousiasme<\/strong><\/p>\n<p><strong>(20%)<\/strong><\/td>\n<td style=\"width: 159px;\"><strong>Organisation, utilisation d&#8217;aides visuelles<\/strong><\/p>\n<p><strong>(20%)<\/strong><\/td>\n<td style=\"width: 118px;\"><strong>Capacit\u00e9 \u00e0 r\u00e9pondre aux questions<\/strong><\/p>\n<p><strong>(20%)<\/strong><\/td>\n<\/tr>\n<\/tbody>\n<\/table>\n<p>&nbsp;<\/p>\n","protected":false},"excerpt":{"rendered":"<p>Les informations contenues dans cette page sont susceptibles d&#8217;\u00eatre modifi\u00e9es. Pour toute question, veuillez envoyer un courriel \u00e0 programs@cap.ca. La session de posters ACP se tiendra le mardi 28 mai de 18h00 \u00e0 19h30. La session de posters se tiendra dans l&#8217;Atrium de physique et d&#8217;astronomie et dans le Centre des sciences sociales. Veuillez consulter&#8230;  <a class=\"excerpt-read-more\" href=\"https:\/\/cap.ca\/fr\/congres-de-lacp\/congres-anterieurs\/congres-2024\/2024-instructions-for-poster-presenters\/\" title=\"Lire2024 Instructions for Poster Presenters\">Lire la suite &raquo;<\/a><\/p>\n","protected":false},"author":5,"featured_media":0,"parent":23576,"menu_order":25,"comment_status":"closed","ping_status":"closed","template":"","meta":{"footnotes":""},"class_list":["post-24045","page","type-page","status-publish","hentry"],"_links":{"self":[{"href":"https:\/\/cap.ca\/fr\/wp-json\/wp\/v2\/pages\/24045","targetHints":{"allow":["GET"]}}],"collection":[{"href":"https:\/\/cap.ca\/fr\/wp-json\/wp\/v2\/pages"}],"about":[{"href":"https:\/\/cap.ca\/fr\/wp-json\/wp\/v2\/types\/page"}],"author":[{"embeddable":true,"href":"https:\/\/cap.ca\/fr\/wp-json\/wp\/v2\/users\/5"}],"replies":[{"embeddable":true,"href":"https:\/\/cap.ca\/fr\/wp-json\/wp\/v2\/comments?post=24045"}],"version-history":[{"count":5,"href":"https:\/\/cap.ca\/fr\/wp-json\/wp\/v2\/pages\/24045\/revisions"}],"predecessor-version":[{"id":24481,"href":"https:\/\/cap.ca\/fr\/wp-json\/wp\/v2\/pages\/24045\/revisions\/24481"}],"up":[{"embeddable":true,"href":"https:\/\/cap.ca\/fr\/wp-json\/wp\/v2\/pages\/23576"}],"wp:attachment":[{"href":"https:\/\/cap.ca\/fr\/wp-json\/wp\/v2\/media?parent=24045"}],"curies":[{"name":"wp","href":"https:\/\/api.w.org\/{rel}","templated":true}]}}