{"id":24038,"date":"2024-01-12T12:25:37","date_gmt":"2024-01-12T17:25:37","guid":{"rendered":"https:\/\/cap.ca\/?page_id=24038"},"modified":"2024-04-22T14:34:04","modified_gmt":"2024-04-22T18:34:04","slug":"2024-instructions-pour-les-presentateurs-oraux","status":"publish","type":"page","link":"https:\/\/cap.ca\/fr\/congres-de-lacp\/congres-anterieurs\/congres-2024\/2024-instructions-pour-les-presentateurs-oraux\/","title":{"rendered":"Instructions pour les pr\u00e9sentateurs oraux 2024"},"content":{"rendered":"<h3>Dur\u00e9e de l&#8217;entretien<\/h3>\n<p>Il est important de respecter le temps allou\u00e9 pour que la session se d\u00e9roule de mani\u00e8re fluide et efficace et se termine \u00e0 l&#8217;heure.<\/p>\n<ul class=\"content-list\">\n<li>Expos\u00e9s et concours : 12 minutes et 3 minutes pour les questions (12 plus 3 minutes = 15 minutes).<\/li>\n<li>Expos\u00e9 invit\u00e9 : 25 minutes et 5 minutes pour les questions (25 plus 5 minutes = 30 minutes).<\/li>\n<li>Un chronom\u00e8tre fera respecter le temps allou\u00e9, avec un avertissement 2&#8242; avant la fin du temps, et un second avertissement \u00e0 l&#8217;heure de fin obligatoire.<\/li>\n<\/ul>\n<h3>\u00c9quipement audiovisuel de la salle de conf\u00e9rence<\/h3>\n<p>Chaque salle de pr\u00e9sentation est \u00e9quip\u00e9e d&#8217;un projecteur et d&#8217;un ordinateur rack (avec port UBS, ainsi qu&#8217;un c\u00e2ble VGA. Les ordinateurs de la salle de pr\u00e9sentation fonctionneront sous MS Windows, avec MS Office 2019, Adobe Reader, VLC Media Player et Windows Media Player install\u00e9s. Une liste compl\u00e8te des logiciels install\u00e9s est disponible ici : <a href=\"https:\/\/wts.uwo.ca\/ctg\/general_university_classrooms\/rack_pc\/index.html\">https:\/\/wts.uwo.ca\/ctg\/general_university_classrooms\/rack_pc\/index.html<\/a>.<\/p>\n<p>Si votre pr\u00e9sentation comprend une vid\u00e9o, il est fortement recommand\u00e9 d&#8217;apporter la vid\u00e9o sous forme de fichier s\u00e9par\u00e9 (assurez-vous de la compatibilit\u00e9 avec les logiciels mentionn\u00e9s ci-dessus) en m\u00eame temps que votre fichier de pr\u00e9sentation.<\/p>\n<p>Le mode de pr\u00e9sentation par d\u00e9faut consiste \u00e0 apporter votre pr\u00e9sentation orale au format PPT ou PDF sur une cl\u00e9 USB, afin qu&#8217;elle puisse \u00eatre t\u00e9l\u00e9charg\u00e9e sur l&#8217;ordinateur de la salle.<\/p>\n<p>Les pr\u00e9sentateurs sont libres d&#8217;utiliser leurs propres ordinateurs portables pour leurs pr\u00e9sentations, mais il est de leur responsabilit\u00e9 de s&#8217;assurer de leur compatibilit\u00e9 avec le projecteur avant le d\u00e9but de leur session, y compris l&#8217;adaptateur appropri\u00e9 pour le c\u00e2ble VGA de la salle si un port VGA n&#8217;est pas disponible sur leur ordinateur portable. Ceci est particuli\u00e8rement important pour les utilisateurs de MAC. La connexion de votre ordinateur portable au projecteur utilisera une partie du temps disponible pour votre pr\u00e9sentation, vous devez donc vous pr\u00e9parer en cons\u00e9quence.<\/p>\n<p>Pour rappel, les pr\u00e9sentateurs sont encourag\u00e9s \u00e0 apporter leur pr\u00e9sentation sur une cl\u00e9 USB au b\u00e9n\u00e9vole qui les assiste dans la salle de pr\u00e9sentation avant le d\u00e9but de la session. Il est de leur responsabilit\u00e9 de s&#8217;assurer de la compatibilit\u00e9 et de la connectivit\u00e9 avec le projecteur s&#8217;ils souhaitent utiliser leur propre ordinateur portable. Un volontaire sera pr\u00e9sent 20 minutes avant le d\u00e9but de chaque session pour aider \u00e0 tester ou \u00e0 charger la pr\u00e9sentation \u00e0 partir de la cl\u00e9 USB.<\/p>\n<p>&nbsp;<\/p>\n<h3>Meilleur concours oral \u00e9tudiant<\/h3>\n<p><span style=\"font-weight: 400;\">Pour pouvoir concourir, les \u00e9tudiants doivent \u00eatre membres de l&#8217;ACP en tant qu&#8217;\u00e9tudiants de troisi\u00e8me cycle ou \u00e9tudiants de premier cycle affili\u00e9s \u00e0 l&#8217;ACP. (<\/span><a href=\"https:\/\/crm.cap.ca\/en\/civicrm\/contribute\/transact?reset=1&amp;id=8\"><span style=\"font-weight: 400;\">cliquez ici pour adh\u00e9rer<\/span><\/a><span style=\"font-weight: 400;\"> ou <\/span><a href=\"https:\/\/crm.cap.ca\/en\/user\/login\/\"><span style=\"font-weight: 400;\">cliquez ici pour v\u00e9rifier l&#8217;adh\u00e9sion<\/span><\/a><span style=\"font-weight: 400;\"> et renouveler si n\u00e9cessaire). La date limite pour adh\u00e9rer et conserver le droit de concourir est le 14 mai 2024.<\/span><\/p>\n<p>Toutes les contributions au concours oral seront jug\u00e9es par des juges de division lors des sessions techniques parall\u00e8les et des symposiums programm\u00e9s du lundi matin au mercredi matin (pas d&#8217;expos\u00e9s en comp\u00e9tition apr\u00e8s le d\u00e9jeuner). La liste des 8 finalistes du concours oral du meilleur \u00e9tudiant de l&#8217;ACP sera affich\u00e9e avant 19h00 le mercredi 29 mai au comptoir de l&#8217;ACP dans la zone d&#8217;inscription et sur le site web du congr\u00e8s. Les finalistes recevront \u00e9galement un courriel direct entre 17h00 et 19h30 le mercredi pour confirmer leur participation \u00e0 la finale. Surveillez votre bo\u00eete de r\u00e9ception !<\/p>\n<p>Les finalistes du concours oral du meilleur \u00e9tudiant de l&#8217;ACP feront une deuxi\u00e8me pr\u00e9sentation orale le jeudi 30 mai, \u00e0 une heure \u00e0 confirmer.<\/p>\n<p>Les laur\u00e9ats du concours oral du meilleur \u00e9l\u00e8ve de l&#8217;ACP et les laur\u00e9ats des concours oraux des divisions seront annonc\u00e9s lors de la c\u00e9r\u00e9monie de remise des prix aux \u00e9tudiants le jeudi 30 mai, \u00e0 une heure \u00e0 confirmer.<\/p>\n<p>Tous les concurrents doivent pr\u00e9voir d&#8217;\u00eatre pr\u00e9sents au Congr\u00e8s le jeudi afin d&#8217;\u00eatre disponibles pour la comp\u00e9tition finale s&#8217;ils sont s\u00e9lectionn\u00e9s (ou pour encourager les finalistes s&#8217;ils ne le sont pas). Si vous savez avant le congr\u00e8s de l&#8217;ACP que vous devez partir avant le jeudi, veuillez envoyer un e-mail au coordinateur (programs@cap.ca) afin que des dispositions puissent \u00eatre prises pour qu&#8217;un autre concurrent soit pr\u00e9sent au cas o\u00f9 vous recevriez le premier prix de division (qui vous serait envoy\u00e9 par courrier apr\u00e8s le congr\u00e8s).<\/p>\n<p>Le jugement sera bas\u00e9 sur les crit\u00e8res suivants :<\/p>\n<table>\n<tbody>\n<tr>\n<td><strong>Introduction, motivation<\/strong><\/p>\n<p><strong>(10%)<\/strong><\/td>\n<td><strong>Scientific content, quality, originality<\/strong><\/p>\n<p><strong>(30%)<\/strong><\/td>\n<td><strong>Speaking quality, clarity, enthusiasm<\/strong><\/p>\n<p><strong>(20%)<\/strong><\/td>\n<td><strong>Organization, use of visual aids<\/strong><\/p>\n<p><strong>(20%)<\/strong><\/td>\n<td><strong>Ability to answer questions<\/strong><\/p>\n<p><strong>(20%)<\/strong><\/td>\n<td><strong>Overtime<\/strong><\/p>\n<p><strong>Penalty<\/strong><\/p>\n<p><strong>(&gt; 45 sec)<\/strong><\/p>\n<p><strong>(oral only, -10%)<\/strong><\/td>\n<\/tr>\n<\/tbody>\n<\/table>\n<p>&nbsp;<\/p>\n","protected":false},"excerpt":{"rendered":"<p>Dur\u00e9e de l&#8217;entretien Il est important de respecter le temps allou\u00e9 pour que la session se d\u00e9roule de mani\u00e8re fluide et efficace et se termine \u00e0 l&#8217;heure. Expos\u00e9s et concours : 12 minutes et 3 minutes pour les questions (12 plus 3 minutes = 15 minutes). Expos\u00e9 invit\u00e9 : 25 minutes et 5 minutes pour&#8230;  <a class=\"excerpt-read-more\" href=\"https:\/\/cap.ca\/fr\/congres-de-lacp\/congres-anterieurs\/congres-2024\/2024-instructions-pour-les-presentateurs-oraux\/\" title=\"LireInstructions pour les pr\u00e9sentateurs oraux 2024\">Lire la suite &raquo;<\/a><\/p>\n","protected":false},"author":5,"featured_media":0,"parent":23576,"menu_order":24,"comment_status":"closed","ping_status":"closed","template":"","meta":{"footnotes":""},"class_list":["post-24038","page","type-page","status-publish","hentry"],"_links":{"self":[{"href":"https:\/\/cap.ca\/fr\/wp-json\/wp\/v2\/pages\/24038","targetHints":{"allow":["GET"]}}],"collection":[{"href":"https:\/\/cap.ca\/fr\/wp-json\/wp\/v2\/pages"}],"about":[{"href":"https:\/\/cap.ca\/fr\/wp-json\/wp\/v2\/types\/page"}],"author":[{"embeddable":true,"href":"https:\/\/cap.ca\/fr\/wp-json\/wp\/v2\/users\/5"}],"replies":[{"embeddable":true,"href":"https:\/\/cap.ca\/fr\/wp-json\/wp\/v2\/comments?post=24038"}],"version-history":[{"count":4,"href":"https:\/\/cap.ca\/fr\/wp-json\/wp\/v2\/pages\/24038\/revisions"}],"predecessor-version":[{"id":24477,"href":"https:\/\/cap.ca\/fr\/wp-json\/wp\/v2\/pages\/24038\/revisions\/24477"}],"up":[{"embeddable":true,"href":"https:\/\/cap.ca\/fr\/wp-json\/wp\/v2\/pages\/23576"}],"wp:attachment":[{"href":"https:\/\/cap.ca\/fr\/wp-json\/wp\/v2\/media?parent=24038"}],"curies":[{"name":"wp","href":"https:\/\/api.w.org\/{rel}","templated":true}]}}