{"id":24034,"date":"2024-01-10T10:35:22","date_gmt":"2024-01-10T15:35:22","guid":{"rendered":"https:\/\/cap.ca\/2024-lecture-tour-regional-coordinators\/"},"modified":"2024-01-22T14:21:48","modified_gmt":"2024-01-22T19:21:48","slug":"2024-lecture-tour-regional-coordinators","status":"publish","type":"page","link":"https:\/\/cap.ca\/fr\/activites\/tournee-de-lacp\/anciennes-tournees-de-conferences-de-lacp\/2024-cap-lecture-tour\/2024-lecture-tour-regional-coordinators\/","title":{"rendered":"Coordinateurs r\u00e9gionaux de la tourn\u00e9e de conf\u00e9rences 2024"},"content":{"rendered":"<header>\n<p class=\"page-title\">La tourn\u00e9e de conf\u00e9rences de premier cycle de l&#8217;ACP de 2024 sera organis\u00e9e sur une base r\u00e9gionale. Les r\u00e9gions de la tourn\u00e9e, les coordinateurs et les universit\u00e9s membres de l&#8217;ACP sont indiqu\u00e9s dans le tableau ci-dessous.<\/p>\n<\/header>\n<section class=\"entry-content cf\">\n<div class=\"table-container\">\n<div class=\"table-container\">\n<table width=\"669\">\n<tbody>\n<tr>\n<td width=\"317\">Coordinateurs<\/td>\n<td width=\"352\">Universit\u00e9s participantes<\/td>\n<\/tr>\n<tr>\n<td width=\"317\">Coordinatrice nationale<br \/>\nGwen Grinyer, University of\u00a0Regina<br \/>\nTel: 306-337-2990<br \/>\nEmail: gwen.grinyer@uregina.ca<\/td>\n<td width=\"352\">Tous les d\u00e9partements membres de l&#8217;ACP. (Les d\u00e9partements souhaitant participer \u00e0 la tourn\u00e9e et qui ne sont pas encore membres de l&#8217;ACP sont encourag\u00e9s \u00e0 contacter le bureau de l&#8217;ACP pour demander leur adh\u00e9sion).<\/td>\n<\/tr>\n<tr>\n<td width=\"317\">B.C. &amp; Western Prairies<br \/>\nSaurya Das, University of Lethbridge<br \/>\nTel: 403-329-2689<br \/>\nEmail: saurya.das@uleth.ca<\/td>\n<td width=\"352\">U. Victoria, UBC, SFU, UNBC, U. Fraser Valley, Okanagan College, Trinity Western U., U. Alberta, U. Calgary,<br \/>\nU. Lethbridge, Thompson Rivers U., UBC Okanagan Campus, Kwantlen Polytechnic U.<\/td>\n<\/tr>\n<tr>\n<td width=\"317\">Eastern Prairies &amp; Lakehead<br \/>\nGwen Grinyer, University of\u00a0Regina<br \/>\nTel: 306-337-2990<br \/>\nEmail: gwen.grinyer@uregina.ca<\/td>\n<td width=\"352\">U. Saskatchewan, U. Regina, Brandon U.,<br \/>\nU. Winnipeg, U. Manitoba, Lakehead U.<\/td>\n<\/tr>\n<tr>\n<td width=\"317\">South Western Ontario<br \/>\nCaio Licciardi, University of Windsor<br \/>\n<span style=\"font-family: inherit; font-size: inherit;\">Email: caio.licciardi@uwindsor.ca<\/span><\/td>\n<td width=\"352\">U. Windsor, U. Western Ont., U. Waterloo, Wilfrid Laurier U., U. Guelph, McMaster U., Brock U.,<br \/>\nU. Toronto, Ryerson U., York U., U. Ont. Inst. Tech.,<br \/>\nU. Toronto Mississauga<\/td>\n<\/tr>\n<tr>\n<td width=\"317\">Ontario East \/ Qu\u00e9bec (English)<br \/>\nJesse Heilman, Carleton University<br \/>\nTel: 613-520-2600, ext. 8215<br \/>\nEmail: jesse.heilman@carleton.ca<\/td>\n<td width=\"352\">Trent U., Queen\u2019s U., Royal Military College,<br \/>\nU. Ottawa, Carleton U., McGill U., Concordia U., Bishop\u2019s U. Laurentian U.<\/td>\n<\/tr>\n<tr>\n<td width=\"317\">Qu\u00e9bec (French)<br \/>\nAhman Hamdan, Univ. de Montr\u00e9al<br \/>\nTel: 514-343-2288<br \/>\nEmail: ahmad.hamdan@umontreal.ca<\/td>\n<td width=\"352\">Coll. Montmorency, C\u00e9gep Edouard-Montpetit, U. de Montr\u00e9al, U. de Sherbrooke, U. Qu\u00e9bec \u00e0 Trois-Rivi\u00e8res, U. Laval, C\u00e9gep Garneau, Coll. Ahuntsic, \u00c9cole Polytechnique Montr\u00e9al, Centre matap\u00e9dien d\u2019\u00e9tudes coll\u00e9giales<\/td>\n<\/tr>\n<tr>\n<td width=\"317\">Atlantic<br \/>\nPeter Poole, St. Francis Xavier University<br \/>\nTel: 902-867-2428<br \/>\nEmail: ppoole@stfx.ca<\/td>\n<td width=\"352\">U. Moncton, UNB Fredericton, U. PEI, Mt. Allison U., Acadia U., Dalhousie U., St. Mary\u2019s U., St. Francis Xavier U., Memorial U.<\/td>\n<\/tr>\n<\/tbody>\n<\/table>\n<\/div>\n<\/div>\n<\/section>\n","protected":false},"excerpt":{"rendered":"<p>La tourn\u00e9e de conf\u00e9rences de premier cycle de l&#8217;ACP de 2024 sera organis\u00e9e sur une base r\u00e9gionale. Les r\u00e9gions de la tourn\u00e9e, les coordinateurs et les universit\u00e9s membres de l&#8217;ACP sont indiqu\u00e9s dans le tableau ci-dessous. Coordinateurs Universit\u00e9s participantes Coordinatrice nationale Gwen Grinyer, University of\u00a0Regina Tel: 306-337-2990 Email: gwen.grinyer@uregina.ca Tous les d\u00e9partements membres de l&#8217;ACP&#8230;.  <a class=\"excerpt-read-more\" href=\"https:\/\/cap.ca\/fr\/activites\/tournee-de-lacp\/anciennes-tournees-de-conferences-de-lacp\/2024-cap-lecture-tour\/2024-lecture-tour-regional-coordinators\/\" title=\"LireCoordinateurs r\u00e9gionaux de la tourn\u00e9e de conf\u00e9rences 2024\">Lire la suite &raquo;<\/a><\/p>\n","protected":false},"author":5,"featured_media":0,"parent":24240,"menu_order":4,"comment_status":"closed","ping_status":"closed","template":"","meta":{"footnotes":""},"class_list":["post-24034","page","type-page","status-publish","hentry"],"_links":{"self":[{"href":"https:\/\/cap.ca\/fr\/wp-json\/wp\/v2\/pages\/24034","targetHints":{"allow":["GET"]}}],"collection":[{"href":"https:\/\/cap.ca\/fr\/wp-json\/wp\/v2\/pages"}],"about":[{"href":"https:\/\/cap.ca\/fr\/wp-json\/wp\/v2\/types\/page"}],"author":[{"embeddable":true,"href":"https:\/\/cap.ca\/fr\/wp-json\/wp\/v2\/users\/5"}],"replies":[{"embeddable":true,"href":"https:\/\/cap.ca\/fr\/wp-json\/wp\/v2\/comments?post=24034"}],"version-history":[{"count":3,"href":"https:\/\/cap.ca\/fr\/wp-json\/wp\/v2\/pages\/24034\/revisions"}],"predecessor-version":[{"id":24109,"href":"https:\/\/cap.ca\/fr\/wp-json\/wp\/v2\/pages\/24034\/revisions\/24109"}],"up":[{"embeddable":true,"href":"https:\/\/cap.ca\/fr\/wp-json\/wp\/v2\/pages\/24240"}],"wp:attachment":[{"href":"https:\/\/cap.ca\/fr\/wp-json\/wp\/v2\/media?parent=24034"}],"curies":[{"name":"wp","href":"https:\/\/api.w.org\/{rel}","templated":true}]}}