{"id":24024,"date":"2024-01-12T12:21:25","date_gmt":"2024-01-12T17:21:25","guid":{"rendered":"https:\/\/cap.ca\/?page_id=24024"},"modified":"2024-01-12T12:21:25","modified_gmt":"2024-01-12T17:21:25","slug":"meilleure-presentation-detudiante-2024","status":"publish","type":"page","link":"https:\/\/cap.ca\/fr\/congres-de-lacp\/congres-anterieurs\/congres-2024\/meilleure-presentation-detudiante-2024\/","title":{"rendered":"Meilleure pr\u00e9sentation d\u2019\u00e9tudiant(e) 2024"},"content":{"rendered":"<p>L\u2019ACP organise des concours pour les \u00e9tudiants et les \u00e9tudiantes, pour la meilleure pr\u00e9sentation orale et la meilleure affiche, au Congr\u00e8s de l\u2019ACP 2024. Des prix seront d\u00e9cern\u00e9s par l\u2019ACP pour les trois meilleures pr\u00e9sentations orales et pour les trois meilleures affiches d&#8217;\u00e9tudiants. En outre, des divisions th\u00e9matiques de l\u2019ACP et d&#8217;autres commanditaires organiseront des concours plus cibl\u00e9s par champ d\u2019\u00e9tudes.<\/p>\n<h4><span style=\"font-size: 14pt;\"><strong>QUELS SONT LES AVANTAGES DE LA PARTICIPATION ?<\/strong><\/span><\/h4>\n<p>L&#8217;objectif de ces concours est d&#8217;encourager les \u00e9tudiants de premier et deuxi\u00e8me cycles \u00e0 pr\u00e9senter leurs travaux de recherche \u00e0 la communaut\u00e9 canadienne des physiciens et \u00e0 interagir avec elle \u00e0 un stade pr\u00e9coce de leur carri\u00e8re. Les \u00e9tudiants doivent pr\u00e9senter leur travail et assumer la responsabilit\u00e9 principale du contenu de la pr\u00e9sentation ainsi que du r\u00e9sum\u00e9 \u00e9crit.<\/p>\n<h4><strong>\u00a0<\/strong><\/h4>\n<h4><strong>ADMISSIBILIT\u00c9<\/strong><\/h4>\n<p><strong>Pour \u00eatre pris en consid\u00e9ration pour ce concours, un \u00e9tudiant ou une \u00e9tudiante doit \u00eatre membre (dipl\u00f4m\u00e9) ou affili\u00e9 (premier cycle) de l\u2019ACP.<\/strong> L\u2019affiliation des \u00e9tudiants de premier cycle est gratuite pendant toute la dur\u00e9e de leur baccalaur\u00e9at. La premi\u00e8re ann\u00e9e d&#8217;adh\u00e9sion est gratuite pour les \u00e9tudiants dipl\u00f4m\u00e9s; des frais consid\u00e9rablement r\u00e9duits s&#8217;appliquent aux ann\u00e9es suivantes. Les demandes d&#8217;adh\u00e9sion et de renouvellement peuvent \u00eatre soumises <a href=\"https:\/\/cap.ca\/fr\/adhesion\/etudiant-diplome-membre\/\">en ligne ici.<\/a><\/p>\n<p><em><strong>Veuillez noter que l&#8217;activation de votre adh\u00e9sion\/affiliation peut prendre jusqu&#8217;\u00e0 10 jours ouvrables au total, ce qui inclut le traitement du paiement, le cas \u00e9ch\u00e9ant. Par cons\u00e9quent, vous devez soumettre votre demande d&#8217;adh\u00e9sion en m\u00eame temps que votre r\u00e9sum\u00e9.<\/strong><\/em><\/p>\n<h4><strong>\u00a0<\/strong><\/h4>\n<h4><strong>COMMENT PARTICIPER AU CONCOURS<\/strong><\/h4>\n<p>Les \u00e9tudiants et les \u00e9tudiantes qui souhaitent participer au concours de la meilleure pr\u00e9sentation orale ou de la meilleure affiche doivent indiquer sp\u00e9cifiquement leur intention de participer en s\u00e9lectionnant l&#8217;option appropri\u00e9e pour le concours oral ou le concours d&#8217;affiches au moment de la soumission du r\u00e9sum\u00e9 au Congr\u00e8s. Un \u00e9tudiant ou une \u00e9tudiante qui s&#8217;inscrit au concours de la meilleure pr\u00e9sentation orale ou de la meilleure affiche de l&#8217;ACP sera automatiquement inscrit au concours de la division appropri\u00e9e de l&#8217;ACP, s&#8217;il en existe un et s&#8217;il est membre de cette division. Veuillez noter que m\u00eame si un \u00e9tudiant peut faire plus d&#8217;une pr\u00e9sentation (par exemple un expos\u00e9 et une affiche, s\u2019ils portent sur des sujets diff\u00e9rents), il ne peut pas participer \u00e0 plus d&#8217;un concours ACP (oral ou par affiche).<\/p>\n<p>Les instructions pour pr\u00e9parer une pr\u00e9sentation, y compris celles des concours d\u2019\u00e9tudiants, seront publi\u00e9es sous peu.<\/p>\n<h4><span style=\"font-size: 14pt;\"><strong>\u00a0<\/strong><\/span><\/h4>\n<h4><strong>JUGEMENT DES PR\u00c9SENTATIONS ORALES ET PAR AFFICHES<\/strong><\/h4>\n<p>Les pr\u00e9sentations orales des \u00e9tudiants et le jury se d\u00e9rouleront dans la session scientifique qui leur est attribu\u00e9e, tout au long du congr\u00e8s, du lundi 27 au mercredi 29 mai. Les finalistes du concours de la meilleure pr\u00e9sentation orale des \u00e9tudiants de l&#8217;ACP feront une deuxi\u00e8me pr\u00e9sentation orale le jeudi 30 mai.<\/p>\n<p>Les pr\u00e9sentations d&#8217;affiches des \u00e9tudiants et le jury auront lieu lors de la s\u00e9ance d&#8217;affichage du congr\u00e8s, le mardi 28 mai. Les finalistes du concours du meilleur poster \u00e9tudiant de l&#8217;ACP feront une deuxi\u00e8me pr\u00e9sentation de poster le jeudi 30 mai.<\/p>\n<h4><strong>\u00a0<\/strong><\/h4>\n<h4><strong>ET SI JE GAGNE ?<\/strong><\/h4>\n<p>Les gagnants ou gagnantes des concours de la meilleur pr\u00e9sentation oral et de la meilleur affiche de l&#8217;ACP, ainsi que les laur\u00e9ats des concours des divisions seront annonc\u00e9s lors de la c\u00e9r\u00e9monie de remise des prix aux \u00e9tudiants, le jeudi 30 mai, et les r\u00e9sultats seront publi\u00e9s dans <em>La Physique au Canada.<\/em><\/p>\n<p>&nbsp;<\/p>\n<h3><strong>Concours de division ou commandit\u00e9s<\/strong><\/h3>\n<p>Un \u00e9tudiant ou une \u00e9tudiante qui s&#8217;inscrit au concours de la meilleure pr\u00e9sentation orale ou de la meilleure affiche de l&#8217;ACP sera automatiquement inscrit au concours de la division appropri\u00e9e de l&#8217;ACP, s&#8217;il en existe un et s&#8217;il est membre de cette division. Tout \u00e9tudiant qui a des questions ou des pr\u00e9occupations concernant la participation aux prix auxquels il peut pr\u00e9tendre devrait envoyer un courriel \u00e0 <a href=\"mailto:programs@cap.ca\">programs@cap.ca<\/a>. L&#8217;adh\u00e9sion \u00e0 une division de l\u2019ACP est gratuite pour les \u00e9tudiants et peut \u00eatre activ\u00e9e lors de la demande ou du renouvellement de l&#8217;adh\u00e9sion \u00e0 l\u2019ACP. Les membres actuels de l\u2019ACP peuvent adh\u00e9rer \u00e0 une division en envoyant une demande par courriel \u00e0 <a href=\"mailto:membership@cap.ca\">membership@cap.ca<\/a>.<\/p>\n<p>La liste des concours et des prix des divisions de l\u2019ACP qui seront d\u00e9cern\u00e9s lors du Congr\u00e8s de 2024 se trouve sur cette page (lien \u00e0 venir).<\/p>\n","protected":false},"excerpt":{"rendered":"<p>L\u2019ACP organise des concours pour les \u00e9tudiants et les \u00e9tudiantes, pour la meilleure pr\u00e9sentation orale et la meilleure affiche, au Congr\u00e8s de l\u2019ACP 2024. Des prix seront d\u00e9cern\u00e9s par l\u2019ACP pour les trois meilleures pr\u00e9sentations orales et pour les trois meilleures affiches d&#8217;\u00e9tudiants. En outre, des divisions th\u00e9matiques de l\u2019ACP et d&#8217;autres commanditaires organiseront des&#8230;  <a class=\"excerpt-read-more\" href=\"https:\/\/cap.ca\/fr\/congres-de-lacp\/congres-anterieurs\/congres-2024\/meilleure-presentation-detudiante-2024\/\" title=\"LireMeilleure pr\u00e9sentation d\u2019\u00e9tudiant(e) 2024\">Lire la suite &raquo;<\/a><\/p>\n","protected":false},"author":5,"featured_media":0,"parent":23576,"menu_order":20,"comment_status":"closed","ping_status":"closed","template":"","meta":{"footnotes":""},"class_list":["post-24024","page","type-page","status-publish","hentry"],"_links":{"self":[{"href":"https:\/\/cap.ca\/fr\/wp-json\/wp\/v2\/pages\/24024","targetHints":{"allow":["GET"]}}],"collection":[{"href":"https:\/\/cap.ca\/fr\/wp-json\/wp\/v2\/pages"}],"about":[{"href":"https:\/\/cap.ca\/fr\/wp-json\/wp\/v2\/types\/page"}],"author":[{"embeddable":true,"href":"https:\/\/cap.ca\/fr\/wp-json\/wp\/v2\/users\/5"}],"replies":[{"embeddable":true,"href":"https:\/\/cap.ca\/fr\/wp-json\/wp\/v2\/comments?post=24024"}],"version-history":[{"count":1,"href":"https:\/\/cap.ca\/fr\/wp-json\/wp\/v2\/pages\/24024\/revisions"}],"predecessor-version":[{"id":24025,"href":"https:\/\/cap.ca\/fr\/wp-json\/wp\/v2\/pages\/24024\/revisions\/24025"}],"up":[{"embeddable":true,"href":"https:\/\/cap.ca\/fr\/wp-json\/wp\/v2\/pages\/23576"}],"wp:attachment":[{"href":"https:\/\/cap.ca\/fr\/wp-json\/wp\/v2\/media?parent=24024"}],"curies":[{"name":"wp","href":"https:\/\/api.w.org\/{rel}","templated":true}]}}