{"id":24019,"date":"2024-01-12T12:18:12","date_gmt":"2024-01-12T17:18:12","guid":{"rendered":"https:\/\/cap.ca\/?page_id=24019"},"modified":"2024-02-21T17:48:18","modified_gmt":"2024-02-21T22:48:18","slug":"soumission-des-resumes-2024","status":"publish","type":"page","link":"https:\/\/cap.ca\/fr\/congres-de-lacp\/congres-anterieurs\/congres-2024\/soumission-des-resumes-2024\/","title":{"rendered":"Soumission des r\u00e9sum\u00e9s 2024"},"content":{"rendered":"<blockquote><p><strong>Le syst\u00e8me de r\u00e9sum\u00e9s pour le congr\u00e8s de 2024 de l&#8217;ACP ouvrira le 12 janvier pour la premi\u00e8re s\u00e9rie de soumissions de r\u00e9sum\u00e9s. Les r\u00e9sum\u00e9s doivent \u00eatre re\u00e7us avant 23h59 ET, le 11 f\u00e9vrier.<\/strong><\/p>\n<p><strong>Les r\u00e9sum\u00e9s post\u00e9rieurs \u00e0 la date limite sont maintenant accept\u00e9s jusqu&#8217;au 6 mai. <\/strong><\/p>\n<p><strong>Veuillez lire attentivement les instructions relatives \u00e0 la soumission. Vous devez avoir un compte indico pour soumettre un r\u00e9sum\u00e9. Les instructions pour cr\u00e9er un compte sont ci-dessous. <\/strong><\/p>\n<p><strong>Pr\u00eat \u00e0 soumettre ?\u00a0 <a href=\"https:\/\/indico.cern.ch\/event\/1316311\/\" target=\"_blank\" rel=\"noopener noreferrer\">Cliquer ici.\u00a0<\/a><\/strong><\/p><\/blockquote>\n<p>Nous avons le plaisir d&#8217;annoncer que les r\u00e9sum\u00e9s des pr\u00e9sentations orales et des affiches pour le congr\u00e8s de l&#8217;ACP de 2024 peuvent bient\u00f4t \u00eatre soumis en utilisant le lien ci-dessus. Nous pr\u00e9voyons actuellement d&#8217;organiser le congr\u00e8s en personne \u00e0 l&#8217;Universit\u00e9 Western \u00e0 London, en Ontario, du 27 au 31 mai. Les pr\u00e9sentateurs devront \u00eatre pr\u00e9sents en personne.<\/p>\n<p>Ce congr\u00e8s est l&#8217;occasion de pr\u00e9senter et de c\u00e9l\u00e9brer les r\u00e9alisations des physiciens au Canada et \u00e0 l&#8217;\u00e9tranger.<\/p>\n<p>Soumettez un r\u00e9sum\u00e9 et partagez vos recherches. Pour les superviseurs, ce congr\u00e8s est une excellente occasion de pr\u00e9senter les travaux de leurs \u00e9tudiants.<\/p>\n<p>&nbsp;<\/p>\n<p><strong>LES SOUMISSIONS DE R\u00c9SUM\u00c9S APR\u00c8S \u00c9CH\u00c9ANCE.<\/strong><\/p>\n<p>Les r\u00e9sum\u00e9s des pr\u00e9sentations orales soumis avant la date limite du 11 f\u00e9vrier 2024 sont examin\u00e9s en priorit\u00e9 pour la programmation.<\/p>\n<p>&nbsp;<\/p>\n<p><strong>IMPORTANT \u00c0 NOTER AVANT DE SOUMETTRE UN R\u00c9SUM\u00c9<\/strong><\/p>\n<ol class=\"content-list\">\n<li>Un r\u00e9sum\u00e9 ne peut pas exc\u00e9der 2400 caract\u00e8res incluant les espaces (~300 mots)<\/li>\n<li>Vous devez avoir un compte Indico CERN pour soumettre un r\u00e9sum\u00e9.<\/li>\n<li>Afin d\u2019\u00e9viter des d\u00e9lais dans le traitement de votre soumission, vous DEVEZ <strong>choisir un \u00ab presentation type \u00bb<\/strong> (directement en dessous la bo\u00eete \u00ab abstract content \u00bb) ainsi qu\u2019un \u00ab track \u00bb (<strong>division ou symposium<\/strong>) parmi la liste en bas de la page.<\/li>\n<\/ol>\n<p><strong>Instructions pour la cr\u00e9ation d&#8217;un compte Indico CERN :<\/strong><\/p>\n<p>Nous utilisons \u00e0 nouveau le syst\u00e8me de soumissions de r\u00e9sum\u00e9s Indico chez CERN qui n&#8217;est pas reli\u00e9 \u00e0 celui de l\u2019adh\u00e9sion de l\u2019ACP ni au syst\u00e8me de soumission utilis\u00e9 avant le congr\u00e8s 2014. Donc, si vous n&#8217;avez pas d\u00e9j\u00e0 un compte Indico chez CERN et n&#8217;en aviez pas cr\u00e9\u00e9 un pour le congr\u00e8s de l&#8217;ann\u00e9e pr\u00e9c\u00e9dente, vous devez en cr\u00e9er un maintenant avant de pouvoir d\u00e9poser votre r\u00e9sum\u00e9.<\/p>\n<p>Pour cr\u00e9er un nouveau compte dans Indico afin d&#8217;avoir acc\u00e8s au processus du Congr\u00e8s de l&#8217;APC 2024 :<\/p>\n<p><strong><a href=\"https:\/\/auth.cern.ch\/auth\/realms\/cern\/protocol\/openid-connect\/auth?response_type=code&amp;client_id=indico-cern&amp;redirect_uri=https%3A%2F%2Findico.cern.ch%2Fauthlib%2Fcern&amp;scope=openid&amp;state=aDWak1mAQSgEfp3zcmUt0fPZq80Tec&amp;nonce=iqpJ61te2CtC4a2lGSsq\" target=\"_blank\" rel=\"noopener noreferrer\">Allez sur cette page<\/a>, s\u00e9lectionnez &#8220;Acc\u00e8s invit\u00e9&#8221; en bas de la colonne de droite et remplissez le formulaire sur cette page<\/strong>. Vous recevrez un courriel de v\u00e9rification. Cliquez sur le lien dans le courriel pour terminer le processus.<\/p>\n<p>Pour tester votre acc\u00e8s (et pour toutes les connexions futures), allez sur le <a href=\"https:\/\/indico.cern.ch\/event\/1316311\/\" target=\"_blank\" rel=\"noopener noreferrer\">site Indico CAP 2024 <\/a>et cliquez sur Login dans le coin sup\u00e9rieur droit pour acc\u00e9der \u00e0 la page d&#8217;identification unique du CERN. <strong>IMPORTANT<\/strong> &#8211; N&#8217;utilisez <strong>PAS<\/strong> le bouton &#8220;Log in with your CERN account&#8221; dans la colonne de gauche. S\u00e9lectionnez &#8220;<strong>Guest access<\/strong>&#8221; en bas de la liste de la colonne de droite.<\/p>\n<p>Entrez les informations d&#8217;identification de votre compte et vous serez ramen\u00e9 \u00e0 la page Indico du Congr\u00e8s 2024. Votre nom devrait maintenant appara\u00eetre dans la bo\u00eete de connexion dans le coin sup\u00e9rieur droit. Cela signifie que votre compte est correctement \u00e9tabli.<\/p>\n<p>&nbsp;<\/p>\n","protected":false},"excerpt":{"rendered":"<p>Le syst\u00e8me de r\u00e9sum\u00e9s pour le congr\u00e8s de 2024 de l&#8217;ACP ouvrira le 12 janvier pour la premi\u00e8re s\u00e9rie de soumissions de r\u00e9sum\u00e9s. Les r\u00e9sum\u00e9s doivent \u00eatre re\u00e7us avant 23h59 ET, le 11 f\u00e9vrier. Les r\u00e9sum\u00e9s post\u00e9rieurs \u00e0 la date limite sont maintenant accept\u00e9s jusqu&#8217;au 6 mai. Veuillez lire attentivement les instructions relatives \u00e0 la&#8230;  <a class=\"excerpt-read-more\" href=\"https:\/\/cap.ca\/fr\/congres-de-lacp\/congres-anterieurs\/congres-2024\/soumission-des-resumes-2024\/\" title=\"LireSoumission des r\u00e9sum\u00e9s 2024\">Lire la suite &raquo;<\/a><\/p>\n","protected":false},"author":5,"featured_media":0,"parent":23576,"menu_order":20,"comment_status":"closed","ping_status":"closed","template":"","meta":{"footnotes":""},"class_list":["post-24019","page","type-page","status-publish","hentry"],"_links":{"self":[{"href":"https:\/\/cap.ca\/fr\/wp-json\/wp\/v2\/pages\/24019","targetHints":{"allow":["GET"]}}],"collection":[{"href":"https:\/\/cap.ca\/fr\/wp-json\/wp\/v2\/pages"}],"about":[{"href":"https:\/\/cap.ca\/fr\/wp-json\/wp\/v2\/types\/page"}],"author":[{"embeddable":true,"href":"https:\/\/cap.ca\/fr\/wp-json\/wp\/v2\/users\/5"}],"replies":[{"embeddable":true,"href":"https:\/\/cap.ca\/fr\/wp-json\/wp\/v2\/comments?post=24019"}],"version-history":[{"count":3,"href":"https:\/\/cap.ca\/fr\/wp-json\/wp\/v2\/pages\/24019\/revisions"}],"predecessor-version":[{"id":24234,"href":"https:\/\/cap.ca\/fr\/wp-json\/wp\/v2\/pages\/24019\/revisions\/24234"}],"up":[{"embeddable":true,"href":"https:\/\/cap.ca\/fr\/wp-json\/wp\/v2\/pages\/23576"}],"wp:attachment":[{"href":"https:\/\/cap.ca\/fr\/wp-json\/wp\/v2\/media?parent=24019"}],"curies":[{"name":"wp","href":"https:\/\/api.w.org\/{rel}","templated":true}]}}